{"id":137,"date":"2022-12-15T22:16:04","date_gmt":"2022-12-15T22:16:04","guid":{"rendered":"http:\/\/petworld.ma\/?post_type=product&#038;p=137"},"modified":"2026-05-14T20:01:09","modified_gmt":"2026-05-14T20:01:09","slug":"royal-canin-rottweiler-adulte-12-kg","status":"publish","type":"product","link":"https:\/\/petworld.ma\/index.php\/produit\/royal-canin-rottweiler-adulte-12-kg\/","title":{"rendered":"Royal Canin Rottweiler Adulte 12 Kg"},"content":{"rendered":"<div class=\"product-section description-section\">\n<div class=\"single-description fr-view\">\n<h2>Aliment complet pour chiens \u00a0&#8211; Sp\u00e9cialement con\u00e7u pour Rottweiler adulte, \u00e0 partir de 18 mois.<\/h2>\n<p>ROYAL CANIN\u00ae Rottweiler Adult est sp\u00e9cialement formul\u00e9 pour r\u00e9pondre \u00e0 tous les besoins nutritionnels de votre chien adulte et convient aux Rottweilers \u00e2g\u00e9s de 18 mois et plus. \u00a0 ROYAL CANIN\u00ae Rottweiler Adult contient des nutriments sp\u00e9cifiques tels que la taurine, l\u2019EPA et le DHA, qui renforcent la bonne sant\u00e9 cardiaque. \u00a0 ROYAL CANIN\u00ae Rottweiler Adult contribue \u00e9galement au maintien d\u2019une masse musculaire et d\u2019un poids de forme id\u00e9aux gr\u00e2ce \u00e0 sa teneur en prot\u00e9ines adapt\u00e9e et \u00e0 son apport en L-Carnitine. \u00a0Cette alimentation \u2013 rationn\u00e9 de fa\u00e7on appropri\u00e9e afin de r\u00e9guler la prise alimentaire \u2013 doit \u00eatre compl\u00e9t\u00e9 par un programme d\u2019exercice physique efficace. \u00a0 Au travail ou en promenade, le Rottweiler est toujours actif et enthousiaste, ce qui signifie qu\u2019il a besoin de nutriments sp\u00e9cifiques pour entretenir et renforcer ses os et ses articulations. C\u2019est pourquoi ROYAL CANIN\u00ae Rottweiler Adult est enrichi en EPA et DHA, des acides gras om\u00e9ga-3 qui contribuent \u00e0 la bonne sant\u00e9 des os et des articulations de votre chien. \u00a0 De plus, les croquettes exclusives de ROYAL CANIN\u00ae Rottweiler Adult sont sp\u00e9cialement con\u00e7ues pour faciliter la prise de nourriture de votre chien et l\u2019encourager \u00e0 la m\u00e2cher davantage pour am\u00e9liorer la sensation de sati\u00e9t\u00e9 et maintenir son poids de forme.<\/p>\n<p><strong>BENEFICES :<\/strong><\/p>\n<ul>\n<li>\n<div>Fonction cardiaque saine<\/div>\n<div>Cette formule contient des nutriments sp\u00e9cifiques pour aider \u00e0 maintenir la fonction cardiaque en bonne sant\u00e9. Enrichi en taurine et EPA &amp; DHA.<\/div>\n<\/li>\n<li>\n<div>Masse musculaire id\u00e9ale<\/div>\n<div>ROYAL CANIN\u00ae Rottweiler Adult contribue \u00e0 maintenir la masse musculaire gr\u00e2ce \u00e0 une teneur adapt\u00e9e en prot\u00e9ine (26 %). Cette formule contient de la L-carnitine.<\/div>\n<\/li>\n<li>\n<div>Sant\u00e9 des os et des articulations<\/div>\n<div>Cette formule sp\u00e9cifique aide \u00e0 maintenir l\u2019int\u00e9grit\u00e9 des os et des articulations et \u00e0 favoriser le maintien d\u2019un poids id\u00e9al. Enrichie d\u2019EPA et de DHA.<\/div>\n<\/li>\n<li>\n<div>Croquette de conception exclusive : sp\u00e9cial m\u00e2choire molosso\u00efde<\/div>\n<div>Une croquette exclusivement con\u00e7ue pour faciliter la pr\u00e9hension et encourager la mastication chez le Rottweiler.<\/div>\n<\/li>\n<\/ul>\n<p><strong>\u00a0 \u00a0INFORMATIONS NUTRITIONELLES :<\/strong><\/p>\n<div>Composition : riz, prot\u00e9ines de volaille d\u00e9shydrat\u00e9es, graisses animales, isolat de prot\u00e9ines v\u00e9g\u00e9tales*, ma\u00efs, hydrolysat de prot\u00e9ines animales, fibres v\u00e9g\u00e9tales, huile de poisson, pulpe de betterave, huile de soja, sels min\u00e9raux, tomate d\u00e9shydrat\u00e9e, hydrolysat de levure (source de manno-oligo-saccharides), hydrolysat de crustac\u00e9 (source de glucosamine), extrait de rose d\u2019inde (source de lut\u00e9ine), hydrolysat de cartilage (source de chondro\u00eftine).<\/div>\n<p>Additifs (au kg) : Additifs nutritionnels : Vitamine A : 28500 UI, Vitamine D3 : 800 UI, E1 (Fer) : 59 mg, E2 (Iode) : 5,2 mg, E4 (Cuivre) : 14 mg, E5 (Mangan\u00e8se) : 66 mg, E6 (Zinc) : 138 mg, E8 (S\u00e9l\u00e9nium) : 0,16 mg, L-carnitine : 830 mg &#8211; Additifs technologiques : Clinoptilolite d\u2019origine s\u00e9dimentaire : 10 g &#8211; Additifs sensoriels : Extrait de th\u00e9 (source de polyph\u00e9nols) : 150 mg &#8211; Conservateurs &#8211; Antioxyg\u00e8nes.<\/p>\n<p>Constituants analytiques : Prot\u00e9ine : 26,0 % &#8211; Teneur en mati\u00e8res grasses : 20,0 % &#8211; Cendres brutes : 6,4 % &#8211; Cellulose brute : 2,5 % &#8211; Au kg : EPA\/DHA : 5 g &#8211; Taurine (totale) : 2,5 g.<\/p>\n<p>*L.I.P. : prot\u00e9ine s\u00e9lectionn\u00e9e pour sa tr\u00e8s haute digestibilit\u00e9.<\/p>\n<p>Mode d\u2019emploi : voir tableau. Num\u00e9ro de lot et d\u2019identifiant usine, \u00e0 utiliser de pr\u00e9f\u00e9rence avant : voir sur l\u2019emballage. \u00c0 conserver dans un endroit sec et frais.<\/p>\n<div data-gtm-vis-first-on-screen-40760133_376=\"34157\" data-gtm-vis-first-on-screen-40760133_379=\"34159\" data-gtm-vis-has-fired-40760133_376=\"1\" data-gtm-vis-has-fired-40760133_379=\"1\" data-gtm-vis-total-visible-time-40760133_376=\"500\" data-gtm-vis-total-visible-time-40760133_379=\"500\" data-tms=\"Product description\">\n<div>\n<div>\n<div>\n<div>\n<div><a href=\"https:\/\/wa.me\/212708052510\" target=\"_blank\" rel=\"noopener noreferrer\"><img loading=\"lazy\" decoding=\"async\" class=\"fr-fic fr-dib aligncenter\" src=\"https:\/\/cdn.youcan.shop\/stores\/d0742d556df94ddbc7ae4c9810aff04b\/others\/Y0sdJdFqXVImmkxFvniVDcWtOilPna909QgG3C5I.png\" width=\"288\" height=\"76\" data-name=\"stores\/d0742d556df94ddbc7ae4c9810aff04b\/others\/Y0sdJdFqXVImmkxFvniVDcWtOilPna909QgG3C5I.png\" \/><\/a><\/div>\n<\/div>\n<\/div>\n<\/div>\n<\/div>\n<\/div>\n<\/div>\n<\/div>\n<div class=\"product-section add-to-cart-section\">\n<div class=\"quantity\"><\/div>\n<\/div>\n","protected":false},"excerpt":{"rendered":"<p>Aliment complet pour chiens \u00a0&#8211; Sp\u00e9cialement con\u00e7u pour Rottweiler adulte, \u00e0 partir de 18 mois. ROYAL CANIN\u00ae Rottweiler Adult est sp\u00e9cialement formul\u00e9 pour r\u00e9pondre \u00e0 tous les besoins nutritionnels de votre chien adulte et convient aux Rottweilers \u00e2g\u00e9s de 18 mois et plus. \u00a0 ROYAL CANIN\u00ae Rottweiler Adult contient des nutriments sp\u00e9cifiques tels que la [&#8230;]\n","protected":false},"featured_media":516,"template":"","meta":{"jetpack_publicize_message":"","jetpack_publicize_feature_enabled":true,"jetpack_social_post_already_shared":false,"jetpack_social_options":{"image_generator_settings":{"template":"highway","default_image_id":0,"font":"","enabled":false},"version":2}},"product_brand":[],"product_cat":[26],"product_tag":[],"class_list":{"0":"post-137","1":"product","2":"type-product","3":"status-publish","4":"has-post-thumbnail","6":"product_cat-croquettes","8":"first","9":"instock","10":"taxable","11":"shipping-taxable","12":"purchasable","13":"product-type-simple"},"supplier_id":5587,"supplier_sku":"7190","barcode":null,"atum_controlled":true,"out_stock_date":null,"out_stock_threshold":null,"inheritable":false,"inbound_stock":0,"stock_on_hold":2,"sold_today":0,"sales_last_days":0,"reserved_stock":0,"customer_returns":0,"warehouse_damage":0,"lost_in_post":0,"other_logs":0,"out_stock_days":0,"lost_sales":0,"has_location":false,"update_date":"2026-05-15T12:03:43","atum_locations":[],"atum_stock_status":"instock","restock_status":false,"low_stock_amount":2,"sales_update_date":"2026-05-15T12:03:43","calc_backorders":null,"jetpack_publicize_connections":[],"jetpack_sharing_enabled":true,"batches":[{"id":"146","date_created":"2024-09-21 16:20:11","date_expiry":"2025-04-02 00:00:00","user_id":"2760","batch_number":"RCRottAdult020425","location":"","quantity":"1.0000","quantity_available":"0.0000","units":"1","status":"archived","order_ids":"[13254,13814]","supplier":"Royal Canin","po":{"id":"142","date_created":"2024-09-21 16:20:11","batch_id":"146","po_number":"","supplier":"Royal Canin","cost":null,"regular_price":null,"sale_price":null,"price_margin":null,"price_discount":null}},{"id":"790","date_created":"2024-11-11 09:18:38","date_expiry":"2025-07-04 00:00:00","user_id":"2760","batch_number":"RCRottAdult040725","location":"","quantity":"4.0000","quantity_available":"0.0000","units":"1","status":"archived","order_ids":"[14415,14555]","supplier":"Royal Canin","po":{"id":"767","date_created":"2024-11-11 09:18:39","batch_id":"790","po_number":"","supplier":"Royal Canin","cost":null,"regular_price":null,"sale_price":null,"price_margin":null,"price_discount":null}},{"id":"1391","date_created":"2024-12-26 22:51:32","date_expiry":"2025-09-09 00:00:00","user_id":"2760","batch_number":"RCRottAdult090925","location":"","quantity":"1.0000","quantity_available":"0.0000","units":"1","status":"archived","order_ids":"[16760]","supplier":"Royal Canin","po":{"id":"1365","date_created":"2024-12-26 22:51:35","batch_id":"1391","po_number":"","supplier":"Royal Canin","cost":null,"regular_price":null,"sale_price":null,"price_margin":null,"price_discount":null}},{"id":"1584","date_created":"2025-01-10 20:44:55","date_expiry":"2025-09-23 00:00:00","user_id":"2760","batch_number":"RCRottAdult090925","location":"","quantity":"1.0000","quantity_available":"0.0000","units":"1","status":"archived","order_ids":"[17662]","supplier":"Royal Canin","po":{"id":"1558","date_created":"2025-01-10 20:44:58","batch_id":"1584","po_number":"","supplier":"Royal Canin","cost":null,"regular_price":null,"sale_price":null,"price_margin":null,"price_discount":null}},{"id":"1695","date_created":"2025-01-22 20:18:19","date_expiry":"2025-09-23 00:00:00","user_id":"2760","batch_number":"RCRottAdult230925","location":"","quantity":"2.0000","quantity_available":"0.0000","units":"1","status":"archived","order_ids":"[18168,19431]","supplier":"Royal Canin","po":{"id":"1669","date_created":"2025-01-22 20:18:21","batch_id":"1695","po_number":"","supplier":"Royal Canin","cost":null,"regular_price":null,"sale_price":null,"price_margin":null,"price_discount":null}},{"id":"2158","date_created":"2025-02-26 01:08:17","date_expiry":"2025-11-12 00:00:00","user_id":"2760","batch_number":"RCRottAdult121125","location":"","quantity":"1.0000","quantity_available":"0.0000","units":"1","status":"archived","order_ids":"[19509]","supplier":"Royal Canin","po":{"id":"2128","date_created":"2025-02-26 01:08:20","batch_id":"2158","po_number":"","supplier":"Royal Canin","cost":null,"regular_price":null,"sale_price":null,"price_margin":null,"price_discount":null}},{"id":"2921","date_created":"2025-04-10 21:28:58","date_expiry":"2026-01-18 00:00:00","user_id":"2760","batch_number":"RCRottAdult180126","location":"","quantity":"4.0000","quantity_available":"0.0000","units":"1","status":"archived","order_ids":"[20486,20487,20504]","supplier":"Royal Canin","po":{"id":"2887","date_created":"2025-04-10 21:28:59","batch_id":"2921","po_number":"","supplier":"Royal Canin","cost":null,"regular_price":null,"sale_price":null,"price_margin":null,"price_discount":null}},{"id":"3053","date_created":"2025-04-14 21:18:40","date_expiry":"2026-01-18 00:00:00","user_id":"2760","batch_number":"RCRottAdult180126","location":"","quantity":"3.0000","quantity_available":"0.0000","units":"1","status":"archived","order_ids":"[20721,20784,20966]","supplier":"Royal Canin","po":{"id":"3019","date_created":"2025-04-14 21:18:41","batch_id":"3053","po_number":"","supplier":"Royal Canin","cost":null,"regular_price":null,"sale_price":null,"price_margin":null,"price_discount":null}},{"id":"3111","date_created":"2025-04-22 09:37:41","date_expiry":"2026-01-18 00:00:00","user_id":"2760","batch_number":"RCRottAdult180126","location":"","quantity":"2.0000","quantity_available":"0.0000","units":"1","status":"archived","order_ids":"[21653,22393]","supplier":"Royal Canin","po":{"id":"3078","date_created":"2025-04-22 09:37:42","batch_id":"3111","po_number":"","supplier":"Royal Canin","cost":null,"regular_price":null,"sale_price":null,"price_margin":null,"price_discount":null}},{"id":"3222","date_created":"2025-04-30 17:45:09","date_expiry":"2026-03-09 00:00:00","user_id":"2760","batch_number":"RCRottAdult090326","location":"","quantity":"1.0000","quantity_available":"0.0000","units":"1","status":"archived","order_ids":"[25411]","supplier":"Royal Canin","po":{"id":"3190","date_created":"2025-04-30 17:45:09","batch_id":"3222","po_number":"","supplier":"Royal Canin","cost":null,"regular_price":null,"sale_price":null,"price_margin":null,"price_discount":null}},{"id":"3469","date_created":"2025-05-17 10:06:52","date_expiry":"2026-03-09 00:00:00","user_id":"2760","batch_number":"RCRottAdult090326","location":"","quantity":"1.0000","quantity_available":"0.0000","units":"1","status":"archived","order_ids":"[25411]","supplier":"Royal Canin","po":{"id":"3436","date_created":"2025-05-17 10:06:53","batch_id":"3469","po_number":"","supplier":"Royal Canin","cost":null,"regular_price":null,"sale_price":null,"price_margin":null,"price_discount":null}},{"id":"4216","date_created":"2025-07-02 20:54:07","date_expiry":"2026-03-31 00:00:00","user_id":"2760","batch_number":"RCRottAdult310326","location":"","quantity":"1.0000","quantity_available":"0.0000","units":"1","status":"archived","order_ids":"[28998]","supplier":"Royal Canin","po":{"id":"4179","date_created":"2025-07-02 20:54:08","batch_id":"4216","po_number":"","supplier":"Royal Canin","cost":null,"regular_price":null,"sale_price":null,"price_margin":null,"price_discount":null}},{"id":"5085","date_created":"2025-09-01 08:55:24","date_expiry":"2026-04-25 00:00:00","user_id":"2760","batch_number":"RCRottAdult250426","location":"","quantity":"2.0000","quantity_available":"0.0000","units":"1","status":"archived","order_ids":"[29370,30085]","supplier":"Royal Canin","po":{"id":"5048","date_created":"2025-09-01 08:55:25","batch_id":"5085","po_number":"","supplier":"Royal Canin","cost":null,"regular_price":null,"sale_price":null,"price_margin":null,"price_discount":null}},{"id":"6519","date_created":"2025-12-07 10:22:22","date_expiry":"2026-08-28 00:00:00","user_id":"2760","batch_number":"RCRottAdult280826","location":"","quantity":"2.0000","quantity_available":"0.0000","units":"1","status":"archived","order_ids":"[33304,33708]","supplier":"Royal Canin","po":{"id":"6465","date_created":"2025-12-07 10:22:22","batch_id":"6519","po_number":"","supplier":"Royal Canin","cost":null,"regular_price":null,"sale_price":null,"price_margin":null,"price_discount":null}},{"id":"7190","date_created":"2026-01-15 13:17:11","date_expiry":"2026-09-21 00:00:00","user_id":"2760","batch_number":"RCRottAdult210926","location":"","quantity":"1.0000","quantity_available":"0.0000","units":"1","status":"archived","order_ids":"[35315]","supplier":"Royal Canin","po":{"id":"7126","date_created":"2026-01-15 13:17:12","batch_id":"7190","po_number":"","supplier":"Royal Canin","cost":null,"regular_price":null,"sale_price":null,"price_margin":null,"price_discount":null}},{"id":"7314","date_created":"2026-01-22 17:07:24","date_expiry":"2026-09-21 00:00:00","user_id":"2760","batch_number":"RCRottAdult210926","location":"","quantity":"1.0000","quantity_available":"0.0000","units":"1","status":"archived","order_ids":"[35486]","supplier":"Royal Canin","po":{"id":"7250","date_created":"2026-01-22 17:07:24","batch_id":"7314","po_number":"","supplier":"Royal Canin","cost":null,"regular_price":null,"sale_price":null,"price_margin":null,"price_discount":null}},{"id":"7702","date_created":"2026-02-14 13:24:36","date_expiry":"2026-11-30 00:00:00","user_id":"2760","batch_number":"RCRottAdult301126","location":"","quantity":"2.0000","quantity_available":"0.0000","units":"1","status":"archived","order_ids":"[38339,38957]","supplier":"Royal Canin","po":{"id":"7637","date_created":"2026-02-14 13:24:36","batch_id":"7702","po_number":"","supplier":"Royal Canin","cost":null,"regular_price":null,"sale_price":null,"price_margin":null,"price_discount":null}},{"id":"8726","date_created":"2026-04-05 13:05:02","date_expiry":"2027-02-03 00:00:00","user_id":"2760","batch_number":"RCRottAdult030227","location":"","quantity":"2.0000","quantity_available":"1.0000","units":"1","status":"active","order_ids":"[38976,39211,40000,41847,41965]","supplier":"Royal Canin","po":{"id":"8653","date_created":"2026-04-05 13:05:02","batch_id":"8726","po_number":"","supplier":"Royal Canin","cost":null,"regular_price":null,"sale_price":null,"price_margin":null,"price_discount":null}}],"_links":{"self":[{"href":"https:\/\/petworld.ma\/index.php\/wp-json\/wp\/v2\/product\/137","targetHints":{"allow":["GET"]}}],"collection":[{"href":"https:\/\/petworld.ma\/index.php\/wp-json\/wp\/v2\/product"}],"about":[{"href":"https:\/\/petworld.ma\/index.php\/wp-json\/wp\/v2\/types\/product"}],"wp:featuredmedia":[{"embeddable":true,"href":"https:\/\/petworld.ma\/index.php\/wp-json\/wp\/v2\/media\/516"}],"wp:attachment":[{"href":"https:\/\/petworld.ma\/index.php\/wp-json\/wp\/v2\/media?parent=137"}],"wp:term":[{"taxonomy":"product_brand","embeddable":true,"href":"https:\/\/petworld.ma\/index.php\/wp-json\/wp\/v2\/product_brand?post=137"},{"taxonomy":"product_cat","embeddable":true,"href":"https:\/\/petworld.ma\/index.php\/wp-json\/wp\/v2\/product_cat?post=137"},{"taxonomy":"product_tag","embeddable":true,"href":"https:\/\/petworld.ma\/index.php\/wp-json\/wp\/v2\/product_tag?post=137"}],"curies":[{"name":"wp","href":"https:\/\/api.w.org\/{rel}","templated":true}]}}