{"id":1392,"date":"2023-02-03T16:20:32","date_gmt":"2023-02-03T16:20:32","guid":{"rendered":"https:\/\/petworld.ma\/?post_type=product&#038;p=1392"},"modified":"2026-04-20T16:20:17","modified_gmt":"2026-04-20T16:20:17","slug":"ownat-classic-poisson-chat-4kg","status":"publish","type":"product","link":"https:\/\/petworld.ma\/index.php\/produit\/ownat-classic-poisson-chat-4kg\/","title":{"rendered":"Ownat Classic Poisson chat (1.5kg | 4kg)"},"content":{"rendered":"<p>\u00c9labor\u00e9 avec du poisson frais, contient un apport additionnel d\u2019acides gras Om\u00e9ga 3 et 6 qui aident \u00e0 maintenir la peau saine et le poil soyeux et brillant. Pour chats adultes de toutes races.<\/p>\n<p><strong>Composition:<\/strong><\/p>\n<p>Viande d\u00e9shydrat\u00e9e 22%, poisson 15% (poisson frais* 10%, poisson d\u00e9shydrat\u00e9 5%), bl\u00e9 complet* (15%), graisse de poulet, orge complet* (9%), ma\u00efs complet* (9%), riz complet* (6%), petits pois entiers* (3%), prot\u00e9ines de ma\u00efs, levure de bi\u00e8re* (2%), prot\u00e9ines de poulet hydrolys\u00e9es, pomme fra\u00eeche* (1%), huile de saumon, pulpe de betterave, fructo-oligosaccharides et mannane-oligosaccharides, herbes botaniques 0,02% (fenouil*, fleur de camomille*, anis vert*), yucca schidigera.\u00a0<em>*Ingr\u00e9dients naturels<\/em><\/p>\n<p><strong>Constituants analytiques:<\/strong><\/p>\n<p>Prot\u00e9ine 30%, Teneur en mati\u00e8res grasses 14%, Cellulose brute 2%, Mati\u00e8re inorganique 8%, Humidit\u00e9 8%, Calcium 1,4%, Phosphore 1%.<\/p>\n<p><strong>Tableau des rations<\/strong><\/p>\n<table>\n<tbody>\n<tr>\n<td>Poids chat (kg)<\/td>\n<td>Gr.\/ jour<\/td>\n<\/tr>\n<tr>\n<td>1-3<\/td>\n<td>30-50<\/td>\n<\/tr>\n<tr>\n<td>3-4<\/td>\n<td>50-70<\/td>\n<\/tr>\n<tr>\n<td>4-5<\/td>\n<td>70-90<\/td>\n<\/tr>\n<\/tbody>\n<\/table>\n<h5 class=\"subtitle\"><\/h5>\n","protected":false},"excerpt":{"rendered":"<p>\u00c9labor\u00e9 avec du poisson frais, contient un apport additionnel d\u2019acides gras Om\u00e9ga 3 et 6 qui aident \u00e0 maintenir la peau saine et le poil soyeux et brillant. Pour chats adultes de toutes races. Composition: Viande d\u00e9shydrat\u00e9e 22%, poisson 15% (poisson frais* 10%, poisson d\u00e9shydrat\u00e9 5%), bl\u00e9 complet* (15%), graisse de poulet, orge complet* (9%), [&#8230;]\n","protected":false},"featured_media":1393,"template":"","meta":{"jetpack_publicize_message":"","jetpack_publicize_feature_enabled":true,"jetpack_social_post_already_shared":false,"jetpack_social_options":{"image_generator_settings":{"template":"highway","default_image_id":0,"font":"","enabled":false},"version":2}},"product_brand":[],"product_cat":[40],"product_tag":[],"class_list":{"0":"post-1392","1":"product","2":"type-product","3":"status-publish","4":"has-post-thumbnail","6":"product_cat-coquettes-pour-chat","8":"first","9":"instock","10":"taxable","11":"shipping-taxable","12":"purchasable","13":"product-type-variable"},"supplier_id":5595,"supplier_sku":"","barcode":null,"atum_controlled":true,"out_stock_date":null,"out_stock_threshold":null,"inheritable":true,"inbound_stock":0,"stock_on_hold":0,"sold_today":1,"sales_last_days":5,"reserved_stock":0,"customer_returns":0,"warehouse_damage":0,"lost_in_post":0,"other_logs":0,"out_stock_days":0,"lost_sales":0,"has_location":false,"update_date":"2026-04-25T11:19:48","atum_locations":[],"atum_stock_status":"instock","restock_status":false,"low_stock_amount":"","sales_update_date":"2026-04-25T11:19:48","calc_backorders":null,"jetpack_publicize_connections":[],"jetpack_sharing_enabled":true,"batches":[],"_links":{"self":[{"href":"https:\/\/petworld.ma\/index.php\/wp-json\/wp\/v2\/product\/1392","targetHints":{"allow":["GET"]}}],"collection":[{"href":"https:\/\/petworld.ma\/index.php\/wp-json\/wp\/v2\/product"}],"about":[{"href":"https:\/\/petworld.ma\/index.php\/wp-json\/wp\/v2\/types\/product"}],"wp:featuredmedia":[{"embeddable":true,"href":"https:\/\/petworld.ma\/index.php\/wp-json\/wp\/v2\/media\/1393"}],"wp:attachment":[{"href":"https:\/\/petworld.ma\/index.php\/wp-json\/wp\/v2\/media?parent=1392"}],"wp:term":[{"taxonomy":"product_brand","embeddable":true,"href":"https:\/\/petworld.ma\/index.php\/wp-json\/wp\/v2\/product_brand?post=1392"},{"taxonomy":"product_cat","embeddable":true,"href":"https:\/\/petworld.ma\/index.php\/wp-json\/wp\/v2\/product_cat?post=1392"},{"taxonomy":"product_tag","embeddable":true,"href":"https:\/\/petworld.ma\/index.php\/wp-json\/wp\/v2\/product_tag?post=1392"}],"curies":[{"name":"wp","href":"https:\/\/api.w.org\/{rel}","templated":true}]}}