{"id":13926,"date":"2024-11-03T20:20:46","date_gmt":"2024-11-03T20:20:46","guid":{"rendered":"https:\/\/petworld.ma\/?post_type=product&#038;p=13926"},"modified":"2026-05-12T14:53:58","modified_gmt":"2026-05-12T14:53:58","slug":"pro-plan-adult-vital-function-riche-en-saumon-1-5-kg","status":"publish","type":"product","link":"https:\/\/petworld.ma\/index.php\/produit\/pro-plan-adult-vital-function-riche-en-saumon-1-5-kg\/","title":{"rendered":"Pro Plan Adult Vital Function Riche en Saumon &#8211; 1.5 Kg"},"content":{"rendered":"<ul>\n<li>Croquettes pour Chat Adulte sans besoins sp\u00e9cifiques<\/li>\n<li>VITAL FUNCTIONS est formul\u00e9 sp\u00e9cifiquement pour soutenir les fonctions vitales cl\u00e9s (c\u00e9r\u00e9brales, immunitaires, r\u00e9nales)<\/li>\n<li>Enrichi avec un m\u00e9lange sp\u00e9cifique de nutriments pour soutenir les fonctions c\u00e9r\u00e9brales fonctionnelles (pens\u00e9e logique, r\u00e9solution de probl\u00e8mes, m\u00e9moire et adaptation \u00e0 de nouvelles situations)<\/li>\n<li>Avec de l&rsquo;arginine, des antioxydants et des acides gras om\u00e9ga-3 pour soutenir une bonne fonction r\u00e9nale<\/li>\n<li>Soutient un syst\u00e8me immunitaire fort gr\u00e2ce \u00e0 une forte teneur en vitamines et en antioxydants<\/li>\n<li>Sans colorants ajout\u00e9s. Sans ar\u00f4mes ajout\u00e9s<\/li>\n<\/ul>\n<p>Aliment complet pour le maintien en bonne sant\u00e9 des chats adultes (1an et +) sans besoins sp\u00e9cifiques.<\/p>\n<p>Les croquettes pour chat PURINA\u00ae PRO PLAN\u00ae sont scientifiquement formul\u00e9es pour r\u00e9pondre aux besoins sp\u00e9cifiques des chats adultes. La technologie VITAL FUNCTIONS contient une combinaison sp\u00e9cifique d&rsquo;ingr\u00e9dients qui soutient les fonctions vitales cl\u00e9s (c\u00e9r\u00e9brales, immunitaires, r\u00e9nales). Par exemple, leur forte teneur en vitamines et en antioxydants permet de soutenir un syst\u00e8me immunitaire fort.<\/p>\n<p>PRO PLAN\u00ae VITAL FUNCTIONS est formul\u00e9 avec du Saumon de haute qualit\u00e9 en 1er ingr\u00e9dient. \u00a0Sans colorants ajout\u00e9s. Sans ar\u00f4mes ajout\u00e9s.<\/p>\n<p><strong>Composition:\u00a0<\/strong>Saumon de haute qualit\u00e9 (18%) (dont t\u00eate, ar\u00eate, chair), Prot\u00e9ines de volaille d\u00e9shydrat\u00e9es, Bl\u00e9, Riz, Farine de prot\u00e9ines de ma\u00efs, Gluten de bl\u00e9, Graisses animales, Oeufs d\u00e9shydrat\u00e9s, Ma\u00efs, Fibres v\u00e9g\u00e9tales s\u00e9ch\u00e9es, Racine de chicor\u00e9e s\u00e9ch\u00e9e, Substances min\u00e9rales, Hydrolysat, Levures, Huile de poisson<\/p>\n","protected":false},"excerpt":{"rendered":"<h1 class=\"dsu-product--title\">Croquettes pour chat soutenant les les fonctions vitales cl\u00e9s<\/h1>\n","protected":false},"featured_media":13929,"template":"","meta":{"jetpack_publicize_message":"","jetpack_publicize_feature_enabled":true,"jetpack_social_post_already_shared":true,"jetpack_social_options":{"image_generator_settings":{"template":"highway","default_image_id":0,"font":"","enabled":false},"version":2}},"product_brand":[],"product_cat":[40],"product_tag":[],"class_list":{"0":"post-13926","1":"product","2":"type-product","3":"status-publish","4":"has-post-thumbnail","6":"product_cat-coquettes-pour-chat","8":"first","9":"instock","10":"taxable","11":"shipping-taxable","12":"purchasable","13":"product-type-simple"},"supplier_id":5598,"supplier_sku":"","barcode":null,"atum_controlled":true,"out_stock_date":null,"out_stock_threshold":null,"inheritable":false,"inbound_stock":0,"stock_on_hold":7,"sold_today":0,"sales_last_days":6,"reserved_stock":0,"customer_returns":0,"warehouse_damage":0,"lost_in_post":0,"other_logs":0,"out_stock_days":0,"lost_sales":0,"has_location":false,"update_date":"2026-05-15T00:00:33","atum_locations":[],"atum_stock_status":"instock","restock_status":true,"low_stock_amount":3,"sales_update_date":"2026-05-15T00:00:33","calc_backorders":null,"jetpack_publicize_connections":[],"jetpack_sharing_enabled":true,"batches":[{"id":"740","date_created":"2024-11-03 20:29:32","date_expiry":"2025-02-28 00:00:00","user_id":"2753","batch_number":"ProplanChatSaum1.5kg280225","location":"","quantity":"2.0000","quantity_available":"0.0000","units":"1","status":"archived","order_ids":"[15550,15803]","supplier":"Proplan","po":{"id":"721","date_created":"2024-11-03 20:29:33","batch_id":"740","po_number":"","supplier":"Proplan","cost":null,"regular_price":null,"sale_price":null,"price_margin":null,"price_discount":null}},{"id":"1436","date_created":"2024-12-28 22:40:30","date_expiry":"2025-09-30 00:00:00","user_id":"2753","batch_number":"ProplanChatSaum1.5kg300925","location":"","quantity":"2.0000","quantity_available":"0.0000","units":"1","status":"archived","order_ids":"[16683,17163]","supplier":"Proplan","po":{"id":"1409","date_created":"2024-12-28 22:40:32","batch_id":"1436","po_number":"","supplier":"Proplan","cost":null,"regular_price":null,"sale_price":null,"price_margin":null,"price_discount":null}},{"id":"1811","date_created":"2025-01-28 22:25:30","date_expiry":"2025-09-30 00:00:00","user_id":"2753","batch_number":"ProplanChatSaum1.5kg300925","location":"","quantity":"1.0000","quantity_available":"0.0000","units":"1","status":"archived","order_ids":"[17617]","supplier":"Proplan","po":{"id":"1785","date_created":"2025-01-28 22:25:33","batch_id":"1811","po_number":"","supplier":"Proplan","cost":null,"regular_price":null,"sale_price":null,"price_margin":null,"price_discount":null}},{"id":"1930","date_created":"2025-02-10 21:53:25","date_expiry":"2025-09-30 00:00:00","user_id":"2753","batch_number":"ProplanChatSaum1.5kg300925","location":"","quantity":"1.0000","quantity_available":"0.0000","units":"1","status":"archived","order_ids":"[17907]","supplier":"Proplan","po":{"id":"1902","date_created":"2025-02-10 21:53:28","batch_id":"1930","po_number":"","supplier":"Proplan","cost":null,"regular_price":null,"sale_price":null,"price_margin":null,"price_discount":null}},{"id":"2050","date_created":"2025-02-18 16:12:48","date_expiry":"2026-02-28 00:00:00","user_id":"2753","batch_number":"ProplanChatSaum1.5kg280226","location":"","quantity":"2.0000","quantity_available":"0.0000","units":"1","status":"archived","order_ids":"[18392,18982]","supplier":"Proplan","po":{"id":"2020","date_created":"2025-02-18 16:12:51","batch_id":"2050","po_number":"","supplier":"Proplan","cost":null,"regular_price":null,"sale_price":null,"price_margin":null,"price_discount":null}},{"id":"2253","date_created":"2025-03-06 09:20:22","date_expiry":"2026-02-28 00:00:00","user_id":"2753","batch_number":"ProplanChatSaum1.5kg280226","location":"","quantity":"1.0000","quantity_available":"0.0000","units":"1","status":"archived","order_ids":"[19427]","supplier":"Proplan","po":{"id":"2222","date_created":"2025-03-06 09:20:25","batch_id":"2253","po_number":"","supplier":"Proplan","cost":null,"regular_price":null,"sale_price":null,"price_margin":null,"price_discount":null}},{"id":"2418","date_created":"2025-03-22 01:35:08","date_expiry":"2026-02-28 00:00:00","user_id":"2753","batch_number":"ProplanChatSaum1.5kg280226","location":"","quantity":"1.0000","quantity_available":"0.0000","units":"1","status":"archived","order_ids":"[21119]","supplier":"Proplan","po":{"id":"2387","date_created":"2025-03-22 01:35:11","batch_id":"2418","po_number":"","supplier":"Proplan","cost":null,"regular_price":null,"sale_price":null,"price_margin":null,"price_discount":null}},{"id":"2520","date_created":"2025-03-29 00:38:54","date_expiry":"2026-02-28 00:00:00","user_id":"2753","batch_number":"ProplanChatSaum1.5kg280226","location":"","quantity":"1.0000","quantity_available":"0.0000","units":"1","status":"archived","order_ids":"[21501]","supplier":"Proplan","po":{"id":"2488","date_created":"2025-03-29 00:38:57","batch_id":"2520","po_number":"","supplier":"Proplan","cost":null,"regular_price":null,"sale_price":null,"price_margin":null,"price_discount":null}},{"id":"3337","date_created":"2025-05-08 00:00:33","date_expiry":"2026-02-28 00:00:00","user_id":"2753","batch_number":"ProplanChatSaum1.5kg280226","location":"","quantity":"1.0000","quantity_available":"0.0000","units":"1","status":"archived","order_ids":"[22585]","supplier":"Proplan","po":{"id":"3304","date_created":"2025-05-08 00:00:33","batch_id":"3337","po_number":"","supplier":"Proplan","cost":null,"regular_price":null,"sale_price":null,"price_margin":null,"price_discount":null}},{"id":"3450","date_created":"2025-05-15 22:00:10","date_expiry":"2026-02-28 00:00:00","user_id":"2753","batch_number":"ProplanChatSaum1.5kg280226","location":"","quantity":"1.0000","quantity_available":"0.0000","units":"1","status":"archived","order_ids":"[22594]","supplier":"Proplan","po":{"id":"3417","date_created":"2025-05-15 22:00:11","batch_id":"3450","po_number":"","supplier":"Proplan","cost":null,"regular_price":null,"sale_price":null,"price_margin":null,"price_discount":null}},{"id":"3655","date_created":"2025-05-29 09:02:50","date_expiry":"2026-02-28 00:00:00","user_id":"2753","batch_number":"ProplanChatSaum1.5kg280226","location":"","quantity":"2.0000","quantity_available":"0.0000","units":"1","status":"archived","order_ids":"[23153,24973]","supplier":"Proplan","po":{"id":"3622","date_created":"2025-05-29 09:02:51","batch_id":"3655","po_number":"","supplier":"Proplan","cost":null,"regular_price":null,"sale_price":null,"price_margin":null,"price_discount":null}},{"id":"4070","date_created":"2025-06-20 12:57:00","date_expiry":"2026-02-28 00:00:00","user_id":"2753","batch_number":"ProplanChatSaum1.5kg280226","location":"","quantity":"2.0000","quantity_available":"0.0000","units":"1","status":"archived","order_ids":"[25137,25737]","supplier":"Proplan","po":{"id":"4034","date_created":"2025-06-20 12:57:01","batch_id":"4070","po_number":"","supplier":"Proplan","cost":null,"regular_price":null,"sale_price":null,"price_margin":null,"price_discount":null}},{"id":"4610","date_created":"2025-07-31 20:21:09","date_expiry":"2026-02-28 00:00:00","user_id":"2753","batch_number":"ProplanChatSaum1.5kg280226","location":"","quantity":"1.0000","quantity_available":"0.0000","units":"1","status":"archived","order_ids":"[26288]","supplier":"Proplan","po":{"id":"4574","date_created":"2025-07-31 20:21:11","batch_id":"4610","po_number":"","supplier":"Proplan","cost":null,"regular_price":null,"sale_price":null,"price_margin":null,"price_discount":null}},{"id":"5152","date_created":"2025-09-04 14:40:19","date_expiry":"2026-02-28 00:00:00","user_id":"2753","batch_number":"ProplanChatSaum1.5kg280226","location":"","quantity":"2.0000","quantity_available":"0.0000","units":"1","status":"archived","order_ids":"[27171,29606]","supplier":"Proplan","po":{"id":"5113","date_created":"2025-09-04 14:40:19","batch_id":"5152","po_number":"","supplier":"Proplan","cost":null,"regular_price":null,"sale_price":null,"price_margin":null,"price_discount":null}},{"id":"5493","date_created":"2025-09-24 15:12:05","date_expiry":"2026-10-30 00:00:00","user_id":"2753","batch_number":"ProplanChatSaum1.5kg301026","location":"","quantity":"1.0000","quantity_available":"0.0000","units":"1","status":"archived","order_ids":"[29716]","supplier":"Proplan","po":{"id":"5448","date_created":"2025-09-24 15:12:12","batch_id":"5493","po_number":"","supplier":"Proplan","cost":null,"regular_price":null,"sale_price":null,"price_margin":null,"price_discount":null}},{"id":"6180","date_created":"2025-11-14 20:13:16","date_expiry":"2026-10-30 00:00:00","user_id":"2753","batch_number":"ProplanChatSaum1.5kg301026","location":"","quantity":"2.0000","quantity_available":"0.0000","units":"1","status":"archived","order_ids":"[31172,32256]","supplier":"Proplan","po":{"id":"6127","date_created":"2025-11-14 20:13:17","batch_id":"6180","po_number":"","supplier":"Proplan","cost":null,"regular_price":null,"sale_price":null,"price_margin":null,"price_discount":null}},{"id":"6646","date_created":"2025-12-12 15:13:35","date_expiry":"2026-10-31 00:00:00","user_id":"2753","batch_number":"ProplanChatSaum1.5kg311026","location":"","quantity":"2.0000","quantity_available":"0.0000","units":"1","status":"archived","order_ids":"[32584,33278,33546]","supplier":"Proplan","po":{"id":"6592","date_created":"2025-12-12 15:13:35","batch_id":"6646","po_number":"","supplier":"Proplan","cost":null,"regular_price":null,"sale_price":null,"price_margin":null,"price_discount":null}},{"id":"7048","date_created":"2026-01-02 11:18:31","date_expiry":"2026-10-30 00:00:00","user_id":"2753","batch_number":"ProplanChatSaum1.5kg311026","location":"","quantity":"2.0000","quantity_available":"0.0000","units":"1","status":"archived","order_ids":"[33197,33245]","supplier":"Proplan","po":{"id":"6986","date_created":"2026-01-02 11:18:31","batch_id":"7048","po_number":"","supplier":"Proplan","cost":null,"regular_price":null,"sale_price":null,"price_margin":null,"price_discount":null}},{"id":"7225","date_created":"2026-01-19 12:45:19","date_expiry":"2026-10-31 00:00:00","user_id":"2753","batch_number":"ProplanChatSaum1.5kg311026","location":"","quantity":"2.0000","quantity_available":"0.0000","units":"1","status":"archived","order_ids":"[33815]","supplier":"Proplan","po":{"id":"7161","date_created":"2026-01-19 12:45:19","batch_id":"7225","po_number":"","supplier":"Proplan","cost":null,"regular_price":null,"sale_price":null,"price_margin":null,"price_discount":null}},{"id":"7331","date_created":"2026-01-26 13:58:41","date_expiry":"2026-10-31 00:00:00","user_id":"2753","batch_number":"ProplanChatSaum1.5kg311026","location":"","quantity":"4.0000","quantity_available":"0.0000","units":"1","status":"archived","order_ids":"[34650,34603,34888,35205]","supplier":"Proplan","po":{"id":"7267","date_created":"2026-01-26 13:58:42","batch_id":"7331","po_number":"","supplier":"Proplan","cost":null,"regular_price":null,"sale_price":null,"price_margin":null,"price_discount":null}},{"id":"7575","date_created":"2026-02-07 13:37:24","date_expiry":"2027-02-28 00:00:00","user_id":"2753","batch_number":"ProplanChatSaum1.5kg280227","location":"","quantity":"2.0000","quantity_available":"0.0000","units":"1","status":"archived","order_ids":"[35266]","supplier":"Proplan","po":{"id":"7510","date_created":"2026-02-07 13:37:25","batch_id":"7575","po_number":"","supplier":"Proplan","cost":null,"regular_price":null,"sale_price":null,"price_margin":null,"price_discount":null}},{"id":"7664","date_created":"2026-02-13 11:03:20","date_expiry":"2027-02-28 00:00:00","user_id":"2753","batch_number":"ProplanChatSaum1.5kg280227","location":"","quantity":"3.0000","quantity_available":"0.0000","units":"1","status":"archived","order_ids":"[36219,36637]","supplier":"Proplan","po":{"id":"7599","date_created":"2026-02-13 11:03:20","batch_id":"7664","po_number":"","supplier":"Proplan","cost":null,"regular_price":null,"sale_price":null,"price_margin":null,"price_discount":null}},{"id":"7987","date_created":"2026-02-27 10:47:13","date_expiry":"2027-02-28 00:00:00","user_id":"2753","batch_number":"ProplanChatSaum1.5kg280227","location":"","quantity":"2.0000","quantity_available":"0.0000","units":"1","status":"archived","order_ids":"[37034,37070]","supplier":"Proplan","po":{"id":"7925","date_created":"2026-02-27 10:47:13","batch_id":"7987","po_number":"","supplier":"Proplan","cost":null,"regular_price":null,"sale_price":null,"price_margin":null,"price_discount":null}},{"id":"8117","date_created":"2026-03-06 10:36:44","date_expiry":"2027-02-28 00:00:00","user_id":"2753","batch_number":"ProplanChatSaum1.5kg280227","location":"","quantity":"1.0000","quantity_available":"0.0000","units":"1","status":"archived","order_ids":"[37135]","supplier":"Proplan","po":{"id":"8056","date_created":"2026-03-06 10:36:44","batch_id":"8117","po_number":"","supplier":"Proplan","cost":null,"regular_price":null,"sale_price":null,"price_margin":null,"price_discount":null}},{"id":"8394","date_created":"2026-03-21 15:16:36","date_expiry":"2027-02-28 00:00:00","user_id":"2753","batch_number":"ProplanChatSaum1.5kg280227","location":"","quantity":"6.0000","quantity_available":"0.0000","units":"1","status":"archived","order_ids":"[38415,38577,39210,39222,39569]","supplier":"Proplan","po":{"id":"8322","date_created":"2026-03-21 15:16:36","batch_id":"8394","po_number":"","supplier":"Proplan","cost":null,"regular_price":null,"sale_price":null,"price_margin":null,"price_discount":null}},{"id":"8610","date_created":"2026-04-01 13:51:37","date_expiry":"2027-02-28 00:00:00","user_id":"2753","batch_number":"ProplanChatSaum1.5kg280227","location":"","quantity":"1.0000","quantity_available":"0.0000","units":"1","status":"archived","order_ids":"[38761]","supplier":"Proplan","po":{"id":"8538","date_created":"2026-04-01 13:51:37","batch_id":"8610","po_number":"","supplier":"Proplan","cost":null,"regular_price":null,"sale_price":null,"price_margin":null,"price_discount":null}},{"id":"8833","date_created":"2026-04-15 13:00:58","date_expiry":"2027-02-28 00:00:00","user_id":"2753","batch_number":"ProplanChatSaum1.5kg280227","location":"","quantity":"4.0000","quantity_available":"0.0000","units":"1","status":"archived","order_ids":"[39986,40683,40935,40951]","supplier":"Proplan","po":{"id":"8760","date_created":"2026-04-15 13:00:58","batch_id":"8833","po_number":"","supplier":"Proplan","cost":null,"regular_price":null,"sale_price":null,"price_margin":null,"price_discount":null}},{"id":"9241","date_created":"2026-04-30 13:58:08","date_expiry":"2027-02-28 00:00:00","user_id":"2753","batch_number":"ProplanChatSaum1.5kg280227","location":"","quantity":"1.0000","quantity_available":"0.0000","units":"1","status":"archived","order_ids":"[41392]","supplier":"Proplan","po":{"id":"9164","date_created":"2026-04-30 13:58:09","batch_id":"9241","po_number":"","supplier":"Proplan","cost":null,"regular_price":null,"sale_price":null,"price_margin":null,"price_discount":null}},{"id":"9332","date_created":"2026-05-07 11:05:14","date_expiry":"2027-02-28 00:00:00","user_id":"2753","batch_number":"ProplanChatSaum1.5kg280227","location":"","quantity":"10.0000","quantity_available":"3.0000","units":"1","status":"active","order_ids":"[41522,41808]","supplier":"Proplan","po":{"id":"9254","date_created":"2026-05-07 11:05:15","batch_id":"9332","po_number":"","supplier":"Proplan","cost":null,"regular_price":null,"sale_price":null,"price_margin":null,"price_discount":null}}],"_links":{"self":[{"href":"https:\/\/petworld.ma\/index.php\/wp-json\/wp\/v2\/product\/13926","targetHints":{"allow":["GET"]}}],"collection":[{"href":"https:\/\/petworld.ma\/index.php\/wp-json\/wp\/v2\/product"}],"about":[{"href":"https:\/\/petworld.ma\/index.php\/wp-json\/wp\/v2\/types\/product"}],"wp:featuredmedia":[{"embeddable":true,"href":"https:\/\/petworld.ma\/index.php\/wp-json\/wp\/v2\/media\/13929"}],"wp:attachment":[{"href":"https:\/\/petworld.ma\/index.php\/wp-json\/wp\/v2\/media?parent=13926"}],"wp:term":[{"taxonomy":"product_brand","embeddable":true,"href":"https:\/\/petworld.ma\/index.php\/wp-json\/wp\/v2\/product_brand?post=13926"},{"taxonomy":"product_cat","embeddable":true,"href":"https:\/\/petworld.ma\/index.php\/wp-json\/wp\/v2\/product_cat?post=13926"},{"taxonomy":"product_tag","embeddable":true,"href":"https:\/\/petworld.ma\/index.php\/wp-json\/wp\/v2\/product_tag?post=13926"}],"curies":[{"name":"wp","href":"https:\/\/api.w.org\/{rel}","templated":true}]}}