{"id":13930,"date":"2024-11-03T20:35:54","date_gmt":"2024-11-03T20:35:54","guid":{"rendered":"https:\/\/petworld.ma\/?post_type=product&#038;p=13930"},"modified":"2026-04-24T10:53:20","modified_gmt":"2026-04-24T10:53:20","slug":"purina-pro-plan-nutrisavour-kitten-85-g","status":"publish","type":"product","link":"https:\/\/petworld.ma\/index.php\/produit\/purina-pro-plan-nutrisavour-kitten-85-g\/","title":{"rendered":"Purina Pro Plan Nutrisavour Kitten 85 g"},"content":{"rendered":"<p>PURINA\u00ae PRO PLAN\u00ae Kitten HEALTHY START \u00e0 la Dinde en Sauce est un aliment complet pour chatons compos\u00e9 de tendres morceaux \u00e0 la Dinde en Sauce. Il est formul\u00e9 pour aider au d\u00e9veloppement sain de la vue et du cerveau.<\/p>\n<p>Disponible en bo\u00eetes de 10 sachets fra\u00eecheurs de 85g ou en sachet fra\u00eecheurs de 85g \u00e0 l&rsquo;unit\u00e9.<\/p>\n<p>PURINA\u00ae PRO PLAN\u00ae Kitten HEALTHY START \u00e0 la Dinde en Sauce a \u00e9t\u00e9 sp\u00e9cialement formul\u00e9 pour aider \u00e0 soutenir la bonne croissance des os et des muscles et participer au bon d\u00e9veloppement du chaton gr\u00e2ce \u00e0 un profil nutritionnel adapt\u00e9 \u00e0 sa p\u00e9riode de croissance.<\/p>\n<p>Sans colorants ajout\u00e9s.<\/p>\n<p><strong>Composition: <\/strong>Viandes et sous-produits animaux (dont dinde 4 %), Extraits de prot\u00e9ines v\u00e9g\u00e9tales, Poissons et sous-produits de poissons, Huile et graisses, Substances min\u00e9rales; Sous-produits d&rsquo;origine, v\u00e9g\u00e9tale, Sucres<\/p>\n","protected":false},"excerpt":{"rendered":"<ul>\n<li>Aliment complet pour chatons.<\/li>\n<li>Aide au d\u00e9veloppement sain de la vue et du cerveau.<\/li>\n<li>Aide \u00e0 soutenir la bonne croissance des os et des muscles.<\/li>\n<li>Aide au bon d\u00e9veloppement du chaton gr\u00e2ce \u00e0 un profil nutritionnel adapt\u00e9 \u00e0 sa p\u00e9riode de croissance.<\/li>\n<\/ul>\n","protected":false},"featured_media":13932,"template":"","meta":{"jetpack_publicize_message":"","jetpack_publicize_feature_enabled":true,"jetpack_social_post_already_shared":true,"jetpack_social_options":{"image_generator_settings":{"template":"highway","default_image_id":0,"font":"","enabled":false},"version":2}},"product_brand":[],"product_cat":[41],"product_tag":[],"class_list":{"0":"post-13930","1":"product","2":"type-product","3":"status-publish","4":"has-post-thumbnail","6":"product_cat-friandises-et-pate-pour-chat","8":"first","9":"instock","10":"taxable","11":"shipping-taxable","12":"purchasable","13":"product-type-simple"},"supplier_id":5598,"supplier_sku":"","barcode":null,"atum_controlled":true,"out_stock_date":null,"out_stock_threshold":null,"inheritable":false,"inbound_stock":0,"stock_on_hold":0,"sold_today":0,"sales_last_days":41,"reserved_stock":0,"customer_returns":0,"warehouse_damage":0,"lost_in_post":0,"other_logs":0,"out_stock_days":0,"lost_sales":0,"has_location":false,"update_date":"2026-04-27T00:15:15","atum_locations":[],"atum_stock_status":"instock","restock_status":false,"low_stock_amount":12,"sales_update_date":"2026-04-27T00:15:15","calc_backorders":null,"jetpack_publicize_connections":[],"jetpack_sharing_enabled":true,"batches":[{"id":"741","date_created":"2024-11-03 20:41:24","date_expiry":"2025-08-31 00:00:00","user_id":"2760","batch_number":"ProplanPochonKitte,n310825","location":"","quantity":"26.0000","quantity_available":"0.0000","units":"1","status":"archived","order_ids":"[14189,14607,16167,17306,17632,17701,18457]","supplier":"Proplan","po":{"id":"722","date_created":"2024-11-03 20:41:25","batch_id":"741","po_number":"","supplier":"Proplan","cost":null,"regular_price":null,"sale_price":null,"price_margin":null,"price_discount":null}},{"id":"2051","date_created":"2025-02-18 16:16:17","date_expiry":"2026-08-31 00:00:00","user_id":"2760","batch_number":"ProplanPochonKitte,n310826","location":"","quantity":"26.0000","quantity_available":"0.0000","units":"1","status":"archived","order_ids":"[18457,18491,18998,19157,21479,23087,23171]","supplier":"Proplan","po":{"id":"2021","date_created":"2025-02-18 16:16:20","batch_id":"2051","po_number":"","supplier":"Proplan","cost":null,"regular_price":null,"sale_price":null,"price_margin":null,"price_discount":null}},{"id":"2419","date_created":"2025-03-22 01:40:08","date_expiry":"2026-08-31 00:00:00","user_id":"2760","batch_number":"ProplanPochonKitte,n310826","location":"","quantity":"26.0000","quantity_available":"0.0000","units":"1","status":"archived","order_ids":"[23171,23538,24114,24330,24753,25209,26710,28232]","supplier":"Proplan","po":{"id":"2388","date_created":"2025-03-22 01:40:11","batch_id":"2419","po_number":"","supplier":"Proplan","cost":null,"regular_price":null,"sale_price":null,"price_margin":null,"price_discount":null}},{"id":"3870","date_created":"2025-06-05 09:53:33","date_expiry":"2026-11-30 00:00:00","user_id":"2760","batch_number":"ProplanPochonKitte,n301126","location":"","quantity":"26.0000","quantity_available":"0.0000","units":"1","status":"archived","order_ids":"[28310,28400,28401,28489,29011,29454,29457,30004]","supplier":"Proplan","po":{"id":"3834","date_created":"2025-06-05 09:53:33","batch_id":"3870","po_number":"","supplier":"Proplan","cost":null,"regular_price":null,"sale_price":null,"price_margin":null,"price_discount":null}},{"id":"4611","date_created":"2025-07-31 20:24:28","date_expiry":"2026-03-30 00:00:00","user_id":"2760","batch_number":"ProplanPochonKitte,n300326","location":"","quantity":"26.0000","quantity_available":"0.0000","units":"1","status":"archived","order_ids":"[25371,25584,26146,26341,26671,26710]","supplier":"Proplan","po":{"id":"4575","date_created":"2025-07-31 20:24:29","batch_id":"4611","po_number":"","supplier":"Proplan","cost":null,"regular_price":null,"sale_price":null,"price_margin":null,"price_discount":null}},{"id":"6181","date_created":"2025-11-14 20:16:09","date_expiry":"2027-04-30 00:00:00","user_id":"2760","batch_number":"ProplanPochonKitte,n300427","location":"","quantity":"26.0000","quantity_available":"0.0000","units":"1","status":"archived","order_ids":"[33004,33096,33206,33207,33448,33529,33631,34936]","supplier":"Proplan","po":{"id":"6128","date_created":"2025-11-14 20:16:09","batch_id":"6181","po_number":"","supplier":"Proplan","cost":null,"regular_price":null,"sale_price":null,"price_margin":null,"price_discount":null}},{"id":"7330","date_created":"2026-01-26 13:56:01","date_expiry":"2027-04-30 00:00:00","user_id":"2760","batch_number":"ProplanPochonKitte,n300427","location":"","quantity":"26.0000","quantity_available":"0.0000","units":"1","status":"archived","order_ids":"[34936,35314,35820,36226]","supplier":"Proplan","po":{"id":"7266","date_created":"2026-01-26 13:56:01","batch_id":"7330","po_number":"","supplier":"Proplan","cost":null,"regular_price":null,"sale_price":null,"price_margin":null,"price_discount":null}},{"id":"7988","date_created":"2026-02-27 10:48:05","date_expiry":"2027-08-31 00:00:00","user_id":"2760","batch_number":"ProplanPochonKitte,n310827","location":"","quantity":"26.0000","quantity_available":"0.0000","units":"1","status":"archived","order_ids":"[37108,37798,38034,38116]","supplier":"Proplan","po":{"id":"7926","date_created":"2026-02-27 10:48:06","batch_id":"7988","po_number":"","supplier":"Proplan","cost":null,"regular_price":null,"sale_price":null,"price_margin":null,"price_discount":null}},{"id":"8401","date_created":"2026-03-21 15:21:49","date_expiry":"2027-08-31 00:00:00","user_id":"2760","batch_number":"ProplanPochonKitte,n310827","location":"","quantity":"78.0000","quantity_available":"0.0000","units":"1","status":"archived","order_ids":"[38116,38181,38745,38746,39436,39895]","supplier":"Proplan","po":{"id":"8329","date_created":"2026-03-21 15:21:49","batch_id":"8401","po_number":"","supplier":"Proplan","cost":null,"regular_price":null,"sale_price":null,"price_margin":null,"price_discount":null}},{"id":"8834","date_created":"2026-04-15 13:02:18","date_expiry":"2027-08-31 00:00:00","user_id":"2760","batch_number":"ProplanPochonKitte,n310827","location":"","quantity":"26.0000","quantity_available":"0.0000","units":"1","status":"archived","order_ids":"[39895,40011]","supplier":"Proplan","po":{"id":"8761","date_created":"2026-04-15 13:02:19","batch_id":"8834","po_number":"","supplier":"Proplan","cost":null,"regular_price":null,"sale_price":null,"price_margin":null,"price_discount":null}},{"id":"9070","date_created":"2026-04-24 10:53:18","date_expiry":"2027-08-31 00:00:00","user_id":"2760","batch_number":"ProplanPochonKitte,n310827","location":"","quantity":"26.0000","quantity_available":"26.0000","units":"1","status":"active","order_ids":null,"supplier":"Proplan","po":{"id":"8993","date_created":"2026-04-24 10:53:19","batch_id":"9070","po_number":"","supplier":"Proplan","cost":null,"regular_price":null,"sale_price":null,"price_margin":null,"price_discount":null}}],"_links":{"self":[{"href":"https:\/\/petworld.ma\/index.php\/wp-json\/wp\/v2\/product\/13930","targetHints":{"allow":["GET"]}}],"collection":[{"href":"https:\/\/petworld.ma\/index.php\/wp-json\/wp\/v2\/product"}],"about":[{"href":"https:\/\/petworld.ma\/index.php\/wp-json\/wp\/v2\/types\/product"}],"wp:featuredmedia":[{"embeddable":true,"href":"https:\/\/petworld.ma\/index.php\/wp-json\/wp\/v2\/media\/13932"}],"wp:attachment":[{"href":"https:\/\/petworld.ma\/index.php\/wp-json\/wp\/v2\/media?parent=13930"}],"wp:term":[{"taxonomy":"product_brand","embeddable":true,"href":"https:\/\/petworld.ma\/index.php\/wp-json\/wp\/v2\/product_brand?post=13930"},{"taxonomy":"product_cat","embeddable":true,"href":"https:\/\/petworld.ma\/index.php\/wp-json\/wp\/v2\/product_cat?post=13930"},{"taxonomy":"product_tag","embeddable":true,"href":"https:\/\/petworld.ma\/index.php\/wp-json\/wp\/v2\/product_tag?post=13930"}],"curies":[{"name":"wp","href":"https:\/\/api.w.org\/{rel}","templated":true}]}}