{"id":13938,"date":"2024-11-03T21:02:59","date_gmt":"2024-11-03T21:02:59","guid":{"rendered":"https:\/\/petworld.ma\/?post_type=product&#038;p=13938"},"modified":"2026-05-04T13:57:29","modified_gmt":"2026-05-04T13:57:29","slug":"royal-canin-x-small-puppy-pour-chiot-1-5-kg","status":"publish","type":"product","link":"https:\/\/petworld.ma\/index.php\/produit\/royal-canin-x-small-puppy-pour-chiot-1-5-kg\/","title":{"rendered":"Royal Canin X-Small Puppy pour chiot 1.5 Kg"},"content":{"rendered":"<p>Les croquettes ROYAL CANIN\u00ae X-Small Puppy sont sp\u00e9cialement formul\u00e9es pour r\u00e9pondre aux besoins nutritionnels des chiots de tr\u00e8s petites races. Cette formule convient aux chiots \u00e2g\u00e9s de 2 \u00e0 10 mois qui devraient atteindre un poids adulte de 4 kg maximum.<\/p>\n<p>La teneur en \u00e9nergie de cette formule a \u00e9t\u00e9 \u00e9labor\u00e9e de fa\u00e7on optimale pour satisfaire les besoins \u00e9nerg\u00e9tiques \u00e9lev\u00e9s des chiots de tr\u00e8s petites races \u00e0 croissance rapide.<\/p>\n<p>Gr\u00e2ce \u00e0 une combinaison de pr\u00e9biotiques b\u00e9n\u00e9fiques (tels que les FOS et les MOS) et de prot\u00e9ines hautement digestibles, l\u2019aliment sec ROYAL CANIN\u00ae X-Small Puppy soutient le d\u00e9veloppement du microbiote intestinal de votre chiot et favorise son \u00e9quilibre pour lui assurer une bonne sant\u00e9 digestive.<\/p>\n<p>Les croquettes ROYAL CANIN\u00ae X-Small Puppy sont enrichies en nutriments tels que la vitamine C et E pour aider les chiots \u00e0 soutenir leurs d\u00e9fenses naturelles et favoriser le bon d\u00e9veloppement de leur syst\u00e8me immunitaire encore immature. Cette formule est enrichie en acides gras om\u00e9ga-3 (dont le DHA), scientifiquement prouv\u00e9s pour contribuer au bon d\u00e9veloppement c\u00e9r\u00e9bral et \u00e0 la sant\u00e9 visuelle des chiots. La taille et la forme des croquettes ROYAL CANIN\u00ae X-Small Puppy ont \u00e9t\u00e9 sp\u00e9cialement con\u00e7ues pour la tr\u00e8s petite m\u00e2choire de votre chiot afin de lui permettre de les saisir et de les mastiquer facilement.<\/p>\n<p>De plus, elles favorisent un brossage m\u00e9canique de ses dents pour une meilleure hygi\u00e8ne et sant\u00e9 bucco-dentaire. \u00c0 l\u2019\u00e2ge de 10 mois, vos chiots auront besoin d&rsquo;une alimentation sp\u00e9cialement adapt\u00e9e leur permettant de r\u00e9pondre aux besoins nutritionnels de chien adulte. \u00c0 ce stade, vous pouvez commencer la transition vers l\u2019aliment ROYAL CANIN\u00ae X-Small Adult, disponible sous forme de croquettes. Tous les aliments secs de notre gamme croissance contiennent des antioxydants d\u2019origine naturelle, et sont formul\u00e9s sans colorants ni ar\u00f4mes artificiels.<\/p>\n<p><strong>COMPOSITION<\/strong> : prot\u00e9ines de volaille d\u00e9shydrat\u00e9es, riz, ma\u00efs, graisses animales, gluten de bl\u00e9*, gluten de ma\u00efs, prot\u00e9ines animales hydrolys\u00e9es, pulpe de betterave, sels min\u00e9raux, huile de soja, t\u00e9guments et graines de psyllium, huile de poisson, fructo-oligosaccharides, levures hydrolys\u00e9es (source de mannan-oligosaccharides et de b\u00eata-glucanes) (0,30 %), huile d\u2019algues Schizochytrium sp. (source de DHA), jus de Yucca schidigera, farine de tag\u00e8te. * L.I.P. : prot\u00e9ine s\u00e9lectionn\u00e9e pour sa tr\u00e8s haute digestibilit\u00e9.<\/p>\n<p>&nbsp;<\/p>\n<p>&nbsp;<\/p>\n","protected":false},"excerpt":{"rendered":"<p>Aliment complet pour chiens &#8211; Pour chiots de toutes petites races (poids adulte jusqu\u2019\u00e0 4 kg) &#8211; Jusqu\u2019\u00e0 10 mois.<\/p>\n","protected":false},"featured_media":13945,"template":"","meta":{"jetpack_publicize_message":"","jetpack_publicize_feature_enabled":true,"jetpack_social_post_already_shared":true,"jetpack_social_options":{"image_generator_settings":{"template":"highway","default_image_id":0,"font":"","enabled":false},"version":2}},"product_brand":[],"product_cat":[26],"product_tag":[],"class_list":{"0":"post-13938","1":"product","2":"type-product","3":"status-publish","4":"has-post-thumbnail","6":"product_cat-croquettes","8":"first","9":"instock","10":"taxable","11":"shipping-taxable","12":"purchasable","13":"product-type-simple"},"supplier_id":5587,"supplier_sku":"71403","barcode":null,"atum_controlled":true,"out_stock_date":null,"out_stock_threshold":null,"inheritable":false,"inbound_stock":0,"stock_on_hold":0,"sold_today":0,"sales_last_days":0,"reserved_stock":0,"customer_returns":0,"warehouse_damage":0,"lost_in_post":0,"other_logs":0,"out_stock_days":0,"lost_sales":0,"has_location":false,"update_date":"2026-05-05T21:55:31","atum_locations":[],"atum_stock_status":"instock","restock_status":false,"low_stock_amount":4,"sales_update_date":"2026-05-05T21:55:31","calc_backorders":0,"jetpack_publicize_connections":[],"jetpack_sharing_enabled":true,"batches":[{"id":"787","date_created":"2024-11-09 12:05:07","date_expiry":"2026-03-06 00:00:00","user_id":"2760","batch_number":"RCXsmallPuppy1,5kg060326","location":"","quantity":"4.0000","quantity_available":"0.0000","units":"1","status":"archived","order_ids":"[14261,14653,14856,15846,16054,17245,17875]","supplier":"Royal Canin","po":{"id":"764","date_created":"2024-11-09 12:05:08","batch_id":"787","po_number":"","supplier":"Royal Canin","cost":null,"regular_price":null,"sale_price":null,"price_margin":null,"price_discount":null}},{"id":"1610","date_created":"2025-01-10 21:55:09","date_expiry":"2026-03-06 00:00:00","user_id":"2760","batch_number":"RCXsmallPuppy1,5kg060326","location":"","quantity":"2.0000","quantity_available":"0.0000","units":"1","status":"archived","order_ids":"[18040]","supplier":"Royal Canin","po":{"id":"1584","date_created":"2025-01-10 21:55:12","batch_id":"1610","po_number":"","supplier":"Royal Canin","cost":null,"regular_price":null,"sale_price":null,"price_margin":null,"price_discount":null}},{"id":"2066","date_created":"2025-02-19 21:35:49","date_expiry":"2026-03-06 00:00:00","user_id":"2760","batch_number":"RCXsmallPuppy1,5kg060326","location":"","quantity":"6.0000","quantity_available":"0.0000","units":"1","status":"archived","order_ids":"[18686,19040,20216,20460,20730,21095]","supplier":"Royal Canin","po":{"id":"2036","date_created":"2025-02-19 21:35:52","batch_id":"2066","po_number":"","supplier":"Royal Canin","cost":null,"regular_price":null,"sale_price":null,"price_margin":null,"price_discount":null}},{"id":"2899","date_created":"2025-04-10 20:47:39","date_expiry":"2026-04-26 00:00:00","user_id":"2760","batch_number":"RCXsmallPuppy1,5kg260426","location":"","quantity":"3.0000","quantity_available":"0.0000","units":"1","status":"archived","order_ids":"[21652,21822,23031]","supplier":"Royal Canin","po":{"id":"2865","date_created":"2025-04-10 20:47:40","batch_id":"2899","po_number":"","supplier":"Royal Canin","cost":null,"regular_price":null,"sale_price":null,"price_margin":null,"price_discount":null}},{"id":"3463","date_created":"2025-05-17 09:44:25","date_expiry":"2026-07-15 00:00:00","user_id":"2760","batch_number":"RCXsmallPuppy1,5kg150726","location":"","quantity":"2.0000","quantity_available":"0.0000","units":"1","status":"archived","order_ids":"[27024,29786]","supplier":"Royal Canin","po":{"id":"3430","date_created":"2025-05-17 09:44:25","batch_id":"3463","po_number":"","supplier":"Royal Canin","cost":null,"regular_price":null,"sale_price":null,"price_margin":null,"price_discount":null}},{"id":"3888","date_created":"2025-06-05 13:01:53","date_expiry":"2026-07-15 00:00:00","user_id":"2760","batch_number":"RCXsmallPuppy1,5kg150726","location":"","quantity":"1.0000","quantity_available":"0.0000","units":"1","status":"archived","order_ids":"[23480]","supplier":"Royal Canin","po":{"id":"3852","date_created":"2025-06-05 13:01:54","batch_id":"3888","po_number":"","supplier":"Royal Canin","cost":null,"regular_price":null,"sale_price":null,"price_margin":null,"price_discount":null}},{"id":"4015","date_created":"2025-06-17 18:52:41","date_expiry":"2026-07-15 00:00:00","user_id":"2760","batch_number":"RCXsmallPuppy1,5kg150726","location":"","quantity":"1.0000","quantity_available":"0.0000","units":"1","status":"archived","order_ids":"[26753]","supplier":"Royal Canin","po":{"id":"3979","date_created":"2025-06-17 18:52:42","batch_id":"4015","po_number":"","supplier":"Royal Canin","cost":null,"regular_price":null,"sale_price":null,"price_margin":null,"price_discount":null}},{"id":"4124","date_created":"2025-06-26 21:14:19","date_expiry":"2026-09-06 00:00:00","user_id":"2760","batch_number":"RCXsmallPuppy1,5kg060926","location":"","quantity":"1.0000","quantity_available":"0.0000","units":"1","status":"archived","order_ids":"[29786]","supplier":"Royal Canin","po":{"id":"4088","date_created":"2025-06-26 21:14:19","batch_id":"4124","po_number":"","supplier":"Royal Canin","cost":null,"regular_price":null,"sale_price":null,"price_margin":null,"price_discount":null}},{"id":"5074","date_created":"2025-09-01 08:42:05","date_expiry":"2026-11-03 00:00:00","user_id":"2760","batch_number":"RCXsmallPuppy1,5kg031126","location":"","quantity":"2.0000","quantity_available":"0.0000","units":"1","status":"archived","order_ids":"[30753]","supplier":"Royal Canin","po":{"id":"5037","date_created":"2025-09-01 08:42:06","batch_id":"5074","po_number":"","supplier":"Royal Canin","cost":null,"regular_price":null,"sale_price":null,"price_margin":null,"price_discount":null}},{"id":"6366","date_created":"2025-11-24 18:03:12","date_expiry":"2026-12-17 00:00:00","user_id":"2760","batch_number":"RCXsmallPuppy1,5kg171226","location":"","quantity":"0.0000","quantity_available":"0.0000","units":"1","status":"archived","order_ids":null,"supplier":"Royal Canin","po":{"id":"6312","date_created":"2025-11-24 18:03:13","batch_id":"6366","po_number":"","supplier":"Royal Canin","cost":null,"regular_price":null,"sale_price":null,"price_margin":null,"price_discount":null}},{"id":"6409","date_created":"2025-12-02 09:53:54","date_expiry":"2026-12-05 00:00:00","user_id":"2760","batch_number":"RCXsmallPuppy1,5kg051226","location":"","quantity":"2.0000","quantity_available":"0.0000","units":"1","status":"archived","order_ids":"[33174,33365]","supplier":"Royal Canin","po":{"id":"6355","date_created":"2025-12-02 09:53:54","batch_id":"6409","po_number":"","supplier":"Royal Canin","cost":null,"regular_price":null,"sale_price":null,"price_margin":null,"price_discount":null}},{"id":"7116","date_created":"2026-01-10 13:26:09","date_expiry":"2027-04-07 00:00:00","user_id":"2760","batch_number":"RCXsmallPuppy1,5kg070427","location":"","quantity":"5.0000","quantity_available":"0.0000","units":"1","status":"archived","order_ids":"[36235,36400,37795,38176,38281]","supplier":"Royal Canin","po":{"id":"7052","date_created":"2026-01-10 13:26:10","batch_id":"7116","po_number":"","supplier":"Royal Canin","cost":null,"regular_price":null,"sale_price":null,"price_margin":null,"price_discount":null}},{"id":"8051","date_created":"2026-02-28 21:50:09","date_expiry":"2027-04-07 00:00:00","user_id":"2760","batch_number":"RCXsmallPuppy1,5kg070427","location":"","quantity":"1.0000","quantity_available":"0.0000","units":"1","status":"archived","order_ids":"[37725]","supplier":"Royal Canin","po":{"id":"7989","date_created":"2026-02-28 21:50:10","batch_id":"8051","po_number":"","supplier":"Royal Canin","cost":null,"regular_price":null,"sale_price":null,"price_margin":null,"price_discount":null}},{"id":"8519","date_created":"2026-03-25 18:45:13","date_expiry":"2027-08-07 00:00:00","user_id":"2760","batch_number":"RCXsmallPuppy1,5kg070827","location":"","quantity":"2.0000","quantity_available":"0.0000","units":"1","status":"archived","order_ids":"[38479,38544]","supplier":"Royal Canin","po":{"id":"8447","date_created":"2026-03-25 18:45:14","batch_id":"8519","po_number":"","supplier":"Royal Canin","cost":null,"regular_price":null,"sale_price":null,"price_margin":null,"price_discount":null}},{"id":"8725","date_created":"2026-04-05 13:04:23","date_expiry":"2027-08-07 00:00:00","user_id":"2760","batch_number":"RCXsmallPuppy1,5kg070827","location":"","quantity":"0.0000","quantity_available":"0.0000","units":"1","status":"archived","order_ids":null,"supplier":"Royal Canin","po":{"id":"8652","date_created":"2026-04-05 13:04:23","batch_id":"8725","po_number":"","supplier":"Royal Canin","cost":null,"regular_price":null,"sale_price":null,"price_margin":null,"price_discount":null}},{"id":"9305","date_created":"2026-05-04 13:57:26","date_expiry":"2027-08-07 00:00:00","user_id":"2760","batch_number":"RCXsmallPuppy1,5kg070827","location":"","quantity":"1.0000","quantity_available":"1.0000","units":"1","status":"active","order_ids":null,"supplier":"Royal Canin","po":{"id":"9227","date_created":"2026-05-04 13:57:28","batch_id":"9305","po_number":"","supplier":"Royal Canin","cost":null,"regular_price":null,"sale_price":null,"price_margin":null,"price_discount":null}}],"_links":{"self":[{"href":"https:\/\/petworld.ma\/index.php\/wp-json\/wp\/v2\/product\/13938","targetHints":{"allow":["GET"]}}],"collection":[{"href":"https:\/\/petworld.ma\/index.php\/wp-json\/wp\/v2\/product"}],"about":[{"href":"https:\/\/petworld.ma\/index.php\/wp-json\/wp\/v2\/types\/product"}],"wp:featuredmedia":[{"embeddable":true,"href":"https:\/\/petworld.ma\/index.php\/wp-json\/wp\/v2\/media\/13945"}],"wp:attachment":[{"href":"https:\/\/petworld.ma\/index.php\/wp-json\/wp\/v2\/media?parent=13938"}],"wp:term":[{"taxonomy":"product_brand","embeddable":true,"href":"https:\/\/petworld.ma\/index.php\/wp-json\/wp\/v2\/product_brand?post=13938"},{"taxonomy":"product_cat","embeddable":true,"href":"https:\/\/petworld.ma\/index.php\/wp-json\/wp\/v2\/product_cat?post=13938"},{"taxonomy":"product_tag","embeddable":true,"href":"https:\/\/petworld.ma\/index.php\/wp-json\/wp\/v2\/product_tag?post=13938"}],"curies":[{"name":"wp","href":"https:\/\/api.w.org\/{rel}","templated":true}]}}