{"id":140,"date":"2022-12-15T22:46:02","date_gmt":"2022-12-15T22:46:02","guid":{"rendered":"http:\/\/petworld.ma\/?post_type=product&#038;p=140"},"modified":"2026-04-29T18:18:29","modified_gmt":"2026-04-29T18:18:29","slug":"hills-science-plan-aliment-pour-chien-adulte-de-taille-medium-et-grande-sensitive-stomach-skin-au-poulet-25kg-et-14kg","status":"publish","type":"product","link":"https:\/\/petworld.ma\/index.php\/produit\/hills-science-plan-aliment-pour-chien-adulte-de-taille-medium-et-grande-sensitive-stomach-skin-au-poulet-25kg-et-14kg\/","title":{"rendered":"Hill\u2019s Science Plan Aliment Pour Chien Adulte De Taille Medium Et Grande Sensitive Stomach and Skin Au Poulet (2.5kg | 14kg)"},"content":{"rendered":"<div class=\"productAwareRichText richText component section default-style even col-xs-12 initialized\">\n<div class=\"component-content\">\n<div class=\"richText-content\">\n<p>Les aliments pour CHIEN ADULTE DE GRANDE &amp; MOYENNE RACE au POULET\u00a0<span class=\"nowrap\">Hill&rsquo;s Science Plan<\/span>\u00a0SENSITIVE STOMAC &amp; SKIN sont des aliments complets pour chiens adultes pour une sant\u00e9 digestive et un soin optimal de la peau. Avec de la pulpe de betterave, une fibre pr\u00e9biotique nourrissante. Une nourriture tr\u00e8s digeste et douce pour l&rsquo;estomac. Contient des Vitamine E et acides gras Om\u00e9ga-6 pour nourrir la peau et le pelage.<\/p>\n<\/div>\n<\/div>\n<\/div>\n<div class=\"conditionalBox box component section pdp-2019-only-pd odd col-xs-12\"><\/div>\n<div class=\"conditionalBox box component section pdp-2019-only-pd even col-xs-12\"><strong><span style=\"font-size: 14.4px;\">Informations compl\u00e9mentaires :<\/span><\/strong><\/div>\n<div class=\"conditionalBox box component section pdp-2019-only-pd odd col-xs-12\">\n<div id=\"0412457811\" class=\"component-content\">\n<div class=\"paragraphSystem content\">\n<div class=\"productAwareRichText richText component section col-xs-12 productawarerichtext default-style initialized\">\n<div class=\"component-content\">\n<div class=\"richText-content\">\n<p>Chez HILL&rsquo;S, nous \u00e9tudions la biologie des animaux pour comprendre comment la nutrition influe sur la sant\u00e9 de l&rsquo;appareil digestif et de la peau. Ces aliments pour chiens sont formul\u00e9s avec de la pulpe de betterave, une fibre pr\u00e9biotique nourrissante, afin d&rsquo;\u00eatre hautement digestible pour une absorption optimale des nutriments. La vitamine E, les om\u00e9ga-6 et d&rsquo;autres nutriments aident \u00e0 entretenir et \u00e0 prot\u00e9ger la peau. Une alimentation savoureuse pour une vie longue et heureuse. Gr\u00e2ce \u00e0 des ingr\u00e9dients de haute qualit\u00e9 et aux bons nutriments,\u00a0<span class=\"nowrap\">HILL&rsquo;S SCIENCE PLAN<\/span>\u00a0est pr\u00e9cis\u00e9ment \u00e9labor\u00e9 pour offrir \u00e0 votre chien la nutrition dont il a besoin pour \u00eatre en bonne sant\u00e9 et heureux toute sa vie. Nous fabriquons nos aliments pour chiens avec des ingr\u00e9dients de la plus haute qualit\u00e9. Ces ingr\u00e9dients doivent r\u00e9pondre \u00e0 nos exigences strictes en mati\u00e8re de puret\u00e9 et de teneur en nutriments, qui d\u00e9passent les normes de l&rsquo;industrie. Vous pouvez faire une diff\u00e9rence dans la vie des animaux de refuge. Pour chaque achat\u00a0<span class=\"nowrap\">HILL&rsquo;S SCIENCE PLAN<\/span>, vous contribuez \u00e0 nourrir plus de 100 000 animaux sans abri chaque jour, 365 jours par an. Pour en savoir plus, consultez le site hillsfoodshelterlove.com.<\/p>\n<\/div>\n<\/div>\n<\/div>\n<\/div>\n<\/div>\n<\/div>\n<div class=\"box component section pdp-2019-only-pd even col-xs-12\">\n<div id=\"648710132\" class=\"component-content\">\n<div class=\"paragraphSystem content\">\n<div class=\"productAwareRichText richText component section default-style first odd last col-xs-12 initialized\">\n<div class=\"component-content\">\n<div class=\"richText-content\">\n<p>Les aliments <span class=\"nowrap\">SCIENCE PLAN<\/span>\u00a0sont disponibles dans une vari\u00e9t\u00e9 de croquettes et de friandises r\u00e9pondant aux besoins uniques de votre chien, ainsi qu&rsquo;en aliments humides aux saveurs d\u00e9licieuses et vari\u00e9es, que votre chien va adorer.<\/p>\n<p><span style=\"color: #333333; font-size: 14.4px;\">Recommandations :<\/span><\/p>\n<\/div>\n<\/div>\n<\/div>\n<\/div>\n<\/div>\n<\/div>\n<div class=\"conditionalBox box component section default-style odd col-xs-12\">\n<div id=\"1517239228\" class=\"component-content\">\n<div class=\"paragraphSystem content\">\n<div class=\"productAwareRichText richText component section col-xs-12 productawarerichtext default-style initialized\">\n<div class=\"component-content\">\n<div class=\"richText-content\">\n<p>Chiens adultes de 1 ans et plus, y compris ceux qui ont la peau et l&rsquo;estomac sensibles.<\/p>\n<div class=\"productAwareRichText richText component section schema-ingredients-tab first odd col-xs-12 col-lg-12 col-lg-offset-0 initialized\">\n<div class=\"component-content\">\n<div class=\"richText-content\">\n<p><strong>COMPOSITION<\/strong>: Riz de brasserie, ma\u00efs, poulet (8%) et prot\u00e9ines d\u00e9shydrat\u00e9es de dinde (total volaille 12%), farine de gluten de ma\u00efs, \u0153uf entier en poudre, hydrolysat de prot\u00e9ines animales, graisses animales, pulpe de betterave s\u00e9ch\u00e9e (2,5%), huile v\u00e9g\u00e9tale, substances min\u00e9rales, graines de lin.<\/p>\n<\/div>\n<\/div>\n<\/div>\n<div class=\"productAwareRichText richText component section default-style even col-xs-12 col-lg-12 col-lg-offset-0 initialized\">\n<div class=\"component-content\">\n<div class=\"richText-content\">\n<p><strong>CONSTITUANTS ANALYTIQUES:<\/strong> Prot\u00e9ines 22,8%, Teneur en mati\u00e8res grasses 14,2%, Cellulose brute 1,3%, Acides gras om\u00e9ga-6 3,6%, Cendres brutes 5,0%, Calcium 0,81%, Phosphore 0,59%, Sodium 0,26%, Potassium 0,67%, Magn\u00e9sium 0,07%, par kg: Vitamine A 7 723UI, Vitamine D3 657UI, Vitamine E 550mg, Vitamine C 90mg, B\u00eata-carot\u00e8ne 1,5mg.<\/p>\n<\/div>\n<\/div>\n<\/div>\n<div class=\"productAwareRichText richText component section default-style odd last col-xs-12 col-lg-12 col-lg-offset-0 initialized\">\n<div class=\"component-content\">\n<div class=\"richText-content\">\n<p><strong>ADDITIFS PAR KG:<\/strong> Additifs nutritionnels: 3b103 (Fer) 84mg, 3b202 (Iode) 2,1mg, 3b405 (Cuivre) 8,3mg, 3b502 (Mangan\u00e8se) 8,7mg, 3b603 (Zinc) 147mg, 3b801 (S\u00e9l\u00e9nium) 0,2mg.<\/p>\n<\/div>\n<\/div>\n<\/div>\n<\/div>\n<\/div>\n<\/div>\n<\/div>\n<\/div>\n<\/div>\n<div class=\"conditionalBox box component section default-style even col-xs-12\">\n<div id=\"1014499245\" class=\"component-content\">\n<div class=\"paragraphSystem content\"><\/div>\n<\/div>\n<\/div>\n","protected":false},"excerpt":{"rendered":"<p>Les aliments pour CHIEN ADULTE DE GRANDE &amp; MOYENNE RACE au POULET\u00a0Hill&rsquo;s Science Plan\u00a0SENSITIVE STOMAC &amp; SKIN sont des aliments complets pour chiens adultes pour une sant\u00e9 digestive et un soin optimal de la peau. Avec de la pulpe de betterave, une fibre pr\u00e9biotique nourrissante. Une nourriture tr\u00e8s digeste et douce pour l&rsquo;estomac. Contient des [&#8230;]\n","protected":false},"featured_media":529,"template":"","meta":{"jetpack_publicize_message":"","jetpack_publicize_feature_enabled":true,"jetpack_social_post_already_shared":false,"jetpack_social_options":{"image_generator_settings":{"template":"highway","default_image_id":0,"font":"","enabled":false},"version":2}},"product_brand":[],"product_cat":[26],"product_tag":[],"class_list":{"0":"post-140","1":"product","2":"type-product","3":"status-publish","4":"has-post-thumbnail","6":"product_cat-croquettes","8":"first","9":"instock","10":"taxable","11":"shipping-taxable","12":"purchasable","13":"product-type-variable"},"supplier_id":5603,"supplier_sku":"","barcode":null,"atum_controlled":true,"out_stock_date":null,"out_stock_threshold":null,"inheritable":true,"inbound_stock":0,"stock_on_hold":0,"sold_today":0,"sales_last_days":1,"reserved_stock":0,"customer_returns":0,"warehouse_damage":0,"lost_in_post":0,"other_logs":0,"out_stock_days":0,"lost_sales":0,"has_location":false,"update_date":"2026-05-07T00:17:57","atum_locations":[],"atum_stock_status":"instock","restock_status":false,"low_stock_amount":1,"sales_update_date":"2026-05-07T00:17:57","calc_backorders":0,"jetpack_publicize_connections":[],"jetpack_sharing_enabled":true,"batches":[],"_links":{"self":[{"href":"https:\/\/petworld.ma\/index.php\/wp-json\/wp\/v2\/product\/140","targetHints":{"allow":["GET"]}}],"collection":[{"href":"https:\/\/petworld.ma\/index.php\/wp-json\/wp\/v2\/product"}],"about":[{"href":"https:\/\/petworld.ma\/index.php\/wp-json\/wp\/v2\/types\/product"}],"wp:featuredmedia":[{"embeddable":true,"href":"https:\/\/petworld.ma\/index.php\/wp-json\/wp\/v2\/media\/529"}],"wp:attachment":[{"href":"https:\/\/petworld.ma\/index.php\/wp-json\/wp\/v2\/media?parent=140"}],"wp:term":[{"taxonomy":"product_brand","embeddable":true,"href":"https:\/\/petworld.ma\/index.php\/wp-json\/wp\/v2\/product_brand?post=140"},{"taxonomy":"product_cat","embeddable":true,"href":"https:\/\/petworld.ma\/index.php\/wp-json\/wp\/v2\/product_cat?post=140"},{"taxonomy":"product_tag","embeddable":true,"href":"https:\/\/petworld.ma\/index.php\/wp-json\/wp\/v2\/product_tag?post=140"}],"curies":[{"name":"wp","href":"https:\/\/api.w.org\/{rel}","templated":true}]}}