{"id":14050,"date":"2024-11-06T14:53:41","date_gmt":"2024-11-06T14:53:41","guid":{"rendered":"https:\/\/petworld.ma\/?post_type=product&#038;p=14050"},"modified":"2026-03-11T11:05:09","modified_gmt":"2026-03-11T11:05:09","slug":"bac-a-litiere-xtra-large-avec-rehausse-anti-projection-tamis-integre","status":"publish","type":"product","link":"https:\/\/petworld.ma\/index.php\/produit\/bac-a-litiere-xtra-large-avec-rehausse-anti-projection-tamis-integre\/","title":{"rendered":"Bac \u00e0 Liti\u00e8re Xtra-Large avec Rehausse Anti-Projection + Tamis int\u00e9gr\u00e9"},"content":{"rendered":"<p>Le bac \u00e0 liti\u00e8re PIN UP Luxo Maxi de MP Bergamo a une forme tr\u00e8s attrayante qui s&rsquo;adapte parfaitement \u00e0 tous les int\u00e9rieurs. Avec son bord \u00e9lev\u00e9, il permet de garder la liti\u00e8re \u00e0 l&rsquo;int\u00e9rieur du bac \u00e0 liti\u00e8re. Il dispose en outre d&rsquo;un tamis int\u00e9gr\u00e9 pour un nettoyage simple et rapide.<\/p>\n<p>Dimensions: 58cmx39cmx17cm h<\/p>\n","protected":false},"excerpt":{"rendered":"<p>Made In Italy<\/p>\n<p>Dimensions: cm 66x49x36cm h<\/p>\n","protected":false},"featured_media":14053,"template":"","meta":{"jetpack_publicize_message":"","jetpack_publicize_feature_enabled":true,"jetpack_social_post_already_shared":true,"jetpack_social_options":{"image_generator_settings":{"template":"highway","default_image_id":0,"font":"","enabled":false},"version":2}},"product_brand":[],"product_cat":[94],"product_tag":[],"class_list":{"0":"post-14050","1":"product","2":"type-product","3":"status-publish","4":"has-post-thumbnail","6":"product_cat-litieres-et-bacs","8":"first","9":"outofstock","10":"taxable","11":"shipping-taxable","12":"purchasable","13":"product-type-simple"},"supplier_id":5588,"supplier_sku":"8058093270062","barcode":null,"atum_controlled":true,"out_stock_date":"2026-03-11 11:05:08","out_stock_threshold":null,"inheritable":false,"inbound_stock":0,"stock_on_hold":0,"sold_today":0,"sales_last_days":0,"reserved_stock":0,"customer_returns":0,"warehouse_damage":0,"lost_in_post":0,"other_logs":0,"out_stock_days":44,"lost_sales":1697,"has_location":false,"update_date":"2026-04-25T08:53:39","atum_locations":[],"atum_stock_status":"outofstock","restock_status":false,"low_stock_amount":6,"sales_update_date":"2026-04-25T08:53:39","calc_backorders":null,"jetpack_publicize_connections":[],"jetpack_sharing_enabled":true,"batches":[],"_links":{"self":[{"href":"https:\/\/petworld.ma\/index.php\/wp-json\/wp\/v2\/product\/14050","targetHints":{"allow":["GET"]}}],"collection":[{"href":"https:\/\/petworld.ma\/index.php\/wp-json\/wp\/v2\/product"}],"about":[{"href":"https:\/\/petworld.ma\/index.php\/wp-json\/wp\/v2\/types\/product"}],"wp:featuredmedia":[{"embeddable":true,"href":"https:\/\/petworld.ma\/index.php\/wp-json\/wp\/v2\/media\/14053"}],"wp:attachment":[{"href":"https:\/\/petworld.ma\/index.php\/wp-json\/wp\/v2\/media?parent=14050"}],"wp:term":[{"taxonomy":"product_brand","embeddable":true,"href":"https:\/\/petworld.ma\/index.php\/wp-json\/wp\/v2\/product_brand?post=14050"},{"taxonomy":"product_cat","embeddable":true,"href":"https:\/\/petworld.ma\/index.php\/wp-json\/wp\/v2\/product_cat?post=14050"},{"taxonomy":"product_tag","embeddable":true,"href":"https:\/\/petworld.ma\/index.php\/wp-json\/wp\/v2\/product_tag?post=14050"}],"curies":[{"name":"wp","href":"https:\/\/api.w.org\/{rel}","templated":true}]}}