{"id":14054,"date":"2024-11-06T16:57:15","date_gmt":"2024-11-06T16:57:15","guid":{"rendered":"https:\/\/petworld.ma\/?post_type=product&#038;p=14054"},"modified":"2026-04-24T09:21:47","modified_gmt":"2026-04-24T09:21:47","slug":"bac-a-litiere-grande-taille-ferme-corner-avec-pelle-2-couleurs-marron-bleu","status":"publish","type":"product","link":"https:\/\/petworld.ma\/index.php\/produit\/bac-a-litiere-grande-taille-ferme-corner-avec-pelle-2-couleurs-marron-bleu\/","title":{"rendered":"Bac \u00e0 Liti\u00e8re Grande Taille Ferm\u00e9 Corner Avec Pelle (Marron | Bleu | Jaune | Mauve)"},"content":{"rendered":"<p>Le bac \u00e0 liti\u00e8re couvert d&rsquo;angle Leo est un bac \u00e0 liti\u00e8re hygi\u00e9nique pour chat id\u00e9al pour un placement en angle, il peut \u00eatre plac\u00e9 \u00e0 l&rsquo;int\u00e9rieur car il limite la circulation des mauvaises odeurs \u00e0 l&rsquo;int\u00e9rieur de la maison. Il est \u00e9quip\u00e9 d&rsquo;une pelle pour un nettoyage facile.<\/p>\n<p>Dimensions: cm 58x47x38 cm h<\/p>\n","protected":false},"excerpt":{"rendered":"<p>Made In Italy<\/p>\n<p>Dimensions: cm 58x47x38 cm h<\/p>\n","protected":false},"featured_media":28421,"template":"","meta":{"jetpack_publicize_message":"","jetpack_publicize_feature_enabled":true,"jetpack_social_post_already_shared":true,"jetpack_social_options":{"image_generator_settings":{"template":"highway","default_image_id":0,"font":"","enabled":false},"version":2}},"product_brand":[],"product_cat":[94],"product_tag":[],"class_list":{"0":"post-14054","1":"product","2":"type-product","3":"status-publish","4":"has-post-thumbnail","6":"product_cat-litieres-et-bacs","8":"first","9":"outofstock","10":"taxable","11":"shipping-taxable","12":"purchasable","13":"product-type-variable"},"supplier_id":5588,"supplier_sku":"","barcode":null,"atum_controlled":true,"out_stock_date":null,"out_stock_threshold":null,"inheritable":true,"inbound_stock":0,"stock_on_hold":0,"sold_today":0,"sales_last_days":1,"reserved_stock":0,"customer_returns":0,"warehouse_damage":0,"lost_in_post":0,"other_logs":0,"out_stock_days":0,"lost_sales":0,"has_location":false,"update_date":"2026-04-25T11:58:10","atum_locations":[],"atum_stock_status":"instock","restock_status":false,"low_stock_amount":"","sales_update_date":"2026-04-25T08:56:27","calc_backorders":null,"jetpack_publicize_connections":[],"jetpack_sharing_enabled":true,"batches":[],"_links":{"self":[{"href":"https:\/\/petworld.ma\/index.php\/wp-json\/wp\/v2\/product\/14054","targetHints":{"allow":["GET"]}}],"collection":[{"href":"https:\/\/petworld.ma\/index.php\/wp-json\/wp\/v2\/product"}],"about":[{"href":"https:\/\/petworld.ma\/index.php\/wp-json\/wp\/v2\/types\/product"}],"wp:featuredmedia":[{"embeddable":true,"href":"https:\/\/petworld.ma\/index.php\/wp-json\/wp\/v2\/media\/28421"}],"wp:attachment":[{"href":"https:\/\/petworld.ma\/index.php\/wp-json\/wp\/v2\/media?parent=14054"}],"wp:term":[{"taxonomy":"product_brand","embeddable":true,"href":"https:\/\/petworld.ma\/index.php\/wp-json\/wp\/v2\/product_brand?post=14054"},{"taxonomy":"product_cat","embeddable":true,"href":"https:\/\/petworld.ma\/index.php\/wp-json\/wp\/v2\/product_cat?post=14054"},{"taxonomy":"product_tag","embeddable":true,"href":"https:\/\/petworld.ma\/index.php\/wp-json\/wp\/v2\/product_tag?post=14054"}],"curies":[{"name":"wp","href":"https:\/\/api.w.org\/{rel}","templated":true}]}}