{"id":1411,"date":"2023-02-08T13:46:45","date_gmt":"2023-02-08T13:46:45","guid":{"rendered":"https:\/\/petworld.ma\/?post_type=product&#038;p=1411"},"modified":"2026-04-17T21:14:06","modified_gmt":"2026-04-17T21:14:06","slug":"pro-plan-large-robust-adulte-poulet-14-kg","status":"publish","type":"product","link":"https:\/\/petworld.ma\/index.php\/produit\/pro-plan-large-robust-adulte-poulet-14-kg\/","title":{"rendered":"Pro Plan Large Robust Adult &#8211; Poulet 14 kg"},"content":{"rendered":"<ul>\n<li>Croquettes pour grand chien robuste.<\/li>\n<li>Riche en prot\u00e9ines &#8211; Poulet en ingr\u00e9dient n\u00b01.<\/li>\n<li>Hygi\u00e8ne bucco-dentaire.<\/li>\n<li>Soutient la bonne sant\u00e9 des articulations.<\/li>\n<\/ul>\n<p>Aliment complet pour chiens adultes de grande taille de morphotype robuste. OPTIBALANCE\u2122 est une combinaison de nutriments sp\u00e9cialement s\u00e9lectionn\u00e9s, avec des teneurs adapt\u00e9es pour les chiens de tailles et morphotypes diff\u00e9rents afin de soutenir leurs besoins sp\u00e9cifiques et les aider \u00e0 rester au mieux de leur forme.<\/p>\n<p><strong>Caract\u00e9ristiques<\/strong><\/p>\n<ul>\n<li>Croquettes pour grand chien robuste.<\/li>\n<li>Riche en prot\u00e9ines &#8211; Poulet en ingr\u00e9dient n\u00b01.<\/li>\n<li>Formul\u00e9 pour une bonne hygi\u00e8ne bucco-dentaire.<\/li>\n<li>Une combinaison de nutriments essentiels pour aider \u00e0 soutenir la bonne sant\u00e9 des articulations.<\/li>\n<li>\u200bTeneur \u00e9lev\u00e9e en antioxydants pour aider \u00e0 combattre les effets du vieillissement.<\/li>\n<li>\u200bFormul\u00e9 pour les chiens de grande taille de morphotype robuste.<\/li>\n<\/ul>\n<div class=\"field__item\">\n<p><strong>Ingr\u00e9dients<\/strong><\/p>\n<p>Poulet (19 %), Bl\u00e9, Prot\u00e9ines de volaille d\u00e9shydrat\u00e9es, Ma\u00efs, Riz (7 %), Fibre de bl\u00e9, Hydrolysat, Pulpe de betterave d\u00e9shydrat\u00e9e, Farine de soja, Gluten de bl\u00e9, Graisse animale, Gluten de ma\u00efs, Sels min\u00e9raux, \u0152ufs d\u00e9shydrat\u00e9s, Huile de poisson<\/p>\n<\/div>\n<div class=\"field__item\">\n<p><strong>Nutrition et constituants analytiques*<\/strong><\/p>\n<p>Humidit\u00e9 : 8,0 %, Prot\u00e9ine : 27,0 %, Teneur en mati\u00e8res grasses : 12,0 %, Glucides : 43,0 %, Cellulose brute : 2,5 %, Cendres brutes : 7,5 %<\/p>\n<p><strong>Additifs nutritionnels<\/strong><\/p>\n<p>Min\u00e9raux : Calcium : 1,5 %, Phosphore : 0,86 %, Sodium : 0,53 %, Chlore : 0,82 %, Potassium : 0,60 %, Magn\u00e9sium : 0,12 %, mg\/kg : Fer : 169,71 ; Zinc : 179,14 ; Cuivre : 16,35 ; Mangan\u00e8se : 47,35 ; Iode : 2,20 ; S\u00e9l\u00e9nium :\u00a00,37.<\/p>\n<p>Vitamines : UI\/kg : Vit A : 19857,72 ; Vit D3 :\u00a0952,75 ;<\/p>\n<p>mg\/kg : Vit E : 474,18 ; Vit K : 0,14 ; Vit C : 70 ; Vit B1 : 25,19 ; Vit B2 : 12,59 ; Vit B3 : 151,40 ; Vit B5 : 42,06 ; Vit B6 : 14 ; Vit B8 : 0,20 ; Vit B9 : 4,23 ; Vit B12 : 0,23 ; Choline : 1753,66. Acides gras essentiels :<br \/>\nOm\u00e8ga-6 : 2,30 %, Acide linol\u00e9ique : 2 %, Om\u00e8ga-3 : 0.30 %, DHA : 0,08 %, EPA + DHA : 0,25 %, \u00c9nergie : Kcal\/kg : \u00c9nergie m\u00e9tabolisable (calcul\u00e9e)\u00a0:\u00a03,470.<\/p>\n<p>*Ces valeurs refl\u00e8tent les teneurs moyennes en nutriments dans le produit environ 9 mois apr\u00e8s sa production. Elles correspondent aux nutriments ajout\u00e9s et \u00e0 ceux naturellement pr\u00e9sents dans les ingr\u00e9dients de la formule.<\/p>\n<p><strong>Guide d&rsquo;alimentation<\/strong><\/p>\n<p>Mode d&#8217;emploi : Voir le tableau des rations journali\u00e8res recommand\u00e9es (g\/jour).<br \/>\nCes rations sont donn\u00e9es \u00e0 titre indicatif. Pour aider votre chien \u00e0 maintenir une condition corporelle id\u00e9ale, les rations journali\u00e8res doivent \u00eatre adapt\u00e9es \u00e0 son niveau d\u2019activit\u00e9, sa condition physique et ses besoins individuels. De l\u2019eau fra\u00eeche et propre doit toujours \u00eatre \u00e0 la disposition de votre chien. Pour surveiller la sant\u00e9 de votre chien, consultez r\u00e9guli\u00e8rement votre v\u00e9t\u00e9rinaire.<\/p>\n<p>Rations journali\u00e8res recommand\u00e9es : Quel est le poids de votre chien ?<\/p>\n<div class=\"table-wrapper\">\n<table>\n<tbody>\n<tr>\n<td><strong>Poids du chien<\/strong><\/td>\n<td><strong>&lt; 1h d&rsquo;activit\u00e9<\/strong><\/td>\n<td><strong>1 \u00e0 3h d&rsquo;activit\u00e9<\/strong><\/td>\n<\/tr>\n<tr>\n<td>25 \u00e0 35 kg<\/td>\n<td>285 \u00e0 360<\/td>\n<td>380 \u00e0 480<\/td>\n<\/tr>\n<tr>\n<td>35 \u00e0 45 kg<\/td>\n<td>360 \u00e0 425<\/td>\n<td>480 \u00e0 565<\/td>\n<\/tr>\n<tr>\n<td>45 \u00e0 60 kg<\/td>\n<td>425 \u00e0 515<\/td>\n<td>565 \u00e0 685<\/td>\n<\/tr>\n<tr>\n<td>60 \u00e0 70 kg<\/td>\n<td>515 \u00e0 570<\/td>\n<td>685 \u00e0 760<\/td>\n<\/tr>\n<tr>\n<td>70 \u00e0 90 kg<\/td>\n<td>570 \u00e0 675<\/td>\n<td>760 \u00e0 900<\/td>\n<\/tr>\n<\/tbody>\n<\/table>\n<\/div>\n<\/div>\n","protected":false},"excerpt":{"rendered":"<p>Croquettes pour grand chien robuste. Riche en prot\u00e9ines &#8211; Poulet en ingr\u00e9dient n\u00b01. Hygi\u00e8ne bucco-dentaire. Soutient la bonne sant\u00e9 des articulations. Aliment complet pour chiens adultes de grande taille de morphotype robuste. OPTIBALANCE\u2122 est une combinaison de nutriments sp\u00e9cialement s\u00e9lectionn\u00e9s, avec des teneurs adapt\u00e9es pour les chiens de tailles et morphotypes diff\u00e9rents afin de soutenir [&#8230;]\n","protected":false},"featured_media":4212,"template":"","meta":{"jetpack_publicize_message":"","jetpack_publicize_feature_enabled":true,"jetpack_social_post_already_shared":false,"jetpack_social_options":{"image_generator_settings":{"template":"highway","default_image_id":0,"font":"","enabled":false},"version":2}},"product_brand":[],"product_cat":[26],"product_tag":[],"class_list":{"0":"post-1411","1":"product","2":"type-product","3":"status-publish","4":"has-post-thumbnail","6":"product_cat-croquettes","8":"first","9":"instock","10":"taxable","11":"shipping-taxable","12":"purchasable","13":"product-type-simple"},"supplier_id":5598,"supplier_sku":"","barcode":null,"atum_controlled":true,"out_stock_date":null,"out_stock_threshold":null,"inheritable":false,"inbound_stock":0,"stock_on_hold":0,"sold_today":0,"sales_last_days":1,"reserved_stock":0,"customer_returns":0,"warehouse_damage":0,"lost_in_post":0,"other_logs":0,"out_stock_days":0,"lost_sales":0,"has_location":false,"update_date":"2026-04-30T13:52:15","atum_locations":[],"atum_stock_status":"instock","restock_status":false,"low_stock_amount":4,"sales_update_date":"2026-04-30T13:52:15","calc_backorders":0,"jetpack_publicize_connections":[],"jetpack_sharing_enabled":true,"batches":[{"id":"490","date_created":"2024-10-02 16:40:07","date_expiry":"2025-11-30 00:00:00","user_id":"50","batch_number":"PROPLANLargeRAdDog14KG301125","location":"","quantity":"3.0000","quantity_available":"0.0000","units":"1","status":"archived","order_ids":"[12730,13736,14721,15690]","supplier":"Proplan","po":{"id":"473","date_created":"2024-10-02 16:40:07","batch_id":"490","po_number":"","supplier":"Proplan","cost":null,"regular_price":null,"sale_price":null,"price_margin":null,"price_discount":null}},{"id":"726","date_created":"2024-11-02 10:20:57","date_expiry":"2025-12-30 00:00:00","user_id":"50","batch_number":"PROPLANLargeRAdDog14KG301225","location":"","quantity":"2.0000","quantity_available":"0.0000","units":"1","status":"archived","order_ids":"[18129,23742]","supplier":"Proplan","po":{"id":"707","date_created":"2024-11-02 10:20:58","batch_id":"726","po_number":"","supplier":"Proplan","cost":null,"regular_price":null,"sale_price":null,"price_margin":null,"price_discount":null}},{"id":"1045","date_created":"2024-12-06 00:02:02","date_expiry":"2025-12-30 00:00:00","user_id":"50","batch_number":"PROPLANLargeRAdDog14KG301225","location":"","quantity":"1.0000","quantity_available":"0.0000","units":"1","status":"archived","order_ids":"[16827]","supplier":"Proplan","po":{"id":"1025","date_created":"2024-12-06 00:15:56","batch_id":"1045","po_number":"","supplier":"Proplan","cost":null,"regular_price":null,"sale_price":null,"price_margin":null,"price_discount":null}},{"id":"1263","date_created":"2024-12-18 11:47:38","date_expiry":"2026-01-31 00:00:00","user_id":"50","batch_number":"PROPLANLargeRAdDog14KG310126","location":"","quantity":"1.0000","quantity_available":"0.0000","units":"1","status":"archived","order_ids":"[28655]","supplier":"Proplan","po":{"id":"1236","date_created":"2024-12-18 11:47:41","batch_id":"1263","po_number":"","supplier":"Proplan","cost":null,"regular_price":null,"sale_price":null,"price_margin":null,"price_discount":null}},{"id":"1803","date_created":"2025-01-28 21:43:28","date_expiry":"2026-01-31 00:00:00","user_id":"50","batch_number":"PROPLANLargeRAdDog14KG310126","location":"","quantity":"1.0000","quantity_available":"0.0000","units":"1","status":"archived","order_ids":"[30889]","supplier":"Proplan","po":{"id":"1777","date_created":"2025-01-28 21:43:31","batch_id":"1803","po_number":"","supplier":"Proplan","cost":null,"regular_price":null,"sale_price":null,"price_margin":null,"price_discount":null}},{"id":"2176","date_created":"2025-02-26 21:20:31","date_expiry":"2026-01-31 00:00:00","user_id":"50","batch_number":"PROPLANLargeRAdDog14KG310126","location":"","quantity":"1.0000","quantity_available":"0.0000","units":"1","status":"archived","order_ids":"[30893]","supplier":"Proplan","po":{"id":"2145","date_created":"2025-02-26 21:20:34","batch_id":"2176","po_number":"","supplier":"Proplan","cost":null,"regular_price":null,"sale_price":null,"price_margin":null,"price_discount":null}},{"id":"4201","date_created":"2025-07-02 20:23:22","date_expiry":"2026-09-30 00:00:00","user_id":"50","batch_number":"PROPLANLargeRAdDog14KG300926","location":"","quantity":"1.0000","quantity_available":"0.0000","units":"1","status":"archived","order_ids":"[32041]","supplier":"Proplan","po":{"id":"4164","date_created":"2025-07-02 20:23:23","batch_id":"4201","po_number":"","supplier":"Proplan","cost":null,"regular_price":null,"sale_price":null,"price_margin":null,"price_discount":null}},{"id":"5796","date_created":"2025-10-18 13:47:56","date_expiry":"2026-11-30 00:00:00","user_id":"50","batch_number":"PROPLANLargeRAdDog14KG301126","location":"","quantity":"1.0000","quantity_available":"0.0000","units":"1","status":"archived","order_ids":"[36827]","supplier":"Proplan","po":{"id":"5746","date_created":"2025-10-18 13:47:57","batch_id":"5796","po_number":"","supplier":"Proplan","cost":null,"regular_price":null,"sale_price":null,"price_margin":null,"price_discount":null}},{"id":"6416","date_created":"2025-12-02 11:14:54","date_expiry":"2026-11-30 00:00:00","user_id":"50","batch_number":"PROPLANLargeRAdDog14KG301126","location":"","quantity":"2.0000","quantity_available":"0.0000","units":"1","status":"archived","order_ids":"[38318,40059]","supplier":"Proplan","po":{"id":"6362","date_created":"2025-12-02 11:14:55","batch_id":"6416","po_number":"","supplier":"Proplan","cost":null,"regular_price":null,"sale_price":null,"price_margin":null,"price_discount":null}},{"id":"6941","date_created":"2025-12-26 14:33:37","date_expiry":"2026-12-01 00:00:00","user_id":"50","batch_number":"PROPLANLargeRAdDog14KG1226","location":"","quantity":"1.0000","quantity_available":"1.0000","units":"1","status":"active","order_ids":null,"supplier":"Proplan","po":{"id":"6880","date_created":"2025-12-26 14:33:38","batch_id":"6941","po_number":"","supplier":"Proplan","cost":null,"regular_price":null,"sale_price":null,"price_margin":null,"price_discount":null}},{"id":"8112","date_created":"2026-03-06 10:13:40","date_expiry":"2026-12-01 00:00:00","user_id":"50","batch_number":"PROPLANLargeRAdDog14KG1226","location":"","quantity":"1.0000","quantity_available":"1.0000","units":"1","status":"active","order_ids":null,"supplier":"Proplan","po":{"id":"8051","date_created":"2026-03-06 10:13:40","batch_id":"8112","po_number":"","supplier":"Proplan","cost":null,"regular_price":null,"sale_price":null,"price_margin":null,"price_discount":null}},{"id":"8603","date_created":"2026-04-01 13:08:28","date_expiry":"2027-02-28 00:00:00","user_id":"50","batch_number":"PROPLANLargeRAdDog14KG0227","location":"","quantity":"1.0000","quantity_available":"1.0000","units":"1","status":"active","order_ids":null,"supplier":"Proplan","po":{"id":"8531","date_created":"2026-04-01 13:08:28","batch_id":"8603","po_number":"","supplier":"Proplan","cost":null,"regular_price":null,"sale_price":null,"price_margin":null,"price_discount":null}}],"_links":{"self":[{"href":"https:\/\/petworld.ma\/index.php\/wp-json\/wp\/v2\/product\/1411","targetHints":{"allow":["GET"]}}],"collection":[{"href":"https:\/\/petworld.ma\/index.php\/wp-json\/wp\/v2\/product"}],"about":[{"href":"https:\/\/petworld.ma\/index.php\/wp-json\/wp\/v2\/types\/product"}],"wp:featuredmedia":[{"embeddable":true,"href":"https:\/\/petworld.ma\/index.php\/wp-json\/wp\/v2\/media\/4212"}],"wp:attachment":[{"href":"https:\/\/petworld.ma\/index.php\/wp-json\/wp\/v2\/media?parent=1411"}],"wp:term":[{"taxonomy":"product_brand","embeddable":true,"href":"https:\/\/petworld.ma\/index.php\/wp-json\/wp\/v2\/product_brand?post=1411"},{"taxonomy":"product_cat","embeddable":true,"href":"https:\/\/petworld.ma\/index.php\/wp-json\/wp\/v2\/product_cat?post=1411"},{"taxonomy":"product_tag","embeddable":true,"href":"https:\/\/petworld.ma\/index.php\/wp-json\/wp\/v2\/product_tag?post=1411"}],"curies":[{"name":"wp","href":"https:\/\/api.w.org\/{rel}","templated":true}]}}