{"id":1415,"date":"2023-02-08T14:02:02","date_gmt":"2023-02-08T14:02:02","guid":{"rendered":"https:\/\/petworld.ma\/?post_type=product&#038;p=1415"},"modified":"2026-04-24T10:46:55","modified_gmt":"2026-04-24T10:46:55","slug":"pro-plan-smallmini-puppy-poulet-3kg","status":"publish","type":"product","link":"https:\/\/petworld.ma\/index.php\/produit\/pro-plan-smallmini-puppy-poulet-3kg\/","title":{"rendered":"Pro Plan Small and Mini Puppy &#8211; Poulet 3Kg"},"content":{"rendered":"<ul>\n<li>Croquettes pour petit chiot.<\/li>\n<li>Riche en prot\u00e9ines &#8211; Poulet en ingr\u00e9dient n\u00b01.<\/li>\n<li>Permet au syst\u00e8me immunitaire immature du chiot de r\u00e9agir efficacement.<\/li>\n<li>Formul\u00e9 pour une bonne hygi\u00e8ne bucco-dentaire.<\/li>\n<\/ul>\n<p>Aliment complet pour chiots de petite taille. Gr\u00e2ce \u00e0 son ingr\u00e9dient sp\u00e9cial, le Colostrum, cet aliment aide \u00e0 renforcer les d\u00e9fenses naturelles du chiot pour mieux relever les d\u00e9fis du quotidien. Convient \u00e9galement aux chiennes en gestation ou en lactation.<\/p>\n<p><strong>Caract\u00e9ristiques<\/strong><\/p>\n<ul>\n<li>Croquettes pour petit chiot.<\/li>\n<li>Riche en prot\u00e9ines &#8211; Poulet en ingr\u00e9dient n\u00b01.<\/li>\n<li>Permet au syst\u00e8me immunitaire immature du chiot de r\u00e9agir efficacement.<\/li>\n<li>Formul\u00e9 pour une bonne hygi\u00e8ne bucco-dentaire.<\/li>\n<li>\u200bUne combinaison de nutriments essentiels pour aider \u00e0 soutenir la bonne sant\u00e9 des articulations de votre chiot actif.<\/li>\n<li>\u200bIngr\u00e9dient sp\u00e9cifique pour des d\u00e9fenses naturelles fortes et une bonne sant\u00e9 sur le long-terme.<\/li>\n<\/ul>\n<div class=\"field__item\">\n<p><strong>Ingr\u00e9dients<\/strong><\/p>\n<p>Poulet (20 %), Prot\u00e9ines de volaille d\u00e9shydrat\u00e9es, Bl\u00e9, Graisse animale, Farine de soja, Riz (7 %), Gluten de ma\u00efs, Pulpe de betterave d\u00e9shydrat\u00e9e, Ma\u00efs, Gluten de bl\u00e9, Sels min\u00e9raux, \u0152ufs d\u00e9shydrat\u00e9s, Huile de poisson, Hydrolysat, Colostrum D\u00e9shydrat\u00e9 (0,1 %),<\/p>\n<\/div>\n<div class=\"field__item\">\n<p><strong>Nutrition et constituants analytiques*<\/strong><\/p>\n<p>Humidit\u00e9 : 8,0 %, Prot\u00e9ine : 32,0 %, Teneur en mati\u00e8res grasses : 21,0 %, Glucides : 29,5 %, Cendres brutes : 7,5 %, Cellulose brute : 2,0 %, Taurine : 985 mg\/kg.<\/p>\n<p><strong>Additifs nutritionnels<\/strong><\/p>\n<p>Min\u00e9raux : Calcium : 1,5 %, Phosphore : 1,05 %, Sodium : 0,41 %, Chlore : 0,65 %, Potassium : 0,72 %, Magn\u00e9sium : 0,12 %<\/p>\n<p>mg\/kg : Fer : 203,23 ; Zinc : 204,75 ; Cuivre : 19,38 ; Mangan\u00e8se : 51,79 ; Iode : 2,62 ; S\u00e9l\u00e9nium :\u00a00,40.<\/p>\n<p>Vitamines :UI\/kg : Vit A : 21462,27 ; Vit D3 :\u00a01183,90 ;<\/p>\n<p>mg\/kg : Vit E : 183,73 ; Vit K : 0,18 ; Vit C : 60 ; Vit B1 : 32,49 ; Vit B2 : 16,02 ; Vit B3 : 189,48 ; Vit B5 : 52,75 ; Vit B6 : 18,74 ; Vit B8 : 0,25 ; Vit B9 : 5,39 ; Vit B12 : 0,30 ; Choline :\u00a02199,35.<\/p>\n<p>Acides gras essentiels : Om\u00e8ga-6 : 3,10 %, Acide linol\u00e9ique : 2,60 %, Om\u00e8ga-3 : 0.40 %, DHA : 0,07 %, EPA + DHA : 0,22 %.<\/p>\n<p>\u00c9nergie : Kcal\/kg : \u00c9nergie m\u00e9tabolisable (calcul\u00e9e)\u00a0:\u00a03,938.<\/p>\n<p>*Ces valeurs refl\u00e8tent les teneurs moyennes en nutriments dans le produit environ 9 mois apr\u00e8s sa production. Elles correspondent aux nutriments ajout\u00e9s et \u00e0 ceux naturellement pr\u00e9sents dans les ingr\u00e9dients de la formule.<\/p>\n<p><strong>Guide d&rsquo;alimentation<\/strong><\/p>\n<p>Mode d&#8217;emploi\u00a0:\u00a0Voir le tableau des rations journali\u00e8res recommand\u00e9es (g\/jour).<br \/>\nChiennes en Gestation ou en lactation : Veuillez vous reporter au site Purina PRO PLAN\u00ae ou demander conseil \u00e0 votre v\u00e9t\u00e9rinaire. Sevrage et croissance : Durant la p\u00e9riode de sevrage, de l\u2019\u00e2ge de 3 \u00e0 6 semaines, proposez PRO PLAN\u00ae Puppy 3 \u00e0 4 fois par jour humidifi\u00e9 avec de l\u2019eau. Apr\u00e8s le sevrage, suivez les rations journali\u00e8res du tableau. Au-del\u00e0 de 3 mois, diminuer progressivement la quantit\u00e9 d\u2019eau ajout\u00e9e. Pour une croissance harmonieuse, assurez-vous que votre chiot maintienne une condition corporelle id\u00e9ale. Les rations journali\u00e8res doivent \u00eatre adapt\u00e9es \u00e0 son activit\u00e9, sa condition physique et ses besoins individuels. De l\u2019eau fra\u00eeche et propre doit toujours \u00eatre \u00e0 la disposition de votre chien. Pour surveiller la sant\u00e9 de votre chien, consultez r\u00e9guli\u00e8rement votre v\u00e9t\u00e9rinaire.<\/p>\n<p>Rations journali\u00e8res recommand\u00e9es : Quel est le poids de votre chien ?<\/p>\n<p>Croissance du chiot<\/p>\n<div class=\"table-wrapper\">\n<table>\n<tbody>\n<tr>\n<td><strong>Poids \u00e0 l\u2019\u00e2ge adulte (kg)<\/strong><\/td>\n<td><strong>1,5-3 mois<\/strong><\/td>\n<td><strong>4-5 mois<\/strong><\/td>\n<td><strong>6-8 mois<\/strong><\/td>\n<td><strong>9-12 mois<\/strong><\/td>\n<\/tr>\n<tr>\n<td>1<\/td>\n<td>55<\/td>\n<td>55<\/td>\n<td>55-Adulte<\/td>\n<td>Adulte<\/td>\n<\/tr>\n<tr>\n<td>5<\/td>\n<td>60-85<\/td>\n<td>80-70<\/td>\n<td>70<\/td>\n<td>70-Adulte<\/td>\n<\/tr>\n<tr>\n<td>10<\/td>\n<td>75-115<\/td>\n<td>120-140<\/td>\n<td>145<\/td>\n<td>145-Adulte<\/td>\n<\/tr>\n<\/tbody>\n<\/table>\n<\/div>\n<\/div>\n","protected":false},"excerpt":{"rendered":"<p>Croquettes pour petit chiot. Riche en prot\u00e9ines &#8211; Poulet en ingr\u00e9dient n\u00b01. Permet au syst\u00e8me immunitaire immature du chiot de r\u00e9agir efficacement. Formul\u00e9 pour une bonne hygi\u00e8ne bucco-dentaire. Aliment complet pour chiots de petite taille. Gr\u00e2ce \u00e0 son ingr\u00e9dient sp\u00e9cial, le Colostrum, cet aliment aide \u00e0 renforcer les d\u00e9fenses naturelles du chiot pour mieux relever [&#8230;]\n","protected":false},"featured_media":4245,"template":"","meta":{"jetpack_publicize_message":"","jetpack_publicize_feature_enabled":true,"jetpack_social_post_already_shared":false,"jetpack_social_options":{"image_generator_settings":{"template":"highway","default_image_id":0,"font":"","enabled":false},"version":2}},"product_brand":[],"product_cat":[26],"product_tag":[],"class_list":{"0":"post-1415","1":"product","2":"type-product","3":"status-publish","4":"has-post-thumbnail","6":"product_cat-croquettes","8":"first","9":"instock","10":"sale","11":"taxable","12":"shipping-taxable","13":"purchasable","14":"product-type-simple"},"supplier_id":5598,"supplier_sku":"","barcode":null,"atum_controlled":true,"out_stock_date":null,"out_stock_threshold":null,"inheritable":false,"inbound_stock":0,"stock_on_hold":0,"sold_today":0,"sales_last_days":0,"reserved_stock":0,"customer_returns":0,"warehouse_damage":0,"lost_in_post":0,"other_logs":0,"out_stock_days":0,"lost_sales":0,"has_location":false,"update_date":"2026-05-08T00:20:17","atum_locations":[],"atum_stock_status":"instock","restock_status":false,"low_stock_amount":2,"sales_update_date":"2026-05-08T00:20:15","calc_backorders":0,"jetpack_publicize_connections":[],"jetpack_sharing_enabled":true,"batches":[{"id":"44","date_created":"2024-09-12 13:15:41","date_expiry":"2024-11-01 00:00:00","user_id":"2760","batch_number":"2024-4","location":"","quantity":"1.0000","quantity_available":"0.0000","units":"1","status":"archived","order_ids":"[11713]","supplier":"Proplan","po":{"id":"41","date_created":"2024-09-12 13:15:41","batch_id":"44","po_number":"","supplier":"Proplan","cost":null,"regular_price":null,"sale_price":null,"price_margin":null,"price_discount":null}},{"id":"156","date_created":"2024-09-25 12:44:09","date_expiry":"2024-11-30 00:00:00","user_id":"2760","batch_number":"ProPlanMiniPuppy301124","location":"","quantity":"1.0000","quantity_available":"0.0000","units":"1","status":"archived","order_ids":"[]","supplier":"Proplan","po":{"id":"152","date_created":"2024-09-25 12:44:10","batch_id":"156","po_number":"","supplier":"Proplan","cost":null,"regular_price":null,"sale_price":null,"price_margin":null,"price_discount":null}},{"id":"1552","date_created":"2025-01-09 19:00:04","date_expiry":"2026-04-30 00:00:00","user_id":"2760","batch_number":"ProPlanMiniPuppy300426","location":"","quantity":"2.0000","quantity_available":"0.0000","units":"1","status":"archived","order_ids":"[17200,19582]","supplier":"Proplan","po":{"id":"1526","date_created":"2025-01-09 19:00:06","batch_id":"1552","po_number":"","supplier":"Proplan","cost":null,"regular_price":null,"sale_price":null,"price_margin":null,"price_discount":null}},{"id":"2831","date_created":"2025-04-10 00:08:14","date_expiry":"2026-04-30 00:00:00","user_id":"2760","batch_number":"ProPlanMiniPuppy300426","location":"","quantity":"2.0000","quantity_available":"0.0000","units":"1","status":"archived","order_ids":"[21067,21487]","supplier":"Proplan","po":{"id":"2798","date_created":"2025-04-10 00:08:15","batch_id":"2831","po_number":"","supplier":"Proplan","cost":null,"regular_price":null,"sale_price":null,"price_margin":null,"price_discount":null}},{"id":"3322","date_created":"2025-05-07 23:41:46","date_expiry":"2026-04-30 00:00:00","user_id":"2760","batch_number":"ProPlanMiniPuppy300426","location":"","quantity":"2.0000","quantity_available":"1.0000","units":"1","status":"active","order_ids":"[40151]","supplier":"Proplan","po":{"id":"3289","date_created":"2025-05-07 23:41:46","batch_id":"3322","po_number":"","supplier":"Proplan","cost":null,"regular_price":null,"sale_price":null,"price_margin":null,"price_discount":null}},{"id":"9068","date_created":"2026-04-24 10:46:54","date_expiry":"2027-01-30 00:00:00","user_id":"2760","batch_number":"ProPlanMiniPuppy0127","location":"","quantity":"1.0000","quantity_available":"1.0000","units":"1","status":"active","order_ids":null,"supplier":"Proplan","po":{"id":"8991","date_created":"2026-04-24 10:46:55","batch_id":"9068","po_number":"","supplier":"Proplan","cost":null,"regular_price":null,"sale_price":null,"price_margin":null,"price_discount":null}}],"_links":{"self":[{"href":"https:\/\/petworld.ma\/index.php\/wp-json\/wp\/v2\/product\/1415","targetHints":{"allow":["GET"]}}],"collection":[{"href":"https:\/\/petworld.ma\/index.php\/wp-json\/wp\/v2\/product"}],"about":[{"href":"https:\/\/petworld.ma\/index.php\/wp-json\/wp\/v2\/types\/product"}],"wp:featuredmedia":[{"embeddable":true,"href":"https:\/\/petworld.ma\/index.php\/wp-json\/wp\/v2\/media\/4245"}],"wp:attachment":[{"href":"https:\/\/petworld.ma\/index.php\/wp-json\/wp\/v2\/media?parent=1415"}],"wp:term":[{"taxonomy":"product_brand","embeddable":true,"href":"https:\/\/petworld.ma\/index.php\/wp-json\/wp\/v2\/product_brand?post=1415"},{"taxonomy":"product_cat","embeddable":true,"href":"https:\/\/petworld.ma\/index.php\/wp-json\/wp\/v2\/product_cat?post=1415"},{"taxonomy":"product_tag","embeddable":true,"href":"https:\/\/petworld.ma\/index.php\/wp-json\/wp\/v2\/product_tag?post=1415"}],"curies":[{"name":"wp","href":"https:\/\/api.w.org\/{rel}","templated":true}]}}