{"id":1419,"date":"2023-02-08T14:10:17","date_gmt":"2023-02-08T14:10:17","guid":{"rendered":"https:\/\/petworld.ma\/?post_type=product&#038;p=1419"},"modified":"2026-04-30T13:54:34","modified_gmt":"2026-04-30T13:54:34","slug":"pro-plan-small-mini-adulte-poulet-3-kg","status":"publish","type":"product","link":"https:\/\/petworld.ma\/index.php\/produit\/pro-plan-small-mini-adulte-poulet-3-kg\/","title":{"rendered":"Pro Plan Small And Mini Adult &#8211; Poulet 3 kg"},"content":{"rendered":"<ul>\n<li>Croquettes pour petit chien.<\/li>\n<li>Riche en prot\u00e9ines &#8211; Poulet en ingr\u00e9dient n\u00b01.<\/li>\n<li>Hygi\u00e8ne bucco-dentaire.<\/li>\n<li>Aide \u00e0 maintenir un coeur en bonne sant\u00e9.<\/li>\n<\/ul>\n<p>Aliment complet pour chiens adultes de petite taille. OPTIbalance\u2122 est une combinaison de nutriments sp\u00e9cialement s\u00e9lectionn\u00e9s, avec des teneurs adapt\u00e9es pour les chiens de tailles et morphotypes diff\u00e9rents afin de soutenir leurs besoins sp\u00e9cifiques et les aider \u00e0 rester au mieux de leur forme.<\/p>\n<p><strong>Caract\u00e9ristiques<\/strong><\/p>\n<ul>\n<li>Croquettes pour petit chien.<\/li>\n<li>Riche en prot\u00e9ines &#8211; Poulet en ingr\u00e9dient n\u00b01.<\/li>\n<li>Formul\u00e9 pour une bonne hygi\u00e8ne bucco-dentaire.<\/li>\n<li>Contient des nutriments qui aident \u00e0 maintenir un c\u0153ur en bonne sant\u00e9.<\/li>\n<li>Concentration en nutriments sp\u00e9cialement adapt\u00e9e pour soutenir le m\u00e9tabolisme rapide des petits chiens.<\/li>\n<li>Une combinaison de nutriments essentiels pour aider \u00e0 soutenir la bonne sant\u00e9 des articulations.<\/li>\n<\/ul>\n<div class=\"field__item\">\n<p><strong>Ingr\u00e9dients<\/strong><\/p>\n<p>Poulet (20 %), Bl\u00e9, Prot\u00e9ines de volaille d\u00e9shydrat\u00e9es, Ma\u00efs, Riz (7 %), Graisse animale, Farine de soja, Pulpe de betterave d\u00e9shydrat\u00e9e, Gluten de ma\u00efs, Gluten de bl\u00e9, Sels min\u00e9raux, \u0152ufs d\u00e9shydrat\u00e9s, Huile de poisson, Hydrolysat, Levures,<\/p>\n<\/div>\n<div class=\"field__item\">\n<p><strong>Nutrition et constituants analytiques*<\/strong><\/p>\n<p>Humidit\u00e9 : 8,0 %, Prot\u00e9ine : 28,0 %, Teneur en mati\u00e8res grasses : 17,0 %, Glucides : 37,5 %, Cellulose brute : 2,0 %, Cendres brutes : 7,5 %, Taurine : 960,19 mg\/kg.<\/p>\n<p><strong>Additifs nutritionnels<\/strong><\/p>\n<p>Min\u00e9raux : Calcium : 1,43 %, Phosphore : 0,98 %, Sodium : 0,62 %, Chlore : 0,87 %, Potassium : 0,68 %, Magn\u00e9sium : 0,11 %,<\/p>\n<p>mg\/kg : Fer : 180,90 ; Zinc : 190,71 ; Cuivre : 17,33 ; Mangan\u00e8se : 50,76 ; Iode : 2,44 ; S\u00e9l\u00e9nium :\u00a00,39.<\/p>\n<p>Vitamines :<br \/>\nUI\/kg : Vit A : 23 858,42 ; Vit D3 : 1 153,25.<\/p>\n<p>mg\/kg :<br \/>\nVit E : 474,04 ; Vit K : 0,18 ; Vit C : 70 ; Vit B1 : 32,09 ; Vit B2 : 15,96 ; Vit B3 : 187,49 ; Vit B5 : 52,70 ; Vit B6 : 17,89 ; Vit B8 : 0,24 ; Vit B9 : 5,39 ; Vit B12 : 0,29 ; Choline : 1876,19. Acides gras essentiels : Om\u00e8ga-6 : 2,80 %, Acide linol\u00e9ique : 2,40 %, Om\u00e8ga-3 : 0,30 %, DHA : 0,06 %, EPA + DHA : 0,20 %,<\/p>\n<p>\u00c9nergie :<br \/>\nKcal\/kg : \u00c9nergie m\u00e9tabolisable (calcul\u00e9e)\u00a0:\u00a03,738.<\/p>\n<p>*Ces valeurs refl\u00e8tent les teneurs moyennes en nutriments dans le produit environ 9 mois apr\u00e8s sa production. Elles correspondent aux nutriments ajout\u00e9s et \u00e0 ceux naturellement pr\u00e9sents dans les ingr\u00e9dients de la formule.<\/p>\n<p><strong>Guide d&rsquo;alimentation<\/strong><\/p>\n<p>Mode d&#8217;emploi : Voir le tableau des rations journali\u00e8res recommand\u00e9es (g\/jour).<br \/>\nCes rations sont donn\u00e9es \u00e0 titre indicatif. Pour aider votre chien \u00e0 maintenir une condition corporelle id\u00e9ale, les rations journali\u00e8res doivent \u00eatre adapt\u00e9es \u00e0 son niveau d\u2019activit\u00e9, sa condition physique et ses besoins individuels. De l\u2019eau fra\u00eeche et propre doit toujours \u00eatre \u00e0 la disposition de votre chien. Pour surveiller la sant\u00e9 de votre chien, consultez r\u00e9guli\u00e8rement votre v\u00e9t\u00e9rinaire.<\/p>\n<p>Quel est le poids de votre chien ?<\/p>\n<div class=\"table-wrapper\">\n<table>\n<tbody>\n<tr>\n<td><strong>Poids du chien \u00e0 l\u2018\u00e2ge adulte<\/strong><\/td>\n<td><strong>&lt; 1h d&rsquo;activit\u00e9<\/strong><\/td>\n<td><strong>1 \u00e0 3h d&rsquo;activit\u00e9<\/strong><\/td>\n<\/tr>\n<tr>\n<td>1-5kg<\/td>\n<td>35-110<\/td>\n<td>45-125<\/td>\n<\/tr>\n<tr>\n<td>5-10kg<\/td>\n<td>110-175<\/td>\n<td>125-200<\/td>\n<\/tr>\n<\/tbody>\n<\/table>\n<\/div>\n<\/div>\n","protected":false},"excerpt":{"rendered":"<p>Croquettes pour petit chien. Riche en prot\u00e9ines &#8211; Poulet en ingr\u00e9dient n\u00b01. Hygi\u00e8ne bucco-dentaire. Aide \u00e0 maintenir un coeur en bonne sant\u00e9. Aliment complet pour chiens adultes de petite taille. OPTIbalance\u2122 est une combinaison de nutriments sp\u00e9cialement s\u00e9lectionn\u00e9s, avec des teneurs adapt\u00e9es pour les chiens de tailles et morphotypes diff\u00e9rents afin de soutenir leurs besoins [&#8230;]\n","protected":false},"featured_media":4196,"template":"","meta":{"jetpack_publicize_message":"","jetpack_publicize_feature_enabled":true,"jetpack_social_post_already_shared":false,"jetpack_social_options":{"image_generator_settings":{"template":"highway","default_image_id":0,"font":"","enabled":false},"version":2}},"product_brand":[],"product_cat":[26],"product_tag":[],"class_list":{"0":"post-1419","1":"product","2":"type-product","3":"status-publish","4":"has-post-thumbnail","6":"product_cat-croquettes","8":"first","9":"instock","10":"taxable","11":"shipping-taxable","12":"purchasable","13":"product-type-simple"},"supplier_id":5598,"supplier_sku":"","barcode":null,"atum_controlled":true,"out_stock_date":null,"out_stock_threshold":null,"inheritable":false,"inbound_stock":0,"stock_on_hold":0,"sold_today":0,"sales_last_days":0,"reserved_stock":0,"customer_returns":0,"warehouse_damage":0,"lost_in_post":0,"other_logs":0,"out_stock_days":0,"lost_sales":0,"has_location":false,"update_date":"2026-05-10T00:21:01","atum_locations":[],"atum_stock_status":"instock","restock_status":false,"low_stock_amount":3,"sales_update_date":"2026-05-10T00:21:01","calc_backorders":0,"jetpack_publicize_connections":[],"jetpack_sharing_enabled":true,"batches":[{"id":"695","date_created":"2024-10-24 16:57:00","date_expiry":"2025-09-30 00:00:00","user_id":"2753","batch_number":"PROPlanAdultDOG3KG300925","location":"","quantity":"2.0000","quantity_available":"0.0000","units":"1","status":"archived","order_ids":"[14435,18021]","supplier":"Proplan","po":{"id":"676","date_created":"2024-10-24 16:57:01","batch_id":"695","po_number":"","supplier":"Proplan","cost":null,"regular_price":null,"sale_price":null,"price_margin":null,"price_discount":null}},{"id":"907","date_created":"2024-11-22 13:40:59","date_expiry":"2025-12-30 00:00:00","user_id":"2753","batch_number":"PROPlanAdultDOG3KG301225","location":"","quantity":"2.0000","quantity_available":"0.0000","units":"1","status":"archived","order_ids":"[19690,21430]","supplier":"Proplan","po":{"id":"882","date_created":"2024-11-22 13:41:00","batch_id":"907","po_number":"","supplier":"Proplan","cost":null,"regular_price":null,"sale_price":null,"price_margin":null,"price_discount":null}},{"id":"2043","date_created":"2025-02-18 15:31:23","date_expiry":"2026-01-31 00:00:00","user_id":"2753","batch_number":"PROPlanAdultDOG3KG310126","location":"","quantity":"1.0000","quantity_available":"0.0000","units":"1","status":"archived","order_ids":"[21430]","supplier":"Proplan","po":{"id":"2013","date_created":"2025-02-18 15:31:26","batch_id":"2043","po_number":"","supplier":"Proplan","cost":null,"regular_price":null,"sale_price":null,"price_margin":null,"price_discount":null}},{"id":"2833","date_created":"2025-04-10 00:09:52","date_expiry":"2026-01-31 00:00:00","user_id":"2753","batch_number":"PROPlanAdultDOG3KG310126","location":"","quantity":"1.0000","quantity_available":"0.0000","units":"1","status":"archived","order_ids":"[22781]","supplier":"Proplan","po":{"id":"2800","date_created":"2025-04-10 00:09:53","batch_id":"2833","po_number":"","supplier":"Proplan","cost":null,"regular_price":null,"sale_price":null,"price_margin":null,"price_discount":null}},{"id":"3445","date_created":"2025-05-15 21:50:56","date_expiry":"2026-03-31 00:00:00","user_id":"2753","batch_number":"PROPlanAdultDOG3KG310326","location":"","quantity":"2.0000","quantity_available":"0.0000","units":"1","status":"archived","order_ids":"[24355,25427]","supplier":"Proplan","po":{"id":"3412","date_created":"2025-05-15 21:50:56","batch_id":"3445","po_number":"","supplier":"Proplan","cost":null,"regular_price":null,"sale_price":null,"price_margin":null,"price_discount":null}},{"id":"4067","date_created":"2025-06-20 12:53:56","date_expiry":"2026-05-31 00:00:00","user_id":"2753","batch_number":"PROPlanAdultDOG3KG310526","location":"","quantity":"1.0000","quantity_available":"0.0000","units":"1","status":"archived","order_ids":"[26325]","supplier":"Proplan","po":{"id":"4031","date_created":"2025-06-20 12:53:56","batch_id":"4067","po_number":"","supplier":"Proplan","cost":null,"regular_price":null,"sale_price":null,"price_margin":null,"price_discount":null}},{"id":"4506","date_created":"2025-07-17 17:12:26","date_expiry":"2026-09-30 00:00:00","user_id":"2753","batch_number":"PROPlanAdultDOG3KG300926","location":"","quantity":"1.0000","quantity_available":"0.0000","units":"1","status":"archived","order_ids":"[26695]","supplier":"Proplan","po":{"id":"4470","date_created":"2025-07-17 17:12:27","batch_id":"4506","po_number":"","supplier":"Proplan","cost":null,"regular_price":null,"sale_price":null,"price_margin":null,"price_discount":null}},{"id":"4779","date_created":"2025-08-08 15:03:53","date_expiry":"2026-09-30 00:00:00","user_id":"2753","batch_number":"PROPlanAdultDOG3KG300926","location":"","quantity":"1.0000","quantity_available":"0.0000","units":"1","status":"archived","order_ids":"[26695]","supplier":"Proplan","po":{"id":"4743","date_created":"2025-08-08 15:03:54","batch_id":"4779","po_number":"","supplier":"Proplan","cost":null,"regular_price":null,"sale_price":null,"price_margin":null,"price_discount":null}},{"id":"5140","date_created":"2025-09-04 13:41:25","date_expiry":"2026-09-30 00:00:00","user_id":"2753","batch_number":"PROPlanAdultDOG3KG300926","location":"","quantity":"1.0000","quantity_available":"0.0000","units":"1","status":"archived","order_ids":"[27003]","supplier":"Proplan","po":{"id":"5103","date_created":"2025-09-04 13:41:26","batch_id":"5140","po_number":"","supplier":"Proplan","cost":null,"regular_price":null,"sale_price":null,"price_margin":null,"price_discount":null}},{"id":"5269","date_created":"2025-09-12 16:04:04","date_expiry":"2026-09-30 00:00:00","user_id":"2753","batch_number":"PROPlanAdultDOG3KG300926","location":"","quantity":"2.0000","quantity_available":"0.0000","units":"1","status":"archived","order_ids":"[31659,32966]","supplier":"Proplan","po":{"id":"5226","date_created":"2025-09-12 16:04:05","batch_id":"5269","po_number":"","supplier":"Proplan","cost":null,"regular_price":null,"sale_price":null,"price_margin":null,"price_discount":null}},{"id":"5490","date_created":"2025-09-24 14:55:04","date_expiry":"2026-09-30 00:00:00","user_id":"2753","batch_number":"PROPlanAdultDOG3KG300926","location":"","quantity":"1.0000","quantity_available":"0.0000","units":"1","status":"archived","order_ids":"[29216]","supplier":"Proplan","po":{"id":"5445","date_created":"2025-09-24 14:55:14","batch_id":"5490","po_number":"","supplier":"Proplan","cost":null,"regular_price":null,"sale_price":null,"price_margin":null,"price_discount":null}},{"id":"5992","date_created":"2025-11-04 16:50:25","date_expiry":"2026-09-30 00:00:00","user_id":"2753","batch_number":"PROPlanAdultDOG3KG300926","location":"","quantity":"1.0000","quantity_available":"0.0000","units":"1","status":"archived","order_ids":"[30704]","supplier":"Proplan","po":{"id":"5935","date_created":"2025-11-04 16:50:26","batch_id":"5992","po_number":"","supplier":"Proplan","cost":null,"regular_price":null,"sale_price":null,"price_margin":null,"price_discount":null}},{"id":"6417","date_created":"2025-12-02 11:15:47","date_expiry":"2026-10-30 00:00:00","user_id":"2753","batch_number":"PROPlanAdultDOG3KG301026","location":"","quantity":"1.0000","quantity_available":"0.0000","units":"1","status":"archived","order_ids":"[33963]","supplier":"Proplan","po":{"id":"6363","date_created":"2025-12-02 11:15:48","batch_id":"6417","po_number":"","supplier":"Proplan","cost":null,"regular_price":null,"sale_price":null,"price_margin":null,"price_discount":null}},{"id":"6630","date_created":"2025-12-12 12:03:49","date_expiry":"2026-10-31 00:00:00","user_id":"2753","batch_number":"PROPlanAdultDOG3KG311026","location":"","quantity":"1.0000","quantity_available":"0.0000","units":"1","status":"archived","order_ids":"[35631]","supplier":"Proplan","po":{"id":"6575","date_created":"2025-12-12 12:03:49","batch_id":"6630","po_number":"","supplier":"Proplan","cost":null,"regular_price":null,"sale_price":null,"price_margin":null,"price_discount":null}},{"id":"7069","date_created":"2026-01-07 10:27:43","date_expiry":"2026-12-31 00:00:00","user_id":"2753","batch_number":"PROPlanAdultDOG3KG311226","location":"","quantity":"1.0000","quantity_available":"0.0000","units":"1","status":"archived","order_ids":"[36188]","supplier":"Proplan","po":{"id":"7007","date_created":"2026-01-07 10:27:43","batch_id":"7069","po_number":"","supplier":"Proplan","cost":null,"regular_price":null,"sale_price":null,"price_margin":null,"price_discount":null}},{"id":"7379","date_created":"2026-01-30 10:59:16","date_expiry":"2026-12-31 00:00:00","user_id":"2753","batch_number":"PROPlanAdultDOG3KG311226","location":"","quantity":"1.0000","quantity_available":"0.0000","units":"1","status":"archived","order_ids":"[37378]","supplier":"Proplan","po":{"id":"7315","date_created":"2026-01-30 10:59:17","batch_id":"7379","po_number":"","supplier":"Proplan","cost":null,"regular_price":null,"sale_price":null,"price_margin":null,"price_discount":null}},{"id":"7870","date_created":"2026-02-23 13:04:10","date_expiry":"2026-12-31 00:00:00","user_id":"2753","batch_number":"PROPlanAdultDOG3KG311226","location":"","quantity":"1.0000","quantity_available":"0.0000","units":"1","status":"archived","order_ids":"[37388]","supplier":"Proplan","po":{"id":"7805","date_created":"2026-02-23 13:04:11","batch_id":"7870","po_number":"","supplier":"Proplan","cost":null,"regular_price":null,"sale_price":null,"price_margin":null,"price_discount":null}},{"id":"7983","date_created":"2026-02-27 10:40:05","date_expiry":"2027-01-31 00:00:00","user_id":"2753","batch_number":"PROPlanAdultDOG3KG310127","location":"","quantity":"1.0000","quantity_available":"0.0000","units":"1","status":"archived","order_ids":"[38112]","supplier":"Proplan","po":{"id":"7921","date_created":"2026-02-27 10:40:06","batch_id":"7983","po_number":"","supplier":"Proplan","cost":null,"regular_price":null,"sale_price":null,"price_margin":null,"price_discount":null}},{"id":"8391","date_created":"2026-03-21 15:13:08","date_expiry":"2027-01-31 00:00:00","user_id":"2753","batch_number":"PROPlanAdultDOG3KG310127","location":"","quantity":"2.0000","quantity_available":"0.0000","units":"1","status":"archived","order_ids":"[38112,38208]","supplier":"Proplan","po":{"id":"8319","date_created":"2026-03-21 15:13:08","batch_id":"8391","po_number":"","supplier":"Proplan","cost":null,"regular_price":null,"sale_price":null,"price_margin":null,"price_discount":null}},{"id":"8604","date_created":"2026-04-01 13:38:32","date_expiry":"2027-01-31 00:00:00","user_id":"2753","batch_number":"PROPlanAdultDOG3KG310127","location":"","quantity":"3.0000","quantity_available":"2.0000","units":"1","status":"active","order_ids":"[40336]","supplier":"Proplan","po":{"id":"8532","date_created":"2026-04-01 13:38:33","batch_id":"8604","po_number":"","supplier":"Proplan","cost":null,"regular_price":null,"sale_price":null,"price_margin":null,"price_discount":null}},{"id":"9239","date_created":"2026-04-30 13:54:34","date_expiry":"2027-01-31 00:00:00","user_id":"2753","batch_number":"PROPlanAdultDOG3KG310127","location":"","quantity":"1.0000","quantity_available":"1.0000","units":"1","status":"active","order_ids":null,"supplier":"Proplan","po":{"id":"9162","date_created":"2026-04-30 13:54:34","batch_id":"9239","po_number":"","supplier":"Proplan","cost":null,"regular_price":null,"sale_price":null,"price_margin":null,"price_discount":null}}],"_links":{"self":[{"href":"https:\/\/petworld.ma\/index.php\/wp-json\/wp\/v2\/product\/1419","targetHints":{"allow":["GET"]}}],"collection":[{"href":"https:\/\/petworld.ma\/index.php\/wp-json\/wp\/v2\/product"}],"about":[{"href":"https:\/\/petworld.ma\/index.php\/wp-json\/wp\/v2\/types\/product"}],"wp:featuredmedia":[{"embeddable":true,"href":"https:\/\/petworld.ma\/index.php\/wp-json\/wp\/v2\/media\/4196"}],"wp:attachment":[{"href":"https:\/\/petworld.ma\/index.php\/wp-json\/wp\/v2\/media?parent=1419"}],"wp:term":[{"taxonomy":"product_brand","embeddable":true,"href":"https:\/\/petworld.ma\/index.php\/wp-json\/wp\/v2\/product_brand?post=1419"},{"taxonomy":"product_cat","embeddable":true,"href":"https:\/\/petworld.ma\/index.php\/wp-json\/wp\/v2\/product_cat?post=1419"},{"taxonomy":"product_tag","embeddable":true,"href":"https:\/\/petworld.ma\/index.php\/wp-json\/wp\/v2\/product_tag?post=1419"}],"curies":[{"name":"wp","href":"https:\/\/api.w.org\/{rel}","templated":true}]}}