{"id":1428,"date":"2023-02-08T22:37:23","date_gmt":"2023-02-08T22:37:23","guid":{"rendered":"https:\/\/petworld.ma\/?post_type=product&#038;p=1428"},"modified":"2026-04-11T16:15:31","modified_gmt":"2026-04-11T16:15:31","slug":"royal-canin-babycat-milk-300-g","status":"publish","type":"product","link":"https:\/\/petworld.ma\/index.php\/produit\/royal-canin-babycat-milk-300-g\/","title":{"rendered":"Royal Canin Babycat milk 300 g"},"content":{"rendered":"<p>ROYAL CANIN\u00ae Babycat Milk est con\u00e7u pour r\u00e9pondre aux besoins nutritionnels de votre chaton. Cet aliment convient aux chatons premier \u00e2ge de la naissance jusqu\u2019au sevrage. Pour une croissance r\u00e9guli\u00e8re et harmonieuse apr\u00e8s la naissance, la composition du lait ROYAL CANIN\u00ae Babycat Milk est aussi proche que possible du lait maternel. ROYAL CANIN\u00ae Babycat Milk contient \u00e9galement des prot\u00e9ines ultra-digestibles, il est donc particuli\u00e8rement adapt\u00e9 au syst\u00e8me digestif du chaton et aide au maintien de l\u2019\u00e9quilibre de la flore intestinale gr\u00e2ce \u00e0 l\u2019ajout de probiotiques (FOS). Enfin, gr\u00e2ce \u00e0 sa formule exclusive, ROYAL CANIN\u00ae Babycat Milk se dissout instantan\u00e9ment et compl\u00e9tement, produisant alors une formule totalement homog\u00e8ne pour correspondre au profil nutritionnel des chatons.<\/p>\n<ul class=\"ui-star-list rc_proudct_html_tab2 list-paddingleft-2\">\n<li>\n<div class=\"list_title\">Croissance harmonieuse<\/div>\n<div class=\"list_item\">Pour une croissance r\u00e9guli\u00e8re et harmonieuse, la composition du lait ROYAL CANIN\u00ae Babycat Milk pour chatons est aussi proche que possible du lait maternel.<\/div>\n<\/li>\n<li>\n<div class=\"list_title\">Sant\u00e9 digestive<\/div>\n<div class=\"list_item\">Le lait ROYAL CANIN\u00ae Babycat Milk pour chatons contient des prot\u00e9ines ultra digestibles soigneusement s\u00e9lectionn\u00e9es et une teneur en lactose tr\u00e8s proche de celle du lait maternel. Il est particuli\u00e8rement adapt\u00e9 au syst\u00e8me digestif du chaton car il ne contient pas d\u2019amidon (les chatons ne s\u00e9cr\u00e9tent pas assez d&rsquo;enzymes pour le dig\u00e9rer). La flore intestinale du chaton se d\u00e9veloppe progressivement sur plusieurs semaines. L\u2019ajout de probiotiques (FOS) aide au maintien de l&rsquo;\u00e9quilibre de la flore intestinale.<\/div>\n<\/li>\n<li>\n<div class=\"list_title\">Lait instantan\u00e9<\/div>\n<div class=\"list_item\">Gr\u00e2ce \u00e0 sa formule exclusive, le lait ROYAL CANIN\u00ae Babycat Milk pour chatons se dissout instantan\u00e9ment et compl\u00e8tement, sans grumaux, produisant une formule totalement homog\u00e8ne (voir le guide d\u2019utilisation).<\/div>\n<\/li>\n<\/ul>\n<table>\n<thead>\n<tr>\n<th>\u00c2ge (semaine)<\/th>\n<th>Nombre de repas du chaton par jour<\/th>\n<th>Ml de lait reconstitu\u00e9 par repas par chaton<\/th>\n<th>Ml de lait reconstitu\u00e9 par repas par chaton<\/th>\n<th>Lait en poudre (en cuill\u00e8re-mesure)<\/th>\n<th>Lait en poudre (en cuill\u00e8re-mesure)<\/th>\n<\/tr>\n<\/thead>\n<tbody>\n<tr>\n<td>&#8211;<\/td>\n<td>&#8211;<\/td>\n<td>Min<\/td>\n<td>Max<\/td>\n<td>Min<\/td>\n<td>Max<\/td>\n<\/tr>\n<tr>\n<td>1 semaine<\/td>\n<td>7<\/td>\n<td>2 ml<\/td>\n<td>4 ml<\/td>\n<td>1\/10<\/td>\n<td>2\/10<\/td>\n<\/tr>\n<tr>\n<td>2 semaines<\/td>\n<td>6<\/td>\n<td>5 ml<\/td>\n<td>10 ml<\/td>\n<td>3\/10<\/td>\n<td>5\/10<\/td>\n<\/tr>\n<tr>\n<td>3 semaines<\/td>\n<td>5<\/td>\n<td>10 ml<\/td>\n<td>15 ml<\/td>\n<td>5\/10<\/td>\n<td>8\/10<\/td>\n<\/tr>\n<tr>\n<td>4 semaines<\/td>\n<td>5<\/td>\n<td>10 ml<\/td>\n<td>15 ml<\/td>\n<td>5\/10<\/td>\n<td>8\/10<\/td>\n<\/tr>\n<\/tbody>\n<\/table>\n","protected":false},"excerpt":{"rendered":"<p>ROYAL CANIN\u00ae Babycat Milk est con\u00e7u pour r\u00e9pondre aux besoins nutritionnels de votre chaton. Cet aliment convient aux chatons premier \u00e2ge de la naissance jusqu\u2019au sevrage. Pour une croissance r\u00e9guli\u00e8re et harmonieuse apr\u00e8s la naissance, la composition du lait ROYAL CANIN\u00ae Babycat Milk est aussi proche que possible du lait maternel. ROYAL CANIN\u00ae Babycat Milk [&#8230;]\n","protected":false},"featured_media":5880,"template":"","meta":{"jetpack_publicize_message":"","jetpack_publicize_feature_enabled":true,"jetpack_social_post_already_shared":false,"jetpack_social_options":{"image_generator_settings":{"template":"highway","default_image_id":0,"font":"","enabled":false},"version":2}},"product_brand":[],"product_cat":[220],"product_tag":[],"class_list":{"0":"post-1428","1":"product","2":"type-product","3":"status-publish","4":"has-post-thumbnail","6":"product_cat-lait-maternel","8":"first","9":"instock","10":"taxable","11":"shipping-taxable","12":"purchasable","13":"product-type-simple"},"supplier_id":5587,"supplier_sku":"7141","barcode":null,"atum_controlled":true,"out_stock_date":null,"out_stock_threshold":null,"inheritable":false,"inbound_stock":0,"stock_on_hold":0,"sold_today":0,"sales_last_days":3,"reserved_stock":0,"customer_returns":0,"warehouse_damage":0,"lost_in_post":0,"other_logs":0,"out_stock_days":0,"lost_sales":0,"has_location":false,"update_date":"2026-04-13T11:18:23","atum_locations":[],"atum_stock_status":"instock","restock_status":false,"low_stock_amount":13,"sales_update_date":"2026-04-13T11:18:22","calc_backorders":0,"jetpack_publicize_connections":[],"jetpack_sharing_enabled":true,"batches":[{"id":"31","date_created":"2024-09-11 14:54:38","date_expiry":"2025-08-27 00:00:00","user_id":"2760","batch_number":"RCBABYCAT300GR270825","location":"","quantity":"4.0000","quantity_available":"0.0000","units":"1","status":"archived","order_ids":"[12760,13265,13998,14960,15744]","supplier":"Royal Canin","po":{"id":"28","date_created":"2024-09-11 14:54:38","batch_id":"31","po_number":"","supplier":"Royal Canin","cost":null,"regular_price":null,"sale_price":null,"price_margin":null,"price_discount":null}},{"id":"774","date_created":"2024-11-08 20:42:06","date_expiry":"2025-12-12 00:00:00","user_id":"2760","batch_number":"RCBABYCAT300GR121225","location":"","quantity":"2.0000","quantity_available":"0.0000","units":"1","status":"archived","order_ids":"[15988,16072]","supplier":"Royal Canin","po":{"id":"751","date_created":"2024-11-08 20:42:06","batch_id":"774","po_number":"","supplier":"Royal Canin","cost":null,"regular_price":null,"sale_price":null,"price_margin":null,"price_discount":null}},{"id":"1015","date_created":"2024-12-04 21:22:18","date_expiry":"2025-12-12 00:00:00","user_id":"2760","batch_number":"RCBABYCAT300GR121225","location":"","quantity":"1.0000","quantity_available":"0.0000","units":"1","status":"archived","order_ids":"[15744]","supplier":"Royal Canin","po":{"id":"993","date_created":"2024-12-04 21:22:19","batch_id":"1015","po_number":"","supplier":"Royal Canin","cost":null,"regular_price":null,"sale_price":null,"price_margin":null,"price_discount":null}},{"id":"1409","date_created":"2024-12-26 23:33:47","date_expiry":"2025-12-12 00:00:00","user_id":"2760","batch_number":"RCBABYCAT300GR121225","location":"","quantity":"4.0000","quantity_available":"0.0000","units":"1","status":"archived","order_ids":"[16072,16609,16741]","supplier":"Royal Canin","po":{"id":"1383","date_created":"2024-12-26 23:33:49","batch_id":"1409","po_number":"","supplier":"Royal Canin","cost":null,"regular_price":null,"sale_price":null,"price_margin":null,"price_discount":null}},{"id":"1597","date_created":"2025-01-10 21:24:24","date_expiry":"2025-12-12 00:00:00","user_id":"2760","batch_number":"RCBABYCAT300GR121225","location":"","quantity":"1.0000","quantity_available":"0.0000","units":"1","status":"archived","order_ids":"[16900]","supplier":"Royal Canin","po":{"id":"1571","date_created":"2025-01-10 21:24:27","batch_id":"1597","po_number":"","supplier":"Royal Canin","cost":null,"regular_price":null,"sale_price":null,"price_margin":null,"price_discount":null}},{"id":"1598","date_created":"2025-01-10 21:24:37","date_expiry":"2025-12-12 00:00:00","user_id":"2760","batch_number":"RCBABYCAT300GR121225","location":"","quantity":"1.0000","quantity_available":"0.0000","units":"1","status":"archived","order_ids":"[16900]","supplier":"Royal Canin","po":{"id":"1572","date_created":"2025-01-10 21:24:40","batch_id":"1598","po_number":"","supplier":"Royal Canin","cost":null,"regular_price":null,"sale_price":null,"price_margin":null,"price_discount":null}},{"id":"1678","date_created":"2025-01-18 21:10:38","date_expiry":"2025-12-12 00:00:00","user_id":"2760","batch_number":"RCBABYCAT300GR121225","location":"","quantity":"1.0000","quantity_available":"0.0000","units":"1","status":"archived","order_ids":"[17168]","supplier":"Royal Canin","po":{"id":"1652","date_created":"2025-01-18 21:10:41","batch_id":"1678","po_number":"","supplier":"Royal Canin","cost":null,"regular_price":null,"sale_price":null,"price_margin":null,"price_discount":null}},{"id":"1710","date_created":"2025-01-22 21:42:21","date_expiry":"2025-12-12 00:00:00","user_id":"2760","batch_number":"RCBABYCAT300GR121225","location":"","quantity":"7.0000","quantity_available":"0.0000","units":"1","status":"archived","order_ids":"[18647,18977]","supplier":"Royal Canin","po":{"id":"1684","date_created":"2025-01-22 21:42:24","batch_id":"1710","po_number":"","supplier":"Royal Canin","cost":null,"regular_price":null,"sale_price":null,"price_margin":null,"price_discount":null}},{"id":"1789","date_created":"2025-01-27 22:55:54","date_expiry":"2025-12-12 00:00:00","user_id":"2760","batch_number":"RCBABYCAT300GR121225","location":"","quantity":"1.0000","quantity_available":"0.0000","units":"1","status":"archived","order_ids":"[18647]","supplier":"Royal Canin","po":{"id":"1763","date_created":"2025-01-27 22:55:56","batch_id":"1789","po_number":"","supplier":"Royal Canin","cost":null,"regular_price":null,"sale_price":null,"price_margin":null,"price_discount":null}},{"id":"2292","date_created":"2025-03-07 23:27:27","date_expiry":"2026-01-18 00:00:00","user_id":"2760","batch_number":"RCBABYCAT300GR180126","location":"","quantity":"2.0000","quantity_available":"0.0000","units":"1","status":"archived","order_ids":"[19033,19164,19591]","supplier":"Royal Canin","po":{"id":"2261","date_created":"2025-03-07 23:27:29","batch_id":"2292","po_number":"","supplier":"Royal Canin","cost":null,"regular_price":null,"sale_price":null,"price_margin":null,"price_discount":null}},{"id":"2399","date_created":"2025-03-19 21:43:10","date_expiry":"2026-01-18 00:00:00","user_id":"2760","batch_number":"RCBABYCAT300GR180126","location":"","quantity":"15.0000","quantity_available":"0.0000","units":"1","status":"archived","order_ids":"[19164,19591,19852,19926,20081]","supplier":"Royal Canin","po":{"id":"2368","date_created":"2025-03-19 21:43:13","batch_id":"2399","po_number":"","supplier":"Royal Canin","cost":null,"regular_price":null,"sale_price":null,"price_margin":null,"price_discount":null}},{"id":"2736","date_created":"2025-04-05 22:27:03","date_expiry":"2026-01-18 00:00:00","user_id":"2760","batch_number":"RCBABYCAT300GR180126","location":"","quantity":"3.0000","quantity_available":"0.0000","units":"1","status":"archived","order_ids":"[20295]","supplier":"Royal Canin","po":{"id":"2705","date_created":"2025-04-05 22:27:09","batch_id":"2736","po_number":"","supplier":"Royal Canin","cost":null,"regular_price":null,"sale_price":null,"price_margin":null,"price_discount":null}},{"id":"2738","date_created":"2025-04-05 22:28:07","date_expiry":"2026-01-18 00:00:00","user_id":"2760","batch_number":"RCBABYCAT300GR180126","location":"","quantity":"20.0000","quantity_available":"0.0000","units":"1","status":"archived","order_ids":"[20295,20180,20470]","supplier":"Royal Canin","po":{"id":"2707","date_created":"2025-04-05 22:28:12","batch_id":"2738","po_number":"","supplier":"Royal Canin","cost":null,"regular_price":null,"sale_price":null,"price_margin":null,"price_discount":null}},{"id":"2903","date_created":"2025-04-10 20:53:31","date_expiry":"2026-03-19 00:00:00","user_id":"2760","batch_number":"RCBABYCAT300GR190326","location":"","quantity":"20.0000","quantity_available":"0.0000","units":"1","status":"archived","order_ids":"[20470,20537,20863,21318,23477,23779,24182,24186]","supplier":"Royal Canin","po":{"id":"2869","date_created":"2025-04-10 20:53:32","batch_id":"2903","po_number":"","supplier":"Royal Canin","cost":null,"regular_price":null,"sale_price":null,"price_margin":null,"price_discount":null}},{"id":"3306","date_created":"2025-05-07 22:41:56","date_expiry":"2026-03-19 00:00:00","user_id":"2760","batch_number":"RCBABYCAT300GR190326","location":"","quantity":"4.0000","quantity_available":"0.0000","units":"1","status":"archived","order_ids":"[22466,22507,23187]","supplier":"Royal Canin","po":{"id":"3273","date_created":"2025-05-07 22:41:57","batch_id":"3306","po_number":"","supplier":"Royal Canin","cost":null,"regular_price":null,"sale_price":null,"price_margin":null,"price_discount":null}},{"id":"3464","date_created":"2025-05-17 09:47:29","date_expiry":"2026-03-19 00:00:00","user_id":"2760","batch_number":"RCBABYCAT300GR190326","location":"","quantity":"2.0000","quantity_available":"0.0000","units":"1","status":"archived","order_ids":"[22384,22430]","supplier":"Royal Canin","po":{"id":"3431","date_created":"2025-05-17 09:47:30","batch_id":"3464","po_number":"","supplier":"Royal Canin","cost":null,"regular_price":null,"sale_price":null,"price_margin":null,"price_discount":null}},{"id":"3889","date_created":"2025-06-05 13:03:17","date_expiry":"2026-06-06 00:00:00","user_id":"2760","batch_number":"RCBABYCAT300GR060626","location":"","quantity":"4.0000","quantity_available":"0.0000","units":"1","status":"archived","order_ids":"[24807,25119,25589,26011]","supplier":"Royal Canin","po":{"id":"3853","date_created":"2025-06-05 13:03:17","batch_id":"3889","po_number":"","supplier":"Royal Canin","cost":null,"regular_price":null,"sale_price":null,"price_margin":null,"price_discount":null}},{"id":"4016","date_created":"2025-06-17 18:54:28","date_expiry":"2026-06-06 00:00:00","user_id":"2760","batch_number":"RCBABYCAT300GR060626","location":"","quantity":"2.0000","quantity_available":"0.0000","units":"1","status":"archived","order_ids":"[24220,24442]","supplier":"Royal Canin","po":{"id":"3980","date_created":"2025-06-17 18:54:29","batch_id":"4016","po_number":"","supplier":"Royal Canin","cost":null,"regular_price":null,"sale_price":null,"price_margin":null,"price_discount":null}},{"id":"4221","date_created":"2025-07-02 21:15:21","date_expiry":"2026-07-24 00:00:00","user_id":"2760","batch_number":"RCBABYCAT300GR240726","location":"","quantity":"1.0000","quantity_available":"0.0000","units":"1","status":"archived","order_ids":"[26135]","supplier":"Royal Canin","po":{"id":"4184","date_created":"2025-07-02 21:15:22","batch_id":"4221","po_number":"","supplier":"Royal Canin","cost":null,"regular_price":null,"sale_price":null,"price_margin":null,"price_discount":null}},{"id":"4249","date_created":"2025-07-06 15:16:48","date_expiry":"2026-06-06 00:00:00","user_id":"2760","batch_number":"RCBABYCAT300GR060626","location":"","quantity":"1.0000","quantity_available":"0.0000","units":"1","status":"archived","order_ids":"[24220]","supplier":"Royal Canin","po":{"id":"4212","date_created":"2025-07-06 15:16:49","batch_id":"4249","po_number":"","supplier":"Royal Canin","cost":null,"regular_price":null,"sale_price":null,"price_margin":null,"price_discount":null}},{"id":"4324","date_created":"2025-07-11 20:44:31","date_expiry":"2026-06-06 00:00:00","user_id":"2760","batch_number":"RCBABYCAT300GR060626","location":"","quantity":"1.0000","quantity_available":"0.0000","units":"1","status":"archived","order_ids":"[24807]","supplier":"Royal Canin","po":{"id":"4287","date_created":"2025-07-11 20:44:31","batch_id":"4324","po_number":"","supplier":"Royal Canin","cost":null,"regular_price":null,"sale_price":null,"price_margin":null,"price_discount":null}},{"id":"4325","date_created":"2025-07-11 20:44:32","date_expiry":"2026-10-08 00:00:00","user_id":"2760","batch_number":"RCBABYCAT300GR081026","location":"","quantity":"1.0000","quantity_available":"0.0000","units":"1","status":"archived","order_ids":"[26596]","supplier":"Royal Canin","po":{"id":"4288","date_created":"2025-07-11 20:44:32","batch_id":"4325","po_number":"","supplier":"Royal Canin","cost":null,"regular_price":null,"sale_price":null,"price_margin":null,"price_discount":null}},{"id":"4485","date_created":"2025-07-16 18:24:42","date_expiry":"2026-10-08 00:00:00","user_id":"2760","batch_number":"RCBABYCAT300GR081026","location":"","quantity":"2.0000","quantity_available":"0.0000","units":"1","status":"archived","order_ids":"[27658,28206]","supplier":"Royal Canin","po":{"id":"4449","date_created":"2025-07-16 18:24:42","batch_id":"4485","po_number":"","supplier":"Royal Canin","cost":null,"regular_price":null,"sale_price":null,"price_margin":null,"price_discount":null}},{"id":"4632","date_created":"2025-07-31 21:48:37","date_expiry":"2026-10-08 00:00:00","user_id":"2760","batch_number":"RCBABYCAT300GR081026","location":"","quantity":"3.0000","quantity_available":"0.0000","units":"1","status":"archived","order_ids":"[32224,32281,34509,35847,35875]","supplier":"Royal Canin","po":{"id":"4596","date_created":"2025-07-31 21:48:37","batch_id":"4632","po_number":"","supplier":"Royal Canin","cost":null,"regular_price":null,"sale_price":null,"price_margin":null,"price_discount":null}},{"id":"4837","date_created":"2025-08-10 16:32:31","date_expiry":"2026-10-08 00:00:00","user_id":"2760","batch_number":"RCBABYCAT300GR081026","location":"","quantity":"1.0000","quantity_available":"0.0000","units":"1","status":"archived","order_ids":"[27090]","supplier":"Royal Canin","po":{"id":"4801","date_created":"2025-08-10 16:32:31","batch_id":"4837","po_number":"","supplier":"Royal Canin","cost":null,"regular_price":null,"sale_price":null,"price_margin":null,"price_discount":null}},{"id":"4946","date_created":"2025-08-19 20:49:29","date_expiry":"2026-10-08 00:00:00","user_id":"2760","batch_number":"RCBABYCAT300GR081026","location":"","quantity":"1.0000","quantity_available":"0.0000","units":"1","status":"archived","order_ids":"[27243]","supplier":"Royal Canin","po":{"id":"4910","date_created":"2025-08-19 20:49:30","batch_id":"4946","po_number":"","supplier":"Royal Canin","cost":null,"regular_price":null,"sale_price":null,"price_margin":null,"price_discount":null}},{"id":"5075","date_created":"2025-09-01 08:42:52","date_expiry":"2026-10-08 00:00:00","user_id":"2760","batch_number":"RCBABYCAT300GR081026","location":"","quantity":"2.0000","quantity_available":"0.0000","units":"1","status":"archived","order_ids":"[28206]","supplier":"Royal Canin","po":{"id":"5038","date_created":"2025-09-01 08:42:53","batch_id":"5075","po_number":"","supplier":"Royal Canin","cost":null,"regular_price":null,"sale_price":null,"price_margin":null,"price_discount":null}},{"id":"5129","date_created":"2025-09-04 13:01:27","date_expiry":"2026-10-08 00:00:00","user_id":"2760","batch_number":"RCBABYCAT300GR081026","location":"","quantity":"1.0000","quantity_available":"0.0000","units":"1","status":"archived","order_ids":"[27476]","supplier":"Royal Canin","po":{"id":"5092","date_created":"2025-09-04 13:01:27","batch_id":"5129","po_number":"","supplier":"Royal Canin","cost":null,"regular_price":null,"sale_price":null,"price_margin":null,"price_discount":null}},{"id":"5547","date_created":"2025-09-28 22:28:37","date_expiry":"2026-09-17 00:00:00","user_id":"2760","batch_number":"RCBABYCAT300GR170926","location":"","quantity":"1.0000","quantity_available":"0.0000","units":"1","status":"archived","order_ids":"[28206]","supplier":"Royal Canin","po":{"id":"5501","date_created":"2025-09-28 22:28:38","batch_id":"5547","po_number":"","supplier":"Royal Canin","cost":null,"regular_price":null,"sale_price":null,"price_margin":null,"price_discount":null}},{"id":"5612","date_created":"2025-10-02 21:40:48","date_expiry":"2026-09-17 00:00:00","user_id":"2760","batch_number":"RCBABYCAT300GR170926","location":"","quantity":"3.0000","quantity_available":"0.0000","units":"1","status":"archived","order_ids":"[28555,29039,29367]","supplier":"Royal Canin","po":{"id":"5566","date_created":"2025-10-02 21:40:49","batch_id":"5612","po_number":"","supplier":"Royal Canin","cost":null,"regular_price":null,"sale_price":null,"price_margin":null,"price_discount":null}},{"id":"5689","date_created":"2025-10-08 16:01:33","date_expiry":"2026-09-17 00:00:00","user_id":"2760","batch_number":"RCBABYCAT300GR081026","location":"","quantity":"4.0000","quantity_available":"0.0000","units":"1","status":"archived","order_ids":"[30142,30292,31384,31479]","supplier":"Royal Canin","po":{"id":"5644","date_created":"2025-10-08 16:01:43","batch_id":"5689","po_number":"","supplier":"Royal Canin","cost":null,"regular_price":null,"sale_price":null,"price_margin":null,"price_discount":null}},{"id":"5775","date_created":"2025-10-18 12:56:52","date_expiry":"2026-09-17 00:00:00","user_id":"2760","batch_number":"RCBABYCAT300GR081026","location":"","quantity":"1.0000","quantity_available":"0.0000","units":"1","status":"archived","order_ids":"[29367]","supplier":"Royal Canin","po":{"id":"5725","date_created":"2025-10-18 12:56:53","batch_id":"5775","po_number":"","supplier":"Royal Canin","cost":null,"regular_price":null,"sale_price":null,"price_margin":null,"price_discount":null}},{"id":"5887","date_created":"2025-10-29 12:15:05","date_expiry":"2026-09-17 00:00:00","user_id":"2760","batch_number":"RCBABYCAT300GR081026","location":"","quantity":"1.0000","quantity_available":"0.0000","units":"1","status":"archived","order_ids":"[29867,33102]","supplier":"Royal Canin","po":{"id":"5836","date_created":"2025-10-29 12:15:05","batch_id":"5887","po_number":"","supplier":"Royal Canin","cost":null,"regular_price":null,"sale_price":null,"price_margin":null,"price_discount":null}},{"id":"6515","date_created":"2025-12-07 10:19:13","date_expiry":"2026-11-26 00:00:00","user_id":"2760","batch_number":"RCBABYCAT300GR261126","location":"","quantity":"5.0000","quantity_available":"3.0000","units":"1","status":"active","order_ids":"[38725,39321]","supplier":"Royal Canin","po":{"id":"6461","date_created":"2025-12-07 10:19:14","batch_id":"6515","po_number":"","supplier":"Royal Canin","cost":null,"regular_price":null,"sale_price":null,"price_margin":null,"price_discount":null}},{"id":"7109","date_created":"2026-01-10 13:12:04","date_expiry":"2026-11-26 00:00:00","user_id":"2760","batch_number":"RCBABYCAT300GR261126","location":"","quantity":"1.0000","quantity_available":"0.0000","units":"1","status":"archived","order_ids":"[36561]","supplier":"Royal Canin","po":{"id":"7045","date_created":"2026-01-10 13:12:04","batch_id":"7109","po_number":"","supplier":"Royal Canin","cost":null,"regular_price":null,"sale_price":null,"price_margin":null,"price_discount":null}},{"id":"7164","date_created":"2026-01-14 10:38:43","date_expiry":"2026-11-26 00:00:00","user_id":"2760","batch_number":"RCBABYCAT300GR261126","location":"","quantity":"1.0000","quantity_available":"0.0000","units":"1","status":"archived","order_ids":"[38601]","supplier":"Royal Canin","po":{"id":"7100","date_created":"2026-01-14 10:38:44","batch_id":"7164","po_number":"","supplier":"Royal Canin","cost":null,"regular_price":null,"sale_price":null,"price_margin":null,"price_discount":null}},{"id":"8500","date_created":"2026-03-25 18:09:42","date_expiry":"2026-12-26 00:00:00","user_id":"2760","batch_number":"RCBABYCAT300GR261226","location":"","quantity":"2.0000","quantity_available":"2.0000","units":"1","status":"active","order_ids":null,"supplier":"Royal Canin","po":{"id":"8428","date_created":"2026-03-25 18:09:43","batch_id":"8500","po_number":"","supplier":"Royal Canin","cost":null,"regular_price":null,"sale_price":null,"price_margin":null,"price_discount":null}},{"id":"8705","date_created":"2026-04-04 18:32:21","date_expiry":"2026-12-26 00:00:00","user_id":"2760","batch_number":"RCBABYCAT300GR261226","location":"","quantity":"5.0000","quantity_available":"5.0000","units":"1","status":"active","order_ids":null,"supplier":"Royal Canin","po":{"id":"8632","date_created":"2026-04-04 18:32:21","batch_id":"8705","po_number":"","supplier":"Royal Canin","cost":null,"regular_price":null,"sale_price":null,"price_margin":null,"price_discount":null}}],"_links":{"self":[{"href":"https:\/\/petworld.ma\/index.php\/wp-json\/wp\/v2\/product\/1428","targetHints":{"allow":["GET"]}}],"collection":[{"href":"https:\/\/petworld.ma\/index.php\/wp-json\/wp\/v2\/product"}],"about":[{"href":"https:\/\/petworld.ma\/index.php\/wp-json\/wp\/v2\/types\/product"}],"wp:featuredmedia":[{"embeddable":true,"href":"https:\/\/petworld.ma\/index.php\/wp-json\/wp\/v2\/media\/5880"}],"wp:attachment":[{"href":"https:\/\/petworld.ma\/index.php\/wp-json\/wp\/v2\/media?parent=1428"}],"wp:term":[{"taxonomy":"product_brand","embeddable":true,"href":"https:\/\/petworld.ma\/index.php\/wp-json\/wp\/v2\/product_brand?post=1428"},{"taxonomy":"product_cat","embeddable":true,"href":"https:\/\/petworld.ma\/index.php\/wp-json\/wp\/v2\/product_cat?post=1428"},{"taxonomy":"product_tag","embeddable":true,"href":"https:\/\/petworld.ma\/index.php\/wp-json\/wp\/v2\/product_tag?post=1428"}],"curies":[{"name":"wp","href":"https:\/\/api.w.org\/{rel}","templated":true}]}}