{"id":1435,"date":"2023-02-09T09:34:11","date_gmt":"2023-02-09T09:34:11","guid":{"rendered":"https:\/\/petworld.ma\/?post_type=product&#038;p=1435"},"modified":"2026-03-21T15:13:50","modified_gmt":"2026-03-21T15:13:50","slug":"medium-adult-sensitive-skin-salamon-14kg","status":"publish","type":"product","link":"https:\/\/petworld.ma\/index.php\/produit\/medium-adult-sensitive-skin-salamon-14kg\/","title":{"rendered":"Pro Plan Medium adult sensitive skin Salamon 14kg"},"content":{"rendered":"<p>Votre chien fait des r\u00e9actions \u00e0 certains aliments, mais ce n&rsquo;est pas pour autant qu&rsquo;il doit se priver. Les croquettes PURINA PRO PLAN Medium Adult Sensitive Skin (anciennement : OPTIDERMA) constituent un aliment savoureux pour les chiens de moyennes races qui ont la peau sensible.<\/p>\n<p>Formul\u00e9es \u00e0 base de\u00a0<strong>saumon de qualit\u00e9\u00a0<\/strong>comme ingr\u00e9dient principal, ces croquettes sont parfaites pour les amateurs de poisson. L&rsquo;aliment PURINA PRO PLAN Medium Adult Sensitive Skin est enrichi\u00a0<strong>en prot\u00e9ines<\/strong>\u00a0et en acides gras om\u00e9ga essentiels qui contribuent \u00e0 soutenir la barri\u00e8re cutan\u00e9e naturelle et la brillance du poil. Enfin, pour faciliter la digestion, ces croquettes ne contiennent pas de<strong>\u00a0gluten de bl\u00e9<\/strong>.<\/p>\n<p><b>Caract\u00e9ristiques des croquettes PURINA PRO PLAN Medium Adult Sensitive Skin pour chien :<\/b><\/p>\n<ul>\n<li>croquettes compl\u00e8tes pour les chiens adultes (1 &#8211; 7 ans) de moyennes races (10 &#8211; 25 kg)<\/li>\n<li><strong>saumon comme ingr\u00e9dient principal\u00a0<\/strong>: source de prot\u00e9ines animales et d&rsquo;acides gras<\/li>\n<li><strong>source de prot\u00e9ines s\u00e9lectionn\u00e9es<\/strong>\u00a0: pour\u00a0r\u00e9duire le risque d&rsquo;intol\u00e9rances<\/li>\n<li><strong>riches en prot\u00e9ines<\/strong>\u00a0: pour le d\u00e9veloppement et le maintien d&rsquo;une musculature svelte<\/li>\n<li><strong>sans gluten de bl\u00e9<\/strong>\u00a0: conviennent en cas d&rsquo;allergies ou d&rsquo;intol\u00e9rances alimentaires<\/li>\n<li><strong>vitamine D\u00a0<\/strong>: pour la sant\u00e9 des dents et des os<\/li>\n<li><strong>avec de l&rsquo;huile de poisson<\/strong>\u00a0: source suppl\u00e9mentaire d&rsquo;acides gras om\u00e9ga pour une peau saine et un poil brillant<\/li>\n<li><strong>avec de vitamines, des min\u00e9raux et des oligo-\u00e9l\u00e9ments<\/strong>\u00a0: recette adapt\u00e9e\u00a0aux besoins des chiens de races moyennes<\/li>\n<li><strong>m\u00e9lange \u00e9quilibr\u00e9 de nutriments<\/strong>\u00a0: pour une assimilation parfaite des nutriments<\/li>\n<li><strong>haute app\u00e9tence<\/strong>\u00a0: appr\u00e9ci\u00e9es de la plupart des chiens<\/li>\n<li>id\u00e9ales comme aliment complet : recette compl\u00e8te, adapt\u00e9e pour tous les jours<\/li>\n<li><strong>sans\u00a0<\/strong>colorants artificiels<\/li>\n<li><strong>sachet refermable<\/strong>\u00a0: ouverture zipp\u00e9e<\/li>\n<\/ul>\n<p><b>Ingr\u00e9dients :<\/b><br \/>\nsaumon de qualit\u00e9* (17 %, compos\u00e9s de t\u00eate, d&rsquo;ar\u00eates et de chair), riz* (14 %), prot\u00e9ines de saumon d\u00e9shydrat\u00e9es*, farine de prot\u00e9ines de ma\u00efs*, graisse animale, farine de soja*, ma\u00efs*, gruau de ma\u00efs*, pulpe de betterave d\u00e9shydrat\u00e9e*, amidon de ma\u00efs, hydrolysat de prot\u00e9ines d&rsquo;origine animale, fibres v\u00e9g\u00e9tales d\u00e9shydrat\u00e9es, min\u00e9raux, \u0153uf d\u00e9shydrat\u00e9*, huile de soja, acides amin\u00e9s, vitamines, huile de poisson, antioxydants.<\/p>\n<p>* = sources de prot\u00e9ines.<\/p>\n<p><strong>Additifs :<\/strong><br \/>\nAdditifs nutritionnels :<br \/>\nvitamine A (38 000 UI\/kg), vitamine D3 (1 000 UI\/kg), vitamine E (550 IU\/kg), vitamine C (140 mg\/kg), sulfate de fer monohydrat\u00e9 (120 mg\/kg), iodate de calcium [anhydre] (1,9 mg\/kg), sulfate de cuivre pentahydrat\u00e9 (13 mg\/kg), sulfate de mangan\u00e8se monohydrat\u00e9 (46 mg\/kg), sulfate de zinc monohydrat\u00e9 (110 mg\/kg), s\u00e9l\u00e9nite de sodium (0,035 mg\/kg).<\/p>\n<p><b>Quantit\u00e9s recommand\u00e9es :<\/b><\/p>\n<p>Aliment complet pour chien.<\/p>\n<table border=\"1\" width=\"80%\" cellspacing=\"1\" cellpadding=\"1\">\n<colgroup>\n<col width=\"1*\" \/>\n<col width=\"1*\" \/>\n<col width=\"1*\" \/><\/colgroup>\n<tbody>\n<tr>\n<td align=\"center\"><small><b>Poids du chien<\/b><\/small><\/td>\n<td align=\"center\"><small><b>1 heure d&rsquo;activit\u00e9 par jour<\/b><\/small><\/td>\n<td align=\"center\"><small><b>Entre 1 et 3 heures d&rsquo;activit\u00e9 par jour<\/b><\/small><\/td>\n<\/tr>\n<tr>\n<td align=\"center\"><small>1 kg<\/small><\/td>\n<td align=\"center\"><small>35 g<\/small><\/td>\n<td align=\"center\"><small>40 g<\/small><\/td>\n<\/tr>\n<tr>\n<td align=\"center\"><small>5 kg<\/small><\/td>\n<td align=\"center\"><small>105 g<\/small><\/td>\n<td align=\"center\"><small>120 g<\/small><\/td>\n<\/tr>\n<tr>\n<td align=\"center\"><small>10 kg<\/small><\/td>\n<td align=\"center\"><small>165 g<\/small><\/td>\n<td align=\"center\"><small>190 g<\/small><\/td>\n<\/tr>\n<tr>\n<td align=\"center\"><small>15 kg<\/small><\/td>\n<td align=\"center\"><small>215 g<\/small><\/td>\n<td align=\"center\"><small>250 g<\/small><\/td>\n<\/tr>\n<tr>\n<td align=\"center\"><small>20 kg<\/small><\/td>\n<td align=\"center\"><small>260 g<\/small><\/td>\n<td align=\"center\"><small>300 g<\/small><\/td>\n<\/tr>\n<tr>\n<td align=\"center\"><small>25 kg<\/small><\/td>\n<td align=\"center\"><small>305 g<\/small><\/td>\n<td align=\"center\"><small>350 g<\/small><\/td>\n<\/tr>\n<tr>\n<td align=\"center\"><small>35 kg<\/small><\/td>\n<td align=\"center\"><small>380 g<\/small><\/td>\n<td align=\"center\"><small>435 g<\/small><\/td>\n<\/tr>\n<tr>\n<td align=\"center\"><small>45 kg<\/small><\/td>\n<td align=\"center\"><small>450 g<\/small><\/td>\n<td align=\"center\"><small>515 g<\/small><\/td>\n<\/tr>\n<tr>\n<td align=\"center\"><small>60 kg<\/small><\/td>\n<td align=\"center\"><small>550 g<\/small><\/td>\n<td align=\"center\"><small>625 g<\/small><\/td>\n<\/tr>\n<tr>\n<td align=\"center\"><small>70 kg<\/small><\/td>\n<td align=\"center\"><small>610 g<\/small><\/td>\n<td align=\"center\"><small>695 g<\/small><\/td>\n<\/tr>\n<\/tbody>\n<\/table>\n<p>Veillez \u00e0 toujours mettre de l&rsquo;eau \u00e0 la disposition de votre animal.<\/p>\n<div class=\"field__item\"><\/div>\n","protected":false},"excerpt":{"rendered":"<p>Croquettes \u00e9quilibr\u00e9es pour les chiens adultes (1-7 ans) de moyennes races (10-25 kg), riches en prot\u00e9ines, avec des acides gras om\u00e9ga 3, m\u00e9lange de nutriments optimal.<\/p>\n","protected":false},"featured_media":4950,"template":"","meta":{"jetpack_publicize_message":"","jetpack_publicize_feature_enabled":true,"jetpack_social_post_already_shared":false,"jetpack_social_options":{"image_generator_settings":{"template":"highway","default_image_id":0,"font":"","enabled":false},"version":2}},"product_brand":[],"product_cat":[26],"product_tag":[],"class_list":{"0":"post-1435","1":"product","2":"type-product","3":"status-publish","4":"has-post-thumbnail","6":"product_cat-croquettes","8":"first","9":"instock","10":"taxable","11":"shipping-taxable","12":"purchasable","13":"product-type-simple"},"supplier_id":5598,"supplier_sku":"","barcode":null,"atum_controlled":true,"out_stock_date":null,"out_stock_threshold":null,"inheritable":false,"inbound_stock":0,"stock_on_hold":0,"sold_today":0,"sales_last_days":0,"reserved_stock":0,"customer_returns":0,"warehouse_damage":0,"lost_in_post":0,"other_logs":0,"out_stock_days":0,"lost_sales":0,"has_location":false,"update_date":"2026-04-02T16:53:31","atum_locations":[],"atum_stock_status":"instock","restock_status":false,"low_stock_amount":1,"sales_update_date":"2026-04-02T16:53:31","calc_backorders":0,"jetpack_publicize_connections":[],"jetpack_sharing_enabled":true,"batches":[{"id":"869","date_created":"2024-11-16 10:20:24","date_expiry":"2026-02-28 00:00:00","user_id":"2760","batch_number":"PPLANMediumADultSalmon14KG0226","location":"","quantity":"2.0000","quantity_available":"0.0000","units":"1","status":"archived","order_ids":"[14936,21080]","supplier":"Proplan","po":{"id":"843","date_created":"2024-11-16 10:20:24","batch_id":"869","po_number":"","supplier":"Proplan","cost":null,"regular_price":null,"sale_price":null,"price_margin":null,"price_discount":null}},{"id":"3323","date_created":"2025-05-07 23:43:09","date_expiry":"2026-03-30 00:00:00","user_id":"2760","batch_number":"PPLANMediumADultSalmon14KG0326","location":"","quantity":"2.0000","quantity_available":"0.0000","units":"1","status":"archived","order_ids":"[28129,29511]","supplier":"Proplan","po":{"id":"3290","date_created":"2025-05-07 23:43:10","batch_id":"3323","po_number":"","supplier":"Proplan","cost":null,"regular_price":null,"sale_price":null,"price_margin":null,"price_discount":null}},{"id":"3875","date_created":"2025-06-05 10:26:36","date_expiry":"2026-04-30 00:00:00","user_id":"2760","batch_number":"PPLANMediumADultSalmon14KG0426","location":"","quantity":"1.0000","quantity_available":"0.0000","units":"1","status":"archived","order_ids":"[29773]","supplier":"Proplan","po":{"id":"3839","date_created":"2025-06-05 10:26:36","batch_id":"3875","po_number":"","supplier":"Proplan","cost":null,"regular_price":null,"sale_price":null,"price_margin":null,"price_discount":null}},{"id":"6172","date_created":"2025-11-14 19:35:21","date_expiry":"2026-09-30 00:00:00","user_id":"2760","batch_number":"PPLANMediumADultSalmon14KG0926","location":"","quantity":"1.0000","quantity_available":"0.0000","units":"1","status":"archived","order_ids":"[32319]","supplier":"Proplan","po":{"id":"6119","date_created":"2025-11-14 19:35:21","batch_id":"6172","po_number":"","supplier":"Proplan","cost":null,"regular_price":null,"sale_price":null,"price_margin":null,"price_discount":null}},{"id":"6942","date_created":"2025-12-26 14:34:19","date_expiry":"2026-11-01 00:00:00","user_id":"2760","batch_number":"PPLANMediumADultSalmon14KG1126","location":"","quantity":"1.0000","quantity_available":"0.0000","units":"1","status":"archived","order_ids":"[36945]","supplier":"Proplan","po":{"id":"6881","date_created":"2025-12-26 14:34:19","batch_id":"6942","po_number":"","supplier":"Proplan","cost":null,"regular_price":null,"sale_price":null,"price_margin":null,"price_discount":null}},{"id":"7232","date_created":"2026-01-19 13:08:52","date_expiry":"2026-11-01 00:00:00","user_id":"2760","batch_number":"PPLANMediumADultSalmon14KG1126","location":"","quantity":"1.0000","quantity_available":"0.0000","units":"1","status":"archived","order_ids":"[37004]","supplier":"Proplan","po":{"id":"7168","date_created":"2026-01-19 13:08:53","batch_id":"7232","po_number":"","supplier":"Proplan","cost":null,"regular_price":null,"sale_price":null,"price_margin":null,"price_discount":null}},{"id":"8392","date_created":"2026-03-21 15:13:49","date_expiry":"2027-01-30 00:00:00","user_id":"2760","batch_number":"PPLANMediumADultSalmon14KG0127","location":"","quantity":"2.0000","quantity_available":"2.0000","units":"1","status":"active","order_ids":null,"supplier":"Proplan","po":{"id":"8320","date_created":"2026-03-21 15:13:49","batch_id":"8392","po_number":"","supplier":"Proplan","cost":null,"regular_price":null,"sale_price":null,"price_margin":null,"price_discount":null}}],"_links":{"self":[{"href":"https:\/\/petworld.ma\/index.php\/wp-json\/wp\/v2\/product\/1435","targetHints":{"allow":["GET"]}}],"collection":[{"href":"https:\/\/petworld.ma\/index.php\/wp-json\/wp\/v2\/product"}],"about":[{"href":"https:\/\/petworld.ma\/index.php\/wp-json\/wp\/v2\/types\/product"}],"wp:featuredmedia":[{"embeddable":true,"href":"https:\/\/petworld.ma\/index.php\/wp-json\/wp\/v2\/media\/4950"}],"wp:attachment":[{"href":"https:\/\/petworld.ma\/index.php\/wp-json\/wp\/v2\/media?parent=1435"}],"wp:term":[{"taxonomy":"product_brand","embeddable":true,"href":"https:\/\/petworld.ma\/index.php\/wp-json\/wp\/v2\/product_brand?post=1435"},{"taxonomy":"product_cat","embeddable":true,"href":"https:\/\/petworld.ma\/index.php\/wp-json\/wp\/v2\/product_cat?post=1435"},{"taxonomy":"product_tag","embeddable":true,"href":"https:\/\/petworld.ma\/index.php\/wp-json\/wp\/v2\/product_tag?post=1435"}],"curies":[{"name":"wp","href":"https:\/\/api.w.org\/{rel}","templated":true}]}}