{"id":14372,"date":"2024-11-15T10:38:17","date_gmt":"2024-11-15T10:38:17","guid":{"rendered":"https:\/\/petworld.ma\/?post_type=product&#038;p=14372"},"modified":"2026-05-12T22:11:17","modified_gmt":"2026-05-12T22:11:17","slug":"brit-care-pochons-pour-chat-choice-chicken-poulet-in-gravy-85-g","status":"publish","type":"product","link":"https:\/\/petworld.ma\/index.php\/produit\/brit-care-pochons-pour-chat-choice-chicken-poulet-in-gravy-85-g\/","title":{"rendered":"Brit Care Pochons en Sauce Pour Chat Choice Chicken (Poulet) 85g"},"content":{"rendered":"<div class=\"hidden-xs\">\n<div class=\"hidden-xs\">\n<div class=\"hidden-xs\">Filets dans du jus, avec du poulet. Enrichi en argousier et en capucine. Aliment complet super-pr\u00e9mium pour chats adultes, sans c\u00e9r\u00e9ales.<\/div>\n<div class=\"benefits\">\n<p>L&rsquo;alimentation des chats devrait \u00eatre vari\u00e9e, savoureuse et saine. Ces d\u00e9licieuses pochettes Brit Care seront utilis\u00e9es sous forme d&rsquo;aliments complets ou sous forme de compl\u00e9ment \u00e0 un aliment sec et ce, dans le but d&rsquo;en am\u00e9liorer la diversit\u00e9 et le go\u00fbt. Elles seront id\u00e9ales pour les chats qui sont tr\u00e8s difficiles ou pour les chats qui ont des probl\u00e8mes pour se nourrir. Gr\u00e2ce \u00e0 leur teneur en argousier et en capucine, ces pochettes aideront \u00e9galement \u00e0 pr\u00e9venir les maladies des voies urinaires.<\/p>\n<\/div>\n<ul>\n<li>Recette ne contenant pas de c\u00e9r\u00e9ales<\/li>\n<li>85 % de viande dans les filets<\/li>\n<li>Tr\u00e8s savoureux<\/li>\n<li>Contient des antioxydants naturels : extrait de romarin<\/li>\n<li>Sans sucre ajout\u00e9 \u2013 Sans soja \u2013 Sans OGM<\/li>\n<\/ul>\n<p class=\"composition\"><strong>Composition:<\/strong>\u00a085 % viande dans les filets (70 % poulet, 15 % foie), bouillon, 1 % argousier, 0,5 % capucine, min\u00e9raux, amidon de pois.<\/p>\n<p><strong>Composants analytiques:<\/strong>\u00a0prot\u00e9ine brute 8,5 %, teneur en mati\u00e8res grasses 4,0 %, cellulose brute 0,5 %, cendres brutes 2,0 %, humidit\u00e9 82,0 %, calcium 0,25 %, phosphore 0,2 %, sodium 0,3 %.<\/p>\n<p><strong>Ingr\u00e9dients:<\/strong>\u00a0vitamine D3 (E671) 250 unit\u00e9s, vitamine E (3a700) 150 mg, biotine (3a880) 0,5 mg, zinc (3b606) 12 mg, mangan\u00e8se (3b502) 3 mg, fer (3b103) 10 mg, cuivre (3b405) 0,4 mg, iode (3b201) 0,7 mg, taurine (3a370) 500 mg, L-m\u00e9thionine (3c305) 2 000 mg. Contient des antioxydants naturels : extraits riches en tocoph\u00e9rols tir\u00e9s d&rsquo;huiles v\u00e9g\u00e9tales (1b306), palmitate d&rsquo;ascorbyle (1b304) et extrait de romarin.<\/p>\n<p><strong>Metabolizable energy:<\/strong>\u00a0815 kcal\/kg.<\/p>\n<\/div>\n<\/div>\n","protected":false},"excerpt":{"rendered":"<p>Filets dans du jus, avec du poulet. Enrichi en argousier et en capucine. Aliment complet super-pr\u00e9mium pour chats adultes, sans c\u00e9r\u00e9ales.<\/p>\n","protected":false},"featured_media":14373,"template":"","meta":{"jetpack_publicize_message":"","jetpack_publicize_feature_enabled":true,"jetpack_social_post_already_shared":true,"jetpack_social_options":{"image_generator_settings":{"template":"highway","default_image_id":0,"font":"","enabled":false},"version":2}},"product_brand":[],"product_cat":[41],"product_tag":[],"class_list":{"0":"post-14372","1":"product","2":"type-product","3":"status-publish","4":"has-post-thumbnail","6":"product_cat-friandises-et-pate-pour-chat","8":"first","9":"instock","10":"taxable","11":"shipping-taxable","12":"purchasable","13":"product-type-simple"},"supplier_id":5590,"supplier_sku":"","barcode":null,"atum_controlled":true,"out_stock_date":null,"out_stock_threshold":null,"inheritable":false,"inbound_stock":0,"stock_on_hold":2,"sold_today":0,"sales_last_days":7,"reserved_stock":0,"customer_returns":0,"warehouse_damage":0,"lost_in_post":0,"other_logs":0,"out_stock_days":0,"lost_sales":0,"has_location":false,"update_date":"2026-05-13T12:00:34","atum_locations":[],"atum_stock_status":"instock","restock_status":false,"low_stock_amount":24,"sales_update_date":"2026-05-13T12:00:34","calc_backorders":null,"jetpack_publicize_connections":[],"jetpack_sharing_enabled":true,"batches":[{"id":"828","date_created":"2024-11-15 10:46:25","date_expiry":"2026-09-03 00:00:00","user_id":"2760","batch_number":"BritPochonGravyPoulet030926","location":"","quantity":"48.0000","quantity_available":"0.0000","units":"1","status":"archived","order_ids":"[14581,14777,14861,15024,15133,15742,16690,16710,17430,17584,17733,17763,17951,18160,18205,18325]","supplier":"Brit","po":{"id":"805","date_created":"2024-11-15 10:46:25","batch_id":"828","po_number":"","supplier":"Brit","cost":null,"regular_price":null,"sale_price":null,"price_margin":null,"price_discount":null}},{"id":"1339","date_created":"2024-12-20 21:50:25","date_expiry":"2026-02-03 00:00:00","user_id":"2760","batch_number":"BritPochonGravyPoulet030226","location":"","quantity":"24.0000","quantity_available":"0.0000","units":"1","status":"archived","order_ids":"[15953,16165,16277,16466,16627,16652,16667]","supplier":"Brit","po":{"id":"1313","date_created":"2024-12-20 21:50:28","batch_id":"1339","po_number":"","supplier":"Brit","cost":null,"regular_price":null,"sale_price":null,"price_margin":null,"price_discount":null}},{"id":"2189","date_created":"2025-02-26 22:15:42","date_expiry":"2026-11-22 00:00:00","user_id":"2760","batch_number":"BritPochonGravyPoulet221126","location":"","quantity":"24.0000","quantity_available":"0.0000","units":"1","status":"archived","order_ids":"[18490,18491,18497,18625,18673,18901,19011]","supplier":"Brit","po":{"id":"2158","date_created":"2025-02-26 22:15:45","batch_id":"2189","po_number":"","supplier":"Brit","cost":null,"regular_price":null,"sale_price":null,"price_margin":null,"price_discount":null}},{"id":"2331","date_created":"2025-03-08 09:51:09","date_expiry":"2026-11-22 00:00:00","user_id":"2760","batch_number":"BritPochonGravyPoulet221126","location":"","quantity":"24.0000","quantity_available":"0.0000","units":"1","status":"archived","order_ids":"[19011,19037,19638,19714]","supplier":"Brit","po":{"id":"2299","date_created":"2025-03-08 09:51:12","batch_id":"2331","po_number":"","supplier":"Brit","cost":null,"regular_price":null,"sale_price":null,"price_margin":null,"price_discount":null}},{"id":"2628","date_created":"2025-03-30 22:09:21","date_expiry":"2026-11-22 00:00:00","user_id":"2760","batch_number":"BritPochonGravyPoulet221126","location":"","quantity":"72.0000","quantity_available":"0.0000","units":"1","status":"archived","order_ids":"[20023,20171,20254,20311,20482,20519,21053,21392,22028,22179,22448,22784,23118,23438,23800,23869,23981,24777,24857,25593,25616,25658,26068,26285]","supplier":"Brit","po":{"id":"2596","date_created":"2025-03-30 22:09:23","batch_id":"2628","po_number":"","supplier":"Brit","cost":null,"regular_price":null,"sale_price":null,"price_margin":null,"price_discount":null}},{"id":"3824","date_created":"2025-06-04 21:02:09","date_expiry":"2026-11-22 00:00:00","user_id":"2760","batch_number":"BritPochonGravyPoulet221126","location":"","quantity":"222.0000","quantity_available":"167.0000","units":"1","status":"active","order_ids":"[32698,33616,34015,34867,35476,35553,36196,36247,37614,37667,38349,38515,39702,40390,40392,41130,41746,41833]","supplier":"Brit","po":{"id":"3789","date_created":"2025-06-04 21:02:10","batch_id":"3824","po_number":"","supplier":"Brit","cost":null,"regular_price":null,"sale_price":null,"price_margin":null,"price_discount":null}},{"id":"4720","date_created":"2025-08-08 09:00:30","date_expiry":"2026-11-22 00:00:00","user_id":"2760","batch_number":"BritPochonGravyPoulet221126","location":"","quantity":"96.0000","quantity_available":"0.0000","units":"1","status":"archived","order_ids":"[26460,26465,26479,26610,26712,26766,26948,27734,28544,28663,29569,30262,30593,30662,30698,31009,31122,31181,31441,31970]","supplier":"Brit","po":{"id":"4684","date_created":"2025-08-08 09:00:31","batch_id":"4720","po_number":"","supplier":"Brit","cost":null,"regular_price":null,"sale_price":null,"price_margin":null,"price_discount":null}}],"_links":{"self":[{"href":"https:\/\/petworld.ma\/index.php\/wp-json\/wp\/v2\/product\/14372","targetHints":{"allow":["GET"]}}],"collection":[{"href":"https:\/\/petworld.ma\/index.php\/wp-json\/wp\/v2\/product"}],"about":[{"href":"https:\/\/petworld.ma\/index.php\/wp-json\/wp\/v2\/types\/product"}],"wp:featuredmedia":[{"embeddable":true,"href":"https:\/\/petworld.ma\/index.php\/wp-json\/wp\/v2\/media\/14373"}],"wp:attachment":[{"href":"https:\/\/petworld.ma\/index.php\/wp-json\/wp\/v2\/media?parent=14372"}],"wp:term":[{"taxonomy":"product_brand","embeddable":true,"href":"https:\/\/petworld.ma\/index.php\/wp-json\/wp\/v2\/product_brand?post=14372"},{"taxonomy":"product_cat","embeddable":true,"href":"https:\/\/petworld.ma\/index.php\/wp-json\/wp\/v2\/product_cat?post=14372"},{"taxonomy":"product_tag","embeddable":true,"href":"https:\/\/petworld.ma\/index.php\/wp-json\/wp\/v2\/product_tag?post=14372"}],"curies":[{"name":"wp","href":"https:\/\/api.w.org\/{rel}","templated":true}]}}