{"id":1438,"date":"2023-02-09T10:32:12","date_gmt":"2023-02-09T10:32:12","guid":{"rendered":"https:\/\/petworld.ma\/?post_type=product&#038;p=1438"},"modified":"2026-05-05T14:08:09","modified_gmt":"2026-05-05T14:08:09","slug":"pro-plan-large-robuste-puppy-12kg","status":"publish","type":"product","link":"https:\/\/petworld.ma\/index.php\/produit\/pro-plan-large-robuste-puppy-12kg\/","title":{"rendered":"Pro Plan Large Robuste Puppy 3kg |12kg"},"content":{"rendered":"<ul>\n<li>Croquettes pour grand chiot robuste.<\/li>\n<li>Riche en prot\u00e9ines &#8211; Poulet en ingr\u00e9dient n\u00b01.<\/li>\n<li>Hygi\u00e8ne bucco-dentaire.<\/li>\n<li>Soutient la bonne sant\u00e9 sur le long terme.<\/li>\n<\/ul>\n<p>Aliment complet pour chiots de grande taille de morphotype robuste. Gr\u00e2ce \u00e0 son ingr\u00e9dient sp\u00e9cial, le Colostrum, OPTISTART\u00ae aide \u00e0 renforcer les d\u00e9fenses naturelles du chiot pour mieux relever les d\u00e9fis du quotidien. Convient \u00e9galement aux chiennes en gestation ou en lactation.<\/p>\n<p><strong>Caract\u00e9ristiques<\/strong><\/p>\n<ul>\n<li>Croquettes pour grand chiot robuste.<\/li>\n<li>Riche en prot\u00e9ines &#8211; Poulet en ingr\u00e9dient n\u00b01.<\/li>\n<li>Formul\u00e9 pour les chiots de grande taille de morphotype\u00a0robuste.<\/li>\n<li>Permet au syst\u00e8me immunitaire immature du chiot de r\u00e9agir efficacement.<\/li>\n<li>Formul\u00e9 pour une bonne hygi\u00e8ne bucco-dentaire.<\/li>\n<li>Une combinaison de nutriments essentiels pour aider \u00e0 soutenir la bonne sant\u00e9 des articulations de votre chiot actif.<\/li>\n<li>\u200bIngr\u00e9dient sp\u00e9cifique pour des d\u00e9fenses naturelles fortes et la bonne sant\u00e9 sur le long-terme.<\/li>\n<\/ul>\n<div class=\"field__item\">\n<p><strong>Ingr\u00e9dients<\/strong><\/p>\n<p>Poulet (18 %), Bl\u00e9, Prot\u00e9ines de volaille d\u00e9shydrat\u00e9es, Ma\u00efs, Farine de soja, Riz (7 %), Graisse animale, Fibre de bl\u00e9, Hydrolysat, Pulpe de betterave d\u00e9shydrat\u00e9e, Gluten de ma\u00efs, Gluten de bl\u00e9, Sels min\u00e9raux, \u0152ufs d\u00e9shydrat\u00e9s, Huile de poisson, Colostrum d\u00e9shydrat\u00e9 (0,1 %),<\/p>\n<\/div>\n<div class=\"field__item\">\n<p><strong>Nutrition et constituants analytiques*<\/strong><\/p>\n<p>Humidit\u00e9 : 8,0 %, Prot\u00e9ine : 29,0 %, Teneur en mati\u00e8res grasses : 15,0 %, Glucides : 38,0 %, Cellulose brute : 2,5 %, Cendres brutes : 7,5 %, Taurine : 1000 mg\/kg.<\/p>\n<p><strong>Additifs nutritionnels<\/strong><\/p>\n<p>Min\u00e9raux : Calcium : 1,5 %, Phosphore : 0,9 %, Sodium : 0,53 %, Chlore : 0,72 %, Potassium : 0,63 %, Magn\u00e9sium : 0,13 %, mg\/kg : Fer : 187,75 ; Zinc : 188,79 ; Cuivre : 17,97 ; Mangan\u00e8se : 47,64 ; Iode : 2,31 ; S\u00e9l\u00e9nium :\u00a00,36.<\/p>\n<p>Vitamines :<br \/>\nUI\/kg : Vit A : 16773,76 ; Vit D3 :\u00a0942,19 ;<\/p>\n<p>mg\/kg :<br \/>\nVit E : 174,69 ; Vit K : 0,14 ; Vit C : 60 ; Vit B1 : 25,22 ; Vit B2 : 12,61 ; Vit B3 : 151,43 ; Vit B5 : 41,81 ; Vit B6 : 14,64 ; Vit B8 : 0,21 ; Vit B9 : 4,24 ; Vit B12 : 0,24 ; Choline : 1905,72.<\/p>\n<p>Acides gras essentiels : Om\u00e8ga-6 : 2,60 %, Acide linol\u00e9ique : 2,20 %, Om\u00e8ga-3 : 0.30 %, DHA : 0,06 %, EPA + DHA : 0,20 %,<\/p>\n<p>\u00c9nergie :<br \/>\nKcal\/kg : \u00c9nergie m\u00e9tabolisable (calcul\u00e9e)\u00a0:\u00a03,620.<\/p>\n<p>*Ces valeurs refl\u00e8tent les teneurs moyennes en nutriments dans le produit environ 9 mois apr\u00e8s sa production. Elles correspondent aux nutriments ajout\u00e9s et \u00e0 ceux naturellement pr\u00e9sents dans les ingr\u00e9dients de la formule.<\/p>\n<p><strong>Guide d&rsquo;alimentation<\/strong><\/p>\n<p>Mode d&#8217;emploi\u00a0:\u00a0Voir le tableau des rations journali\u00e8res recommand\u00e9es (g\/jour).<br \/>\nChiennes en\u00a0<abbr id=\"\">Gestation<\/abbr>\u00a0ou en lactation : demandez conseil \u00e0 votre v\u00e9t\u00e9rinaire. Sevrage et croissance : durant la p\u00e9riode de sevrage, de l\u2019\u00e2ge de 3 \u00e0 6 semaines, proposez PURINA<sup>\u00ae<\/sup>\u00a0PRO PLAN<sup>\u00ae<\/sup>\u00a0Puppy 3 \u00e0 4 fois par jour humidifi\u00e9 avec de l\u2019eau. Apr\u00e8s le sevrage, suivez les rations journali\u00e8res du tableau. Au-del\u00e0 de 3 mois, diminuez progressivement la quantit\u00e9 d\u2019eau ajout\u00e9e. Pour une croissance harmonieuse, assurez-vous que votre chiot maintienne une condition corporelle id\u00e9ale. Les rations journali\u00e8res doivent \u00eatre adapt\u00e9es \u00e0 son activit\u00e9, sa condition physique et ses besoins individuels. De l\u2019eau fra\u00eeche et propre doit toujours \u00eatre \u00e0 la disposition de votre chien. Pour surveiller la sant\u00e9 de votre chien, consultez r\u00e9guli\u00e8rement votre v\u00e9t\u00e9rinaire.<\/p>\n<p>Rations journali\u00e8res recommand\u00e9es :\u00a0Quel est le poids de votre chien ?<\/p>\n<p>Croissance du chiot<\/p>\n<div class=\"table-wrapper\">\n<table>\n<thead>\n<tr>\n<td><strong>Poids \u00e0 l\u2019\u00e2ge adulte (kg)<\/strong><\/td>\n<td><strong>\u00c2ge du chiot 1,5 \u00e0 3 mois<\/strong><\/td>\n<td><strong>\u00c2ge du chiot 4 \u00e0 5 mois<\/strong><\/td>\n<td><strong>\u00c2ge du chiot 6 \u00e0 8 mois<\/strong><\/td>\n<td><strong>\u00c2ge du chiot 9 \u00e0 11 mois<\/strong><\/td>\n<td><strong>\u00c2ge du chiot 12 \u00e0 24 mois<\/strong><\/td>\n<\/tr>\n<tr>\n<td>25 kg<\/td>\n<td>105-210<\/td>\n<td>240-260<\/td>\n<td>315-375<\/td>\n<td>375-385<\/td>\n<td>Adulte<\/td>\n<\/tr>\n<tr>\n<td>35 kg<\/td>\n<td>115-230<\/td>\n<td>275-325<\/td>\n<td>385-510<\/td>\n<td>520-540<\/td>\n<td>550-Adulte<\/td>\n<\/tr>\n<tr>\n<td>45 kg<\/td>\n<td>130-260<\/td>\n<td>295-375<\/td>\n<td>430-615<\/td>\n<td>635-675<\/td>\n<td>685-Adulte<\/td>\n<\/tr>\n<tr>\n<td>60 kg<\/td>\n<td>155-365<\/td>\n<td>425-550<\/td>\n<td>635-810<\/td>\n<td>840-895<\/td>\n<td>895-905<\/td>\n<\/tr>\n<tr>\n<td>70 kg<\/td>\n<td>175-435<\/td>\n<td>470-650<\/td>\n<td>700-985<\/td>\n<td>1035-1080<\/td>\n<td>1045-1010<\/td>\n<\/tr>\n<\/thead>\n<\/table>\n<p>&nbsp;<\/p>\n<\/div>\n<\/div>\n","protected":false},"excerpt":{"rendered":"<p>Croquettes pour grand chiot robuste. Riche en prot\u00e9ines &#8211; Poulet en ingr\u00e9dient n\u00b01. Hygi\u00e8ne bucco-dentaire. Soutient la bonne sant\u00e9 sur le long terme. Aliment complet pour chiots de grande taille de morphotype robuste. Gr\u00e2ce \u00e0 son ingr\u00e9dient sp\u00e9cial, le Colostrum, OPTISTART\u00ae aide \u00e0 renforcer les d\u00e9fenses naturelles du chiot pour mieux relever les d\u00e9fis du [&#8230;]\n","protected":false},"featured_media":4194,"template":"","meta":{"jetpack_publicize_message":"","jetpack_publicize_feature_enabled":true,"jetpack_social_post_already_shared":false,"jetpack_social_options":{"image_generator_settings":{"template":"highway","default_image_id":0,"font":"","enabled":false},"version":2}},"product_brand":[],"product_cat":[26],"product_tag":[],"class_list":{"0":"post-1438","1":"product","2":"type-product","3":"status-publish","4":"has-post-thumbnail","6":"product_cat-croquettes","8":"first","9":"instock","10":"taxable","11":"shipping-taxable","12":"purchasable","13":"product-type-variable"},"supplier_id":5598,"supplier_sku":"","barcode":null,"atum_controlled":true,"out_stock_date":null,"out_stock_threshold":null,"inheritable":true,"inbound_stock":0,"stock_on_hold":1,"sold_today":0,"sales_last_days":4,"reserved_stock":0,"customer_returns":0,"warehouse_damage":0,"lost_in_post":0,"other_logs":0,"out_stock_days":0,"lost_sales":0,"has_location":false,"update_date":"2026-05-08T00:18:47","atum_locations":[],"atum_stock_status":"instock","restock_status":false,"low_stock_amount":"","sales_update_date":"2026-05-08T00:18:46","calc_backorders":null,"jetpack_publicize_connections":[],"jetpack_sharing_enabled":true,"batches":[{"id":"491","date_created":"2024-10-02 16:45:07","date_expiry":"2025-08-30 00:00:00","user_id":"2461","batch_number":"PPLANLargeRP12KG300825","location":"","quantity":"3.0000","quantity_available":"0.0000","units":"1","status":"archived","order_ids":"[12622,12754,13031,13979,14794]","supplier":"Proplan","po":{"id":"474","date_created":"2024-10-02 16:45:08","batch_id":"491","po_number":"","supplier":"Proplan","cost":null,"regular_price":null,"sale_price":null,"price_margin":null,"price_discount":null}},{"id":"725","date_created":"2024-11-02 10:11:35","date_expiry":"2025-11-30 00:00:00","user_id":"2461","batch_number":"PPLANLargeRP12KG301125","location":"","quantity":"2.0000","quantity_available":"0.0000","units":"1","status":"archived","order_ids":"[14888,14957]","supplier":"Proplan","po":{"id":"706","date_created":"2024-11-02 10:11:36","batch_id":"725","po_number":"","supplier":"Proplan","cost":null,"regular_price":null,"sale_price":null,"price_margin":null,"price_discount":null}},{"id":"908","date_created":"2024-11-22 13:43:25","date_expiry":"2026-01-30 00:00:00","user_id":"2461","batch_number":"PPLANLargeRP12KG300126","location":"","quantity":"1.0000","quantity_available":"0.0000","units":"1","status":"archived","order_ids":"[17344]","supplier":"Proplan","po":{"id":"883","date_created":"2024-11-22 13:43:25","batch_id":"908","po_number":"","supplier":"Proplan","cost":null,"regular_price":null,"sale_price":null,"price_margin":null,"price_discount":null}},{"id":"1046","date_created":"2024-12-06 00:05:01","date_expiry":"2026-01-30 00:00:00","user_id":"2461","batch_number":"PPLANLargeRP12KG300126","location":"","quantity":"3.0000","quantity_available":"0.0000","units":"1","status":"archived","order_ids":"[19017]","supplier":"Proplan","po":{"id":"1024","date_created":"2024-12-06 00:13:46","batch_id":"1046","po_number":"","supplier":"Proplan","cost":null,"regular_price":null,"sale_price":null,"price_margin":null,"price_discount":null}},{"id":"1924","date_created":"2025-02-10 21:40:20","date_expiry":"2026-03-30 00:00:00","user_id":"2461","batch_number":"PPLANLargeRP12KG300326","location":"","quantity":"1.0000","quantity_available":"0.0000","units":"1","status":"archived","order_ids":null,"supplier":"Proplan","po":{"id":"1896","date_created":"2025-02-10 21:40:23","batch_id":"1924","po_number":"","supplier":"Proplan","cost":null,"regular_price":null,"sale_price":null,"price_margin":null,"price_discount":null}},{"id":"2044","date_created":"2025-02-18 15:33:10","date_expiry":"2026-03-30 00:00:00","user_id":"2461","batch_number":"PPLANLargeRP12KG300326","location":"","quantity":"1.0000","quantity_available":"0.0000","units":"1","status":"archived","order_ids":null,"supplier":"Proplan","po":{"id":"2014","date_created":"2025-02-18 15:33:13","batch_id":"2044","po_number":"","supplier":"Proplan","cost":null,"regular_price":null,"sale_price":null,"price_margin":null,"price_discount":null}}],"_links":{"self":[{"href":"https:\/\/petworld.ma\/index.php\/wp-json\/wp\/v2\/product\/1438","targetHints":{"allow":["GET"]}}],"collection":[{"href":"https:\/\/petworld.ma\/index.php\/wp-json\/wp\/v2\/product"}],"about":[{"href":"https:\/\/petworld.ma\/index.php\/wp-json\/wp\/v2\/types\/product"}],"wp:featuredmedia":[{"embeddable":true,"href":"https:\/\/petworld.ma\/index.php\/wp-json\/wp\/v2\/media\/4194"}],"wp:attachment":[{"href":"https:\/\/petworld.ma\/index.php\/wp-json\/wp\/v2\/media?parent=1438"}],"wp:term":[{"taxonomy":"product_brand","embeddable":true,"href":"https:\/\/petworld.ma\/index.php\/wp-json\/wp\/v2\/product_brand?post=1438"},{"taxonomy":"product_cat","embeddable":true,"href":"https:\/\/petworld.ma\/index.php\/wp-json\/wp\/v2\/product_cat?post=1438"},{"taxonomy":"product_tag","embeddable":true,"href":"https:\/\/petworld.ma\/index.php\/wp-json\/wp\/v2\/product_tag?post=1438"}],"curies":[{"name":"wp","href":"https:\/\/api.w.org\/{rel}","templated":true}]}}