{"id":14392,"date":"2024-11-15T15:59:51","date_gmt":"2024-11-15T15:59:51","guid":{"rendered":"https:\/\/petworld.ma\/?post_type=product&#038;p=14392"},"modified":"2026-04-08T18:47:21","modified_gmt":"2026-04-08T18:47:21","slug":"brit-care-dog-functional-snack-mineral-ham-for-puppies-jambon-150g","status":"publish","type":"product","link":"https:\/\/petworld.ma\/index.php\/produit\/brit-care-dog-functional-snack-mineral-ham-for-puppies-jambon-150g\/","title":{"rendered":"Brit Care Dog Functional Snack Mineral Ham for Puppies (Jambon) 150g"},"content":{"rendered":"<div class=\"hidden-xs\">\n<div class=\"hidden-xs\">\n<div class=\"hidden-xs\">\n<div class=\"hidden-xs\">\n<div class=\"hidden-xs\">Compl\u00e9ment alimentaire pour chiots.. Friandise \u00e0 p\u00e2te molle.<\/div>\n<p><strong>Jambon enrichi en kelp<\/strong>Peut \u00eatre administr\u00e9 aux chiennes pleines et allaitantes, ainsi qu&rsquo;aux chiots durant leur p\u00e9riode de croissance.<\/p>\n<div class=\"benefits\">\n<div class=\"benefits__item\"><img decoding=\"async\" src=\"https:\/\/brit-petfood.com\/file\/nodes\/pictograms\/mineral.png\" alt=\"\" width=\"47\" height=\"48\" \/>Permet de maintenir un \u00e9quilibre min\u00e9ral optimal afin de favoriser la croissance. Enrichi en montmorillonite et en coquilles d&rsquo;\u0153ufs afin que l&rsquo;\u00e9quilibre min\u00e9ral soit optimal.<\/div>\n<div class=\"benefits__item\"><img decoding=\"async\" src=\"https:\/\/brit-petfood.com\/file\/nodes\/pictograms\/grain-free.png\" alt=\"\" width=\"47\" height=\"48\" \/>Sans c\u00e9r\u00e9ales &amp; sans pommes de terre.<\/div>\n<div class=\"benefits__item\"><img decoding=\"async\" src=\"https:\/\/brit-petfood.com\/file\/nodes\/pictograms\/fulvin.png\" alt=\"\" width=\"47\" height=\"48\" \/>Les acides fulviques favorisent l&rsquo;absorption des nutriments.<\/div>\n<div class=\"benefits__item\"><img decoding=\"async\" src=\"https:\/\/brit-petfood.com\/file\/nodes\/pictograms\/cantalope.png\" alt=\"\" width=\"47\" height=\"48\" \/>Extrait de melon en tant que source d&rsquo;antioxydants.<\/div>\n<div class=\"benefits__item\"><img decoding=\"async\" src=\"https:\/\/brit-petfood.com\/file\/nodes\/pictograms\/cross.png\" alt=\"\" width=\"47\" height=\"48\" \/>Du collag\u00e8ne pour r\u00e9g\u00e9n\u00e9rer l&rsquo;appareil locomoteur. Des lactobacilles tyndallis\u00e9s pour une microflore intestinale saine.<\/div>\n<div class=\"benefits__item\"><img decoding=\"async\" src=\"https:\/\/brit-petfood.com\/file\/nodes\/icon-made-in-eu.png\" alt=\"\" width=\"47\" height=\"48\" \/>Fabriqu\u00e9 dans l\u2019UE<\/div>\n<\/div>\n<p><strong>POURQUOI LE KELP?<\/strong>Le kelp est une excellente source de min\u00e9raux et d&rsquo;\u00e9l\u00e9ments traces qui sont importants et indispensables pour la sant\u00e9 g\u00e9n\u00e9rale de votre animal, et plus particuli\u00e8rement pour la digestion et l&rsquo;\u00e9lasticit\u00e9 et la solidit\u00e9 des os. Il est riche en vitamines, en macro-\u00e9l\u00e9ments et micro\u00e9l\u00e9ments \u00e0 liaisons organiques qui procurent un niveau min\u00e9ral optimal pour la croissance des chiots.<\/p>\n<p><strong>JAMBON<\/strong>Source hypoallerg\u00e9nique de prot\u00e9ines faciles \u00e0 dig\u00e9rer et ayant une saveur excellente.<\/p>\n<\/div>\n<\/div>\n<\/div>\n<\/div>\n","protected":false},"excerpt":{"rendered":"<div class=\"hidden-xs\">\n<div class=\"hidden-xs\">Compl\u00e9ment alimentaire pour chiots.. Friandise \u00e0 p\u00e2te molle.<\/div>\n<p><strong>Jambon enrichi en kelp<\/strong><\/p>\n<\/div>\n","protected":false},"featured_media":14393,"template":"","meta":{"jetpack_publicize_message":"","jetpack_publicize_feature_enabled":true,"jetpack_social_post_already_shared":true,"jetpack_social_options":{"image_generator_settings":{"template":"highway","default_image_id":0,"font":"","enabled":false},"version":2}},"product_brand":[],"product_cat":[26,39],"product_tag":[],"class_list":{"0":"post-14392","1":"product","2":"type-product","3":"status-publish","4":"has-post-thumbnail","6":"product_cat-croquettes","7":"product_cat-friandises-et-pates-pour-chien","9":"first","10":"instock","11":"taxable","12":"shipping-taxable","13":"purchasable","14":"product-type-simple"},"supplier_id":5590,"supplier_sku":"","barcode":null,"atum_controlled":true,"out_stock_date":null,"out_stock_threshold":null,"inheritable":false,"inbound_stock":0,"stock_on_hold":0,"sold_today":0,"sales_last_days":0,"reserved_stock":0,"customer_returns":0,"warehouse_damage":0,"lost_in_post":0,"other_logs":0,"out_stock_days":0,"lost_sales":0,"has_location":false,"update_date":"2026-04-28T12:40:06","atum_locations":[],"atum_stock_status":"instock","restock_status":false,"low_stock_amount":20,"sales_update_date":"2026-04-28T12:40:06","calc_backorders":null,"jetpack_publicize_connections":[],"jetpack_sharing_enabled":true,"batches":[{"id":"839","date_created":"2024-11-15 16:04:42","date_expiry":"2025-10-24 00:00:00","user_id":"2461","batch_number":"BritSnackHamPuppies241025","location":"","quantity":"10.0000","quantity_available":"0.0000","units":"1","status":"archived","order_ids":"[14406,14427,14693,14745,14816,14885,15448,15691,15773,16028,16119,16904,17123,17149,17286,17295,17431,17896,17902,17960,17981,18029,18314,20296,20561,20945,20967,21181,21471]","supplier":"Brit","po":{"id":"816","date_created":"2024-11-15 16:04:43","batch_id":"839","po_number":"","supplier":"Brit","cost":null,"regular_price":null,"sale_price":null,"price_margin":null,"price_discount":null}},{"id":"1673","date_created":"2025-01-18 18:23:23","date_expiry":"2026-03-03 00:00:00","user_id":"2461","batch_number":"BritSnackHamPuppies030326","location":"","quantity":"10.0000","quantity_available":"0.0000","units":"1","status":"archived","order_ids":"[21525,21843,21946,22495,22939,22997,23144,23323,23378]","supplier":"Brit","po":{"id":"1647","date_created":"2025-01-18 18:23:26","batch_id":"1673","po_number":"","supplier":"Brit","cost":null,"regular_price":null,"sale_price":null,"price_margin":null,"price_discount":null}},{"id":"2191","date_created":"2025-02-26 22:18:42","date_expiry":"2026-03-03 00:00:00","user_id":"2461","batch_number":"BritSnackHamPuppies030326","location":"","quantity":"10.0000","quantity_available":"0.0000","units":"1","status":"archived","order_ids":"[23474,23480,23594,24048,24156,24871]","supplier":"Brit","po":{"id":"2160","date_created":"2025-02-26 22:18:45","batch_id":"2191","po_number":"","supplier":"Brit","cost":null,"regular_price":null,"sale_price":null,"price_margin":null,"price_discount":null}},{"id":"4751","date_created":"2025-08-08 11:57:41","date_expiry":"2026-10-29 00:00:00","user_id":"2461","batch_number":"BritSnackHamPuppies291026","location":"","quantity":"30.0000","quantity_available":"0.0000","units":"1","status":"archived","order_ids":"[25612,25784,26296,26342,26351,26645,26715,26719,27685,27773,28135,28305,28991,29034,29125,29482,29817,30053,30669,30923,31099,31167,31647,32001,32598,32623]","supplier":"Brit","po":{"id":"4715","date_created":"2025-08-08 11:57:42","batch_id":"4751","po_number":"","supplier":"Brit","cost":null,"regular_price":null,"sale_price":null,"price_margin":null,"price_discount":null}},{"id":"5809","date_created":"2025-10-18 17:52:59","date_expiry":"2026-11-29 00:00:00","user_id":"2461","batch_number":"BritSnackHamPuppies291126","location":"","quantity":"11.0000","quantity_available":"4.0000","units":"1","status":"active","order_ids":"[32984,33178,33776,34512,34604,34746]","supplier":"Brit","po":{"id":"5758","date_created":"2025-10-18 17:52:59","batch_id":"5809","po_number":"","supplier":"Brit","cost":null,"regular_price":null,"sale_price":null,"price_margin":null,"price_discount":null}},{"id":"7481","date_created":"2026-02-03 00:41:40","date_expiry":"2026-06-30 00:00:00","user_id":"2461","batch_number":"BritSnackHamPuppies300627","location":"","quantity":"20.0000","quantity_available":"0.0000","units":"1","status":"archived","order_ids":"[35016,35378,35555,36558,36815,37460,37542,37743,37918]","supplier":"Brit","po":{"id":"7416","date_created":"2026-02-03 00:41:40","batch_id":"7481","po_number":"","supplier":"Brit","cost":null,"regular_price":null,"sale_price":null,"price_margin":null,"price_discount":null}},{"id":"8080","date_created":"2026-03-05 11:09:01","date_expiry":"2026-06-30 00:00:00","user_id":"2461","batch_number":"BritSnackHamPuppies300627","location":"","quantity":"10.0000","quantity_available":"5.0000","units":"1","status":"active","order_ids":"[38045,38518,39172,39205]","supplier":"Brit","po":{"id":"8018","date_created":"2026-03-05 11:09:02","batch_id":"8080","po_number":"","supplier":"Brit","cost":null,"regular_price":null,"sale_price":null,"price_margin":null,"price_discount":null}},{"id":"8439","date_created":"2026-03-23 15:44:09","date_expiry":"2027-06-30 00:00:00","user_id":"2461","batch_number":"BritSnackHamPuppies0627","location":"","quantity":"10.0000","quantity_available":"10.0000","units":"1","status":"active","order_ids":null,"supplier":"Brit","po":{"id":"8367","date_created":"2026-03-23 15:44:10","batch_id":"8439","po_number":"","supplier":"Brit","cost":null,"regular_price":null,"sale_price":null,"price_margin":null,"price_discount":null}}],"_links":{"self":[{"href":"https:\/\/petworld.ma\/index.php\/wp-json\/wp\/v2\/product\/14392","targetHints":{"allow":["GET"]}}],"collection":[{"href":"https:\/\/petworld.ma\/index.php\/wp-json\/wp\/v2\/product"}],"about":[{"href":"https:\/\/petworld.ma\/index.php\/wp-json\/wp\/v2\/types\/product"}],"wp:featuredmedia":[{"embeddable":true,"href":"https:\/\/petworld.ma\/index.php\/wp-json\/wp\/v2\/media\/14393"}],"wp:attachment":[{"href":"https:\/\/petworld.ma\/index.php\/wp-json\/wp\/v2\/media?parent=14392"}],"wp:term":[{"taxonomy":"product_brand","embeddable":true,"href":"https:\/\/petworld.ma\/index.php\/wp-json\/wp\/v2\/product_brand?post=14392"},{"taxonomy":"product_cat","embeddable":true,"href":"https:\/\/petworld.ma\/index.php\/wp-json\/wp\/v2\/product_cat?post=14392"},{"taxonomy":"product_tag","embeddable":true,"href":"https:\/\/petworld.ma\/index.php\/wp-json\/wp\/v2\/product_tag?post=14392"}],"curies":[{"name":"wp","href":"https:\/\/api.w.org\/{rel}","templated":true}]}}