{"id":14438,"date":"2024-11-16T18:17:45","date_gmt":"2024-11-16T18:17:45","guid":{"rendered":"https:\/\/petworld.ma\/?post_type=product&#038;p=14438"},"modified":"2026-04-22T09:38:04","modified_gmt":"2026-04-22T09:38:04","slug":"brit-care-cat-snack-meaty-salmon-morceaux-de-saumon-50g","status":"publish","type":"product","link":"https:\/\/petworld.ma\/index.php\/produit\/brit-care-cat-snack-meaty-salmon-morceaux-de-saumon-50g\/","title":{"rendered":"Brit Care Cat Snack Meaty Salmon (Morceaux de Saumon) 50g"},"content":{"rendered":"<p>Aliment compl\u00e9mentaire pour chats \u2013 saumon. Irr\u00e9sistible, m\u00eame pour les chats les plus difficiles\u00a0!<\/p>\n<p><b><strong>grain-free pure meat snack<\/strong><\/b><\/p>\n<p class=\"composition\"><strong>Composition:<\/strong><\/p>\n<p>saumon 85,8 %, amidon 5 %, glyc\u00e9rine 3 %, sorbitol 3 %, prot\u00e9ine de pois 3 %, sel 0,2 %.<\/p>\n<p><strong>Composants analytiques:<\/strong><\/p>\n<p>prot\u00e9ines brutes 23\u00a0%, mati\u00e8res grasses brutes 6%, humidit\u00e9 23\u00a0%, cendres brutes 4,5%, fibres brutes 0,3%.<\/p>\n<p><strong>Metabolizable energy:<\/strong><\/p>\n<p>3 160 kcal\/kg<\/p>\n<p>Partagez un moment de bien-\u00eatre et de d\u00e9tente avec votre chat en donnant ces friandises \u00e0 la main comme une r\u00e9compense.<\/p>\n","protected":false},"excerpt":{"rendered":"<div class=\"hidden-xs\">\n<p>Aliment compl\u00e9mentaire pour chats \u2013 saumon. Irr\u00e9sistible, m\u00eame pour les chats les plus difficiles\u00a0!<\/p>\n<p><b><strong>grain-free pure meat snack<\/strong><\/b><\/p>\n<p>Fabriqu\u00e9 dans l\u2019UE<\/p>\n<\/div>\n","protected":false},"featured_media":14439,"template":"","meta":{"jetpack_publicize_message":"","jetpack_publicize_feature_enabled":true,"jetpack_social_post_already_shared":true,"jetpack_social_options":{"image_generator_settings":{"template":"highway","default_image_id":0,"font":"","enabled":false},"version":2}},"product_brand":[],"product_cat":[41],"product_tag":[],"class_list":{"0":"post-14438","1":"product","2":"type-product","3":"status-publish","4":"has-post-thumbnail","6":"product_cat-friandises-et-pate-pour-chat","8":"first","9":"instock","10":"taxable","11":"shipping-taxable","12":"purchasable","13":"product-type-simple"},"supplier_id":5590,"supplier_sku":"","barcode":null,"atum_controlled":true,"out_stock_date":null,"out_stock_threshold":null,"inheritable":false,"inbound_stock":0,"stock_on_hold":0,"sold_today":0,"sales_last_days":0,"reserved_stock":0,"customer_returns":0,"warehouse_damage":0,"lost_in_post":0,"other_logs":0,"out_stock_days":0,"lost_sales":0,"has_location":false,"update_date":"2026-04-29T00:15:45","atum_locations":[],"atum_stock_status":"instock","restock_status":false,"low_stock_amount":12,"sales_update_date":"2026-04-29T00:15:45","calc_backorders":null,"jetpack_publicize_connections":[],"jetpack_sharing_enabled":true,"batches":[{"id":"875","date_created":"2024-11-16 18:32:06","date_expiry":"2025-11-22 00:00:00","user_id":"2760","batch_number":"BritSnackMeatySalmon221125","location":"","quantity":"12.0000","quantity_available":"0.0000","units":"1","status":"archived","order_ids":"[14637,14754,14764,15786,16129,16687,16846,17024,17296,17529,17601,17900]","supplier":"Brit","po":{"id":"849","date_created":"2024-11-16 18:32:08","batch_id":"875","po_number":"","supplier":"Brit","cost":null,"regular_price":null,"sale_price":null,"price_margin":null,"price_discount":null}},{"id":"1341","date_created":"2024-12-20 21:56:33","date_expiry":"2025-11-22 00:00:00","user_id":"2760","batch_number":"BritSnackMeatySalmon221125","location":"","quantity":"8.0000","quantity_available":"0.0000","units":"1","status":"archived","order_ids":"[17939,18325,19246,19854,20008,19997]","supplier":"Brit","po":{"id":"1315","date_created":"2024-12-20 21:56:36","batch_id":"1341","po_number":"","supplier":"Brit","cost":null,"regular_price":null,"sale_price":null,"price_margin":null,"price_discount":null}},{"id":"2327","date_created":"2025-03-08 09:43:56","date_expiry":"2025-11-22 00:00:00","user_id":"2760","batch_number":"BritSnackMeatySalmon221125","location":"","quantity":"10.0000","quantity_available":"0.0000","units":"1","status":"archived","order_ids":"[19997,20023,20427,21069,22273]","supplier":"Brit","po":{"id":"2295","date_created":"2025-03-08 09:43:58","batch_id":"2327","po_number":"","supplier":"Brit","cost":null,"regular_price":null,"sale_price":null,"price_margin":null,"price_discount":null}},{"id":"2492","date_created":"2025-03-26 22:27:25","date_expiry":"2025-11-22 00:00:00","user_id":"2760","batch_number":"BritSnackMeatySalmon221125","location":"","quantity":"10.0000","quantity_available":"0.0000","units":"1","status":"archived","order_ids":"[22883,22994,23238,23670,23734,23869,24304,24905,24932,25228]","supplier":"Brit","po":{"id":"2460","date_created":"2025-03-26 22:27:28","batch_id":"2492","po_number":"","supplier":"Brit","cost":null,"regular_price":null,"sale_price":null,"price_margin":null,"price_discount":null}},{"id":"4708","date_created":"2025-08-07 22:45:22","date_expiry":"2026-03-04 00:00:00","user_id":"2760","batch_number":"BritSnackMeatySalmon040326","location":"","quantity":"10.0000","quantity_available":"0.0000","units":"1","status":"archived","order_ids":"[26493,26909,27734,28667,28921,29358,29662,30027,31656]","supplier":"Brit","po":{"id":"4672","date_created":"2025-08-07 22:45:23","batch_id":"4708","po_number":"","supplier":"Brit","cost":null,"regular_price":null,"sale_price":null,"price_margin":null,"price_discount":null}},{"id":"7440","date_created":"2026-02-02 14:19:45","date_expiry":"2027-01-30 00:00:00","user_id":"2760","batch_number":"BritSnackMeatySalmon300127","location":"","quantity":"10.0000","quantity_available":"3.0000","units":"1","status":"active","order_ids":"[34943,35568,36411,36463,37814,38878,39546]","supplier":" BRIT","po":{"id":"7375","date_created":"2026-02-02 14:19:46","batch_id":"7440","po_number":"","supplier":" BRIT","cost":null,"regular_price":null,"sale_price":null,"price_margin":null,"price_discount":null}},{"id":"8993","date_created":"2026-04-22 09:38:03","date_expiry":"2027-01-30 00:00:00","user_id":"2760","batch_number":"BritSnackMeatySalmon300127","location":"","quantity":"20.0000","quantity_available":"20.0000","units":"1","status":"active","order_ids":null,"supplier":"Brit","po":{"id":"8917","date_created":"2026-04-22 09:38:03","batch_id":"8993","po_number":"","supplier":"Brit","cost":null,"regular_price":null,"sale_price":null,"price_margin":null,"price_discount":null}}],"_links":{"self":[{"href":"https:\/\/petworld.ma\/index.php\/wp-json\/wp\/v2\/product\/14438","targetHints":{"allow":["GET"]}}],"collection":[{"href":"https:\/\/petworld.ma\/index.php\/wp-json\/wp\/v2\/product"}],"about":[{"href":"https:\/\/petworld.ma\/index.php\/wp-json\/wp\/v2\/types\/product"}],"wp:featuredmedia":[{"embeddable":true,"href":"https:\/\/petworld.ma\/index.php\/wp-json\/wp\/v2\/media\/14439"}],"wp:attachment":[{"href":"https:\/\/petworld.ma\/index.php\/wp-json\/wp\/v2\/media?parent=14438"}],"wp:term":[{"taxonomy":"product_brand","embeddable":true,"href":"https:\/\/petworld.ma\/index.php\/wp-json\/wp\/v2\/product_brand?post=14438"},{"taxonomy":"product_cat","embeddable":true,"href":"https:\/\/petworld.ma\/index.php\/wp-json\/wp\/v2\/product_cat?post=14438"},{"taxonomy":"product_tag","embeddable":true,"href":"https:\/\/petworld.ma\/index.php\/wp-json\/wp\/v2\/product_tag?post=14438"}],"curies":[{"name":"wp","href":"https:\/\/api.w.org\/{rel}","templated":true}]}}