{"id":14445,"date":"2024-11-16T18:45:44","date_gmt":"2024-11-16T18:45:44","guid":{"rendered":"https:\/\/petworld.ma\/?post_type=product&#038;p=14445"},"modified":"2026-05-03T13:25:44","modified_gmt":"2026-05-03T13:25:44","slug":"brit-care-superfruits-salmon-saumon-100g","status":"publish","type":"product","link":"https:\/\/petworld.ma\/index.php\/produit\/brit-care-superfruits-salmon-saumon-100g\/","title":{"rendered":"Brit Care Superfruits Salmon (Saumon) 100g"},"content":{"rendered":"<div class=\"hidden-xs\">\n<p>Shake Shake Superfruits<\/p>\n<p>Aliment compl\u00e9mentaire pour chats st\u00e9rilis\u00e9s<\/p>\n<p><b><strong>Friandises croustillantes au saumon et aux SUPERFRUITS \u2013 cynorhodon et airelles<\/strong><\/b><\/p>\n<p>Des friandises croustillantes \u00e0 agiter auxquelles les chats st\u00e9rilis\u00e9s ne peuvent r\u00e9sister.<\/p>\n<p><b><strong>Take and shake<\/strong><\/b><\/p>\n<p><b><strong>grain-free<\/strong><\/b><\/p>\n<p>Fabriqu\u00e9 dans l\u2019UE<\/p>\n<p class=\"composition\"><strong>Composition:<\/strong><\/p>\n<p><span lang=\"FR\">farine de saumon d\u00e9shydrat\u00e9 (40\u00a0%), pois jaunes, prot\u00e9ines de poulet hydrolys\u00e9es (8\u00a0%), patates douces, graisse de poulet \u2013 conserv\u00e9e par des tocoph\u00e9rols (6\u00a0%), amidon de tapioca, airelles (4\u00a0%), cynorhodon (4\u00a0%), foie de poulet hydrolys\u00e9, huile de saumon (2\u00a0%), graine de lin (1\u00a0%), chlorure de sodium<\/span><\/p>\n<p><strong>Composants analytiques:<\/strong><\/p>\n<p><span lang=\"FR\">prot\u00e9ine brute 35\u00a0%, teneur en mati\u00e8res grasses 12\u00a0%, humidit\u00e9 10\u00a0%, cendres brutes 8,8\u00a0%, cellulose brute 2\u00a0%, calcium 1,2\u00a0%, phosphore 1\u00a0%, sodium 1,2\u00a0%<\/span><\/p>\n<p><strong>Metabolizable energy:<\/strong><\/p>\n<p>3 600 kcal\/kg<\/p>\n<p>&nbsp;<\/p>\n<\/div>\n","protected":false},"excerpt":{"rendered":"<p style=\"font-weight: 400\"><b><strong>Friandises croustillantes au saumon et aux SUPERFRUITS \u2013 cynorhodon et airelles<\/strong><\/b><\/p>\n","protected":false},"featured_media":14447,"template":"","meta":{"jetpack_publicize_message":"","jetpack_publicize_feature_enabled":true,"jetpack_social_post_already_shared":true,"jetpack_social_options":{"image_generator_settings":{"template":"highway","default_image_id":0,"font":"","enabled":false},"version":2}},"product_brand":[],"product_cat":[41],"product_tag":[],"class_list":{"0":"post-14445","1":"product","2":"type-product","3":"status-publish","4":"has-post-thumbnail","6":"product_cat-friandises-et-pate-pour-chat","8":"first","9":"instock","10":"taxable","11":"shipping-taxable","12":"purchasable","13":"product-type-simple"},"supplier_id":5590,"supplier_sku":"","barcode":null,"atum_controlled":true,"out_stock_date":null,"out_stock_threshold":null,"inheritable":false,"inbound_stock":0,"stock_on_hold":1,"sold_today":0,"sales_last_days":2,"reserved_stock":0,"customer_returns":0,"warehouse_damage":0,"lost_in_post":0,"other_logs":0,"out_stock_days":0,"lost_sales":0,"has_location":false,"update_date":"2026-05-07T00:16:43","atum_locations":[],"atum_stock_status":"instock","restock_status":false,"low_stock_amount":12,"sales_update_date":"2026-05-07T00:16:43","calc_backorders":null,"jetpack_publicize_connections":[],"jetpack_sharing_enabled":true,"batches":[{"id":"878","date_created":"2024-11-16 18:52:25","date_expiry":"2026-01-12 00:00:00","user_id":"2461","batch_number":"BritSuperFruitsSalmon120126","location":"","quantity":"6.0000","quantity_available":"0.0000","units":"1","status":"archived","order_ids":"[14562,14572,14608,14705,14759,14894,15025,15056,15141,15974,16165,16720,17013,17907,18148,18441]","supplier":"Brit","po":{"id":"852","date_created":"2024-11-16 18:52:26","batch_id":"878","po_number":"","supplier":"Brit","cost":null,"regular_price":null,"sale_price":null,"price_margin":null,"price_discount":null}},{"id":"1443","date_created":"2024-12-31 21:37:59","date_expiry":"2026-05-05 00:00:00","user_id":"2461","batch_number":"BritSuperFruitsSalmon050526","location":"","quantity":"6.0000","quantity_available":"0.0000","units":"1","status":"archived","order_ids":"[18524,19753,19854,21005,21514,21627]","supplier":"Brit","po":{"id":"1416","date_created":"2024-12-31 21:38:02","batch_id":"1443","po_number":"","supplier":"Brit","cost":null,"regular_price":null,"sale_price":null,"price_margin":null,"price_discount":null}},{"id":"2192","date_created":"2025-02-26 22:23:33","date_expiry":"2026-05-05 00:00:00","user_id":"2461","batch_number":"BritSuperFruitsSalmon050526","location":"","quantity":"6.0000","quantity_available":"0.0000","units":"1","status":"archived","order_ids":"[22428,22924,25215,25247,25459,26757]","supplier":"Brit","po":{"id":"2161","date_created":"2025-02-26 22:23:36","batch_id":"2192","po_number":"","supplier":"Brit","cost":null,"regular_price":null,"sale_price":null,"price_margin":null,"price_discount":null}},{"id":"2495","date_created":"2025-03-26 22:36:22","date_expiry":"2026-05-05 00:00:00","user_id":"2461","batch_number":"BritSuperFruitsSalmon050526","location":"","quantity":"6.0000","quantity_available":"0.0000","units":"1","status":"archived","order_ids":"[27282,27460,28322,29096,29245,29823]","supplier":"Brit","po":{"id":"2463","date_created":"2025-03-26 22:36:25","batch_id":"2495","po_number":"","supplier":"Brit","cost":null,"regular_price":null,"sale_price":null,"price_margin":null,"price_discount":null}},{"id":"3818","date_created":"2025-06-04 20:51:54","date_expiry":"2026-04-30 00:00:00","user_id":"2461","batch_number":"BritSuperFruitsSalmon300426","location":"","quantity":"6.0000","quantity_available":"0.0000","units":"1","status":"archived","order_ids":"[22994,23333,23734,23796,24135]","supplier":"Brit","po":{"id":"3783","date_created":"2025-06-04 20:51:55","batch_id":"3818","po_number":"","supplier":"Brit","cost":null,"regular_price":null,"sale_price":null,"price_margin":null,"price_discount":null}},{"id":"4712","date_created":"2025-08-07 22:53:23","date_expiry":"2026-12-12 00:00:00","user_id":"2461","batch_number":"BritSuperFruitsSalmon121226","location":"","quantity":"6.0000","quantity_available":"0.0000","units":"1","status":"archived","order_ids":"[29992,30717,30897,30907]","supplier":"BRIT","po":{"id":"4676","date_created":"2025-08-07 22:53:24","batch_id":"4712","po_number":"","supplier":"BRIT","cost":null,"regular_price":null,"sale_price":null,"price_margin":null,"price_discount":null}},{"id":"5816","date_created":"2025-10-20 11:01:44","date_expiry":"2026-05-11 00:00:00","user_id":"2461","batch_number":"BritSuperFruitsSalmon110526","location":"","quantity":"6.0000","quantity_available":"0.0000","units":"1","status":"archived","order_ids":"[31849,31970,32120,32580,32852,33202]","supplier":"brit","po":{"id":"5765","date_created":"2025-10-20 11:01:45","batch_id":"5816","po_number":"","supplier":"brit","cost":null,"regular_price":null,"sale_price":null,"price_margin":null,"price_discount":null}},{"id":"6770","date_created":"2025-12-20 09:41:03","date_expiry":"2027-02-21 00:00:00","user_id":"2461","batch_number":"BritSuperFruitsSalmon210227","location":"","quantity":"5.0000","quantity_available":"0.0000","units":"1","status":"archived","order_ids":"[33202,34993,36830]","supplier":"brit","po":{"id":"6716","date_created":"2025-12-20 09:41:04","batch_id":"6770","po_number":"","supplier":"brit","cost":null,"regular_price":null,"sale_price":null,"price_margin":null,"price_discount":null}},{"id":"7442","date_created":"2026-02-02 14:22:59","date_expiry":"2027-06-30 00:00:00","user_id":"2461","batch_number":"BritSuperFruitsSalmon300627","location":"","quantity":"6.0000","quantity_available":"0.0000","units":"1","status":"archived","order_ids":"[35001,35351,35600,35902,36128]","supplier":"brit","po":{"id":"7377","date_created":"2026-02-02 14:22:59","batch_id":"7442","po_number":"","supplier":"brit","cost":null,"regular_price":null,"sale_price":null,"price_margin":null,"price_discount":null}},{"id":"8081","date_created":"2026-03-05 11:09:43","date_expiry":"2027-06-30 00:00:00","user_id":"2461","batch_number":"BritSuperFruitsSalmon300627","location":"","quantity":"6.0000","quantity_available":"0.0000","units":"1","status":"archived","order_ids":"[37249,37992,38499,38500,38936]","supplier":"brit","po":{"id":"8019","date_created":"2026-03-05 11:09:44","batch_id":"8081","po_number":"","supplier":"brit","cost":null,"regular_price":null,"sale_price":null,"price_margin":null,"price_discount":null}},{"id":"8443","date_created":"2026-03-23 15:50:44","date_expiry":"2027-06-30 00:00:00","user_id":"2461","batch_number":"BritSuperFruitsSalmon300627","location":"","quantity":"6.0000","quantity_available":"2.0000","units":"1","status":"active","order_ids":"[39418,40510,40943,41268]","supplier":"Brit","po":{"id":"8371","date_created":"2026-03-23 15:50:44","batch_id":"8443","po_number":"","supplier":"Brit","cost":null,"regular_price":null,"sale_price":null,"price_margin":null,"price_discount":null}}],"_links":{"self":[{"href":"https:\/\/petworld.ma\/index.php\/wp-json\/wp\/v2\/product\/14445","targetHints":{"allow":["GET"]}}],"collection":[{"href":"https:\/\/petworld.ma\/index.php\/wp-json\/wp\/v2\/product"}],"about":[{"href":"https:\/\/petworld.ma\/index.php\/wp-json\/wp\/v2\/types\/product"}],"wp:featuredmedia":[{"embeddable":true,"href":"https:\/\/petworld.ma\/index.php\/wp-json\/wp\/v2\/media\/14447"}],"wp:attachment":[{"href":"https:\/\/petworld.ma\/index.php\/wp-json\/wp\/v2\/media?parent=14445"}],"wp:term":[{"taxonomy":"product_brand","embeddable":true,"href":"https:\/\/petworld.ma\/index.php\/wp-json\/wp\/v2\/product_brand?post=14445"},{"taxonomy":"product_cat","embeddable":true,"href":"https:\/\/petworld.ma\/index.php\/wp-json\/wp\/v2\/product_cat?post=14445"},{"taxonomy":"product_tag","embeddable":true,"href":"https:\/\/petworld.ma\/index.php\/wp-json\/wp\/v2\/product_tag?post=14445"}],"curies":[{"name":"wp","href":"https:\/\/api.w.org\/{rel}","templated":true}]}}