{"id":14450,"date":"2024-11-16T19:00:53","date_gmt":"2024-11-16T19:00:53","guid":{"rendered":"https:\/\/petworld.ma\/?post_type=product&#038;p=14450"},"modified":"2026-05-07T12:56:38","modified_gmt":"2026-05-07T12:56:38","slug":"brit-dental-stick-calm-with-hemp-motherwort-chanvre-et-agripaume","status":"publish","type":"product","link":"https:\/\/petworld.ma\/index.php\/produit\/brit-dental-stick-calm-with-hemp-motherwort-chanvre-et-agripaume\/","title":{"rendered":"Brit Dental Stick Calm with Hemp And Motherwort\u200b (Chanvre et Agripaume\u200b)"},"content":{"rendered":"<p class=\"p1\">Une friandise \u00e0 m\u00e2cher pour prendre soin de votre animal au quotidien. Aliment compl\u00e9mentaire pour chiens.<span class=\"Apple-converted-space\">\u00a0<\/span><\/p>\n<p class=\"p1\">Bien-\u00eatre et soulagement du stress<\/p>\n<ul class=\"ul1\">\n<li class=\"li1\">Menthe \u2013 propri\u00e9t\u00e9s anti-microbiennes et haleine fra\u00eeche<span class=\"Apple-converted-space\">\u00a0 \u00a0<\/span><\/li>\n<li class=\"li1\">Chanvre et L-tryptophane \u2013 un soulagement naturel contre le stress et des effets relaxants\u00a0<span class=\"Apple-converted-space\">\u00a0<\/span><\/li>\n<li class=\"li1\">Agripaume \u2013 cardioprotecteur, effet anti-stress\u00a0<span class=\"Apple-converted-space\">\u00a0<\/span><\/li>\n<li class=\"li1\">Camomille \u2013 une source d\u2019antioxydants\u00a0<span class=\"Apple-converted-space\">\u00a0<\/span><\/li>\n<li class=\"li1\">SHMP \u2013 pour avoir des dents saines et pr\u00e9venir la formation du tartre<\/li>\n<li class=\"li1\">Sans gluten, sans OGM, sans colorants<\/li>\n<\/ul>\n<p class=\"p1\">Conditionnement : 7 friandises.<\/p>\n<p class=\"composition\"><strong>Composition:<\/strong><\/p>\n<p class=\"p1\">farine d\u2019avoine, glyc\u00e9rol v\u00e9g\u00e9tal (14 %), amidon de pommes de terre (10 %), levures hydrolys\u00e9es (5 %), farine de chanvre (4 %), lignocellulose (3 %), m\u00e9lasse (3 %), camomille s\u00e9ch\u00e9e (2 %), agripaume s\u00e9ch\u00e9e (1 %), menthe s\u00e9ch\u00e9e (0,5 %), hexam\u00e9taphosphate de sodium (0,3 %).<span class=\"Apple-converted-space\">\u00a0<\/span><\/p>\n<p><strong>Composants analytiques:<\/strong><\/p>\n<p class=\"p1\">prot\u00e9ine brute 9,0 %, mati\u00e8res grasses brutes 3,5 %, cendres brutes 2,4 %, cellulose brute 4,1\u00a0%, humidit\u00e9 17,0\u00a0%, calcium 0,1\u00a0%, phosphore 0,2\u00a0%, sodium 0,05\u00a0%.<span class=\"Apple-converted-space\">\u00a0<\/span><\/p>\n<p><strong>Ingr\u00e9dients:<\/strong><\/p>\n<p class=\"p1\">vitamine C (3a312) 35 mg, L-tryptophane (3c440) 2000 mg.<span class=\"Apple-converted-space\">\u00a0<\/span><\/p>\n<p><strong>Metabolizable energy:<\/strong><\/p>\n<p>3,010 kcal\/kg<\/p>\n","protected":false},"excerpt":{"rendered":"<p class=\"p1\">Une friandise \u00e0 m\u00e2cher pour prendre soin de votre animal au quotidien. Aliment compl\u00e9mentaire pour chiens.<span class=\"Apple-converted-space\">\u00a0<\/span><\/p>\n<p class=\"p1\">Bien-\u00eatre et soulagement du stress<\/p>\n","protected":false},"featured_media":14451,"template":"","meta":{"jetpack_publicize_message":"","jetpack_publicize_feature_enabled":true,"jetpack_social_post_already_shared":true,"jetpack_social_options":{"image_generator_settings":{"template":"highway","default_image_id":0,"font":"","enabled":false},"version":2}},"product_brand":[],"product_cat":[217,39],"product_tag":[],"class_list":{"0":"post-14450","1":"product","2":"type-product","3":"status-publish","4":"has-post-thumbnail","6":"product_cat-dentifrice-soin-buccal-hygiene-et-soins","7":"product_cat-friandises-et-pates-pour-chien","9":"first","10":"instock","11":"taxable","12":"shipping-taxable","13":"purchasable","14":"product-type-simple"},"supplier_id":5590,"supplier_sku":"","barcode":null,"atum_controlled":true,"out_stock_date":null,"out_stock_threshold":null,"inheritable":false,"inbound_stock":0,"stock_on_hold":2,"sold_today":0,"sales_last_days":2,"reserved_stock":0,"customer_returns":0,"warehouse_damage":0,"lost_in_post":0,"other_logs":0,"out_stock_days":0,"lost_sales":0,"has_location":false,"update_date":"2026-05-10T00:22:43","atum_locations":[],"atum_stock_status":"instock","restock_status":false,"low_stock_amount":10,"sales_update_date":"2026-05-10T00:22:43","calc_backorders":null,"jetpack_publicize_connections":[],"jetpack_sharing_enabled":true,"batches":[{"id":"880","date_created":"2024-11-16 19:07:26","date_expiry":"2025-11-16 00:00:00","user_id":"2760","batch_number":"BritDentalStickCalm161125","location":"","quantity":"10.0000","quantity_available":"0.0000","units":"1","status":"archived","order_ids":"[14475,17771,17803]","supplier":"Brit","po":{"id":"854","date_created":"2024-11-16 19:07:26","batch_id":"880","po_number":"","supplier":"Brit","cost":null,"regular_price":null,"sale_price":null,"price_margin":null,"price_discount":null}},{"id":"966","date_created":"2024-11-28 19:07:52","date_expiry":"2025-07-21 00:00:00","user_id":"2760","batch_number":"BritDentalStickCalm210725","location":"","quantity":"12.0000","quantity_available":"0.0000","units":"1","status":"archived","order_ids":"[14966,15065,15848,15939,16079,16706,17219,17336,17733,17771]","supplier":"Brit","po":{"id":"944","date_created":"2024-11-28 19:07:52","batch_id":"966","po_number":"","supplier":"Brit","cost":null,"regular_price":null,"sale_price":null,"price_margin":null,"price_discount":null}},{"id":"1961","date_created":"2025-02-11 21:58:26","date_expiry":"2026-05-30 00:00:00","user_id":"2760","batch_number":"BritDentalStickCalm300526NEW","location":"","quantity":"20.0000","quantity_available":"0.0000","units":"1","status":"archived","order_ids":"[17902,17981,18208,18293,18914,18978,19070,19106,19474,22185,22241,22379,22526,22637,22951,23559,23790,24134,24810]","supplier":"BRIT","po":{"id":"1933","date_created":"2025-02-11 21:58:29","batch_id":"1961","po_number":"","supplier":"BRIT","cost":null,"regular_price":null,"sale_price":null,"price_margin":null,"price_discount":null}},{"id":"2501","date_created":"2025-03-26 22:50:12","date_expiry":"2026-05-30 00:00:00","user_id":"2760","batch_number":"BritDentalStickCalm300526NEW","location":"","quantity":"10.0000","quantity_available":"0.0000","units":"1","status":"archived","order_ids":"[19690,19753,20409,20479,21162,21301,21905,22007]","supplier":"BRIT","po":{"id":"2469","date_created":"2025-03-26 22:50:15","batch_id":"2501","po_number":"","supplier":"BRIT","cost":null,"regular_price":null,"sale_price":null,"price_margin":null,"price_discount":null}},{"id":"4755","date_created":"2025-08-08 12:03:31","date_expiry":"2026-12-16 00:00:00","user_id":"2760","batch_number":"BritDentalStickCalm161226NEW","location":"","quantity":"10.0000","quantity_available":"0.0000","units":"1","status":"archived","order_ids":"[27168,30522,30723,30939,31250,31828,32623,33596,33613]","supplier":"Brit","po":{"id":"4719","date_created":"2025-08-08 12:03:32","batch_id":"4755","po_number":"","supplier":"Brit","cost":null,"regular_price":null,"sale_price":null,"price_margin":null,"price_discount":null}},{"id":"7483","date_created":"2026-02-03 00:46:34","date_expiry":"2027-05-31 00:00:00","user_id":"2760","batch_number":"BritDentalStickCalm310527NEW","location":"","quantity":"10.0000","quantity_available":"0.0000","units":"1","status":"archived","order_ids":"[36048,36190,36924,37109,37708,37908,38089,38751,38831]","supplier":"Brit","po":{"id":"7418","date_created":"2026-02-03 00:46:36","batch_id":"7483","po_number":"","supplier":"Brit","cost":null,"regular_price":null,"sale_price":null,"price_margin":null,"price_discount":null}},{"id":"8735","date_created":"2026-04-05 13:18:20","date_expiry":"2027-08-31 00:00:00","user_id":"2760","batch_number":"BritDentalStickCalm310827NEW","location":"","quantity":"9.0000","quantity_available":"0.0000","units":"1","status":"archived","order_ids":"[39756,39763]","supplier":"Brit","po":{"id":"8662","date_created":"2026-04-05 13:18:20","batch_id":"8735","po_number":"","supplier":"Brit","cost":null,"regular_price":null,"sale_price":null,"price_margin":null,"price_discount":null}},{"id":"8984","date_created":"2026-04-21 09:36:38","date_expiry":"2027-08-31 00:00:00","user_id":"2760","batch_number":"BritDentalStickCalm310827NEW","location":"","quantity":"10.0000","quantity_available":"6.0000","units":"1","status":"active","order_ids":"[40389,41243,41275,41525]","supplier":"Brit","po":{"id":"8908","date_created":"2026-04-21 09:36:38","batch_id":"8984","po_number":"","supplier":"Brit","cost":null,"regular_price":null,"sale_price":null,"price_margin":null,"price_discount":null}}],"_links":{"self":[{"href":"https:\/\/petworld.ma\/index.php\/wp-json\/wp\/v2\/product\/14450","targetHints":{"allow":["GET"]}}],"collection":[{"href":"https:\/\/petworld.ma\/index.php\/wp-json\/wp\/v2\/product"}],"about":[{"href":"https:\/\/petworld.ma\/index.php\/wp-json\/wp\/v2\/types\/product"}],"wp:featuredmedia":[{"embeddable":true,"href":"https:\/\/petworld.ma\/index.php\/wp-json\/wp\/v2\/media\/14451"}],"wp:attachment":[{"href":"https:\/\/petworld.ma\/index.php\/wp-json\/wp\/v2\/media?parent=14450"}],"wp:term":[{"taxonomy":"product_brand","embeddable":true,"href":"https:\/\/petworld.ma\/index.php\/wp-json\/wp\/v2\/product_brand?post=14450"},{"taxonomy":"product_cat","embeddable":true,"href":"https:\/\/petworld.ma\/index.php\/wp-json\/wp\/v2\/product_cat?post=14450"},{"taxonomy":"product_tag","embeddable":true,"href":"https:\/\/petworld.ma\/index.php\/wp-json\/wp\/v2\/product_tag?post=14450"}],"curies":[{"name":"wp","href":"https:\/\/api.w.org\/{rel}","templated":true}]}}