{"id":14490,"date":"2024-11-18T11:36:08","date_gmt":"2024-11-18T11:36:08","guid":{"rendered":"https:\/\/petworld.ma\/?post_type=product&#038;p=14490"},"modified":"2026-05-12T12:04:08","modified_gmt":"2026-05-12T12:04:08","slug":"brit-pate-and-meat-duck-canard-400g","status":"publish","type":"product","link":"https:\/\/petworld.ma\/index.php\/produit\/brit-pate-and-meat-duck-canard-400g\/","title":{"rendered":"Brit Pat\u00e9 and Meat &#8211; Duck (Canard) 400g"},"content":{"rendered":"<div class=\"hidden-xs\">\n<div class=\"hidden-xs\">\n<p>Canard et poulet 70 % + p\u00e2t\u00e9 de viande pure. Aliment complet pour chiens.<\/p>\n<\/div>\n<ul>\n<li>De vrais morceaux de viande et d&rsquo;abats en p\u00e2t\u00e9.<\/li>\n<li>Gr\u00e2ce \u00e0 sa haute teneur en viande de haute qualit\u00e9 et \u00e0 son traitement respectueux, le produit est particuli\u00e8rement savoureux. M\u00eame les plus grands gourmets canins se r\u00e9galeront de cette d\u00e9licieuse association de vrais morceaux de viande et d&rsquo;abats en p\u00e2t\u00e9.<\/li>\n<li>Le Brit Pat\u00e9 &amp; Meat est aussi un compl\u00e9ment id\u00e9al de croquettes. Il permet d&rsquo;am\u00e9liorer l&rsquo;app\u00e9tit et apporte un suppl\u00e9ment d&rsquo;eau.<\/li>\n<li>SANS C\u00c9R\u00c9ALES &#8211; SANS SOJA &#8211; SANS OGM<\/li>\n<\/ul>\n<div class=\"box-detail product-wrap\" data-eec-key=\"event\" data-eec-value=\"eec.detail\" data-eec-active=\"\">\n<div data-eec-key=\"ecommerce.detail.actionField.list\" data-eec-value=\"Product detail\" data-eec-active=\"\">\n<div class=\"row\" data-eec-key=\"ecommerce.detail.products[&quot;267349&quot;]\" data-eec-value=\"{&quot;id&quot;:&quot;267349&quot;,&quot;name&quot;:&quot;BRIT PAT\\u00c9 &amp; MEAT - DUCK&quot;,&quot;category&quot;:&quot;Dogs\\\/Cans&quot;,&quot;brand&quot;:&quot;Brit Pat\\u00e9 &amp; Meat&quot;}\" data-eec-type=\"json\" data-eec-active=\"\">\n<div class=\"col-sm-8\">\n<p class=\"composition\"><strong>Composition:<\/strong>\u00a0poulet 44% (viande et organes), canard 26% (viande et organes), amidon de pois 3 %, fibres de pois 1 %, huile de saumon 0,5 %.<\/p>\n<p><strong>Composants analytiques:<\/strong>\u00a0prot\u00e9ine brute 9%, graisse brute 6%, cendres brutes 3%, humidit\u00e9 78%, cellulose brute 0,5%, calcium 0,1 %, phosphore 0,3 %, sodium 0,2 %.<\/p>\n<p><strong>Ingr\u00e9dients:<\/strong>\u00a0vitamine D3 (3a671) 250 UI, vitamine E (3a700) 100 mg, zinc (3b606) 15 mg, fer (3b106) 10 mg, mangan\u00e8se (3b504) 3 mg, iodure de potassium (3b201) 0,75 mg, cuivre (3b406) 0,5 mg, biotine (3a880) 0,2 mg. Additifs technologiques par kg : gomme de caroube (E410) 5000 mg.<\/p>\n<p><strong>Metabolizable energy:<\/strong>\u00a01,029 kcal\/kg<\/p>\n<\/div>\n<\/div>\n<\/div>\n<\/div>\n<\/div>\n","protected":false},"excerpt":{"rendered":"<p>Canard et poulet 70 % + p\u00e2t\u00e9 de viande pure. Aliment complet pour chiens. De vrais morceaux de viande et d&rsquo;abats en p\u00e2t\u00e9. Gr\u00e2ce \u00e0 sa haute teneur en viande de haute qualit\u00e9 et \u00e0 son traitement respectueux, le produit est particuli\u00e8rement savoureux. M\u00eame les plus grands gourmets canins se r\u00e9galeront de cette d\u00e9licieuse association [&#8230;]\n","protected":false},"featured_media":14491,"template":"","meta":{"jetpack_publicize_message":"","jetpack_publicize_feature_enabled":true,"jetpack_social_post_already_shared":true,"jetpack_social_options":{"image_generator_settings":{"template":"highway","default_image_id":0,"font":"","enabled":false},"version":2}},"product_brand":[],"product_cat":[26,39],"product_tag":[],"class_list":{"0":"post-14490","1":"product","2":"type-product","3":"status-publish","4":"has-post-thumbnail","6":"product_cat-croquettes","7":"product_cat-friandises-et-pates-pour-chien","9":"first","10":"instock","11":"taxable","12":"shipping-taxable","13":"purchasable","14":"product-type-simple"},"supplier_id":5590,"supplier_sku":"","barcode":null,"atum_controlled":true,"out_stock_date":null,"out_stock_threshold":null,"inheritable":false,"inbound_stock":0,"stock_on_hold":0,"sold_today":0,"sales_last_days":2,"reserved_stock":0,"customer_returns":0,"warehouse_damage":0,"lost_in_post":0,"other_logs":0,"out_stock_days":0,"lost_sales":0,"has_location":false,"update_date":"2026-05-13T16:35:30","atum_locations":[],"atum_stock_status":"instock","restock_status":false,"low_stock_amount":12,"sales_update_date":"2026-05-13T16:35:30","calc_backorders":null,"jetpack_publicize_connections":[],"jetpack_sharing_enabled":true,"batches":[{"id":"883","date_created":"2024-11-18 11:41:38","date_expiry":"2027-08-02 00:00:00","user_id":"2760","batch_number":"BritPateDuck020827","location":"","quantity":"6.0000","quantity_available":"0.0000","units":"1","status":"archived","order_ids":"[14572,15948,16833,20365,20479,20512,21636,21946,22061,25432,26454,27000,27768]","supplier":"Brit","po":{"id":"857","date_created":"2024-11-18 11:41:38","batch_id":"883","po_number":"","supplier":"Brit","cost":null,"regular_price":null,"sale_price":null,"price_margin":null,"price_discount":null}},{"id":"3858","date_created":"2025-06-05 08:58:49","date_expiry":"2027-11-19 00:00:00","user_id":"2760","batch_number":"BritPateDuck191127","location":"","quantity":"12.0000","quantity_available":"0.0000","units":"1","status":"archived","order_ids":"[30891]","supplier":"Brit","po":{"id":"3822","date_created":"2025-06-05 08:58:50","batch_id":"3858","po_number":"","supplier":"Brit","cost":null,"regular_price":null,"sale_price":null,"price_margin":null,"price_discount":null}},{"id":"4772","date_created":"2025-08-08 14:38:28","date_expiry":"2027-11-19 00:00:00","user_id":"2760","batch_number":"BritPateDuck191127","location":"","quantity":"6.0000","quantity_available":"0.0000","units":"1","status":"archived","order_ids":"[28262,30891]","supplier":" BRIT","po":{"id":"4736","date_created":"2025-08-08 14:38:30","batch_id":"4772","po_number":"","supplier":" BRIT","cost":null,"regular_price":null,"sale_price":null,"price_margin":null,"price_discount":null}},{"id":"6593","date_created":"2025-12-09 17:34:26","date_expiry":"2028-10-30 00:00:00","user_id":"2760","batch_number":"BritPateDuck301028","location":"","quantity":"16.0000","quantity_available":"7.0000","units":"1","status":"active","order_ids":"[32984,34255,38582,39011,41364,41791]","supplier":" BRIT","po":{"id":"6538","date_created":"2025-12-09 17:34:26","batch_id":"6593","po_number":"","supplier":" BRIT","cost":null,"regular_price":null,"sale_price":null,"price_margin":null,"price_discount":null}},{"id":"7495","date_created":"2026-02-03 23:18:39","date_expiry":"2028-12-30 00:00:00","user_id":"2760","batch_number":"BritPateDuck301228","location":"","quantity":"6.0000","quantity_available":"6.0000","units":"1","status":"active","order_ids":null,"supplier":"BRIT","po":{"id":"7430","date_created":"2026-02-03 23:18:40","batch_id":"7495","po_number":"","supplier":"BRIT","cost":null,"regular_price":null,"sale_price":null,"price_margin":null,"price_discount":null}}],"_links":{"self":[{"href":"https:\/\/petworld.ma\/index.php\/wp-json\/wp\/v2\/product\/14490","targetHints":{"allow":["GET"]}}],"collection":[{"href":"https:\/\/petworld.ma\/index.php\/wp-json\/wp\/v2\/product"}],"about":[{"href":"https:\/\/petworld.ma\/index.php\/wp-json\/wp\/v2\/types\/product"}],"wp:featuredmedia":[{"embeddable":true,"href":"https:\/\/petworld.ma\/index.php\/wp-json\/wp\/v2\/media\/14491"}],"wp:attachment":[{"href":"https:\/\/petworld.ma\/index.php\/wp-json\/wp\/v2\/media?parent=14490"}],"wp:term":[{"taxonomy":"product_brand","embeddable":true,"href":"https:\/\/petworld.ma\/index.php\/wp-json\/wp\/v2\/product_brand?post=14490"},{"taxonomy":"product_cat","embeddable":true,"href":"https:\/\/petworld.ma\/index.php\/wp-json\/wp\/v2\/product_cat?post=14490"},{"taxonomy":"product_tag","embeddable":true,"href":"https:\/\/petworld.ma\/index.php\/wp-json\/wp\/v2\/product_tag?post=14490"}],"curies":[{"name":"wp","href":"https:\/\/api.w.org\/{rel}","templated":true}]}}