{"id":14502,"date":"2024-11-18T12:05:00","date_gmt":"2024-11-18T12:05:00","guid":{"rendered":"https:\/\/petworld.ma\/?post_type=product&#038;p=14502"},"modified":"2026-05-13T10:46:19","modified_gmt":"2026-05-13T10:46:19","slug":"brit-meat-jerky-snack-canard-protein-bar-80g","status":"publish","type":"product","link":"https:\/\/petworld.ma\/index.php\/produit\/brit-meat-jerky-snack-canard-protein-bar-80g\/","title":{"rendered":"Brit Meat Jerky Snack\u2013 Canard Protein bar (80g)"},"content":{"rendered":"<div class=\"hidden-xs\">\n<p><img loading=\"lazy\" decoding=\"async\" class=\"\" src=\"https:\/\/brit-petfood.com\/file\/nodes\/icon-made-in-eu.png\" width=\"88\" height=\"87\" \/><\/p>\n<div class=\"hidden-xs\">Compl\u00e9ment alimentaire pour chiens adultes.<\/div>\n<ul>\n<li>85 % de v\u00e9ritable viande de canard et de poulet \u2013 une excellente source de prot\u00e9ines de haute qualit\u00e9<\/li>\n<li>Enrichi en membranes de coquilles d\u2019\u0153ufs favorisant le bon fonctionnement des articulations<\/li>\n<li>Un go\u00fbt irr\u00e9sistible<\/li>\n<li>Contient uniquement des antioxydants naturels : extrait de romarin<\/li>\n<li>Sans c\u00e9r\u00e9ales &#8211; Sans colorant &#8211; Sans sucre &#8211; Sans OGM &#8211; Fabriqu\u00e9 en UE<\/li>\n<li>Fabriqu\u00e9 dans l\u2019UE<\/li>\n<\/ul>\n<p class=\"composition\"><strong>Composition:<\/strong><\/p>\n<p>poulet (59 %), canard (26 %), glyc\u00e9rine d&rsquo;origine v\u00e9g\u00e9tale, lignocellulose, chlorure de sodium, membranes de coquilles d&rsquo;\u0153ufs (100 mg\/kg).<\/p>\n<p><strong>Composants analytiques:<\/strong>\u00a0prot\u00e9ine brute 31 %, teneur en mati\u00e8res grasses 26 %, humidit\u00e9 18 %, cendres brutes 6,5 %, cellulose brute 2 %. Antioxydants naturels : extrait de romarin et extraits de tocoph\u00e9rols tir\u00e9s d&rsquo;huiles v\u00e9g\u00e9tales (1b306(i)).<\/p>\n<p><strong>Metabolizable energy:<\/strong>\u00a04,080 kcal\/kg.<\/p>\n<\/div>\n","protected":false},"excerpt":{"rendered":"<p><img loading=\"lazy\" decoding=\"async\" class=\"\" src=\"https:\/\/brit-petfood.com\/file\/nodes\/icon-made-in-eu.png\" width=\"88\" height=\"87\" \/><\/p>\n<div class=\"hidden-xs\">Compl\u00e9ment alimentaire pour chiens adultes<\/div>\n","protected":false},"featured_media":14504,"template":"","meta":{"jetpack_publicize_message":"","jetpack_publicize_feature_enabled":true,"jetpack_social_post_already_shared":true,"jetpack_social_options":{"image_generator_settings":{"template":"highway","default_image_id":0,"font":"","enabled":false},"version":2}},"product_brand":[],"product_cat":[26,39],"product_tag":[],"class_list":{"0":"post-14502","1":"product","2":"type-product","3":"status-publish","4":"has-post-thumbnail","6":"product_cat-croquettes","7":"product_cat-friandises-et-pates-pour-chien","9":"first","10":"instock","11":"taxable","12":"shipping-taxable","13":"purchasable","14":"product-type-simple"},"supplier_id":5590,"supplier_sku":"","barcode":null,"atum_controlled":true,"out_stock_date":null,"out_stock_threshold":null,"inheritable":false,"inbound_stock":0,"stock_on_hold":2,"sold_today":0,"sales_last_days":3,"reserved_stock":0,"customer_returns":0,"warehouse_damage":0,"lost_in_post":0,"other_logs":0,"out_stock_days":0,"lost_sales":0,"has_location":false,"update_date":"2026-05-13T17:54:12","atum_locations":[],"atum_stock_status":"instock","restock_status":false,"low_stock_amount":12,"sales_update_date":"2026-05-13T17:54:12","calc_backorders":null,"jetpack_publicize_connections":[],"jetpack_sharing_enabled":true,"batches":[{"id":"886","date_created":"2024-11-18 12:10:56","date_expiry":"2026-02-16 00:00:00","user_id":"2760","batch_number":"BritJerkyDuck160226","location":"","quantity":"12.0000","quantity_available":"0.0000","units":"1","status":"archived","order_ids":"[15012,15939,17118,17129,17905,18617,19109,20285,21296,21398,21798]","supplier":"Brit","po":{"id":"860","date_created":"2024-11-18 12:10:56","batch_id":"886","po_number":"","supplier":"Brit","cost":null,"regular_price":null,"sale_price":null,"price_margin":null,"price_discount":null}},{"id":"1675","date_created":"2025-01-18 18:34:32","date_expiry":"2026-05-25 00:00:00","user_id":"2760","batch_number":"BritJerkyDuck250526","location":"","quantity":"11.0000","quantity_available":"0.0000","units":"1","status":"archived","order_ids":"[22656,24141,24821,25198,25388,26454,28059,28296,29101,29125]","supplier":"Brit","po":{"id":"1649","date_created":"2025-01-18 18:34:34","batch_id":"1675","po_number":"","supplier":"Brit","cost":null,"regular_price":null,"sale_price":null,"price_margin":null,"price_discount":null}},{"id":"3848","date_created":"2025-06-05 08:42:26","date_expiry":"2026-09-17 00:00:00","user_id":"2760","batch_number":"BritJerkyDuck170926","location":"","quantity":"12.0000","quantity_available":"0.0000","units":"1","status":"archived","order_ids":"[29125,29744,30937,31347,31730,31828,31899,31910,32010]","supplier":"Brit","po":{"id":"3812","date_created":"2025-06-05 08:42:26","batch_id":"3848","po_number":"","supplier":"Brit","cost":null,"regular_price":null,"sale_price":null,"price_margin":null,"price_discount":null}},{"id":"3849","date_created":"2025-06-05 08:43:13","date_expiry":"2026-09-17 00:00:00","user_id":"2760","batch_number":"BritJerkyDuck170926","location":"","quantity":"0.0000","quantity_available":"0.0000","units":"1","status":"archived","order_ids":null,"supplier":" BRIT","po":{"id":"3813","date_created":"2025-06-05 08:43:13","batch_id":"3849","po_number":"","supplier":" BRIT","cost":null,"regular_price":null,"sale_price":null,"price_margin":null,"price_discount":null}},{"id":"7792","date_created":"2026-02-19 11:20:26","date_expiry":"2027-06-30 00:00:00","user_id":"2760","batch_number":"BritJerkyDuck300627","location":"","quantity":"12.0000","quantity_available":"0.0000","units":"1","status":"archived","order_ids":"[36772,37227,37261,37731,37908,37944,38831,39065,39196,39231,39521]","supplier":" BRIT","po":{"id":"7727","date_created":"2026-02-19 11:20:27","batch_id":"7792","po_number":"","supplier":" BRIT","cost":null,"regular_price":null,"sale_price":null,"price_margin":null,"price_discount":null}},{"id":"8737","date_created":"2026-04-05 13:19:36","date_expiry":"2027-06-30 00:00:00","user_id":"2760","batch_number":"BritJerkyDuck300627","location":"","quantity":"12.0000","quantity_available":"1.0000","units":"1","status":"active","order_ids":"[39949,40389,40554,40985,41364,41504,41716,41815]","supplier":"Brit","po":{"id":"8664","date_created":"2026-04-05 13:19:37","batch_id":"8737","po_number":"","supplier":"Brit","cost":null,"regular_price":null,"sale_price":null,"price_margin":null,"price_discount":null}},{"id":"9284","date_created":"2026-05-02 17:39:10","date_expiry":"2027-06-30 00:00:00","user_id":"2760","batch_number":"BritJerkyDuck300627","location":"","quantity":"12.0000","quantity_available":"12.0000","units":"1","status":"active","order_ids":null,"supplier":"Brit","po":{"id":"9207","date_created":"2026-05-02 17:39:10","batch_id":"9284","po_number":"","supplier":"Brit","cost":null,"regular_price":null,"sale_price":null,"price_margin":null,"price_discount":null}}],"_links":{"self":[{"href":"https:\/\/petworld.ma\/index.php\/wp-json\/wp\/v2\/product\/14502","targetHints":{"allow":["GET"]}}],"collection":[{"href":"https:\/\/petworld.ma\/index.php\/wp-json\/wp\/v2\/product"}],"about":[{"href":"https:\/\/petworld.ma\/index.php\/wp-json\/wp\/v2\/types\/product"}],"wp:featuredmedia":[{"embeddable":true,"href":"https:\/\/petworld.ma\/index.php\/wp-json\/wp\/v2\/media\/14504"}],"wp:attachment":[{"href":"https:\/\/petworld.ma\/index.php\/wp-json\/wp\/v2\/media?parent=14502"}],"wp:term":[{"taxonomy":"product_brand","embeddable":true,"href":"https:\/\/petworld.ma\/index.php\/wp-json\/wp\/v2\/product_brand?post=14502"},{"taxonomy":"product_cat","embeddable":true,"href":"https:\/\/petworld.ma\/index.php\/wp-json\/wp\/v2\/product_cat?post=14502"},{"taxonomy":"product_tag","embeddable":true,"href":"https:\/\/petworld.ma\/index.php\/wp-json\/wp\/v2\/product_tag?post=14502"}],"curies":[{"name":"wp","href":"https:\/\/api.w.org\/{rel}","templated":true}]}}