{"id":14505,"date":"2024-11-18T12:11:36","date_gmt":"2024-11-18T12:11:36","guid":{"rendered":"https:\/\/petworld.ma\/?post_type=product&#038;p=14505"},"modified":"2026-05-01T20:25:25","modified_gmt":"2026-05-01T20:25:25","slug":"brit-meat-jerky-snack-chiot-dinde-protein-bar-80g","status":"publish","type":"product","link":"https:\/\/petworld.ma\/index.php\/produit\/brit-meat-jerky-snack-chiot-dinde-protein-bar-80g\/","title":{"rendered":"Brit Meat Jerky Snack\u2013 Chiot Dinde Protein bar (80g)"},"content":{"rendered":"<div class=\"hidden-xs\">\n<p><img decoding=\"async\" class=\"\" src=\"https:\/\/brit-petfood.com\/file\/nodes\/icon-made-in-eu.png\" width=\"88\" height=\"87\" \/><\/p>\n<div class=\"hidden-xs\">\n<div class=\"hidden-xs\">Compl\u00e9ment alimentaire destin\u00e9 aux chiots. La taille des \u00ab\u00a0pi\u00e8ces de monnaie\u00a0\u00bb est d&rsquo;environ : 2,5 \u2013 3 cm.<\/div>\n<ul>\n<li>Une r\u00e9compense id\u00e9ale pour un animal en cours de dressage<\/li>\n<li>85 % de v\u00e9ritable viande de dinde et de poulet \u2013 une excellente source de prot\u00e9ines de haute qualit\u00e9<\/li>\n<li>Avec de la citrouille pour une bonne digestion<\/li>\n<li>Contient uniquement des antioxydants naturels : extrait de romarin<\/li>\n<li>Sans c\u00e9r\u00e9ales &#8211; Sans colorant &#8211; Sans sucre &#8211; Sans OGM &#8211; Fabriqu\u00e9 en UE<\/li>\n<li>Fabriqu\u00e9 dans l\u2019UE<\/li>\n<\/ul>\n<p class=\"composition\"><strong>Composition:<\/strong><\/p>\n<p>poulet (59 %), dinde (26 %), glyc\u00e9rine d&rsquo;origine v\u00e9g\u00e9tale, lignocellulose, courges (0,5 %), chlorure de sodium.<\/p>\n<p><strong>Composants analytiques:<\/strong>\u00a0prot\u00e9ine brute 35 %, teneur en mati\u00e8res grasses 23 %, humidit\u00e9 18 %, cendres brutes 6 %, cellulose brute 2,5 %. Antioxydants naturels : extrait de romarin et extraits de tocoph\u00e9rols tir\u00e9s d&rsquo;huiles v\u00e9g\u00e9tales (1b306(i)).<\/p>\n<p><strong>Metabolizable energy:<\/strong>\u00a03,960 kcal\/kg<\/p>\n<\/div>\n<\/div>\n","protected":false},"excerpt":{"rendered":"<p><img decoding=\"async\" class=\"\" src=\"https:\/\/brit-petfood.com\/file\/nodes\/icon-made-in-eu.png\" width=\"88\" height=\"87\" \/><\/p>\n<div class=\"hidden-xs\">Compl\u00e9ment alimentaire destin\u00e9 aux chiots. La taille des \u00ab\u00a0pi\u00e8ces de monnaie\u00a0\u00bb est d&rsquo;environ : 2,5 \u2013 3 cm.<\/div>\n","protected":false},"featured_media":14506,"template":"","meta":{"jetpack_publicize_message":"","jetpack_publicize_feature_enabled":true,"jetpack_social_post_already_shared":true,"jetpack_social_options":{"image_generator_settings":{"template":"highway","default_image_id":0,"font":"","enabled":false},"version":2}},"product_brand":[],"product_cat":[26,39],"product_tag":[],"class_list":{"0":"post-14505","1":"product","2":"type-product","3":"status-publish","4":"has-post-thumbnail","6":"product_cat-croquettes","7":"product_cat-friandises-et-pates-pour-chien","9":"first","10":"outofstock","11":"taxable","12":"shipping-taxable","13":"purchasable","14":"product-type-simple"},"supplier_id":5590,"supplier_sku":"","barcode":null,"atum_controlled":true,"out_stock_date":"2026-05-01 20:25:26","out_stock_threshold":null,"inheritable":false,"inbound_stock":0,"stock_on_hold":0,"sold_today":0,"sales_last_days":7,"reserved_stock":0,"customer_returns":0,"warehouse_damage":0,"lost_in_post":0,"other_logs":0,"out_stock_days":6,"lost_sales":240,"has_location":false,"update_date":"2026-05-08T00:19:06","atum_locations":[],"atum_stock_status":"outofstock","restock_status":false,"low_stock_amount":12,"sales_update_date":"2026-05-08T00:19:06","calc_backorders":null,"jetpack_publicize_connections":[],"jetpack_sharing_enabled":true,"batches":[{"id":"887","date_created":"2024-11-18 12:16:52","date_expiry":"2025-09-21 00:00:00","user_id":"2760","batch_number":"BritJerkyPuppy210925","location":"","quantity":"12.0000","quantity_available":"0.0000","units":"1","status":"archived","order_ids":"[14707,14745,14964,15358,15448,15454,15691,15926,16019,16159,16467,16614]","supplier":"Brit","po":{"id":"861","date_created":"2024-11-18 12:16:52","batch_id":"887","po_number":"","supplier":"Brit","cost":null,"regular_price":null,"sale_price":null,"price_margin":null,"price_discount":null}},{"id":"1146","date_created":"2024-12-11 01:53:43","date_expiry":"2025-09-21 00:00:00","user_id":"2760","batch_number":"BritJerkyPuppy210925","location":"","quantity":"12.0000","quantity_available":"0.0000","units":"1","status":"archived","order_ids":"[16904,16989,17047,17896,17960,18617,18996,19092,19447,20094]","supplier":"Brit","po":{"id":"1122","date_created":"2024-12-11 01:53:43","batch_id":"1146","po_number":"","supplier":"Brit","cost":null,"regular_price":null,"sale_price":null,"price_margin":null,"price_discount":null}},{"id":"1963","date_created":"2025-02-11 22:07:27","date_expiry":"2026-05-21 00:00:00","user_id":"2760","batch_number":"BritJerkyPuppy210526NEW","location":"","quantity":"24.0000","quantity_available":"0.0000","units":"1","status":"archived","order_ids":"[20111,20294,20296,20348,20409,20437,20561,20669,21822,22161,22495,22939,22997,23119,23172,23323,23412,23800,24188,24197,24999]","supplier":"BRIT","po":{"id":"1935","date_created":"2025-02-11 22:07:30","batch_id":"1963","po_number":"","supplier":"BRIT","cost":null,"regular_price":null,"sale_price":null,"price_margin":null,"price_discount":null}},{"id":"3850","date_created":"2025-06-05 08:45:33","date_expiry":"2026-08-20 00:00:00","user_id":"2760","batch_number":"BritJerkyPuppy200826NEW","location":"","quantity":"12.0000","quantity_available":"0.0000","units":"1","status":"archived","order_ids":"[24999,25019,25154,25388,25505,25663,26108,26252,26715,26719,26737,26926]","supplier":"Brit","po":{"id":"3814","date_created":"2025-06-05 08:45:33","batch_id":"3850","po_number":"","supplier":"Brit","cost":null,"regular_price":null,"sale_price":null,"price_margin":null,"price_discount":null}},{"id":"4759","date_created":"2025-08-08 14:13:30","date_expiry":"2026-08-20 00:00:00","user_id":"2760","batch_number":"BritJerkyPuppy200826NEW","location":"","quantity":"12.0000","quantity_available":"0.0000","units":"1","status":"archived","order_ids":"[26926,27168,27773,28644,28937,29025,29034,29057,29170,29361]","supplier":"Brit","po":{"id":"4723","date_created":"2025-08-08 14:13:31","batch_id":"4759","po_number":"","supplier":"Brit","cost":null,"regular_price":null,"sale_price":null,"price_margin":null,"price_discount":null}},{"id":"5817","date_created":"2025-10-20 11:05:04","date_expiry":"2027-01-04 00:00:00","user_id":"2760","batch_number":"BritJerkyPuppy04012027","location":"","quantity":"12.0000","quantity_available":"0.0000","units":"1","status":"archived","order_ids":"[29361,29459,29854,30000,30669,31167,31334,31423,31572,33142,33160]","supplier":"Brit","po":{"id":"5766","date_created":"2025-10-20 11:05:09","batch_id":"5817","po_number":"","supplier":"Brit","cost":null,"regular_price":null,"sale_price":null,"price_margin":null,"price_discount":null}},{"id":"7484","date_created":"2026-02-03 00:47:40","date_expiry":"2027-05-30 00:00:00","user_id":"2760","batch_number":"BritJerkyPuppy30052027","location":"","quantity":"12.0000","quantity_available":"0.0000","units":"1","status":"archived","order_ids":"[35016,35627,35647,36308,36781,37542,38045,38675]","supplier":"Brit","po":{"id":"7419","date_created":"2026-02-03 00:47:40","batch_id":"7484","po_number":"","supplier":"Brit","cost":null,"regular_price":null,"sale_price":null,"price_margin":null,"price_discount":null}},{"id":"8085","date_created":"2026-03-05 11:13:10","date_expiry":"2027-06-30 00:00:00","user_id":"2760","batch_number":"BritJerkyPuppy30062027","location":"","quantity":"12.0000","quantity_available":"0.0000","units":"1","status":"archived","order_ids":"[39065,39331,39949,40002,40427,40722,40743,41011,41208]","supplier":"Brit","po":{"id":"8023","date_created":"2026-03-05 11:13:10","batch_id":"8085","po_number":"","supplier":"Brit","cost":null,"regular_price":null,"sale_price":null,"price_margin":null,"price_discount":null}}],"_links":{"self":[{"href":"https:\/\/petworld.ma\/index.php\/wp-json\/wp\/v2\/product\/14505","targetHints":{"allow":["GET"]}}],"collection":[{"href":"https:\/\/petworld.ma\/index.php\/wp-json\/wp\/v2\/product"}],"about":[{"href":"https:\/\/petworld.ma\/index.php\/wp-json\/wp\/v2\/types\/product"}],"wp:featuredmedia":[{"embeddable":true,"href":"https:\/\/petworld.ma\/index.php\/wp-json\/wp\/v2\/media\/14506"}],"wp:attachment":[{"href":"https:\/\/petworld.ma\/index.php\/wp-json\/wp\/v2\/media?parent=14505"}],"wp:term":[{"taxonomy":"product_brand","embeddable":true,"href":"https:\/\/petworld.ma\/index.php\/wp-json\/wp\/v2\/product_brand?post=14505"},{"taxonomy":"product_cat","embeddable":true,"href":"https:\/\/petworld.ma\/index.php\/wp-json\/wp\/v2\/product_cat?post=14505"},{"taxonomy":"product_tag","embeddable":true,"href":"https:\/\/petworld.ma\/index.php\/wp-json\/wp\/v2\/product_tag?post=14505"}],"curies":[{"name":"wp","href":"https:\/\/api.w.org\/{rel}","templated":true}]}}