{"id":14508,"date":"2024-11-18T12:30:05","date_gmt":"2024-11-18T12:30:05","guid":{"rendered":"https:\/\/petworld.ma\/?post_type=product&#038;p=14508"},"modified":"2026-04-16T15:31:10","modified_gmt":"2026-04-16T15:31:10","slug":"brit-meat-jerky-snack-poulet-protein-bar-80g","status":"publish","type":"product","link":"https:\/\/petworld.ma\/index.php\/produit\/brit-meat-jerky-snack-poulet-protein-bar-80g\/","title":{"rendered":"Brit Meat Jerky Snack\u2013 Poulet Protein bar (80g)"},"content":{"rendered":"<div class=\"hidden-xs\">\n<p><img loading=\"lazy\" decoding=\"async\" class=\"\" src=\"https:\/\/brit-petfood.com\/file\/nodes\/icon-made-in-eu.png\" width=\"88\" height=\"87\" \/><\/p>\n<div class=\"hidden-xs\">\n<div class=\"hidden-xs\">\n<div class=\"hidden-xs\">Compl\u00e9ment alimentaire pour chiens adultes.<\/div>\n<ul>\n<li>85 % de v\u00e9ritable viande de poulet et d&rsquo;insectes \u2013 une excellente source de prot\u00e9ines de haute qualit\u00e9<\/li>\n<li>Enrichi en membranes de coquilles d\u2019\u0153ufs favorisant le bon fonctionnement des articulations<\/li>\n<li>Un go\u00fbt irr\u00e9sistible<\/li>\n<li>Contient uniquement des antioxydants naturels: extrait de romarin<\/li>\n<li>Sans c\u00e9r\u00e9ales &#8211; Sans colorant &#8211; Sans sucre &#8211; Sans OGM &#8211; Fabriqu\u00e9 en UE<\/li>\n<li>Fabriqu\u00e9 dans l\u2019UE<\/li>\n<\/ul>\n<p class=\"composition\"><strong>Composition:<\/strong><\/p>\n<p>poulet (81 %), glyc\u00e9rine d&rsquo;origine v\u00e9g\u00e9tale, insectes (4 %), lignocellulose, chlorure de sodium, membranes de coquilles d&rsquo;\u0153ufs (150 mg\/kg).<\/p>\n<p><strong>Composants analytiques:<\/strong>\u00a0prot\u00e9ine brute 31 %, teneur en mati\u00e8res grasses 25 %, humidit\u00e9 18 %, cendres brutes 6 %, cellulose brute 2 %. Antioxydants naturels : extrait de romarin et extraits de tocoph\u00e9rols tir\u00e9s d&rsquo;huiles v\u00e9g\u00e9tales (1b306(i)).<\/p>\n<p><strong>Metabolizable energy:<\/strong>\u00a04,040 kcal\/kg.<\/p>\n<\/div>\n<\/div>\n<\/div>\n","protected":false},"excerpt":{"rendered":"<p><img loading=\"lazy\" decoding=\"async\" class=\"\" src=\"https:\/\/brit-petfood.com\/file\/nodes\/icon-made-in-eu.png\" width=\"88\" height=\"87\" \/><\/p>\n<div class=\"hidden-xs\">\n<div class=\"hidden-xs\">Compl\u00e9ment alimentaire pour chiens adultes.<\/div>\n<\/div>\n","protected":false},"featured_media":14510,"template":"","meta":{"jetpack_publicize_message":"","jetpack_publicize_feature_enabled":true,"jetpack_social_post_already_shared":true,"jetpack_social_options":{"image_generator_settings":{"template":"highway","default_image_id":0,"font":"","enabled":false},"version":2}},"product_brand":[],"product_cat":[26,39],"product_tag":[],"class_list":{"0":"post-14508","1":"product","2":"type-product","3":"status-publish","4":"has-post-thumbnail","6":"product_cat-croquettes","7":"product_cat-friandises-et-pates-pour-chien","9":"first","10":"outofstock","11":"taxable","12":"shipping-taxable","13":"purchasable","14":"product-type-simple"},"supplier_id":5590,"supplier_sku":"","barcode":null,"atum_controlled":true,"out_stock_date":null,"out_stock_threshold":null,"inheritable":false,"inbound_stock":0,"stock_on_hold":0,"sold_today":0,"sales_last_days":0,"reserved_stock":0,"customer_returns":0,"warehouse_damage":0,"lost_in_post":0,"other_logs":0,"out_stock_days":0,"lost_sales":0,"has_location":false,"update_date":"2026-05-12T11:23:31","atum_locations":[],"atum_stock_status":"outofstock","restock_status":false,"low_stock_amount":12,"sales_update_date":"2026-05-12T11:23:31","calc_backorders":null,"jetpack_publicize_connections":[],"jetpack_sharing_enabled":true,"batches":[{"id":"888","date_created":"2024-11-18 12:33:35","date_expiry":"2026-02-28 00:00:00","user_id":"1","batch_number":"BritJerkyPoulet280226","location":"","quantity":"12.0000","quantity_available":"0.0000","units":"1","status":"archived","order_ids":"[14707,14755,15756,16052,16142,16696,17100,17283,18217,18617,19108,19222,20285,23552,25680,26325,30118,30488,30971,31004,31275]","supplier":"Brit","po":{"id":"862","date_created":"2024-11-18 12:33:36","batch_id":"888","po_number":"","supplier":"Brit","cost":null,"regular_price":null,"sale_price":null,"price_margin":null,"price_discount":null}}],"_links":{"self":[{"href":"https:\/\/petworld.ma\/index.php\/wp-json\/wp\/v2\/product\/14508","targetHints":{"allow":["GET"]}}],"collection":[{"href":"https:\/\/petworld.ma\/index.php\/wp-json\/wp\/v2\/product"}],"about":[{"href":"https:\/\/petworld.ma\/index.php\/wp-json\/wp\/v2\/types\/product"}],"wp:featuredmedia":[{"embeddable":true,"href":"https:\/\/petworld.ma\/index.php\/wp-json\/wp\/v2\/media\/14510"}],"wp:attachment":[{"href":"https:\/\/petworld.ma\/index.php\/wp-json\/wp\/v2\/media?parent=14508"}],"wp:term":[{"taxonomy":"product_brand","embeddable":true,"href":"https:\/\/petworld.ma\/index.php\/wp-json\/wp\/v2\/product_brand?post=14508"},{"taxonomy":"product_cat","embeddable":true,"href":"https:\/\/petworld.ma\/index.php\/wp-json\/wp\/v2\/product_cat?post=14508"},{"taxonomy":"product_tag","embeddable":true,"href":"https:\/\/petworld.ma\/index.php\/wp-json\/wp\/v2\/product_tag?post=14508"}],"curies":[{"name":"wp","href":"https:\/\/api.w.org\/{rel}","templated":true}]}}