{"id":14521,"date":"2024-11-18T15:20:36","date_gmt":"2024-11-18T15:20:36","guid":{"rendered":"https:\/\/petworld.ma\/?post_type=product&#038;p=14521"},"modified":"2026-05-02T14:21:29","modified_gmt":"2026-05-02T14:21:29","slug":"brit-premium-by-nature-sport-toutes-races-15kg","status":"publish","type":"product","link":"https:\/\/petworld.ma\/index.php\/produit\/brit-premium-by-nature-sport-toutes-races-15kg\/","title":{"rendered":"Brit Premium by Nature Croquettes Sport (Toutes Races) 15kg"},"content":{"rendered":"<div class=\"hidden-xs\">\n<div class=\"hidden-xs\">\n<p>ALIMENT COMPLET AU POULET POUR CHIENS DE TOUTES RACES AYANT DE FORTES D\u00c9PENSES \u00c9NERG\u00c9TIQUES.<\/p>\n<\/div>\n<ul>\n<li>Riche en prot\u00e9ines et en mati\u00e8res grasses<\/li>\n<li>Nutrition et r\u00e9g\u00e9n\u00e9ration musculaire<\/li>\n<li>Facteur anti-stress pour renforcer la fonction cardiaque<\/li>\n<\/ul>\n<div class=\"benefits\">\n<div class=\"benefits__item\">\n<p><img decoding=\"async\" src=\"https:\/\/brit-petfood.com\/file\/nodes\/slozeni-piktogramy-chicken-modra.png\" alt=\"\" width=\"47\" height=\"48\" \/><strong>un demi-sac de poulet<\/strong><\/p>\n<\/div>\n<div class=\"benefits__item\">\n<p><img decoding=\"async\" src=\"https:\/\/brit-petfood.com\/file\/nodes\/icon-dried-chicken-modra.png\" alt=\"\" width=\"47\" height=\"48\" \/><strong>meilleur go\u00fbt et digestibilit\u00e9<\/strong><\/p>\n<\/div>\n<div class=\"benefits__item\">\n<p><img decoding=\"async\" src=\"https:\/\/brit-petfood.com\/file\/nodes\/icon-collagen-modra.png\" alt=\"\" width=\"47\" height=\"48\" \/><strong>collag\u00e8ne, moules vertes et coquilles de crustac\u00e9s pour les articulations et cartilages<\/strong><\/p>\n<\/div>\n<div class=\"benefits__item\">\n<p><img decoding=\"async\" src=\"https:\/\/brit-petfood.com\/file\/nodes\/icon-salmon-oil-modra.png\" alt=\"\" width=\"47\" height=\"48\" \/><strong>teneur \u00e9lev\u00e9e en om\u00e9ga-3 pour un c\u0153ur sain, une peau saine et un pelage brillant<\/strong><\/p>\n<\/div>\n<div class=\"benefits__item\">\n<p><img decoding=\"async\" src=\"https:\/\/brit-petfood.com\/file\/nodes\/icon-fruits-herbs-modra.png\" alt=\"\" width=\"47\" height=\"48\" \/><strong>fruits et herbes pour une bonne digestion et immunit\u00e9<\/strong><\/p>\n<p class=\"composition\"><strong>Composition:<\/strong><\/p>\n<p>poulet 50 % (d\u00e9shydrat\u00e9 30 %, d\u00e9soss\u00e9 20 %), avoine, graisse de poulet (conserv\u00e9e par un m\u00e9lange de tocoph\u00e9rols), bl\u00e9, ma\u00efs, huile de saumon (2 %), foie de poulet hydrolys\u00e9, levure de bi\u00e8re, pommes s\u00e9ch\u00e9es, collag\u00e8ne, coquilles de crustac\u00e9s (source de glucosamine, 260 mg\/kg), cartilage (source de chondro\u00eftine, 180 mg\/kg), plantes et fruits (clous de girofle, agrumes, romarin, curcuma, 150 mg\/kg), manno-oligosaccharides (150 mg\/kg), fructo-oligosaccharides (100 mg\/kg), yucca schidigera (100 mg\/kg), camomille s\u00e9ch\u00e9e (90 mg\/kg), moules vertes (source de glycosaminoglycanes, 60 mg\/kg), myrtilles s\u00e9ch\u00e9e (60 mg\/kg).<\/p>\n<p><strong>Composants analytiques:<\/strong><\/p>\n<p>prot\u00e9ine brute 31,0 %, teneur en mati\u00e8res grasses 22,0 %, humidit\u00e9 10,0 %, cendres brutes 7,0 %, cellulose brute 1,5 %, calcium 1,5 %, phosphore 1,1 %, acides gras Om\u00e9ga-3 0,25 %, acides gras Om\u00e9ga-6 2,5 %.<\/p>\n<p><strong>Ingr\u00e9dients:<\/strong><\/p>\n<p>vitamine A (3a672a) 20 000 UI, vitamine D3 (E671) 1 200 UI, vitamine E (\u03b1-tocoph\u00e9rol) (3a700) 500 mg, biotine (3a880) 0,6 mg, chlorure de choline (3a890) 600 mg, ch\u00e9late de zinc et d\u2019acides amin\u00e9s, hydrat\u00e9 (3b606) 90 mg, ch\u00e9late ferreux d\u2019acides amin\u00e9s, hydrat\u00e9 (E1) 80 mg, ch\u00e9late de mangan\u00e8se d\u2019acides amin\u00e9s, hydrat\u00e9 (E5) 35 mg, iodure de potassium (3b201) 0,65 mg, ch\u00e9late cuivreux d\u2019acides amin\u00e9s, hydrat\u00e9 (E4) 15 mg, forme organique du s\u00e9l\u00e9nium produite par Saccharomyces cerevisiae CNCM I-3060 (3b8.10) 0,2 mg. Contient des antioxyg\u00e8nes approuv\u00e9s par l\u2019UE : extraits de tocoph\u00e9rols issus d\u2019huiles v\u00e9g\u00e9tales (1b306), palmitate d\u2019ascorbyle (1b304) et extrait de romarin.<\/p>\n<p><strong>Metabolizable energy:<\/strong><\/p>\n<p>4 200 kcal\/kg<\/p>\n<\/div>\n<\/div>\n<\/div>\n","protected":false},"excerpt":{"rendered":"<p>Pour toutes les races (petit, moyen ou grand).<\/p>\n","protected":false},"featured_media":14522,"template":"","meta":{"jetpack_publicize_message":"","jetpack_publicize_feature_enabled":true,"jetpack_social_post_already_shared":true,"jetpack_social_options":{"image_generator_settings":{"template":"highway","default_image_id":0,"font":"","enabled":false},"version":2}},"product_brand":[],"product_cat":[26],"product_tag":[],"class_list":{"0":"post-14521","1":"product","2":"type-product","3":"status-publish","4":"has-post-thumbnail","6":"product_cat-croquettes","8":"first","9":"onbackorder","10":"taxable","11":"shipping-taxable","12":"purchasable","13":"product-type-simple"},"supplier_id":5590,"supplier_sku":"","barcode":null,"atum_controlled":true,"out_stock_date":"2026-05-02 14:21:29","out_stock_threshold":null,"inheritable":false,"inbound_stock":0,"stock_on_hold":0,"sold_today":0,"sales_last_days":2,"reserved_stock":0,"customer_returns":0,"warehouse_damage":0,"lost_in_post":0,"other_logs":0,"out_stock_days":5,"lost_sales":778,"has_location":false,"update_date":"2026-05-08T00:17:46","atum_locations":[],"atum_stock_status":"onbackorder","restock_status":false,"low_stock_amount":2,"sales_update_date":"2026-05-08T00:17:41","calc_backorders":0,"jetpack_publicize_connections":[],"jetpack_sharing_enabled":true,"batches":[{"id":"893","date_created":"2024-11-18 15:27:03","date_expiry":"2026-03-21 00:00:00","user_id":"2760","batch_number":"BritSport210326","location":"","quantity":"2.0000","quantity_available":"0.0000","units":"1","status":"archived","order_ids":"[18443,19415]","supplier":"Brit","po":{"id":"867","date_created":"2024-11-18 15:27:04","batch_id":"893","po_number":"","supplier":"Brit","cost":null,"regular_price":null,"sale_price":null,"price_margin":null,"price_discount":null}},{"id":"2330","date_created":"2025-03-08 09:49:29","date_expiry":"2026-05-23 00:00:00","user_id":"2760","batch_number":"BritSport230526","location":"","quantity":"1.0000","quantity_available":"0.0000","units":"1","status":"archived","order_ids":"[20199]","supplier":"Brit","po":{"id":"2298","date_created":"2025-03-08 09:49:32","batch_id":"2330","po_number":"","supplier":"Brit","cost":null,"regular_price":null,"sale_price":null,"price_margin":null,"price_discount":null}},{"id":"2498","date_created":"2025-03-26 22:45:13","date_expiry":"2026-05-23 00:00:00","user_id":"2760","batch_number":"BritSport230526","location":"","quantity":"1.0000","quantity_available":"0.0000","units":"1","status":"archived","order_ids":"[21435]","supplier":"Brit","po":{"id":"2466","date_created":"2025-03-26 22:45:16","batch_id":"2498","po_number":"","supplier":"Brit","cost":null,"regular_price":null,"sale_price":null,"price_margin":null,"price_discount":null}},{"id":"3204","date_created":"2025-04-27 17:51:13","date_expiry":"2026-05-23 00:00:00","user_id":"2760","batch_number":"BritSport230526","location":"","quantity":"1.0000","quantity_available":"0.0000","units":"1","status":"archived","order_ids":"[22524]","supplier":"Brit","po":{"id":"3172","date_created":"2025-04-27 17:51:14","batch_id":"3204","po_number":"","supplier":"Brit","cost":null,"regular_price":null,"sale_price":null,"price_margin":null,"price_discount":null}},{"id":"3239","date_created":"2025-04-30 22:37:40","date_expiry":"2026-07-13 00:00:00","user_id":"2760","batch_number":"BritSport130726","location":"","quantity":"1.0000","quantity_available":"0.0000","units":"1","status":"archived","order_ids":"[23042]","supplier":"Brit","po":{"id":"3207","date_created":"2025-04-30 22:37:40","batch_id":"3239","po_number":"","supplier":"Brit","cost":null,"regular_price":null,"sale_price":null,"price_margin":null,"price_discount":null}},{"id":"4023","date_created":"2025-06-18 08:37:36","date_expiry":"2026-07-13 00:00:00","user_id":"2760","batch_number":"BritSport130726","location":"","quantity":"2.0000","quantity_available":"0.0000","units":"1","status":"archived","order_ids":"[23633,27962]","supplier":"Brit","po":{"id":"3987","date_created":"2025-06-18 08:37:36","batch_id":"4023","po_number":"","supplier":"Brit","cost":null,"regular_price":null,"sale_price":null,"price_margin":null,"price_discount":null}},{"id":"4096","date_created":"2025-06-25 21:08:28","date_expiry":"2026-07-13 00:00:00","user_id":"2760","batch_number":"BritSport130726","location":"","quantity":"3.0000","quantity_available":"0.0000","units":"1","status":"archived","order_ids":"[25243,28006,28893]","supplier":"Brit","po":{"id":"4060","date_created":"2025-06-25 21:08:28","batch_id":"4096","po_number":"","supplier":"Brit","cost":null,"regular_price":null,"sale_price":null,"price_margin":null,"price_discount":null}},{"id":"4749","date_created":"2025-08-08 11:50:06","date_expiry":"2026-10-17 00:00:00","user_id":"2760","batch_number":"BritSport171026","location":"","quantity":"2.0000","quantity_available":"0.0000","units":"1","status":"archived","order_ids":"[32304,41236]","supplier":"BRIT","po":{"id":"4713","date_created":"2025-08-08 11:50:06","batch_id":"4749","po_number":"","supplier":"BRIT","cost":null,"regular_price":null,"sale_price":null,"price_margin":null,"price_discount":null}},{"id":"8738","date_created":"2026-04-05 13:20:11","date_expiry":"2027-08-28 00:00:00","user_id":"2760","batch_number":"BritSport280827","location":"","quantity":"1.0000","quantity_available":"0.0000","units":"1","status":"archived","order_ids":"[41236]","supplier":"BRIT","po":{"id":"8665","date_created":"2026-04-05 13:20:11","batch_id":"8738","po_number":"","supplier":"BRIT","cost":null,"regular_price":null,"sale_price":null,"price_margin":null,"price_discount":null}}],"_links":{"self":[{"href":"https:\/\/petworld.ma\/index.php\/wp-json\/wp\/v2\/product\/14521","targetHints":{"allow":["GET"]}}],"collection":[{"href":"https:\/\/petworld.ma\/index.php\/wp-json\/wp\/v2\/product"}],"about":[{"href":"https:\/\/petworld.ma\/index.php\/wp-json\/wp\/v2\/types\/product"}],"wp:featuredmedia":[{"embeddable":true,"href":"https:\/\/petworld.ma\/index.php\/wp-json\/wp\/v2\/media\/14522"}],"wp:attachment":[{"href":"https:\/\/petworld.ma\/index.php\/wp-json\/wp\/v2\/media?parent=14521"}],"wp:term":[{"taxonomy":"product_brand","embeddable":true,"href":"https:\/\/petworld.ma\/index.php\/wp-json\/wp\/v2\/product_brand?post=14521"},{"taxonomy":"product_cat","embeddable":true,"href":"https:\/\/petworld.ma\/index.php\/wp-json\/wp\/v2\/product_cat?post=14521"},{"taxonomy":"product_tag","embeddable":true,"href":"https:\/\/petworld.ma\/index.php\/wp-json\/wp\/v2\/product_tag?post=14521"}],"curies":[{"name":"wp","href":"https:\/\/api.w.org\/{rel}","templated":true}]}}