{"id":14536,"date":"2024-11-18T17:49:08","date_gmt":"2024-11-18T17:49:08","guid":{"rendered":"https:\/\/petworld.ma\/?post_type=product&#038;p=14536"},"modified":"2026-05-06T10:47:30","modified_gmt":"2026-05-06T10:47:30","slug":"ownat-grain-free-kitten-pour-chaton-sans-cereale-3kg","status":"publish","type":"product","link":"https:\/\/petworld.ma\/index.php\/produit\/ownat-grain-free-kitten-pour-chaton-sans-cereale-3kg\/","title":{"rendered":"Ownat Grain Free Kitten pour Chaton (sans c\u00e9r\u00e9ale) 3kg"},"content":{"rendered":"<div id=\"DESCR_TINY-bloc-1\" class=\"stylusBloc stylusBloc--text stylusBloc--autogen\">\n<div class=\"stylusBloc__content\">\n<div class=\"html-output\">Indiqu\u00e9 pour les chatons de 2 \u00e0 12 mois. \u00c9labor\u00e9 avec 50% de viande fra\u00eeche de poulet et de dinde, il offre un apport \u00e9nerg\u00e9tique \u00e9lev\u00e9 et tr\u00e8s riche en prot\u00e9ines de la meilleure qualit\u00e9, qui garantissent une croissance optimale, ainsi que le d\u00e9veloppement ad\u00e9quat du syst\u00e8me immunitaire du chaton.<\/div>\n<\/div>\n<\/div>\n<div><\/div>\n<div><strong>Composition:<\/strong><\/div>\n<div>Poulet frais* (min. 25% avant l&rsquo;extrusion), dinde fra\u00eeche* (min. 25% avant l&rsquo;extrusion), porc d\u00e9shydrat\u00e9 (13%), petits pois entiers* (9%), graisse de volaille (pr\u00e9serv\u00e9e avec des antioxydants naturels), hydrolysat de saumon, poulet d\u00e9shydrat\u00e9 (5%), racines de manioc* (5%), poissons d\u00e9shydrat\u00e9s (anchois du P\u00e9rou, chinchard et maquereau), pomme de terre d\u00e9shydrat\u00e9e* (3%), \u0153uf d\u00e9shydrat\u00e9* (2%), levure de bi\u00e8re* (1%), prot\u00e9ines de poulet hydrolys\u00e9es, pomme* (1%), huile de poisson (pr\u00e9serv\u00e9e avec des antioxydants naturels), sel gemme*, fructo-oligosaccharides et mannane-oligosaccharides, algues marines d\u00e9shydrat\u00e9es* (500 mg\/kg), glucosamine (500 mg\/kg), yucca schidigera, chondro\u00eftine sulfate (100 mg\/kg), airelles* (100 mg\/kg), thym* (80 mg\/kg), fleur de camomille* (80 mg\/kg), fenouil* (80 mg\/kg), \u00e9chinac\u00e9e* (80 mg\/kg), th\u00e9 vert* (80 mg\/kg). *INGR\u00c9DIENTS NATURELS<\/div>\n<div><\/div>\n<div><strong>Analytiques:<\/strong><\/div>\n<div>Prot\u00e9ines : 41%, teneur en mati\u00e8res grasses : 20%, cellulose brute : 2%, mati\u00e8re inorganique : 8%, humidit\u00e9 : 8%, om\u00e9ga 6 : 3,3%, om\u00e9ga 3 : 0,57%, calcium : 1,3%, phosphore : 1%.<\/div>\n<div id=\"DESCR_TINY-bloc-1\" class=\"stylusBloc stylusBloc--text stylusBloc--autogen\">\n<div class=\"stylusBloc__content\">\n<div class=\"row product-row-info-middle\">\n<div class=\"col\"><\/div>\n<\/div>\n<\/div>\n<\/div>\n","protected":false},"excerpt":{"rendered":"<div class=\"html-output\">Indiqu\u00e9 pour les chatons de 2 \u00e0 12 mois.<\/div>\n<div class=\"row product-row-info-middle\">\n<div class=\"col\"><\/div>\n<\/div>\n","protected":false},"featured_media":14540,"template":"","meta":{"jetpack_publicize_message":"","jetpack_publicize_feature_enabled":true,"jetpack_social_post_already_shared":true,"jetpack_social_options":{"image_generator_settings":{"template":"highway","default_image_id":0,"font":"","enabled":false},"version":2}},"product_brand":[],"product_cat":[40],"product_tag":[],"class_list":{"0":"post-14536","1":"product","2":"type-product","3":"status-publish","4":"has-post-thumbnail","6":"product_cat-coquettes-pour-chat","8":"first","9":"instock","10":"taxable","11":"shipping-taxable","12":"purchasable","13":"product-type-simple"},"supplier_id":5595,"supplier_sku":"75","barcode":null,"atum_controlled":true,"out_stock_date":null,"out_stock_threshold":null,"inheritable":false,"inbound_stock":0,"stock_on_hold":0,"sold_today":0,"sales_last_days":2,"reserved_stock":0,"customer_returns":0,"warehouse_damage":0,"lost_in_post":0,"other_logs":0,"out_stock_days":0,"lost_sales":0,"has_location":false,"update_date":"2026-05-07T20:02:44","atum_locations":[],"atum_stock_status":"instock","restock_status":true,"low_stock_amount":4,"sales_update_date":"2026-05-07T20:02:44","calc_backorders":0,"jetpack_publicize_connections":[],"jetpack_sharing_enabled":true,"batches":[{"id":"896","date_created":"2024-11-18 17:56:23","date_expiry":"2025-11-30 00:00:00","user_id":"2760","batch_number":"OwnatGFKitten301125","location":"","quantity":"2.0000","quantity_available":"0.0000","units":"1","status":"archived","order_ids":"[14544,14877,14899,14907]","supplier":"Ownat","po":{"id":"870","date_created":"2024-11-18 17:56:24","batch_id":"896","po_number":"","supplier":"Ownat","cost":null,"regular_price":null,"sale_price":null,"price_margin":null,"price_discount":null}},{"id":"2319","date_created":"2025-03-08 09:24:35","date_expiry":"2026-07-30 00:00:00","user_id":"2760","batch_number":"OwnatGFKitten300726","location":"","quantity":"3.0000","quantity_available":"0.0000","units":"1","status":"archived","order_ids":"[19444,20279,20663]","supplier":"Ownat","po":{"id":"2287","date_created":"2025-03-08 09:24:38","batch_id":"2319","po_number":"","supplier":"Ownat","cost":null,"regular_price":null,"sale_price":null,"price_margin":null,"price_discount":null}},{"id":"2542","date_created":"2025-03-29 01:54:07","date_expiry":"2026-07-30 00:00:00","user_id":"2760","batch_number":"OwnatGFKitten300726","location":"","quantity":"1.0000","quantity_available":"0.0000","units":"1","status":"archived","order_ids":"[20279]","supplier":"Ownat","po":{"id":"2510","date_created":"2025-03-29 01:54:11","batch_id":"2542","po_number":"","supplier":"Ownat","cost":null,"regular_price":null,"sale_price":null,"price_margin":null,"price_discount":null}},{"id":"3003","date_created":"2025-04-11 21:33:40","date_expiry":"2026-07-30 00:00:00","user_id":"2760","batch_number":"OwnatGFKitten300726","location":"","quantity":"2.0000","quantity_available":"0.0000","units":"1","status":"archived","order_ids":"[23124,23142]","supplier":"Ownat","po":{"id":"2969","date_created":"2025-04-11 21:33:41","batch_id":"3003","po_number":"","supplier":"Ownat","cost":null,"regular_price":null,"sale_price":null,"price_margin":null,"price_discount":null}},{"id":"3107","date_created":"2025-04-21 21:20:16","date_expiry":"2026-07-30 00:00:00","user_id":"2760","batch_number":"OwnatGFKitten300726","location":"","quantity":"1.0000","quantity_available":"0.0000","units":"1","status":"archived","order_ids":"[22394]","supplier":"Ownat","po":{"id":"3074","date_created":"2025-04-21 21:20:17","batch_id":"3107","po_number":"","supplier":"Ownat","cost":null,"regular_price":null,"sale_price":null,"price_margin":null,"price_discount":null}},{"id":"3774","date_created":"2025-06-03 20:36:37","date_expiry":"2026-08-30 00:00:00","user_id":"2760","batch_number":"OwnatGFKitten300826","location":"","quantity":"1.0000","quantity_available":"0.0000","units":"1","status":"archived","order_ids":"[23142]","supplier":"Ownat","po":{"id":"3739","date_created":"2025-06-03 20:36:37","batch_id":"3774","po_number":"","supplier":"Ownat","cost":null,"regular_price":null,"sale_price":null,"price_margin":null,"price_discount":null}},{"id":"4004","date_created":"2025-06-16 22:22:01","date_expiry":"2026-08-30 00:00:00","user_id":"2760","batch_number":"OwnatGFKitten300826","location":"","quantity":"3.0000","quantity_available":"0.0000","units":"1","status":"archived","order_ids":"[23712,24002,24944]","supplier":"Ownat","po":{"id":"3967","date_created":"2025-06-16 22:22:01","batch_id":"4004","po_number":"","supplier":"Ownat","cost":null,"regular_price":null,"sale_price":null,"price_margin":null,"price_discount":null}},{"id":"4113","date_created":"2025-06-26 20:55:39","date_expiry":"2026-08-30 00:00:00","user_id":"2760","batch_number":"OwnatGFKitten300826","location":"","quantity":"1.0000","quantity_available":"0.0000","units":"1","status":"archived","order_ids":"[24002]","supplier":"Ownat","po":{"id":"4077","date_created":"2025-06-26 20:55:39","batch_id":"4113","po_number":"","supplier":"Ownat","cost":null,"regular_price":null,"sale_price":null,"price_margin":null,"price_discount":null}},{"id":"4292","date_created":"2025-07-08 21:02:49","date_expiry":"2026-08-30 00:00:00","user_id":"2760","batch_number":"OwnatGFKitten300826","location":"","quantity":"3.0000","quantity_available":"0.0000","units":"1","status":"archived","order_ids":"[25374,27999,28141]","supplier":"Ownat","po":{"id":"4255","date_created":"2025-07-08 21:02:50","batch_id":"4292","po_number":"","supplier":"Ownat","cost":null,"regular_price":null,"sale_price":null,"price_margin":null,"price_discount":null}},{"id":"4644","date_created":"2025-08-01 08:46:10","date_expiry":"2026-11-30 00:00:00","user_id":"2760","batch_number":"OwnatGFKitten301126","location":"","quantity":"4.0000","quantity_available":"0.0000","units":"1","status":"archived","order_ids":"[28310,29291,30114]","supplier":"Ownat","po":{"id":"4608","date_created":"2025-08-01 08:46:11","batch_id":"4644","po_number":"","supplier":"Ownat","cost":null,"regular_price":null,"sale_price":null,"price_margin":null,"price_discount":null}},{"id":"6298","date_created":"2025-11-23 23:39:20","date_expiry":"2027-04-30 00:00:00","user_id":"2760","batch_number":"OwnatGFKitten300427","location":"","quantity":"5.0000","quantity_available":"0.0000","units":"1","status":"archived","order_ids":"[33301,33487,33522,34753,35168]","supplier":"Ownat","po":{"id":"6244","date_created":"2025-11-23 23:39:20","batch_id":"6298","po_number":"","supplier":"Ownat","cost":null,"regular_price":null,"sale_price":null,"price_margin":null,"price_discount":null}},{"id":"7235","date_created":"2026-01-19 13:43:47","date_expiry":"2027-04-30 00:00:00","user_id":"2760","batch_number":"OwnatGFKitten300427","location":"","quantity":"2.0000","quantity_available":"0.0000","units":"1","status":"archived","order_ids":"[36721,37032]","supplier":"Ownat","po":{"id":"7171","date_created":"2026-01-19 13:43:47","batch_id":"7235","po_number":"","supplier":"Ownat","cost":null,"regular_price":null,"sale_price":null,"price_margin":null,"price_discount":null}},{"id":"7580","date_created":"2026-02-09 09:34:13","date_expiry":"2027-04-30 00:00:00","user_id":"2760","batch_number":"OwnatGFKitten300427","location":"","quantity":"1.0000","quantity_available":"0.0000","units":"1","status":"archived","order_ids":"[35894]","supplier":"Ownat","po":{"id":"7515","date_created":"2026-02-09 09:34:13","batch_id":"7580","po_number":"","supplier":"Ownat","cost":null,"regular_price":null,"sale_price":null,"price_margin":null,"price_discount":null}},{"id":"7649","date_created":"2026-02-12 11:14:24","date_expiry":"2027-04-30 00:00:00","user_id":"2760","batch_number":"OwnatGFKitten300427","location":"","quantity":"1.0000","quantity_available":"0.0000","units":"1","status":"archived","order_ids":"[35902]","supplier":"Ownat","po":{"id":"7584","date_created":"2026-02-12 11:14:24","batch_id":"7649","po_number":"","supplier":"Ownat","cost":null,"regular_price":null,"sale_price":null,"price_margin":null,"price_discount":null}},{"id":"7833","date_created":"2026-02-22 11:57:31","date_expiry":"2027-04-30 00:00:00","user_id":"2760","batch_number":"OwnatGFKitten300427","location":"","quantity":"2.0000","quantity_available":"0.0000","units":"1","status":"archived","order_ids":"[37270,37885]","supplier":"Ownat","po":{"id":"7768","date_created":"2026-02-22 11:57:31","batch_id":"7833","po_number":"","supplier":"Ownat","cost":null,"regular_price":null,"sale_price":null,"price_margin":null,"price_discount":null}},{"id":"8134","date_created":"2026-03-07 12:11:07","date_expiry":"2027-05-30 00:00:00","user_id":"2760","batch_number":"OwnatGFKitten300527","location":"","quantity":"1.0000","quantity_available":"0.0000","units":"1","status":"archived","order_ids":"[38005]","supplier":"Ownat","po":{"id":"8073","date_created":"2026-03-07 12:11:08","batch_id":"8134","po_number":"","supplier":"Ownat","cost":null,"regular_price":null,"sale_price":null,"price_margin":null,"price_discount":null}},{"id":"8204","date_created":"2026-03-13 01:47:05","date_expiry":"2027-05-30 00:00:00","user_id":"2760","batch_number":"OwnatGFKitten300527","location":"","quantity":"2.0000","quantity_available":"0.0000","units":"1","status":"archived","order_ids":"[39434,40360]","supplier":"Ownat","po":{"id":"8142","date_created":"2026-03-13 01:47:05","batch_id":"8204","po_number":"","supplier":"Ownat","cost":null,"regular_price":null,"sale_price":null,"price_margin":null,"price_discount":null}},{"id":"8532","date_created":"2026-03-26 14:19:27","date_expiry":"2027-05-30 00:00:00","user_id":"2760","batch_number":"OwnatGFKitten300527","location":"","quantity":"2.0000","quantity_available":"2.0000","units":"1","status":"active","order_ids":null,"supplier":"Ownat","po":{"id":"8460","date_created":"2026-03-26 14:19:27","batch_id":"8532","po_number":"","supplier":"Ownat","cost":null,"regular_price":null,"sale_price":null,"price_margin":null,"price_discount":null}},{"id":"8966","date_created":"2026-04-20 14:24:27","date_expiry":"2027-05-30 00:00:00","user_id":"2760","batch_number":"OwnatGFKitten300527","location":"","quantity":"1.0000","quantity_available":"0.0000","units":"1","status":"archived","order_ids":"[41204]","supplier":"Ownat","po":{"id":"8890","date_created":"2026-04-20 14:24:27","batch_id":"8966","po_number":"","supplier":"Ownat","cost":null,"regular_price":null,"sale_price":null,"price_margin":null,"price_discount":null}},{"id":"9094","date_created":"2026-04-25 11:26:23","date_expiry":"2027-05-30 00:00:00","user_id":"2760","batch_number":"OwnatGFKitten300527","location":"","quantity":"1.0000","quantity_available":"0.0000","units":"1","status":"archived","order_ids":"[41436]","supplier":"OWNAT","po":{"id":"9017","date_created":"2026-04-25 11:26:24","batch_id":"9094","po_number":"","supplier":"OWNAT","cost":null,"regular_price":null,"sale_price":null,"price_margin":null,"price_discount":null}}],"_links":{"self":[{"href":"https:\/\/petworld.ma\/index.php\/wp-json\/wp\/v2\/product\/14536","targetHints":{"allow":["GET"]}}],"collection":[{"href":"https:\/\/petworld.ma\/index.php\/wp-json\/wp\/v2\/product"}],"about":[{"href":"https:\/\/petworld.ma\/index.php\/wp-json\/wp\/v2\/types\/product"}],"wp:featuredmedia":[{"embeddable":true,"href":"https:\/\/petworld.ma\/index.php\/wp-json\/wp\/v2\/media\/14540"}],"wp:attachment":[{"href":"https:\/\/petworld.ma\/index.php\/wp-json\/wp\/v2\/media?parent=14536"}],"wp:term":[{"taxonomy":"product_brand","embeddable":true,"href":"https:\/\/petworld.ma\/index.php\/wp-json\/wp\/v2\/product_brand?post=14536"},{"taxonomy":"product_cat","embeddable":true,"href":"https:\/\/petworld.ma\/index.php\/wp-json\/wp\/v2\/product_cat?post=14536"},{"taxonomy":"product_tag","embeddable":true,"href":"https:\/\/petworld.ma\/index.php\/wp-json\/wp\/v2\/product_tag?post=14536"}],"curies":[{"name":"wp","href":"https:\/\/api.w.org\/{rel}","templated":true}]}}