{"id":1467,"date":"2023-02-09T15:16:27","date_gmt":"2023-02-09T15:16:27","guid":{"rendered":"https:\/\/petworld.ma\/?post_type=product&#038;p=1467"},"modified":"2026-04-02T10:00:31","modified_gmt":"2026-04-02T10:00:31","slug":"pro-plan-sterilised-adult-poulet-1-5-kg-et-10-kg","status":"publish","type":"product","link":"https:\/\/petworld.ma\/index.php\/produit\/pro-plan-sterilised-adult-poulet-1-5-kg-et-10-kg\/","title":{"rendered":"Pro Plan Sterilised Adult Poulet 1.5kg | 3kg |10kg"},"content":{"rendered":"<p>Les chats adultes st\u00e9rilis\u00e9s et castr\u00e9s ont des besoins nutritionnels sp\u00e9cifiques qu&rsquo;il est important de prendre en compte. Les croquettes PURINA PRO PLAN\u00a0Sterilised Adult Delicate Digestion sont adapt\u00e9es \u00e0 leurs besoins et favorisent notamment le contr\u00f4le du poids. Les<strong>\u00a0teneurs de nutriments et \u00e9nergie sont adapt\u00e9es\u00a0<\/strong>et facilitent le maintien du poids de forme.<\/p>\n<p>Ces croquettes sont produites avec du poulet qui constitue une source de prot\u00e9ines de qualit\u00e9 hautement digestibles qui\u00a0<strong>aident \u00e0 pr\u00e9server une masse musculaire svelte<\/strong>. La formule Optidigest<strong>\u00a0\u00e0 base de pr\u00e9biotiques naturels<\/strong>\u00a0favorise la fonction digestive. La consistance croustillante de ces croquettes contribue \u00e0 l&rsquo;hygi\u00e8ne dentaire car elle favorise l&rsquo;abrasion m\u00e9canique des dents lors de la mastication.<\/p>\n<p><strong>Caract\u00e9ristiques des croquettes PURINA PRO PLAN\u00a0<\/strong><strong>Sterilised Adult Delicate Digestion<\/strong>\u00a0<strong>pour chat :<\/strong><\/p>\n<ul>\n<li style=\"list-style-type: none;\">\n<ul>\n<li>croquettes pour les chats adultes st\u00e9rilis\u00e9s\/castr\u00e9s \u00e0 partir d&rsquo;1 an<\/li>\n<li><strong>gestion du poids :<\/strong>\u00a0teneurs adapt\u00e9es en mati\u00e8res grasses, prot\u00e9ines et glucides\u00a0pour favoriser la gestion du poids apr\u00e8s la st\u00e9rilisation\/castration<\/li>\n<li><strong>poulet comme ingr\u00e9dient principal\u00a0:\u00a0<\/strong>source de prot\u00e9ines digestes<\/li>\n<li><strong>formule Optidigest :\u00a0<\/strong>avec des pr\u00e9biotiques pour favoriser la digestion<\/li>\n<li><strong>favorisent la sant\u00e9 des voies urinaires :<\/strong>\u00a0composition adapt\u00e9e qui contribue\u00a0\u00e0 la sant\u00e9 urinaire<\/li>\n<li><strong>croquettes croustillantes :<\/strong>\u00a0la consistance des croquettes favorise l&rsquo;hygi\u00e8ne dentaire et aide \u00e0 pr\u00e9venir la formation de plaque dentaire et de tartre<\/li>\n<li><strong>aliment complet et \u00e9quilibr\u00e9 :\u00a0<\/strong>id\u00e9al dans le cadre d&rsquo;une alimentation quotidienne<strong>\u00a0<\/strong><\/li>\n<li><strong>sans\u00a0<\/strong>colorants ni ar\u00f4mes artificiels<\/li>\n<li><strong>recette savoureuse :\u00a0<\/strong>appr\u00e9ci\u00e9e aussi par les chats difficiles<\/li>\n<\/ul>\n<\/li>\n<\/ul>\n<div><b>Ingr\u00e9dients :<\/b><br \/>\npoulet (20 %), riz*, farine de prot\u00e9ines de ma\u00efs*, prot\u00e9ines de dinde d\u00e9shydrat\u00e9es*, poudre de prot\u00e9ines de soja*, prot\u00e9ines de pois*, ma\u00efs*, amidon de ma\u00efs, fibre v\u00e9g\u00e9tale d\u00e9shydrat\u00e9e, graisses animales, racine de chicor\u00e9e d\u00e9shydrat\u00e9e, min\u00e9raux, huile de poisson, \u0153ufs d\u00e9shydrat\u00e9s*, hydrolysat, levure*.<br \/>\n*Sources de prot\u00e9ines.<br \/>\n<b>Additifs :<\/b><br \/>\n<i>Additifs nutritionnels :<\/i><br \/>\nvitamine A (34 000 UI \/kg), vitamine D3 (950 UI\/kg), vitamine E (670 UI\/kg), vitamine C (140 mg\/kg), fer [sulfate de fer (II) monohydrat\u00e9] (150 mg\/kg), calcium [iodate de calcium, anhydre] (2,3 mg\/kg), cuivre [sulfate de cuivre pentahydrat\u00e9] (16 mg\/kg), mangan\u00e8se [sulfate de mangan\u00e8se monohydrat\u00e9] (56 mg\/kg), zinc [sulfate de zinc monohydrat\u00e9] (140 mg\/kg), s\u00e9l\u00e9nium [s\u00e9l\u00e9nite de sodium] (0,16 mg\/kg).<br \/>\nAvec des antioxydants.<\/div>\n<hr class=\"Ingredients_space__GQd_b\" \/>\n<p class=\"paragraph\"><b>Composants analytiques<\/b><\/p>\n<table class=\"Table_table__jYGxt\" data-zta=\"constituentsTable\">\n<tbody>\n<tr>\n<td>prot\u00e9ines brutes<\/td>\n<td>40.0\u00a0%<\/td>\n<\/tr>\n<tr>\n<td>graisses brutes<\/td>\n<td>12.0\u00a0%<\/td>\n<\/tr>\n<tr>\n<td>fibres brutes<\/td>\n<td>3.5\u00a0%<\/td>\n<\/tr>\n<tr>\n<td>cendres brutes<\/td>\n<td>7.5\u00a0%<\/td>\n<\/tr>\n<tr>\n<td>humidit\u00e9<\/td>\n<td>6.0\u00a0%<\/td>\n<\/tr>\n<\/tbody>\n<\/table>\n<p><b>Quantit\u00e9s recommand\u00e9es<\/b><\/p>\n<p>Les croquettes PURINA PRO PLAN Sterilised au poulet constituent un aliment complet pour chat<\/p>\n<table border=\"1\" width=\"80%\" cellspacing=\"1\" cellpadding=\"1\">\n<tbody>\n<tr>\n<td align=\"center\"><b>Poids du chat<\/b><\/td>\n<td align=\"center\"><small><b>Ration journali\u00e8re croquettes<\/b><\/small><\/td>\n<td align=\"center\"><small><strong>Croquettes + Nourriture humide (85g)<\/strong><\/small><\/td>\n<\/tr>\n<tr>\n<td align=\"center\"><small>2 kg<\/small><\/td>\n<td align=\"center\"><small>25 g<\/small><\/td>\n<td align=\"center\"><small>5 g +\u00a0Nourriture humide<\/small><\/td>\n<\/tr>\n<tr>\n<td align=\"center\"><small>3 kg<\/small><\/td>\n<td align=\"center\"><small>40 g<\/small><\/td>\n<td align=\"center\"><small>15 g\u00a0+\u00a0Nourriture humide<\/small><\/td>\n<\/tr>\n<tr>\n<td align=\"center\"><small>4 kg<\/small><\/td>\n<td align=\"center\"><small>55 g<\/small><\/td>\n<td align=\"center\"><small>30 g\u00a0+\u00a0Nourriture humide<\/small><\/td>\n<\/tr>\n<tr>\n<td align=\"center\"><small>5 kg<\/small><\/td>\n<td align=\"center\"><small>65 g<\/small><\/td>\n<td align=\"center\"><small>45 g\u00a0+\u00a0Nourriture humide<\/small><\/td>\n<\/tr>\n<tr>\n<td align=\"center\"><small>6 kg<\/small><\/td>\n<td align=\"center\"><small>80 g<\/small><\/td>\n<td align=\"center\"><small>55 g\u00a0+\u00a0Nourriture humide<\/small><\/td>\n<\/tr>\n<tr>\n<td align=\"center\"><small>\u00a0&gt; 6 kg<\/small><\/td>\n<td align=\"center\"><small>+15 g \/ kg<\/small><\/td>\n<td align=\"center\"><small>+15 g \/ kg\u00a0+\u00a0Nourriture humide<\/small><\/td>\n<\/tr>\n<\/tbody>\n<\/table>\n<p>Veillez \u00e0 toujours mettre de l&rsquo;eau propre et fra\u00eeche \u00e0 la disposition de votre animal.<\/p>\n","protected":false},"excerpt":{"rendered":"<p>Croquettes pour chat st\u00e9rilis\u00e9\/castr\u00e9 (&gt; 1 an), poulet comme ingr\u00e9dient principal, favorisent le contr\u00f4le du poids, formule Optidigest \u00e0 base de pr\u00e9biotiques, favorisent l&rsquo;hygi\u00e8ne dentaire et la sant\u00e9 urinaire.<\/p>\n","protected":false},"featured_media":37809,"template":"","meta":{"jetpack_publicize_message":"","jetpack_publicize_feature_enabled":true,"jetpack_social_post_already_shared":false,"jetpack_social_options":{"image_generator_settings":{"template":"highway","default_image_id":0,"font":"","enabled":false},"version":2}},"product_brand":[],"product_cat":[40],"product_tag":[],"class_list":{"0":"post-1467","1":"product","2":"type-product","3":"status-publish","4":"has-post-thumbnail","6":"product_cat-coquettes-pour-chat","8":"first","9":"instock","10":"sale","11":"taxable","12":"shipping-taxable","13":"purchasable","14":"product-type-variable"},"supplier_id":5598,"supplier_sku":"","barcode":null,"atum_controlled":true,"out_stock_date":null,"out_stock_threshold":null,"inheritable":true,"inbound_stock":0,"stock_on_hold":4,"sold_today":0,"sales_last_days":16,"reserved_stock":0,"customer_returns":0,"warehouse_damage":0,"lost_in_post":0,"other_logs":0,"out_stock_days":0,"lost_sales":0,"has_location":false,"update_date":"2026-04-03T13:26:03","atum_locations":[],"atum_stock_status":"instock","restock_status":false,"low_stock_amount":"","sales_update_date":"2026-04-01T13:06:49","calc_backorders":null,"jetpack_publicize_connections":[],"jetpack_sharing_enabled":true,"batches":[],"_links":{"self":[{"href":"https:\/\/petworld.ma\/index.php\/wp-json\/wp\/v2\/product\/1467","targetHints":{"allow":["GET"]}}],"collection":[{"href":"https:\/\/petworld.ma\/index.php\/wp-json\/wp\/v2\/product"}],"about":[{"href":"https:\/\/petworld.ma\/index.php\/wp-json\/wp\/v2\/types\/product"}],"wp:featuredmedia":[{"embeddable":true,"href":"https:\/\/petworld.ma\/index.php\/wp-json\/wp\/v2\/media\/37809"}],"wp:attachment":[{"href":"https:\/\/petworld.ma\/index.php\/wp-json\/wp\/v2\/media?parent=1467"}],"wp:term":[{"taxonomy":"product_brand","embeddable":true,"href":"https:\/\/petworld.ma\/index.php\/wp-json\/wp\/v2\/product_brand?post=1467"},{"taxonomy":"product_cat","embeddable":true,"href":"https:\/\/petworld.ma\/index.php\/wp-json\/wp\/v2\/product_cat?post=1467"},{"taxonomy":"product_tag","embeddable":true,"href":"https:\/\/petworld.ma\/index.php\/wp-json\/wp\/v2\/product_tag?post=1467"}],"curies":[{"name":"wp","href":"https:\/\/api.w.org\/{rel}","templated":true}]}}