{"id":147,"date":"2022-12-15T22:59:10","date_gmt":"2022-12-15T22:59:10","guid":{"rendered":"http:\/\/petworld.ma\/?post_type=product&#038;p=147"},"modified":"2026-03-23T15:39:24","modified_gmt":"2026-03-23T15:39:24","slug":"hills-science-plan-aliment-pour-chiot-medium-au-poulet-2-5kg-14kg","status":"publish","type":"product","link":"https:\/\/petworld.ma\/index.php\/produit\/hills-science-plan-aliment-pour-chiot-medium-au-poulet-2-5kg-14kg\/","title":{"rendered":"Hill\u2019s Science Plan Aliment Pour Chiot Medium Au Poulet (2.5kg | 14kg)"},"content":{"rendered":"<p>Hill&rsquo;s Science Plan\u00a0ALIMENT POUR CHIOT MEDIUM au POULET (poulet 17 % ; total volaille 27 %) est un aliment complet pour les chiots de taille moyenne jusqu&rsquo;\u00e0 l&rsquo;\u00e2ge de 12 mois, et pour les chiennes en gestation ou en lactation.<\/p>\n<p><strong>Description<\/strong><\/p>\n<ul type=\"disc\">\n<li>DHA issu de l&rsquo;huile de poisson pour un d\u00e9veloppement sain du cerveau et des yeux.<\/li>\n<li>Prot\u00e9ine de haute qualit\u00e9 pour la construction de muscles maigres.<\/li>\n<li>Min\u00e9raux \u00e9quilibr\u00e9s pour des os et des dents solides.<\/li>\n<\/ul>\n<p><a href=\"https:\/\/wa.me\/212708052510\" target=\"_blank\" rel=\"noopener noreferrer\"><img decoding=\"async\" class=\"fr-fic fr-dib aligncenter\" src=\"https:\/\/cdn.youcan.shop\/stores\/d0742d556df94ddbc7ae4c9810aff04b\/others\/Umbc51TvgHsAXsUzbPmshXuyDKYhtoN8p9CEMSWH.png\" width=\"296\" height=\"78\" data-name=\"stores\/d0742d556df94ddbc7ae4c9810aff04b\/others\/Umbc51TvgHsAXsUzbPmshXuyDKYhtoN8p9CEMSWH.png\" \/><\/a><\/p>\n","protected":false},"excerpt":{"rendered":"<p>Hill&rsquo;s Science Plan\u00a0ALIMENT POUR CHIOT MEDIUM au POULET (poulet 17 % ; total volaille 27 %) est un aliment complet pour les chiots de taille moyenne jusqu&rsquo;\u00e0 l&rsquo;\u00e2ge de 12 mois, et pour les chiennes en gestation ou en lactation. Description DHA issu de l&rsquo;huile de poisson pour un d\u00e9veloppement sain du cerveau et des [&#8230;]\n","protected":false},"featured_media":541,"template":"","meta":{"jetpack_publicize_message":"","jetpack_publicize_feature_enabled":true,"jetpack_social_post_already_shared":false,"jetpack_social_options":{"image_generator_settings":{"template":"highway","default_image_id":0,"font":"","enabled":false},"version":2}},"product_brand":[],"product_cat":[26],"product_tag":[],"class_list":{"0":"post-147","1":"product","2":"type-product","3":"status-publish","4":"has-post-thumbnail","6":"product_cat-croquettes","8":"first","9":"instock","10":"taxable","11":"shipping-taxable","12":"purchasable","13":"product-type-variable"},"supplier_id":null,"supplier_sku":"","barcode":null,"atum_controlled":true,"out_stock_date":null,"out_stock_threshold":null,"inheritable":true,"inbound_stock":0,"stock_on_hold":0,"sold_today":0,"sales_last_days":0,"reserved_stock":0,"customer_returns":0,"warehouse_damage":0,"lost_in_post":0,"other_logs":0,"out_stock_days":0,"lost_sales":0,"has_location":false,"update_date":"2026-05-08T00:20:05","atum_locations":[],"atum_stock_status":"instock","restock_status":false,"low_stock_amount":"","sales_update_date":"2026-05-08T00:20:04","calc_backorders":null,"jetpack_publicize_connections":[],"jetpack_sharing_enabled":true,"batches":[],"_links":{"self":[{"href":"https:\/\/petworld.ma\/index.php\/wp-json\/wp\/v2\/product\/147","targetHints":{"allow":["GET"]}}],"collection":[{"href":"https:\/\/petworld.ma\/index.php\/wp-json\/wp\/v2\/product"}],"about":[{"href":"https:\/\/petworld.ma\/index.php\/wp-json\/wp\/v2\/types\/product"}],"wp:featuredmedia":[{"embeddable":true,"href":"https:\/\/petworld.ma\/index.php\/wp-json\/wp\/v2\/media\/541"}],"wp:attachment":[{"href":"https:\/\/petworld.ma\/index.php\/wp-json\/wp\/v2\/media?parent=147"}],"wp:term":[{"taxonomy":"product_brand","embeddable":true,"href":"https:\/\/petworld.ma\/index.php\/wp-json\/wp\/v2\/product_brand?post=147"},{"taxonomy":"product_cat","embeddable":true,"href":"https:\/\/petworld.ma\/index.php\/wp-json\/wp\/v2\/product_cat?post=147"},{"taxonomy":"product_tag","embeddable":true,"href":"https:\/\/petworld.ma\/index.php\/wp-json\/wp\/v2\/product_tag?post=147"}],"curies":[{"name":"wp","href":"https:\/\/api.w.org\/{rel}","templated":true}]}}