{"id":14979,"date":"2024-12-01T17:25:13","date_gmt":"2024-12-01T17:25:13","guid":{"rendered":"https:\/\/petworld.ma\/?post_type=product&#038;p=14979"},"modified":"2026-04-22T13:21:24","modified_gmt":"2026-04-22T13:21:24","slug":"flamingo-collier-chat-arwen-20-35cm","status":"publish","type":"product","link":"https:\/\/petworld.ma\/index.php\/produit\/flamingo-collier-chat-arwen-20-35cm\/","title":{"rendered":"Collier Flamingo Chat Arwen 20-35cm"},"content":{"rendered":"<div class=\"mb-2\">\n<div class=\"mb-2\">\n<div class=\"mb-2\">\n<div class=\"mb-2\">\n<div class=\"mb-2\">\n<div class=\"mb-2\">\n<div class=\"mb-2\">Notre collier pour chat Arwen est super mignon avec une impression de souris ! Avec la fermeture \u00e0 clic pratique et la clochette, vous saurez toujours o\u00f9 se trouve votre chat.<\/div>\n<div class=\"cms-element-text\">\n<ul>\n<li>Mat\u00e9riau : nylon<\/li>\n<li>R\u00e9glable en continu<\/li>\n<li>Boucle \u00e0 clic avec clic de s\u00e9curit\u00e9<\/li>\n<li>Avec clochette de chat<\/li>\n<\/ul>\n<\/div>\n<\/div>\n<\/div>\n<\/div>\n<\/div>\n<\/div>\n<\/div>\n<div class=\"cms-element-text\">\n<p>Dimension: 20-35cm x 10mm<\/p>\n<\/div>\n","protected":false},"excerpt":{"rendered":"<p>Dimension: 20-35cm x 10mm<\/p>\n","protected":false},"featured_media":14980,"template":"","meta":{"jetpack_publicize_message":"","jetpack_publicize_feature_enabled":true,"jetpack_social_post_already_shared":true,"jetpack_social_options":{"image_generator_settings":{"template":"highway","default_image_id":0,"font":"","enabled":false},"version":2}},"product_brand":[],"product_cat":[233],"product_tag":[],"class_list":{"0":"post-14979","1":"product","2":"type-product","3":"status-publish","4":"has-post-thumbnail","6":"product_cat-colliers-harnais","8":"first","9":"outofstock","10":"taxable","11":"shipping-taxable","12":"purchasable","13":"product-type-simple"},"supplier_id":8770,"supplier_sku":"560939","barcode":null,"atum_controlled":true,"out_stock_date":"2026-04-22 13:21:24","out_stock_threshold":null,"inheritable":false,"inbound_stock":0,"stock_on_hold":0,"sold_today":0,"sales_last_days":1,"reserved_stock":0,"customer_returns":0,"warehouse_damage":0,"lost_in_post":0,"other_logs":0,"out_stock_days":1,"lost_sales":6,"has_location":false,"update_date":"2026-04-24T10:50:47","atum_locations":[],"atum_stock_status":"outofstock","restock_status":false,"low_stock_amount":2,"sales_update_date":"2026-04-24T10:50:45","calc_backorders":null,"jetpack_publicize_connections":[],"jetpack_sharing_enabled":true,"batches":[],"_links":{"self":[{"href":"https:\/\/petworld.ma\/index.php\/wp-json\/wp\/v2\/product\/14979","targetHints":{"allow":["GET"]}}],"collection":[{"href":"https:\/\/petworld.ma\/index.php\/wp-json\/wp\/v2\/product"}],"about":[{"href":"https:\/\/petworld.ma\/index.php\/wp-json\/wp\/v2\/types\/product"}],"wp:featuredmedia":[{"embeddable":true,"href":"https:\/\/petworld.ma\/index.php\/wp-json\/wp\/v2\/media\/14980"}],"wp:attachment":[{"href":"https:\/\/petworld.ma\/index.php\/wp-json\/wp\/v2\/media?parent=14979"}],"wp:term":[{"taxonomy":"product_brand","embeddable":true,"href":"https:\/\/petworld.ma\/index.php\/wp-json\/wp\/v2\/product_brand?post=14979"},{"taxonomy":"product_cat","embeddable":true,"href":"https:\/\/petworld.ma\/index.php\/wp-json\/wp\/v2\/product_cat?post=14979"},{"taxonomy":"product_tag","embeddable":true,"href":"https:\/\/petworld.ma\/index.php\/wp-json\/wp\/v2\/product_tag?post=14979"}],"curies":[{"name":"wp","href":"https:\/\/api.w.org\/{rel}","templated":true}]}}