{"id":15000,"date":"2024-12-01T19:51:38","date_gmt":"2024-12-01T19:51:38","guid":{"rendered":"https:\/\/petworld.ma\/?post_type=product&#038;p=15000"},"modified":"2026-04-29T12:32:56","modified_gmt":"2026-04-29T12:32:56","slug":"miglior-cane-morceaux-de-viande-gibier-avec-sauce-405-grammes","status":"publish","type":"product","link":"https:\/\/petworld.ma\/index.php\/produit\/miglior-cane-morceaux-de-viande-gibier-avec-sauce-405-grammes\/","title":{"rendered":"Miglior Cane Morceaux de Viande Gibier avec Sauce 405 Grammes"},"content":{"rendered":"<p class=\"pagetitle\">Formule con\u00e7ue pour assurer les principes nutritifs n\u00e9cessaires au bien-\u00eatre de votre chien comme les vitamines, les Omega-3, le calcium et le phosphore indispensables pour des os et des dents robustes, une peau en bonne sant\u00e9, un poil luisant et une masse musculaire plus tonique.<\/p>\n<p><strong>COMPOSITION:<br \/>\n<\/strong>Viande et sous-produits animaux 30% (gibier 5%), c\u00e9r\u00e9ales, l\u00e9gumes 4%, min\u00e9raux.<\/p>\n<p><strong><br \/>\nCONSTITUANTS ANALYTIQUES\u00a0:<br \/>\n<\/strong>Humidit\u00e9 80%, Prot\u00e9ines brutes 7,0%, Mati\u00e8res grasses brutes 4,5%, Fibres brutes 0,5%, cendres brutes 3%.<\/p>\n<p><strong><br \/>\nAdditifs nutritionnels\/kg : <\/strong>Vitamine E 10 mg, Cuivre (Sulfate de Cuivre (II) pentahydrat\u00e9) 2 mg.<\/p>\n","protected":false},"excerpt":{"rendered":"<p>Boite de 405 Grammes<\/p>\n<p>Formule con\u00e7ue pour assurer les principes nutritifs n\u00e9cessaires au bien-\u00eatre de votre chien comme les vitamines, les Omega-3, le calcium et le phosphore indispensables pour des os et des dents robustes, une peau en bonne sant\u00e9, un poil luisant et une masse musculaire plus tonique.<\/p>\n<p>&nbsp;<\/p>\n<div><\/div>\n","protected":false},"featured_media":15002,"template":"","meta":{"jetpack_publicize_message":"","jetpack_publicize_feature_enabled":true,"jetpack_social_post_already_shared":true,"jetpack_social_options":{"image_generator_settings":{"template":"highway","default_image_id":0,"font":"","enabled":false},"version":2}},"product_brand":[],"product_cat":[26,39],"product_tag":[],"class_list":{"0":"post-15000","1":"product","2":"type-product","3":"status-publish","4":"has-post-thumbnail","6":"product_cat-croquettes","7":"product_cat-friandises-et-pates-pour-chien","9":"first","10":"instock","11":"taxable","12":"shipping-taxable","13":"purchasable","14":"product-type-simple"},"supplier_id":5587,"supplier_sku":"7272","barcode":null,"atum_controlled":true,"out_stock_date":null,"out_stock_threshold":null,"inheritable":false,"inbound_stock":0,"stock_on_hold":0,"sold_today":0,"sales_last_days":6,"reserved_stock":0,"customer_returns":0,"warehouse_damage":0,"lost_in_post":0,"other_logs":0,"out_stock_days":0,"lost_sales":0,"has_location":false,"update_date":"2026-05-13T00:23:06","atum_locations":[],"atum_stock_status":"instock","restock_status":false,"low_stock_amount":48,"sales_update_date":"2026-05-13T00:23:06","calc_backorders":0,"jetpack_publicize_connections":[],"jetpack_sharing_enabled":true,"batches":[{"id":"993","date_created":"2024-12-01 20:00:05","date_expiry":"2027-05-27 00:00:00","user_id":"2461","batch_number":"MigliorCaneGibier405G270527","location":"","quantity":"24.0000","quantity_available":"0.0000","units":"1","status":"archived","order_ids":"[16983,18026,20359,21369,22526,23159,23424,25514]","supplier":"Royal Canin","po":{"id":"971","date_created":"2024-12-01 20:00:06","batch_id":"993","po_number":"","supplier":"Royal Canin","cost":null,"regular_price":null,"sale_price":null,"price_margin":null,"price_discount":null}},{"id":"1098","date_created":"2024-12-08 12:15:52","date_expiry":"2027-05-27 00:00:00","user_id":"2461","batch_number":"MigliorCaneGibier405G270527","location":"","quantity":"49.0000","quantity_available":"0.0000","units":"1","status":"archived","order_ids":"[25514,25891,26301,26435,27619,28721,36692,37227]","supplier":"Royal Canin","po":{"id":"1074","date_created":"2024-12-08 12:15:52","batch_id":"1098","po_number":"","supplier":"Royal Canin","cost":null,"regular_price":null,"sale_price":null,"price_margin":null,"price_discount":null}},{"id":"5089","date_created":"2025-09-01 09:03:28","date_expiry":"2028-05-13 00:00:00","user_id":"2461","batch_number":"MigliorCaneGibier405G130528","location":"","quantity":"21.0000","quantity_available":"2.0000","units":"1","status":"active","order_ids":"[37459,37601,38208,38210,39352,40985]","supplier":"Royal Canin","po":{"id":"5052","date_created":"2025-09-01 09:03:29","batch_id":"5089","po_number":"","supplier":"Royal Canin","cost":null,"regular_price":null,"sale_price":null,"price_margin":null,"price_discount":null}},{"id":"7188","date_created":"2026-01-15 12:51:07","date_expiry":"2028-06-13 00:00:00","user_id":"2461","batch_number":"MigliorCaneGibier405G130628","location":"","quantity":"12.0000","quantity_available":"12.0000","units":"1","status":"active","order_ids":null,"supplier":"Royal Canin","po":{"id":"7124","date_created":"2026-01-15 12:51:08","batch_id":"7188","po_number":"","supplier":"Royal Canin","cost":null,"regular_price":null,"sale_price":null,"price_margin":null,"price_discount":null}},{"id":"7271","date_created":"2026-01-22 10:49:56","date_expiry":"2028-06-13 00:00:00","user_id":"2461","batch_number":"MigliorCaneGibier405G130628","location":"","quantity":"1.0000","quantity_available":"1.0000","units":"1","status":"active","order_ids":null,"supplier":"Royal Canin","po":{"id":"7207","date_created":"2026-01-22 10:49:56","batch_id":"7271","po_number":"","supplier":"Royal Canin","cost":null,"regular_price":null,"sale_price":null,"price_margin":null,"price_discount":null}},{"id":"7408","date_created":"2026-01-30 13:30:07","date_expiry":"2028-06-13 00:00:00","user_id":"2461","batch_number":"MigliorCaneGibier405G130628","location":"","quantity":"5.0000","quantity_available":"5.0000","units":"1","status":"active","order_ids":null,"supplier":"Royal Canin","po":{"id":"7344","date_created":"2026-01-30 13:30:08","batch_id":"7408","po_number":"","supplier":"Royal Canin","cost":null,"regular_price":null,"sale_price":null,"price_margin":null,"price_discount":null}},{"id":"8292","date_created":"2026-03-16 21:31:16","date_expiry":"2028-07-07 00:00:00","user_id":"2461","batch_number":"MigliorCaneGibier405G130628","location":"","quantity":"24.0000","quantity_available":"24.0000","units":"1","status":"active","order_ids":null,"supplier":"Royal Canin","po":{"id":"8220","date_created":"2026-03-16 21:31:16","batch_id":"8292","po_number":"","supplier":"Royal Canin","cost":null,"regular_price":null,"sale_price":null,"price_margin":null,"price_discount":null}}],"_links":{"self":[{"href":"https:\/\/petworld.ma\/index.php\/wp-json\/wp\/v2\/product\/15000","targetHints":{"allow":["GET"]}}],"collection":[{"href":"https:\/\/petworld.ma\/index.php\/wp-json\/wp\/v2\/product"}],"about":[{"href":"https:\/\/petworld.ma\/index.php\/wp-json\/wp\/v2\/types\/product"}],"wp:featuredmedia":[{"embeddable":true,"href":"https:\/\/petworld.ma\/index.php\/wp-json\/wp\/v2\/media\/15002"}],"wp:attachment":[{"href":"https:\/\/petworld.ma\/index.php\/wp-json\/wp\/v2\/media?parent=15000"}],"wp:term":[{"taxonomy":"product_brand","embeddable":true,"href":"https:\/\/petworld.ma\/index.php\/wp-json\/wp\/v2\/product_brand?post=15000"},{"taxonomy":"product_cat","embeddable":true,"href":"https:\/\/petworld.ma\/index.php\/wp-json\/wp\/v2\/product_cat?post=15000"},{"taxonomy":"product_tag","embeddable":true,"href":"https:\/\/petworld.ma\/index.php\/wp-json\/wp\/v2\/product_tag?post=15000"}],"curies":[{"name":"wp","href":"https:\/\/api.w.org\/{rel}","templated":true}]}}