{"id":15196,"date":"2024-12-07T17:17:19","date_gmt":"2024-12-07T17:17:19","guid":{"rendered":"https:\/\/petworld.ma\/?post_type=product&#038;p=15196"},"modified":"2026-05-07T10:47:40","modified_gmt":"2026-05-07T10:47:40","slug":"purina-gourmet-gold-fondant-de-thon-85gr","status":"publish","type":"product","link":"https:\/\/petworld.ma\/index.php\/produit\/purina-gourmet-gold-fondant-de-thon-85gr\/","title":{"rendered":"Purina Gourmet Gold Fondant de Thon 85gr"},"content":{"rendered":"<div class=\"field__item\">\n<ul>\n<li>Alimentation 100% compl\u00e8te et \u00e9quilibr\u00e9e.<\/li>\n<li>Fabriqu\u00e9 avec des ingr\u00e9dients de haute qualit\u00e9.<\/li>\n<li>Aliment complet pour chats adultes.<\/li>\n<\/ul>\n<\/div>\n<div class=\"field__item\">\n<p>Vous adorez ravir votre chat avec la texture d\u00e9licate et douce de la mousse.<br \/>\nPour rendre votre repas encore plus sp\u00e9cial, Gourmet a cr\u00e9\u00e9 Gourmet Gold Fondant : une mousse d\u00e9licate et irr\u00e9sistible au b\u0153uf, au poulet, au saumon et d&rsquo;autres saveurs exquises, avec un c\u0153ur liquide surprenant \u00e0 l&rsquo;int\u00e9rieur. Votre chat croquera d&rsquo;abord dans la mousse douce et d\u00e9licate puis d\u00e9couvrira un c\u0153ur inattendu de sauce succulente qu&rsquo;il adorera.<br \/>\nFondant Gourmet Gold : Une mousse d\u00e9licate et irr\u00e9sistible avec un c\u0153ur inattendu de sauce succulente \u00e0 l&rsquo;int\u00e9rieur. Une d\u00e9licieuse garniture pour une surprise exquise.<\/p>\n<p><strong>Composition<\/strong><\/p>\n<p>Viandes et sous-produits d&rsquo;origine animale<br \/>\nPoisson et sous-produits de poisson (thon 4%)<br \/>\nSubstances min\u00e9rales<br \/>\nSucres<\/p>\n<\/div>\n","protected":false},"excerpt":{"rendered":"<ul>\n<li>Alimentation 100% compl\u00e8te et \u00e9quilibr\u00e9e.<\/li>\n<li>Fabriqu\u00e9 avec des ingr\u00e9dients de haute qualit\u00e9.<\/li>\n<li>Une exp\u00e9rience culinaire unique.<\/li>\n<\/ul>\n","protected":false},"featured_media":15200,"template":"","meta":{"jetpack_publicize_message":"","jetpack_publicize_feature_enabled":true,"jetpack_social_post_already_shared":true,"jetpack_social_options":{"image_generator_settings":{"template":"highway","default_image_id":0,"font":"","enabled":false},"version":2}},"product_brand":[],"product_cat":[41],"product_tag":[],"class_list":{"0":"post-15196","1":"product","2":"type-product","3":"status-publish","4":"has-post-thumbnail","6":"product_cat-friandises-et-pate-pour-chat","8":"first","9":"instock","10":"taxable","11":"shipping-taxable","12":"purchasable","13":"product-type-simple"},"supplier_id":5592,"supplier_sku":"","barcode":null,"atum_controlled":true,"out_stock_date":null,"out_stock_threshold":null,"inheritable":false,"inbound_stock":0,"stock_on_hold":4,"sold_today":0,"sales_last_days":13,"reserved_stock":0,"customer_returns":0,"warehouse_damage":0,"lost_in_post":0,"other_logs":0,"out_stock_days":0,"lost_sales":0,"has_location":false,"update_date":"2026-05-11T10:09:52","atum_locations":[],"atum_stock_status":"instock","restock_status":false,"low_stock_amount":5,"sales_update_date":"2026-05-11T10:09:51","calc_backorders":null,"jetpack_publicize_connections":[],"jetpack_sharing_enabled":true,"batches":[{"id":"1073","date_created":"2024-12-07 19:00:58","date_expiry":"2026-08-31 00:00:00","user_id":"2461","batch_number":"GourmetFondantThon0826","location":"","quantity":"120.0000","quantity_available":"0.0000","units":"1","status":"archived","order_ids":"[15554,15617,15663,15798,15950,17206,17207,17283,17520,17632,17661,17672,17815,17892,18082,18148,18311]","supplier":"Casablanca","po":{"id":"1050","date_created":"2024-12-07 19:00:58","batch_id":"1073","po_number":"","supplier":"Casablanca","cost":null,"regular_price":null,"sale_price":null,"price_margin":null,"price_discount":null}},{"id":"1471","date_created":"2025-01-01 08:42:59","date_expiry":"2026-08-31 00:00:00","user_id":"2461","batch_number":"GourmetFondantThon0826","location":"","quantity":"24.0000","quantity_available":"0.0000","units":"1","status":"archived","order_ids":"[16455,16724,16800,16806,16912,16941,17097,17125,17206]","supplier":"Casablanca","po":{"id":"1445","date_created":"2025-01-01 08:43:02","batch_id":"1471","po_number":"","supplier":"Casablanca","cost":null,"regular_price":null,"sale_price":null,"price_margin":null,"price_discount":null}},{"id":"2409","date_created":"2025-03-20 23:05:41","date_expiry":"2026-08-31 00:00:00","user_id":"2461","batch_number":"GourmetFondantThon0826","location":"","quantity":"144.0000","quantity_available":"0.0000","units":"1","status":"archived","order_ids":"[19427,19707,20194,20344,20614,20677,21113,21169,21222]","supplier":"Rabat","po":{"id":"2378","date_created":"2025-03-20 23:05:44","batch_id":"2409","po_number":"","supplier":"Rabat","cost":null,"regular_price":null,"sale_price":null,"price_margin":null,"price_discount":null}},{"id":"2951","date_created":"2025-04-11 00:08:39","date_expiry":"2026-12-31 00:00:00","user_id":"2461","batch_number":"GourmetFondantThon1226","location":"","quantity":"24.0000","quantity_available":"0.0000","units":"1","status":"archived","order_ids":"[21222,21620,21645,21897,22028,22389,22428,22525]","supplier":"Rabat","po":{"id":"2917","date_created":"2025-04-11 00:08:40","batch_id":"2951","po_number":"","supplier":"Rabat","cost":null,"regular_price":null,"sale_price":null,"price_margin":null,"price_discount":null}},{"id":"3251","date_created":"2025-05-01 09:46:56","date_expiry":"2026-12-31 00:00:00","user_id":"2461","batch_number":"GourmetFondantThon1226","location":"","quantity":"11.0000","quantity_available":"0.0000","units":"1","status":"archived","order_ids":"[21421,21565,21620]","supplier":"Casablanca","po":{"id":"3218","date_created":"2025-05-01 09:46:57","batch_id":"3251","po_number":"","supplier":"Casablanca","cost":null,"regular_price":null,"sale_price":null,"price_margin":null,"price_discount":null}},{"id":"5250","date_created":"2025-09-10 15:11:49","date_expiry":"2026-12-31 00:00:00","user_id":"2461","batch_number":"GourmetFondantThon1226","location":"","quantity":"140.0000","quantity_available":"0.0000","units":"1","status":"archived","order_ids":"[26949,27046,27077,27205,27244,27767,28138,28207,28424,28439,29003,29098,29405,29673,29794,29825,30578,30586,31100,31126,31672,32179,32338,32340,32751,33070,33199,33209,33349,33579,33683,33983,34762,34765,35085,35231,35518,35730,35746,35880,36156,36841,36901,36956,36978,37116,37502,37538,38427]","supplier":"Casablanca","po":{"id":"5207","date_created":"2025-09-10 15:11:49","batch_id":"5250","po_number":"","supplier":"Casablanca","cost":null,"regular_price":null,"sale_price":null,"price_margin":null,"price_discount":null}},{"id":"7734","date_created":"2026-02-17 15:01:25","date_expiry":"2027-10-31 00:00:00","user_id":"2461","batch_number":"GourmetFondantThon1027","location":"","quantity":"300.0000","quantity_available":"256.0000","units":"1","status":"active","order_ids":"[38427,38530,38594,38633,39450,39678,40051,40096,40332,40402,40458,40648,40678,40903,41125,41254,41259,41355,41376,41521]","supplier":"Casablanca","po":{"id":"7669","date_created":"2026-02-17 15:01:25","batch_id":"7734","po_number":"","supplier":"Casablanca","cost":null,"regular_price":null,"sale_price":null,"price_margin":null,"price_discount":null}}],"_links":{"self":[{"href":"https:\/\/petworld.ma\/index.php\/wp-json\/wp\/v2\/product\/15196","targetHints":{"allow":["GET"]}}],"collection":[{"href":"https:\/\/petworld.ma\/index.php\/wp-json\/wp\/v2\/product"}],"about":[{"href":"https:\/\/petworld.ma\/index.php\/wp-json\/wp\/v2\/types\/product"}],"wp:featuredmedia":[{"embeddable":true,"href":"https:\/\/petworld.ma\/index.php\/wp-json\/wp\/v2\/media\/15200"}],"wp:attachment":[{"href":"https:\/\/petworld.ma\/index.php\/wp-json\/wp\/v2\/media?parent=15196"}],"wp:term":[{"taxonomy":"product_brand","embeddable":true,"href":"https:\/\/petworld.ma\/index.php\/wp-json\/wp\/v2\/product_brand?post=15196"},{"taxonomy":"product_cat","embeddable":true,"href":"https:\/\/petworld.ma\/index.php\/wp-json\/wp\/v2\/product_cat?post=15196"},{"taxonomy":"product_tag","embeddable":true,"href":"https:\/\/petworld.ma\/index.php\/wp-json\/wp\/v2\/product_tag?post=15196"}],"curies":[{"name":"wp","href":"https:\/\/api.w.org\/{rel}","templated":true}]}}