{"id":15202,"date":"2024-12-07T17:23:34","date_gmt":"2024-12-07T17:23:34","guid":{"rendered":"https:\/\/petworld.ma\/?post_type=product&#038;p=15202"},"modified":"2026-05-06T14:03:43","modified_gmt":"2026-05-06T14:03:43","slug":"purina-gourmet-gold-delices-succulents-au-poisson-de-mer-85gr","status":"publish","type":"product","link":"https:\/\/petworld.ma\/index.php\/produit\/purina-gourmet-gold-delices-succulents-au-poisson-de-mer-85gr\/","title":{"rendered":"Purina Gourmet Gold D\u00e9lices Succulents au Poisson de mer 85gr"},"content":{"rendered":"<div class=\"field__item\">\n<div class=\"field__item\">\n<ul>\n<li>Aliment complet pour chat adulte aux poissons de mer.<\/li>\n<li>Con\u00e7u pour ravir.<\/li>\n<li>Pas de colorants. Sans ar\u00f4mes artificiels ni conservateurs ajout\u00e9s.<\/li>\n<li>Fabriqu\u00e9 avec des ingr\u00e9dients de haute qualit\u00e9.<\/li>\n<li>Le carton et les canettes sont recyclables.<\/li>\n<\/ul>\n<\/div>\n<div class=\"field__item\">\n<p>GOURMET\u2122 Gold a cr\u00e9\u00e9 Succulent Delights : une d\u00e9licieuse nourriture humide pour chat compos\u00e9e d&rsquo;une recette juteuse mijot\u00e9e avec des coupes succulentes pour ravir votre chat.<\/p>\n<p>GOURMET\u2122 Gold Succulent Delights with Ocean Fish est un aliment complet pour chats adultes sans colorants. Sans ar\u00f4mes artificiels ni conservateurs ajout\u00e9s.<\/p>\n<p><strong>Composition<\/strong><\/p>\n<p>Viandes et sous-produits animaux<br \/>\nExtraits de prot\u00e9ines v\u00e9g\u00e9tales<br \/>\nPoissons et sous-produits de poisson (poissons de mer 4%)<br \/>\nMin\u00e9raux<br \/>\nSous-produits d&rsquo;origine v\u00e9g\u00e9tale<br \/>\nSucres divers<\/p>\n<\/div>\n<\/div>\n","protected":false},"excerpt":{"rendered":"<ul>\n<li>Aliment complet pour chat adulte aux poissons de mer.<\/li>\n<li>Con\u00e7u pour ravir.<\/li>\n<li>Pas de colorants. Sans ar\u00f4mes artificiels ni conservateurs ajout\u00e9s.<\/li>\n<li>Fabriqu\u00e9 avec des ingr\u00e9dients de haute qualit\u00e9.<\/li>\n<\/ul>\n","protected":false},"featured_media":15204,"template":"","meta":{"jetpack_publicize_message":"","jetpack_publicize_feature_enabled":true,"jetpack_social_post_already_shared":true,"jetpack_social_options":{"image_generator_settings":{"template":"highway","default_image_id":0,"font":"","enabled":false},"version":2}},"product_brand":[],"product_cat":[41],"product_tag":[],"class_list":{"0":"post-15202","1":"product","2":"type-product","3":"status-publish","4":"has-post-thumbnail","6":"product_cat-friandises-et-pate-pour-chat","8":"first","9":"outofstock","10":"taxable","11":"shipping-taxable","12":"purchasable","13":"product-type-simple"},"supplier_id":5592,"supplier_sku":"","barcode":null,"atum_controlled":true,"out_stock_date":null,"out_stock_threshold":null,"inheritable":false,"inbound_stock":0,"stock_on_hold":0,"sold_today":0,"sales_last_days":3,"reserved_stock":0,"customer_returns":0,"warehouse_damage":0,"lost_in_post":0,"other_logs":0,"out_stock_days":0,"lost_sales":0,"has_location":false,"update_date":"2026-05-12T00:23:37","atum_locations":[],"atum_stock_status":"outofstock","restock_status":false,"low_stock_amount":5,"sales_update_date":"2026-05-12T00:23:37","calc_backorders":null,"jetpack_publicize_connections":[],"jetpack_sharing_enabled":true,"batches":[{"id":"1072","date_created":"2024-12-07 19:00:01","date_expiry":"2026-04-30 00:00:00","user_id":"2461","batch_number":"GourmetDelicePoisson0426","location":"","quantity":"23.0000","quantity_available":"0.0000","units":"1","status":"archived","order_ids":"[15554,15763,16128,16165,16468,16800,16941,17013,17025,17097,18325]","supplier":"Casablanca","po":{"id":"1049","date_created":"2024-12-07 19:00:01","batch_id":"1072","po_number":"","supplier":"Casablanca","cost":null,"regular_price":null,"sale_price":null,"price_margin":null,"price_discount":null}},{"id":"7054","date_created":"2026-01-05 18:16:39","date_expiry":"2027-10-30 00:00:00","user_id":"2461","batch_number":"GourmetDelicePoisson1027","location":"","quantity":"48.0000","quantity_available":"0.0000","units":"1","status":"archived","order_ids":"[33183,33209,33683,33860]","supplier":"Casablanca","po":{"id":"6992","date_created":"2026-01-05 18:16:39","batch_id":"7054","po_number":"","supplier":"Casablanca","cost":null,"regular_price":null,"sale_price":null,"price_margin":null,"price_discount":null}}],"_links":{"self":[{"href":"https:\/\/petworld.ma\/index.php\/wp-json\/wp\/v2\/product\/15202","targetHints":{"allow":["GET"]}}],"collection":[{"href":"https:\/\/petworld.ma\/index.php\/wp-json\/wp\/v2\/product"}],"about":[{"href":"https:\/\/petworld.ma\/index.php\/wp-json\/wp\/v2\/types\/product"}],"wp:featuredmedia":[{"embeddable":true,"href":"https:\/\/petworld.ma\/index.php\/wp-json\/wp\/v2\/media\/15204"}],"wp:attachment":[{"href":"https:\/\/petworld.ma\/index.php\/wp-json\/wp\/v2\/media?parent=15202"}],"wp:term":[{"taxonomy":"product_brand","embeddable":true,"href":"https:\/\/petworld.ma\/index.php\/wp-json\/wp\/v2\/product_brand?post=15202"},{"taxonomy":"product_cat","embeddable":true,"href":"https:\/\/petworld.ma\/index.php\/wp-json\/wp\/v2\/product_cat?post=15202"},{"taxonomy":"product_tag","embeddable":true,"href":"https:\/\/petworld.ma\/index.php\/wp-json\/wp\/v2\/product_tag?post=15202"}],"curies":[{"name":"wp","href":"https:\/\/api.w.org\/{rel}","templated":true}]}}