{"id":15205,"date":"2024-12-07T17:33:34","date_gmt":"2024-12-07T17:33:34","guid":{"rendered":"https:\/\/petworld.ma\/?post_type=product&#038;p=15205"},"modified":"2026-03-31T17:12:02","modified_gmt":"2026-03-31T17:12:02","slug":"purina-gourmet-gold-morceaux-de-saumon-et-poulet-85gr","status":"publish","type":"product","link":"https:\/\/petworld.ma\/index.php\/produit\/purina-gourmet-gold-morceaux-de-saumon-et-poulet-85gr\/","title":{"rendered":"Purina Gourmet Gold Morceaux de Saumon et Poulet 85gr"},"content":{"rendered":"<div class=\"field__item\">\n<ul>\n<li>Alimentation 100% compl\u00e8te et \u00e9quilibr\u00e9e.<\/li>\n<li>De tendres morceaux de viande ou de poisson soigneusement cuits dans une d\u00e9licieuse sauce pour offrir \u00e0 votre chat le plaisir d&rsquo;une saveur fabuleuse et riche.<\/li>\n<li>Fabriqu\u00e9 avec des ingr\u00e9dients de haute qualit\u00e9.<\/li>\n<li>Une exp\u00e9rience culinaire unique.<\/li>\n<li>Aliment complet pour chats adultes.<\/li>\n<\/ul>\n<\/div>\n<div class=\"field__item\">\n<p>Votre chat est un v\u00e9ritable expert et aime essayer diff\u00e9rentes textures et saveurs chaque jour. C&rsquo;est pourquoi GOURMET Gold a cr\u00e9\u00e9 Bocaditos en Salsa, des recettes savoureuses pour chouchouter votre palais sophistiqu\u00e9 avec une exp\u00e9rience gustative diff\u00e9rente \u00e0 chaque repas. De tendres morceaux de viande ou de poisson mijot\u00e9s dans une d\u00e9licieuse sauce pour offrir \u00e0 votre chat le plaisir d&rsquo;une saveur fabuleuse et riche.<\/p>\n<p><strong>Composition<\/strong><\/p>\n<p>Viandes et sous-produits d&rsquo;origine animale (21% dont poulet 4%)<br \/>\nC\u00e9r\u00e9ales<br \/>\nPoissons et sous-produits de poisson (saumon 4%)<br \/>\nSubstances min\u00e9rales<br \/>\nSucres<\/p>\n<\/div>\n","protected":false},"excerpt":{"rendered":"<ul>\n<li>Alimentation 100% compl\u00e8te et \u00e9quilibr\u00e9e.<\/li>\n<li>De tendres morceaux de viande ou de poisson soigneusement cuits dans une d\u00e9licieuse sauce pour offrir \u00e0 votre chat le plaisir d&rsquo;une saveur fabuleuse et riche.<\/li>\n<li>Fabriqu\u00e9 avec des ingr\u00e9dients de haute qualit\u00e9.<\/li>\n<li>Une exp\u00e9rience culinaire unique.<\/li>\n<\/ul>\n","protected":false},"featured_media":15207,"template":"","meta":{"jetpack_publicize_message":"","jetpack_publicize_feature_enabled":true,"jetpack_social_post_already_shared":true,"jetpack_social_options":{"image_generator_settings":{"template":"highway","default_image_id":0,"font":"","enabled":false},"version":2}},"product_brand":[],"product_cat":[41],"product_tag":[],"class_list":{"0":"post-15205","1":"product","2":"type-product","3":"status-publish","4":"has-post-thumbnail","6":"product_cat-friandises-et-pate-pour-chat","8":"first","9":"instock","10":"taxable","11":"shipping-taxable","12":"purchasable","13":"product-type-simple"},"supplier_id":5592,"supplier_sku":"","barcode":null,"atum_controlled":true,"out_stock_date":null,"out_stock_threshold":null,"inheritable":false,"inbound_stock":0,"stock_on_hold":0,"sold_today":0,"sales_last_days":21,"reserved_stock":0,"customer_returns":0,"warehouse_damage":0,"lost_in_post":0,"other_logs":0,"out_stock_days":0,"lost_sales":0,"has_location":false,"update_date":"2026-04-06T21:49:48","atum_locations":[],"atum_stock_status":"instock","restock_status":false,"low_stock_amount":5,"sales_update_date":"2026-04-06T21:49:48","calc_backorders":null,"jetpack_publicize_connections":[],"jetpack_sharing_enabled":true,"batches":[{"id":"1071","date_created":"2024-12-07 18:55:40","date_expiry":"2026-07-31 00:00:00","user_id":"2461","batch_number":"GourmetMorceauSaumPoul0726","location":"","quantity":"71.0000","quantity_available":"0.0000","units":"1","status":"archived","order_ids":"[15615,15763,15960,16165,16468,16622,16722,16826,16941,17013,17025,17166,17207,17268,17440,18117,18180,18325]","supplier":"Casablanca","po":{"id":"1048","date_created":"2024-12-07 18:55:40","batch_id":"1071","po_number":"","supplier":"Casablanca","cost":null,"regular_price":null,"sale_price":null,"price_margin":null,"price_discount":null}},{"id":"7819","date_created":"2026-02-19 14:28:52","date_expiry":"2027-09-30 00:00:00","user_id":"2461","batch_number":"GourmetMorceauSaumPoul0927","location":"","quantity":"96.0000","quantity_available":"69.0000","units":"1","status":"active","order_ids":"[36467,37145,37175,38182,38327,38427,38594,38633]","supplier":"Casablanca","po":{"id":"7754","date_created":"2026-02-19 14:28:52","batch_id":"7819","po_number":"","supplier":"Casablanca","cost":null,"regular_price":null,"sale_price":null,"price_margin":null,"price_discount":null}}],"_links":{"self":[{"href":"https:\/\/petworld.ma\/index.php\/wp-json\/wp\/v2\/product\/15205","targetHints":{"allow":["GET"]}}],"collection":[{"href":"https:\/\/petworld.ma\/index.php\/wp-json\/wp\/v2\/product"}],"about":[{"href":"https:\/\/petworld.ma\/index.php\/wp-json\/wp\/v2\/types\/product"}],"wp:featuredmedia":[{"embeddable":true,"href":"https:\/\/petworld.ma\/index.php\/wp-json\/wp\/v2\/media\/15207"}],"wp:attachment":[{"href":"https:\/\/petworld.ma\/index.php\/wp-json\/wp\/v2\/media?parent=15205"}],"wp:term":[{"taxonomy":"product_brand","embeddable":true,"href":"https:\/\/petworld.ma\/index.php\/wp-json\/wp\/v2\/product_brand?post=15205"},{"taxonomy":"product_cat","embeddable":true,"href":"https:\/\/petworld.ma\/index.php\/wp-json\/wp\/v2\/product_cat?post=15205"},{"taxonomy":"product_tag","embeddable":true,"href":"https:\/\/petworld.ma\/index.php\/wp-json\/wp\/v2\/product_tag?post=15205"}],"curies":[{"name":"wp","href":"https:\/\/api.w.org\/{rel}","templated":true}]}}