{"id":15275,"date":"2024-12-08T17:11:27","date_gmt":"2024-12-08T17:11:27","guid":{"rendered":"https:\/\/petworld.ma\/?post_type=product&#038;p=15275"},"modified":"2026-05-06T19:25:07","modified_gmt":"2026-05-06T19:25:07","slug":"jouet-pour-chat-jouet-interactif-en-4-etages","status":"publish","type":"product","link":"https:\/\/petworld.ma\/index.php\/produit\/jouet-pour-chat-jouet-interactif-en-4-etages\/","title":{"rendered":"Jouet interactif en 4 \u00e9tages"},"content":{"rendered":"<ul class=\"a-unordered-list a-vertical a-spacing-mini\">\n<li class=\"a-spacing-mini\"><span class=\"a-list-item\"><span style=\"text-decoration: underline\"><strong>Jouet interactif pour chat :<\/strong><\/span> la boule tournante pour chat est con\u00e7ue pour offrir un divertissement sans fin \u00e0 votre ami \u00e0 quatre pattes. Avec ses 4 niveaux et ses multiples pistes, il offre une exp\u00e9rience de chasse et de poursuite stimulante et stimulante pour les chats.<\/span><\/li>\n<li class=\"a-spacing-mini\"><span class=\"a-list-item\"><span style=\"text-decoration: underline\"><strong>Exercice mental et physique :<\/strong><\/span> ce jouet pour chat est non seulement une excellente source d&rsquo;exercice physique, mais aide \u00e9galement \u00e0 stimuler mentalement votre chat. Les balles tournantes et les mouvements impr\u00e9visibles occuperont et divertiront votre chat pendant des heures.<\/span><\/li>\n<li class=\"a-spacing-mini\"><span class=\"a-list-item\"><span style=\"text-decoration: underline\"><strong>Boule rotative :<\/strong><\/span> La couche sup\u00e9rieure de la boule tournante pour chat comporte deux boules rotatives, qui tourneront d&rsquo;un seul coup pour attirer l&rsquo;int\u00e9r\u00eat du chat. (L&rsquo;une est une balle flash et l&rsquo;autre est une balle cloche).<\/span><\/li>\n<li class=\"a-spacing-mini\"><span class=\"a-list-item\"><span style=\"text-decoration: underline\"><strong>Construction robuste :<\/strong> <\/span>fabriqu\u00e9 \u00e0 partir de mat\u00e9riaux de premi\u00e8re qualit\u00e9, ce jouet \u00e0 roulettes pour chat est con\u00e7u pour r\u00e9sister m\u00eame aux s\u00e9ances de jeu les plus enthousiastes. La conception empilable et la base antid\u00e9rapante assurent la stabilit\u00e9 et emp\u00eachent le retournement, offrant une exp\u00e9rience de jeu s\u00fbre et s\u00e9curis\u00e9e pour votre chat.<\/span><\/li>\n<li class=\"a-spacing-mini\"><span class=\"a-list-item\"><span style=\"text-decoration: underline\"><strong>Liens et socialisation :<\/strong><\/span> la boule tournante pour chat est parfaite pour les foyers comptant plusieurs chats ou pour cr\u00e9er des liens avec votre ami f\u00e9lin. Les chats peuvent jouer ensemble, renfor\u00e7ant ainsi leur amiti\u00e9 et offrant une opportunit\u00e9 de jeu interactif et de socialisation.<\/span><\/li>\n<\/ul>\n","protected":false},"excerpt":{"rendered":"<p id=\"title\" class=\"a-size-large a-spacing-none\"><span id=\"productTitle\" class=\"a-size-large product-title-word-break\">Plateau tournant pour chat, jouets pour chat, piste \u00e0 billes, puzzle amusant polyvalent \u00e0 4 niveaux, rouleau de jouet pour chat pour exercice de chasse et de poursuite du chat<\/span><\/p>\n","protected":false},"featured_media":15276,"template":"","meta":{"jetpack_publicize_message":"","jetpack_publicize_feature_enabled":true,"jetpack_social_post_already_shared":true,"jetpack_social_options":{"image_generator_settings":{"template":"highway","default_image_id":0,"font":"","enabled":false},"version":2}},"product_brand":[],"product_cat":[100],"product_tag":[],"class_list":{"0":"post-15275","1":"product","2":"type-product","3":"status-publish","4":"has-post-thumbnail","6":"product_cat-accessoires-jouets-et-colliers","8":"first","9":"instock","10":"taxable","11":"shipping-taxable","12":"purchasable","13":"product-type-simple"},"supplier_id":5592,"supplier_sku":"","barcode":null,"atum_controlled":true,"out_stock_date":null,"out_stock_threshold":null,"inheritable":false,"inbound_stock":0,"stock_on_hold":1,"sold_today":0,"sales_last_days":1,"reserved_stock":0,"customer_returns":0,"warehouse_damage":0,"lost_in_post":0,"other_logs":0,"out_stock_days":0,"lost_sales":0,"has_location":false,"update_date":"2026-05-07T14:09:06","atum_locations":[],"atum_stock_status":"instock","restock_status":false,"low_stock_amount":1,"sales_update_date":"2026-05-07T14:09:06","calc_backorders":null,"jetpack_publicize_connections":[],"jetpack_sharing_enabled":true,"batches":[],"_links":{"self":[{"href":"https:\/\/petworld.ma\/index.php\/wp-json\/wp\/v2\/product\/15275","targetHints":{"allow":["GET"]}}],"collection":[{"href":"https:\/\/petworld.ma\/index.php\/wp-json\/wp\/v2\/product"}],"about":[{"href":"https:\/\/petworld.ma\/index.php\/wp-json\/wp\/v2\/types\/product"}],"wp:featuredmedia":[{"embeddable":true,"href":"https:\/\/petworld.ma\/index.php\/wp-json\/wp\/v2\/media\/15276"}],"wp:attachment":[{"href":"https:\/\/petworld.ma\/index.php\/wp-json\/wp\/v2\/media?parent=15275"}],"wp:term":[{"taxonomy":"product_brand","embeddable":true,"href":"https:\/\/petworld.ma\/index.php\/wp-json\/wp\/v2\/product_brand?post=15275"},{"taxonomy":"product_cat","embeddable":true,"href":"https:\/\/petworld.ma\/index.php\/wp-json\/wp\/v2\/product_cat?post=15275"},{"taxonomy":"product_tag","embeddable":true,"href":"https:\/\/petworld.ma\/index.php\/wp-json\/wp\/v2\/product_tag?post=15275"}],"curies":[{"name":"wp","href":"https:\/\/api.w.org\/{rel}","templated":true}]}}