{"id":15279,"date":"2024-12-08T17:19:27","date_gmt":"2024-12-08T17:19:27","guid":{"rendered":"https:\/\/petworld.ma\/?post_type=product&#038;p=15279"},"modified":"2026-05-09T14:38:20","modified_gmt":"2026-05-09T14:38:20","slug":"hills-science-plan-aliment-pour-chat-sterilise-au-saumon-1-5kg-3kg","status":"publish","type":"product","link":"https:\/\/petworld.ma\/index.php\/produit\/hills-science-plan-aliment-pour-chat-sterilise-au-saumon-1-5kg-3kg\/","title":{"rendered":"Hill\u2019s Science Plan Croquettes Pour Chat St\u00e9rilis\u00e9 Au Saumon (1.5kg | 3kg | 10kg)"},"content":{"rendered":"<div class=\"productAwareRichText richText component section default-style even col-xs-12 initialized\">\n<div class=\"component-content\">\n<div class=\"richText-content\">\n<p>Hill\u2019s\u00a0<span class=\"nowrap\">Science Plan<\/span>\u00a0&#8211; Croquettes pour Chat Adulte St\u00e9rilis\u00e9 &#8211; au Saumon est un aliment \u00e9quilibr\u00e9, formul\u00e9 pour r\u00e9pondre aux besoins des chats st\u00e9rilis\u00e9s.<\/p>\n<p>Sa formule unique de gestion du poids aide \u00e0 br\u00fbler les graisses, \u00e0 d\u00e9velopper la masse musculaire et \u00e0 maintenir le chat st\u00e9rilis\u00e9 \u00e0 son poids de forme. Fabriqu\u00e9 avec des ingr\u00e9dients faciles \u00e0 dig\u00e9rer de haute qualit\u00e9.<\/p>\n<ul>\n<li>Avec l&rsquo;ajout de L-carnitine cliniquement prouv\u00e9e pour aider le chat \u00e0 rester mince et actif<\/li>\n<li>Teneurs contr\u00f4l\u00e9es en min\u00e9raux pour un syst\u00e8me urinaire sain<\/li>\n<li>Faible teneur en mati\u00e8res grasses et teneur \u00e9lev\u00e9e en L-lysine pour aider \u00e0 maintenir la vitalit\u00e9<\/li>\n<\/ul>\n<\/div>\n<\/div>\n<\/div>\n<div class=\"conditionalBox box component section default-style odd col-xs-12\">\n<div id=\"1517239228\" class=\"component-content\">\n<div class=\"paragraphSystem content\">\n<p>&nbsp;<\/p>\n<div class=\"productAwareRichText richText component section col-xs-12 productawarerichtext default-style initialized\">\n<div class=\"component-content\">\n<div class=\"richText-content\">\n<h4><strong>Recommandations<\/strong> : Chat adulte st\u00e9rilis\u00e9 \u00e2g\u00e9 de 1\u00a0\u00e0 6\u00a0ans.<\/h4>\n<\/div>\n<\/div>\n<\/div>\n<\/div>\n<\/div>\n<\/div>\n<div class=\"conditionalBox box component section default-style even col-xs-12\">\n<div id=\"1014499245\" class=\"component-content\">\n<div class=\"paragraphSystem content\">\n<p><span style=\"color: #333333;\">Ne pas utiliser cet aliment : Chaton et chatte gestante ou allaitante Pendant la gestation ou la lactation, la chatte doit passer \u00e0 la p\u00e2t\u00e9e ou aux croquettes <\/span><span class=\"nowrap\" style=\"color: #333333;\">Hill&rsquo;s Science Plan<\/span><span style=\"color: #333333;\">\u00a0pour chatons.<\/span><\/p>\n<div class=\"productAwareRichText richText component section default-style first odd last col-xs-12 initialized\">\n<div class=\"component-content\">\n<div class=\"richText-content\">\n<div class=\"productAwareRichText richText component section schema-ingredients-tab first odd col-xs-12 col-lg-12 col-lg-offset-0 initialized\">\n<div class=\"component-content\">\n<div class=\"richText-content\">\n<p><strong>COMPOSITION\u00a0<\/strong>: Ma\u00efs, brisures de riz, froment, prot\u00e9ines d\u00e9shydrat\u00e9es de poulet et de dinde, prot\u00e9ines de pois, farine de gluten de ma\u00efs, prot\u00e9ines d\u00e9shydrat\u00e9es de saumon (5\u00a0%), graisses animales, mati\u00e8res min\u00e9rales, hydrolysat, huile de poisson, huile v\u00e9g\u00e9tale.<\/p>\n<\/div>\n<\/div>\n<\/div>\n<div class=\"productAwareRichText richText component section default-style even col-xs-12 col-lg-12 col-lg-offset-0 initialized\">\n<div class=\"component-content\">\n<div class=\"richText-content\">\n<p><strong>CONSTITUANTS ANALYTIQUES<\/strong>\u00a0: Prot\u00e9ines 31,8\u00a0%, Teneur en mati\u00e8res grasses 10,7\u00a0%, Cellulose brute 1,1\u00a0%, Cendres brutes 5,8\u00a0%, Calcium 0,77\u00a0%, Phosphore 0,67\u00a0%, Sodium 0,34\u00a0%, Potassium 0,86\u00a0%, Magn\u00e9sium 0,09\u00a0%, L-lysine 2,0\u00a0%\u00a0; par kg\u00a0: Vitamine\u00a0A 7482\u00a0UI Vitamine\u00a0D3 626\u00a0UI, Vitamine\u00a0E 528\u00a0mg, Vitamine\u00a0C 97\u00a0mg, B\u00eata-carot\u00e8ne 1,9\u00a0mg, L-carnitine 524\u00a0mg.<\/p>\n<\/div>\n<\/div>\n<\/div>\n<div class=\"productAwareRichText richText component section default-style odd last col-xs-12 col-lg-12 col-lg-offset-0 initialized\">\n<div class=\"component-content\">\n<div class=\"richText-content\">\n<p><strong>ADDITIFS PAR KG<\/strong>\u00a0: Additifs nutritionnels\u00a0: 3b103 (Fer) 57,8\u00a0mg, 3b202 (Iode) 1,4\u00a0mg, 3b405 (Cuivre) 5,7\u00a0mg, 3b502 (Mangan\u00e8se) 6,0\u00a0mg, 3b603 (Zinc) 101\u00a0mg, 3b801 (S\u00e9l\u00e9nium) 0,1\u00a0mg, avec un antioxydant naturel.<\/p>\n<\/div>\n<\/div>\n<\/div>\n<\/div>\n<\/div>\n<\/div>\n<\/div>\n<\/div>\n<\/div>\n","protected":false},"excerpt":{"rendered":"<div class=\"conditionalBox box component section default-style even col-xs-12\">\n<div id=\"1096030739\" class=\"component-content\">\n<div class=\"paragraphSystem content\">\n<div class=\"productAwareRichText richText component section col-xs-12 productawarerichtext default-style initialized\">\n<div class=\"component-content\">\n<div class=\"richText-content\">\n<p>Hill\u2019s\u00a0<span class=\"nowrap\">Science Plan<\/span> &#8211; Croquettes pour Chat Adulte St\u00e9rilis\u00e9 &#8211; au Saumon est un aliment complet pour le chat adulte st\u00e9rilis\u00e9 \u00e2g\u00e9 de 1\u00a0\u00e0 6\u00a0ans.<\/p>\n<\/div>\n<\/div>\n<\/div>\n<\/div>\n<\/div>\n<\/div>\n","protected":false},"featured_media":15286,"template":"","meta":{"jetpack_publicize_message":"","jetpack_publicize_feature_enabled":true,"jetpack_social_post_already_shared":true,"jetpack_social_options":{"image_generator_settings":{"template":"highway","default_image_id":0,"font":"","enabled":false},"version":2}},"product_brand":[],"product_cat":[40],"product_tag":[],"class_list":{"0":"post-15279","1":"product","2":"type-product","3":"status-publish","4":"has-post-thumbnail","6":"product_cat-coquettes-pour-chat","8":"first","9":"instock","10":"taxable","11":"shipping-taxable","12":"purchasable","13":"product-type-variable"},"supplier_id":null,"supplier_sku":"","barcode":null,"atum_controlled":true,"out_stock_date":null,"out_stock_threshold":null,"inheritable":true,"inbound_stock":0,"stock_on_hold":0,"sold_today":0,"sales_last_days":1,"reserved_stock":0,"customer_returns":0,"warehouse_damage":0,"lost_in_post":0,"other_logs":0,"out_stock_days":0,"lost_sales":0,"has_location":false,"update_date":"2026-05-12T14:49:22","atum_locations":[],"atum_stock_status":"instock","restock_status":false,"low_stock_amount":"","sales_update_date":"2026-05-12T14:49:22","calc_backorders":null,"jetpack_publicize_connections":[],"jetpack_sharing_enabled":true,"batches":[],"_links":{"self":[{"href":"https:\/\/petworld.ma\/index.php\/wp-json\/wp\/v2\/product\/15279","targetHints":{"allow":["GET"]}}],"collection":[{"href":"https:\/\/petworld.ma\/index.php\/wp-json\/wp\/v2\/product"}],"about":[{"href":"https:\/\/petworld.ma\/index.php\/wp-json\/wp\/v2\/types\/product"}],"wp:featuredmedia":[{"embeddable":true,"href":"https:\/\/petworld.ma\/index.php\/wp-json\/wp\/v2\/media\/15286"}],"wp:attachment":[{"href":"https:\/\/petworld.ma\/index.php\/wp-json\/wp\/v2\/media?parent=15279"}],"wp:term":[{"taxonomy":"product_brand","embeddable":true,"href":"https:\/\/petworld.ma\/index.php\/wp-json\/wp\/v2\/product_brand?post=15279"},{"taxonomy":"product_cat","embeddable":true,"href":"https:\/\/petworld.ma\/index.php\/wp-json\/wp\/v2\/product_cat?post=15279"},{"taxonomy":"product_tag","embeddable":true,"href":"https:\/\/petworld.ma\/index.php\/wp-json\/wp\/v2\/product_tag?post=15279"}],"curies":[{"name":"wp","href":"https:\/\/api.w.org\/{rel}","templated":true}]}}