{"id":15309,"date":"2024-12-08T18:43:46","date_gmt":"2024-12-08T18:43:46","guid":{"rendered":"https:\/\/petworld.ma\/?post_type=product&#038;p=15309"},"modified":"2026-05-07T21:04:48","modified_gmt":"2026-05-07T21:04:48","slug":"sticks-skin-and-coat-110gr-mediterrane","status":"publish","type":"product","link":"https:\/\/petworld.ma\/index.php\/produit\/sticks-skin-and-coat-110gr-mediterrane\/","title":{"rendered":"Sticks Skin and Coat 110gr &#8211; Mediterrane"},"content":{"rendered":"<div class=\"rte\">\n<p>Les Snacks Fonctionnels de MEDITERRANEAN NATURAL sont un compl\u00e9ment alimentaire \u00e9labor\u00e9 \u00e0 partir de\u00a0<strong>produits de premi\u00e8re qualit\u00e9<\/strong>\u00a0.<\/p>\n<p>Anti-inflammatoire. Maintient la peau saine et les cheveux brillant.<\/p>\n<p>Nous pr\u00e9sentons\u00a0<strong>6 saveurs diff\u00e9rentes<\/strong>\u00a0et chacune d&rsquo;entre elles apporte\u00a0<strong>des bienfaits sp\u00e9cifiques<\/strong>\u00a0\u00e0 votre chien : urinaire, sant\u00e9 bucco-dentaire, intestinale, apaisante, peau et pelage et articulations.<\/p>\n<p>Une collation formul\u00e9e\u00a0<strong>SANS C\u00c9R\u00c9ALES<\/strong>\u00a0, favorisant l&rsquo;assimilation des nutriments et r\u00e9duisant les risques d&rsquo;inconfort digestif.<\/p>\n<p>Fabriqu\u00e9s \u00e0 partir de viande et de poisson provenant de la cha\u00eene alimentaire humaine, ils sont sans c\u00e9r\u00e9ales, sans gluten, sans colorants artificiels, sans OGM, sans acides gras trans et sont une source naturelle d&rsquo;om\u00e9ga 9.<\/p>\n<p>Il est important de noter qu&rsquo;il\u00a0<strong>s&rsquo;agit d&rsquo;un compl\u00e9ment alimentaire et non d&rsquo;un m\u00e9dicament<\/strong>\u00a0.<\/p>\n<p><strong>Composition<\/strong>: 21% saumon, 21% thon, 20% viande de dinde, glyc\u00e9rine v\u00e9g\u00e9tale, farine de pois chiches, 7% jambon serrano, f\u00e9cule de pomme de terre, 1% huile de saumon, carotte s\u00e9ch\u00e9e, huile de tournesol, manioc, min\u00e9raux. Additifs : Antioxydants : extraits de tocoph\u00e9rol. Ar\u00f4mes : extrait de romarin.<\/p>\n<p><strong>Composants analytiques:<\/strong> Prot\u00e9ines : 26,4%, mati\u00e8res grasses brutes : 8,4%, cendres brutes : 8,9%, fibres : 1,2%, humidit\u00e9 : 19,8%, 323 Kcal\/100g., om\u00e9ga3 : 0,7g\/100g, om\u00e9ga6 : 2,1g\/100g, om\u00e9ga 9 : 2,8g\/100g.<\/p>\n<p><strong>Posologie quotidienne :<\/strong><br \/>\n1 barre apr\u00e8s chaque repas.<br \/>\n(14 unit\u00e9s).<br \/>\nUtiliser r\u00e9guli\u00e8rement comme friandise.<\/p>\n<\/div>\n","protected":false},"excerpt":{"rendered":"<ul>\n<li>Anti-inflammatoire. Maintient la peau saine et les cheveux brillant.<\/li>\n<li>Une collation formul\u00e9e\u00a0<strong>SANS C\u00c9R\u00c9ALES<\/strong>\u00a0, favorisant l&rsquo;assimilation des nutriments et r\u00e9duisant les risques d&rsquo;inconfort digestif.<\/li>\n<\/ul>\n","protected":false},"featured_media":15312,"template":"","meta":{"jetpack_publicize_message":"","jetpack_publicize_feature_enabled":true,"jetpack_social_post_already_shared":true,"jetpack_social_options":{"image_generator_settings":{"template":"highway","default_image_id":0,"font":"","enabled":false},"version":2}},"product_brand":[],"product_cat":[217,187,39],"product_tag":[],"class_list":{"0":"post-15309","1":"product","2":"type-product","3":"status-publish","4":"has-post-thumbnail","6":"product_cat-dentifrice-soin-buccal-hygiene-et-soins","7":"product_cat-destockage","8":"product_cat-friandises-et-pates-pour-chien","10":"first","11":"instock","12":"sale","13":"taxable","14":"shipping-taxable","15":"purchasable","16":"product-type-simple"},"supplier_id":13352,"supplier_sku":"68097-12","barcode":null,"atum_controlled":true,"out_stock_date":null,"out_stock_threshold":null,"inheritable":false,"inbound_stock":0,"stock_on_hold":1,"sold_today":0,"sales_last_days":1,"reserved_stock":0,"customer_returns":0,"warehouse_damage":0,"lost_in_post":0,"other_logs":0,"out_stock_days":0,"lost_sales":0,"has_location":false,"update_date":"2026-05-08T13:08:13","atum_locations":[],"atum_stock_status":"instock","restock_status":false,"low_stock_amount":12,"sales_update_date":"2026-05-08T13:08:13","calc_backorders":null,"jetpack_publicize_connections":[],"jetpack_sharing_enabled":true,"batches":[{"id":"1117","date_created":"2024-12-08 18:57:17","date_expiry":"2026-05-31 00:00:00","user_id":"1","batch_number":"SticksChienSkin0526","location":"","quantity":"24.0000","quantity_available":"16.0000","units":"1","status":"active","order_ids":"[15561,22161,27168,29611,32650,37022,40629,41555]","supplier":"Animals World","po":{"id":"1093","date_created":"2024-12-08 18:57:18","batch_id":"1117","po_number":"","supplier":"Animals World","cost":null,"regular_price":null,"sale_price":null,"price_margin":null,"price_discount":null}}],"_links":{"self":[{"href":"https:\/\/petworld.ma\/index.php\/wp-json\/wp\/v2\/product\/15309","targetHints":{"allow":["GET"]}}],"collection":[{"href":"https:\/\/petworld.ma\/index.php\/wp-json\/wp\/v2\/product"}],"about":[{"href":"https:\/\/petworld.ma\/index.php\/wp-json\/wp\/v2\/types\/product"}],"wp:featuredmedia":[{"embeddable":true,"href":"https:\/\/petworld.ma\/index.php\/wp-json\/wp\/v2\/media\/15312"}],"wp:attachment":[{"href":"https:\/\/petworld.ma\/index.php\/wp-json\/wp\/v2\/media?parent=15309"}],"wp:term":[{"taxonomy":"product_brand","embeddable":true,"href":"https:\/\/petworld.ma\/index.php\/wp-json\/wp\/v2\/product_brand?post=15309"},{"taxonomy":"product_cat","embeddable":true,"href":"https:\/\/petworld.ma\/index.php\/wp-json\/wp\/v2\/product_cat?post=15309"},{"taxonomy":"product_tag","embeddable":true,"href":"https:\/\/petworld.ma\/index.php\/wp-json\/wp\/v2\/product_tag?post=15309"}],"curies":[{"name":"wp","href":"https:\/\/api.w.org\/{rel}","templated":true}]}}