{"id":15350,"date":"2024-12-08T21:04:55","date_gmt":"2024-12-08T21:04:55","guid":{"rendered":"https:\/\/petworld.ma\/?post_type=product&#038;p=15350"},"modified":"2026-02-18T17:08:09","modified_gmt":"2026-02-18T17:08:09","slug":"tunnel-contemporain-pour-chats-61-cm","status":"publish","type":"product","link":"https:\/\/petworld.ma\/index.php\/produit\/tunnel-contemporain-pour-chats-61-cm\/","title":{"rendered":"Tunnel Contemporain pour chats 61 cm"},"content":{"rendered":"<p>L&rsquo;un des jeux que les chats adorent le plus !<br \/>\nTunnel bruissant de tr\u00e8s bonne qualit\u00e9 ! 61 cm de plaisir et de lib\u00e9ration d&rsquo;\u00e9nergie..<\/p>\n<p>Ce tunnel est \u00e9quip\u00e9 de trous qui offrent un aper\u00e7u de stimulation et un plaisir suppl\u00e9mentaires. C&rsquo;est une cachette agr\u00e9able et donne une <span style=\"font-size: 14.4px\">sensation de<\/span> s\u00e9curit\u00e9 \u00e0 votre ami ronronnant.<\/p>\n<p>&nbsp;<\/p>\n<p>&nbsp;<\/p>\n","protected":false},"excerpt":{"rendered":"<ul>\n<li>Dimension: 61 x 25 x 25 cm<\/li>\n<\/ul>\n","protected":false},"featured_media":15351,"template":"","meta":{"jetpack_publicize_message":"","jetpack_publicize_feature_enabled":true,"jetpack_social_post_already_shared":true,"jetpack_social_options":{"image_generator_settings":{"template":"highway","default_image_id":0,"font":"","enabled":false},"version":2}},"product_brand":[],"product_cat":[100],"product_tag":[],"class_list":{"0":"post-15350","1":"product","2":"type-product","3":"status-publish","4":"has-post-thumbnail","6":"product_cat-accessoires-jouets-et-colliers","8":"first","9":"onbackorder","10":"taxable","11":"shipping-taxable","12":"purchasable","13":"product-type-simple"},"supplier_id":5603,"supplier_sku":"2620","barcode":null,"atum_controlled":true,"out_stock_date":null,"out_stock_threshold":null,"inheritable":false,"inbound_stock":0,"stock_on_hold":0,"sold_today":0,"sales_last_days":0,"reserved_stock":0,"customer_returns":0,"warehouse_damage":0,"lost_in_post":0,"other_logs":0,"out_stock_days":0,"lost_sales":0,"has_location":false,"update_date":"2026-04-25T08:58:46","atum_locations":[],"atum_stock_status":"onbackorder","restock_status":false,"low_stock_amount":2,"sales_update_date":"2026-04-25T08:58:46","calc_backorders":-1,"jetpack_publicize_connections":[],"jetpack_sharing_enabled":true,"batches":[],"_links":{"self":[{"href":"https:\/\/petworld.ma\/index.php\/wp-json\/wp\/v2\/product\/15350","targetHints":{"allow":["GET"]}}],"collection":[{"href":"https:\/\/petworld.ma\/index.php\/wp-json\/wp\/v2\/product"}],"about":[{"href":"https:\/\/petworld.ma\/index.php\/wp-json\/wp\/v2\/types\/product"}],"wp:featuredmedia":[{"embeddable":true,"href":"https:\/\/petworld.ma\/index.php\/wp-json\/wp\/v2\/media\/15351"}],"wp:attachment":[{"href":"https:\/\/petworld.ma\/index.php\/wp-json\/wp\/v2\/media?parent=15350"}],"wp:term":[{"taxonomy":"product_brand","embeddable":true,"href":"https:\/\/petworld.ma\/index.php\/wp-json\/wp\/v2\/product_brand?post=15350"},{"taxonomy":"product_cat","embeddable":true,"href":"https:\/\/petworld.ma\/index.php\/wp-json\/wp\/v2\/product_cat?post=15350"},{"taxonomy":"product_tag","embeddable":true,"href":"https:\/\/petworld.ma\/index.php\/wp-json\/wp\/v2\/product_tag?post=15350"}],"curies":[{"name":"wp","href":"https:\/\/api.w.org\/{rel}","templated":true}]}}