{"id":15422,"date":"2024-12-09T20:08:21","date_gmt":"2024-12-09T20:08:21","guid":{"rendered":"https:\/\/petworld.ma\/?post_type=product&#038;p=15422"},"modified":"2026-04-06T22:11:37","modified_gmt":"2026-04-06T22:11:37","slug":"gamelle-inox-rond-200ml-800ml","status":"publish","type":"product","link":"https:\/\/petworld.ma\/index.php\/produit\/gamelle-inox-rond-200ml-800ml\/","title":{"rendered":"Gamelle Inox Rond Flamingo 200 ml (XS) | 370 ml (S) | 800 ml (M) | 1600 ml (L) | 2500 ml (XL) | 4050 ml (XXL)"},"content":{"rendered":"<h4 data-hook=\"product-title\">Nos bols pour chiens basiques sont de v\u00e9ritables classiques. Ils sont super pratiques \u00e0 utiliser, faciles \u00e0 nettoyer et en plus tr\u00e8s abordables. Un must-have pour tout amoureux des chiens !<\/h4>\n<ul>\n<li>Mat\u00e9riau : acier inoxydable<\/li>\n<li>Lavable au lave-vaisselle<\/li>\n<\/ul>\n","protected":false},"excerpt":{"rendered":"<p>Nos bols pour chiens basiques sont de v\u00e9ritables classiques. Ils sont super pratiques \u00e0 utiliser, faciles \u00e0 nettoyer et en plus tr\u00e8s abordables. Un must-have pour tout amoureux des chiens ! Mat\u00e9riau : acier inoxydable Lavable au lave-vaisselle<\/p>\n","protected":false},"featured_media":15421,"template":"","meta":{"jetpack_publicize_message":"","jetpack_publicize_feature_enabled":true,"jetpack_social_post_already_shared":true,"jetpack_social_options":{"image_generator_settings":{"template":"highway","default_image_id":0,"font":"","enabled":false},"version":2}},"product_brand":[],"product_cat":[133,134],"product_tag":[],"class_list":{"0":"post-15422","1":"product","2":"type-product","3":"status-publish","4":"has-post-thumbnail","6":"product_cat-gamelle","7":"product_cat-gamelles","9":"first","10":"instock","11":"sale","12":"taxable","13":"shipping-taxable","14":"purchasable","15":"product-type-variable"},"supplier_id":null,"supplier_sku":"","barcode":null,"atum_controlled":true,"out_stock_date":null,"out_stock_threshold":null,"inheritable":true,"inbound_stock":0,"stock_on_hold":0,"sold_today":0,"sales_last_days":2,"reserved_stock":0,"customer_returns":0,"warehouse_damage":0,"lost_in_post":0,"other_logs":0,"out_stock_days":0,"lost_sales":0,"has_location":false,"update_date":"2026-04-06T22:11:37","atum_locations":[],"atum_stock_status":"instock","restock_status":false,"low_stock_amount":"","sales_update_date":"2026-04-03T10:35:16","calc_backorders":null,"jetpack_publicize_connections":[],"jetpack_sharing_enabled":true,"batches":[],"_links":{"self":[{"href":"https:\/\/petworld.ma\/index.php\/wp-json\/wp\/v2\/product\/15422","targetHints":{"allow":["GET"]}}],"collection":[{"href":"https:\/\/petworld.ma\/index.php\/wp-json\/wp\/v2\/product"}],"about":[{"href":"https:\/\/petworld.ma\/index.php\/wp-json\/wp\/v2\/types\/product"}],"wp:featuredmedia":[{"embeddable":true,"href":"https:\/\/petworld.ma\/index.php\/wp-json\/wp\/v2\/media\/15421"}],"wp:attachment":[{"href":"https:\/\/petworld.ma\/index.php\/wp-json\/wp\/v2\/media?parent=15422"}],"wp:term":[{"taxonomy":"product_brand","embeddable":true,"href":"https:\/\/petworld.ma\/index.php\/wp-json\/wp\/v2\/product_brand?post=15422"},{"taxonomy":"product_cat","embeddable":true,"href":"https:\/\/petworld.ma\/index.php\/wp-json\/wp\/v2\/product_cat?post=15422"},{"taxonomy":"product_tag","embeddable":true,"href":"https:\/\/petworld.ma\/index.php\/wp-json\/wp\/v2\/product_tag?post=15422"}],"curies":[{"name":"wp","href":"https:\/\/api.w.org\/{rel}","templated":true}]}}