{"id":15468,"date":"2024-12-11T10:48:48","date_gmt":"2024-12-11T10:48:48","guid":{"rendered":"https:\/\/petworld.ma\/?post_type=product&#038;p=15468"},"modified":"2026-04-08T18:47:22","modified_gmt":"2026-04-08T18:47:22","slug":"brit-care-crunchy-cracker-insects-with-lamb-enriched-with-raspberries-instects-et-agneau","status":"publish","type":"product","link":"https:\/\/petworld.ma\/index.php\/produit\/brit-care-crunchy-cracker-insects-with-lamb-enriched-with-raspberries-instects-et-agneau\/","title":{"rendered":"Brit Care Crunchy Cracker. Insects with Lamb enriched with Raspberries (Instects et Agneau)"},"content":{"rendered":"<div class=\"hidden-xs\">\n<p><img loading=\"lazy\" decoding=\"async\" class=\"\" src=\"https:\/\/brit-petfood.com\/file\/nodes\/icon-made-in-eu.png\" width=\"88\" height=\"87\" \/><\/p>\n<div class=\"hidden-xs\">\n<div class=\"hidden-xs\">\n<div class=\"hidden-xs\">\n<div class=\"hidden-xs\">\n<p>Aliments compl\u00e9mentaires fonctionnels pour chiens.<\/p>\n<\/div>\n<ul>\n<li>favorise une digestion saine<\/li>\n<li>r\u00e9compense d\u00e9licieuse et saine<\/li>\n<li>Prot\u00e9ine d&rsquo;insecte &#8211; excellente digestibilit\u00e9 et faible risque d&rsquo;allergies<\/li>\n<li>teneur \u00e9lev\u00e9e en acides gras pour une peau saine et un pelage brillant<\/li>\n<li>emballage recyclable et faible empreinte carbone<\/li>\n<li>Fabriqu\u00e9 dans l&rsquo;UE<\/li>\n<\/ul>\n<p class=\"composition\"><strong>Composition:<\/strong><\/p>\n<p>prot\u00e9ines d&rsquo;insectes (26%), pois, prot\u00e9ines d&rsquo;agneau (14%), amidon de pomme de terre, huile de coco, graines de lin (4%), pulpe de pomme s\u00e9ch\u00e9e, foie de poulet hydrolys\u00e9, framboises s\u00e9ch\u00e9es (1%), algues s\u00e9ch\u00e9es (1%,\u00a0<em>Schizochytrium limacinum<\/em>\u00a0), huile de colza.<\/p>\n<p><strong>Ingr\u00e9dients analytiques :<\/strong><\/p>\n<p>prot\u00e9ines brutes 25,0 %, mati\u00e8res grasses brutes 12,0 %, humidit\u00e9 10,0 %, cendres brutes 7,5 %, fibres brutes 3,2 %, calcium 1,1 %, phosphore 0,7 %, sodium 0,2 %, om\u00e9ga 3 1,3 %, om\u00e9ga 6 0,3 %, EPA (20:5 n-3) 0,1 %, DHA (22:6 n-3) 0,25 %, ALA (18:3 n-3) 0,85 %.<\/p>\n<p><strong>Composition nutritionnelle :<\/strong><\/p>\n<p>Contient des antioxydants approuv\u00e9s par l&rsquo;UE : extraits de tocoph\u00e9rol d&rsquo;huiles v\u00e9g\u00e9tales (1b306(i)), palmitate d&rsquo;ascorbyle (1b304) et extrait de romarin.<\/p>\n<p><strong>\u00c9nergie m\u00e9tabolisable :<\/strong><\/p>\n<p>3 570 kcal\/kg, 14,95 MJ\/kg<\/p>\n<\/div>\n<\/div>\n<\/div>\n<\/div>\n","protected":false},"excerpt":{"rendered":"<p><img loading=\"lazy\" decoding=\"async\" class=\"\" src=\"https:\/\/brit-petfood.com\/file\/nodes\/icon-made-in-eu.png\" width=\"88\" height=\"87\" \/><\/p>\n<div class=\"hidden-xs\">\n<div class=\"hidden-xs\">\n<div class=\"hidden-xs\">\n<p>Aliments compl\u00e9mentaires fonctionnels pour chiens.<\/p>\n<\/div>\n<ul>\n<li>favorise une digestion saine<\/li>\n<li>r\u00e9compense d\u00e9licieuse et saine<\/li>\n<li>Prot\u00e9ine d&rsquo;insecte &#8211; excellente digestibilit\u00e9 et faible risque d&rsquo;allergies<\/li>\n<li>teneur \u00e9lev\u00e9e en acides gras pour une peau saine et un pelage brillant<\/li>\n<li>emballage recyclable et faible empreinte carbone<\/li>\n<li>Fabriqu\u00e9 dans l&rsquo;UE<\/li>\n<\/ul>\n<\/div>\n<\/div>\n","protected":false},"featured_media":15469,"template":"","meta":{"jetpack_publicize_message":"","jetpack_publicize_feature_enabled":true,"jetpack_social_post_already_shared":true,"jetpack_social_options":{"image_generator_settings":{"template":"highway","default_image_id":0,"font":"","enabled":false},"version":2}},"product_brand":[],"product_cat":[26,39],"product_tag":[],"class_list":{"0":"post-15468","1":"product","2":"type-product","3":"status-publish","4":"has-post-thumbnail","6":"product_cat-croquettes","7":"product_cat-friandises-et-pates-pour-chien","9":"first","10":"instock","11":"taxable","12":"shipping-taxable","13":"purchasable","14":"product-type-simple"},"supplier_id":5590,"supplier_sku":"","barcode":null,"atum_controlled":true,"out_stock_date":null,"out_stock_threshold":null,"inheritable":false,"inbound_stock":0,"stock_on_hold":0,"sold_today":0,"sales_last_days":0,"reserved_stock":0,"customer_returns":0,"warehouse_damage":0,"lost_in_post":0,"other_logs":0,"out_stock_days":0,"lost_sales":0,"has_location":false,"update_date":"2026-04-25T00:12:16","atum_locations":[],"atum_stock_status":"instock","restock_status":false,"low_stock_amount":12,"sales_update_date":"2026-04-25T00:12:16","calc_backorders":null,"jetpack_publicize_connections":[],"jetpack_sharing_enabled":true,"batches":[{"id":"1153","date_created":"2024-12-11 11:28:45","date_expiry":"2026-01-09 00:00:00","user_id":"2760","batch_number":"Brit Care Crunchy Cracker. Insects with Lamb enriched with Raspberries (Instects et Agneau)090126","location":"","quantity":"6.0000","quantity_available":"0.0000","units":"1","status":"archived","order_ids":"[15562,15610,15855,16079,16644,16989]","supplier":"Brit","po":{"id":"1129","date_created":"2024-12-11 11:28:45","batch_id":"1153","po_number":"","supplier":"Brit","cost":null,"regular_price":null,"sale_price":null,"price_margin":null,"price_discount":null}},{"id":"1342","date_created":"2024-12-20 21:58:18","date_expiry":"2026-01-09 00:00:00","user_id":"2760","batch_number":"Brit Care Crunchy Cracker. Insects with Lamb enriched with Raspberries (Instects et Agneau)090126","location":"","quantity":"6.0000","quantity_available":"0.0000","units":"1","status":"archived","order_ids":"[17190,17447,17733,17981,20228,22882]","supplier":"Brit","po":{"id":"1316","date_created":"2024-12-20 21:58:21","batch_id":"1342","po_number":"","supplier":"Brit","cost":null,"regular_price":null,"sale_price":null,"price_margin":null,"price_discount":null}},{"id":"1568","date_created":"2025-01-09 21:47:16","date_expiry":"2026-01-09 00:00:00","user_id":"2760","batch_number":"Brit Care Crunchy Cracker. Insects with Lamb enriched with Raspberries (Instects et Agneau)090126","location":"","quantity":"6.0000","quantity_available":"0.0000","units":"1","status":"archived","order_ids":"[23552,23831,24940]","supplier":"Brit","po":{"id":"1542","date_created":"2025-01-09 21:47:19","batch_id":"1568","po_number":"","supplier":"Brit","cost":null,"regular_price":null,"sale_price":null,"price_margin":null,"price_discount":null}},{"id":"7486","date_created":"2026-02-03 00:53:36","date_expiry":"2027-06-30 00:00:00","user_id":"2760","batch_number":"Brit Care Crunchy Cracker. Insects with Lamb enriched with Raspberries (Instects et Agneau)300627","location":"","quantity":"12.0000","quantity_available":"11.0000","units":"1","status":"active","order_ids":"[39205]","supplier":"Brit","po":{"id":"7421","date_created":"2026-02-03 00:53:37","batch_id":"7486","po_number":"","supplier":"Brit","cost":null,"regular_price":null,"sale_price":null,"price_margin":null,"price_discount":null}}],"_links":{"self":[{"href":"https:\/\/petworld.ma\/index.php\/wp-json\/wp\/v2\/product\/15468","targetHints":{"allow":["GET"]}}],"collection":[{"href":"https:\/\/petworld.ma\/index.php\/wp-json\/wp\/v2\/product"}],"about":[{"href":"https:\/\/petworld.ma\/index.php\/wp-json\/wp\/v2\/types\/product"}],"wp:featuredmedia":[{"embeddable":true,"href":"https:\/\/petworld.ma\/index.php\/wp-json\/wp\/v2\/media\/15469"}],"wp:attachment":[{"href":"https:\/\/petworld.ma\/index.php\/wp-json\/wp\/v2\/media?parent=15468"}],"wp:term":[{"taxonomy":"product_brand","embeddable":true,"href":"https:\/\/petworld.ma\/index.php\/wp-json\/wp\/v2\/product_brand?post=15468"},{"taxonomy":"product_cat","embeddable":true,"href":"https:\/\/petworld.ma\/index.php\/wp-json\/wp\/v2\/product_cat?post=15468"},{"taxonomy":"product_tag","embeddable":true,"href":"https:\/\/petworld.ma\/index.php\/wp-json\/wp\/v2\/product_tag?post=15468"}],"curies":[{"name":"wp","href":"https:\/\/api.w.org\/{rel}","templated":true}]}}