{"id":15482,"date":"2024-12-11T14:25:25","date_gmt":"2024-12-11T14:25:25","guid":{"rendered":"https:\/\/petworld.ma\/?post_type=product&#038;p=15482"},"modified":"2026-03-24T17:47:53","modified_gmt":"2026-03-24T17:47:53","slug":"collier-mac-leather-monaco-deux-tailles-30-40cm-36-48cm","status":"publish","type":"product","link":"https:\/\/petworld.ma\/index.php\/produit\/collier-mac-leather-monaco-deux-tailles-30-40cm-36-48cm\/","title":{"rendered":"Collier Mac Leather Monaco Noir Deux Tailles (30-40cm | 36-48cm)"},"content":{"rendered":"<p>Beau collier fonctionnel au design \u00e9l\u00e9gant et actuel. Fermeture avec des finitions m\u00e9talliques dor\u00e9es, \u00e9l\u00e9gantes et s\u00e9curis\u00e9es. R\u00e9glable et avec des finitions en similicuir. Disponible en deux couleurs d&rsquo;impression et deux tailles.<\/p>\n<p>Taille S: 30-40cm * 1.5cm<\/p>\n<p>Taille M: 36-48cm * 2cm<\/p>\n","protected":false},"excerpt":{"rendered":"<p>Produit de tr\u00e8s haute qualit\u00e9 import\u00e9 d&rsquo;Europe.<\/p>\n<ul>\n<li>Taille S: 30-40cm * 1.5cm<\/li>\n<li>Taille M: 36-48cm * 2cm<\/li>\n<\/ul>\n","protected":false},"featured_media":15483,"template":"","meta":{"jetpack_publicize_message":"","jetpack_publicize_feature_enabled":true,"jetpack_social_post_already_shared":true,"jetpack_social_options":{"image_generator_settings":{"template":"highway","default_image_id":0,"font":"","enabled":false},"version":2}},"product_brand":[],"product_cat":[92,106],"product_tag":[],"class_list":{"0":"post-15482","1":"product","2":"type-product","3":"status-publish","4":"has-post-thumbnail","6":"product_cat-harnais-et-laisses-pour-chien","7":"product_cat-jouet-et-dressage","9":"first","10":"instock","11":"sale","12":"taxable","13":"shipping-taxable","14":"purchasable","15":"product-type-variable"},"supplier_id":13352,"supplier_sku":"","barcode":null,"atum_controlled":true,"out_stock_date":null,"out_stock_threshold":null,"inheritable":true,"inbound_stock":0,"stock_on_hold":0,"sold_today":0,"sales_last_days":0,"reserved_stock":0,"customer_returns":0,"warehouse_damage":0,"lost_in_post":0,"other_logs":0,"out_stock_days":0,"lost_sales":0,"has_location":false,"update_date":"2026-05-10T00:20:12","atum_locations":[],"atum_stock_status":"instock","restock_status":false,"low_stock_amount":"","sales_update_date":"2026-05-10T00:20:12","calc_backorders":null,"jetpack_publicize_connections":[],"jetpack_sharing_enabled":true,"batches":[],"_links":{"self":[{"href":"https:\/\/petworld.ma\/index.php\/wp-json\/wp\/v2\/product\/15482","targetHints":{"allow":["GET"]}}],"collection":[{"href":"https:\/\/petworld.ma\/index.php\/wp-json\/wp\/v2\/product"}],"about":[{"href":"https:\/\/petworld.ma\/index.php\/wp-json\/wp\/v2\/types\/product"}],"wp:featuredmedia":[{"embeddable":true,"href":"https:\/\/petworld.ma\/index.php\/wp-json\/wp\/v2\/media\/15483"}],"wp:attachment":[{"href":"https:\/\/petworld.ma\/index.php\/wp-json\/wp\/v2\/media?parent=15482"}],"wp:term":[{"taxonomy":"product_brand","embeddable":true,"href":"https:\/\/petworld.ma\/index.php\/wp-json\/wp\/v2\/product_brand?post=15482"},{"taxonomy":"product_cat","embeddable":true,"href":"https:\/\/petworld.ma\/index.php\/wp-json\/wp\/v2\/product_cat?post=15482"},{"taxonomy":"product_tag","embeddable":true,"href":"https:\/\/petworld.ma\/index.php\/wp-json\/wp\/v2\/product_tag?post=15482"}],"curies":[{"name":"wp","href":"https:\/\/api.w.org\/{rel}","templated":true}]}}