{"id":15507,"date":"2024-12-11T15:20:33","date_gmt":"2024-12-11T15:20:33","guid":{"rendered":"https:\/\/petworld.ma\/?post_type=product&#038;p=15507"},"modified":"2026-03-15T21:15:12","modified_gmt":"2026-03-15T21:15:12","slug":"collier-en-cuire-rembourre-bleu-light-plusieurs-tailles-35cm-40cm-45cm-55cm","status":"publish","type":"product","link":"https:\/\/petworld.ma\/index.php\/produit\/collier-en-cuire-rembourre-bleu-light-plusieurs-tailles-35cm-40cm-45cm-55cm\/","title":{"rendered":"Collier en Cuire Rembourr\u00e9 Rouge Plusieurs Tailles (30cm | 35cm | 40cm | 45cm | 55cm)"},"content":{"rendered":"<p>Si vous aimez prendre soin de chaque d\u00e9tail de votre maison et d&rsquo;\u00eatre \u00e0 la derni\u00e8re mode en mati\u00e8re de produits qui vous rendront la vie plus facile, achetez <b>Collier pour Chien Gloria Rembourr\u00e9 <\/b>au meilleur prix.<\/p>\n<ul>\n<li>Animal de compagnie: Chien<\/li>\n<li>Type: Collier pour Chien<\/li>\n<li>Mat\u00e9riel: Cuir<\/li>\n<li>Caract\u00e9ristiques: Rembourr\u00e9<\/li>\n<li>Type de fermeture: Boucle<\/li>\n<\/ul>\n<p>Tailles : 30cm | 35cm | 40cm | 45cm | 55cm<\/p>\n","protected":false},"excerpt":{"rendered":"<p>Produit de tr\u00e8s haute qualit\u00e9 import\u00e9 d&rsquo;Europe.<\/p>\n<p>Tailles : 35cm | 40cm | 45cm | 55cm<\/p>\n","protected":false},"featured_media":15511,"template":"","meta":{"jetpack_publicize_message":"","jetpack_publicize_feature_enabled":true,"jetpack_social_post_already_shared":true,"jetpack_social_options":{"image_generator_settings":{"template":"highway","default_image_id":0,"font":"","enabled":false},"version":2}},"product_brand":[],"product_cat":[92,106],"product_tag":[],"class_list":{"0":"post-15507","1":"product","2":"type-product","3":"status-publish","4":"has-post-thumbnail","6":"product_cat-harnais-et-laisses-pour-chien","7":"product_cat-jouet-et-dressage","9":"first","10":"instock","11":"taxable","12":"shipping-taxable","13":"purchasable","14":"product-type-variable"},"supplier_id":13352,"supplier_sku":"","barcode":null,"atum_controlled":true,"out_stock_date":null,"out_stock_threshold":null,"inheritable":true,"inbound_stock":0,"stock_on_hold":0,"sold_today":0,"sales_last_days":0,"reserved_stock":0,"customer_returns":0,"warehouse_damage":0,"lost_in_post":0,"other_logs":0,"out_stock_days":0,"lost_sales":0,"has_location":false,"update_date":"2026-04-25T08:58:45","atum_locations":[],"atum_stock_status":"instock","restock_status":false,"low_stock_amount":"","sales_update_date":"2026-04-25T08:58:45","calc_backorders":null,"jetpack_publicize_connections":[],"jetpack_sharing_enabled":true,"batches":[],"_links":{"self":[{"href":"https:\/\/petworld.ma\/index.php\/wp-json\/wp\/v2\/product\/15507","targetHints":{"allow":["GET"]}}],"collection":[{"href":"https:\/\/petworld.ma\/index.php\/wp-json\/wp\/v2\/product"}],"about":[{"href":"https:\/\/petworld.ma\/index.php\/wp-json\/wp\/v2\/types\/product"}],"wp:featuredmedia":[{"embeddable":true,"href":"https:\/\/petworld.ma\/index.php\/wp-json\/wp\/v2\/media\/15511"}],"wp:attachment":[{"href":"https:\/\/petworld.ma\/index.php\/wp-json\/wp\/v2\/media?parent=15507"}],"wp:term":[{"taxonomy":"product_brand","embeddable":true,"href":"https:\/\/petworld.ma\/index.php\/wp-json\/wp\/v2\/product_brand?post=15507"},{"taxonomy":"product_cat","embeddable":true,"href":"https:\/\/petworld.ma\/index.php\/wp-json\/wp\/v2\/product_cat?post=15507"},{"taxonomy":"product_tag","embeddable":true,"href":"https:\/\/petworld.ma\/index.php\/wp-json\/wp\/v2\/product_tag?post=15507"}],"curies":[{"name":"wp","href":"https:\/\/api.w.org\/{rel}","templated":true}]}}