{"id":1568,"date":"2023-03-01T16:15:58","date_gmt":"2023-03-01T16:15:58","guid":{"rendered":"https:\/\/petworld.ma\/?post_type=product&#038;p=1568"},"modified":"2026-04-26T20:06:16","modified_gmt":"2026-04-26T20:06:16","slug":"ownat-grain-free-prime-sterilized-8kg","status":"publish","type":"product","link":"https:\/\/petworld.ma\/index.php\/produit\/ownat-grain-free-prime-sterilized-8kg\/","title":{"rendered":"Ownat Grain Free Cat (sans c\u00e9r\u00e9ale) Prime Sterilized (3kg | 8kg)"},"content":{"rendered":"<p>Indiqu\u00e9 pour satisfaire les besoins nutritionnels des chats st\u00e9rilis\u00e9s. \u00c9labor\u00e9 avec 50% de viande de poulet et de dinde, riche en fibre et avec une teneur mod\u00e9r\u00e9e en graisses, il permet de maintenir le poids id\u00e9al tout en favorisant une bonne sant\u00e9 intestinale.<\/p>\n<p><strong>Composition<\/strong>:<\/p>\n<p>Poulet frais* (min. 30% avant l&rsquo;extrusion), dinde fra\u00eeche* (min. 20% avant l&rsquo;extrusion), poulet d\u00e9shydrat\u00e9 (11%), porc d\u00e9shydrat\u00e9 (9%), racines de manioc* (8%), petits pois entiers* (6%), saumon hydrolys\u00e9, pomme de terre d\u00e9shydrat\u00e9e* (3%), poissons d\u00e9shydrat\u00e9s (anchois du P\u00e9rou, chinchard et maquereau), levure de bi\u00e8re* (2%), pulpe de betterave, graisse de volaille (pr\u00e9serv\u00e9e avec des antioxydants naturels), prot\u00e9ines de poulet hydrolys\u00e9es, \u0153uf d\u00e9shydrat\u00e9* (1%), pomme* (1%), huile de poisson (pr\u00e9serv\u00e9e avec des antioxydants naturels), sel gemme*, luzerne d\u00e9shydrat\u00e9e*, fructo-oligosaccharides et mannane-oligosaccharides, algues marines d\u00e9shydrat\u00e9es* (500 mg\/kg), glucosamine (500 mg\/kg), yucca schidigera, chondro\u00eftine sulfate (100 mg\/kg), airelles* (100 mg\/kg), thym* (80 mg\/kg), fleur de camomille* (80 mg\/kg), fenouil* (80 mg\/kg), \u00e9chinac\u00e9e* (80 mg\/kg), th\u00e9 vert* (80 mg\/kg).*INGR\u00c9DIENTS NATURELS<\/p>\n<p><strong>Constituants analytiques:<\/strong><\/p>\n<div class=\"container-fluid\">\n<div class=\"row\">\n<div class=\"col-12 col-lg-7 product-bottom-tabs\">\n<div class=\"tab-content\">\n<div id=\"product-tab-custom-2\" class=\"tab-pane active\" role=\"tabpanel\">\n<div id=\"collap-prod-custom-2\" class=\"product-bottom-tab-content collapse\">\n<div class=\"inset-bottom-tab clearfix\">\n<div class=\"html-output\">Prot\u00e9ines : 42%, teneur en mati\u00e8res grasses : 14%, cellulose brute : 3%, mati\u00e8re inorganique : 9%, humidit\u00e9 : 8%, om\u00e9ga 6 : 2,6%, om\u00e9ga 3 : 0,53%, calcium : 1,3%, phosphore : 1%.<\/div>\n<\/div>\n<\/div>\n<\/div>\n<\/div>\n<\/div>\n<\/div>\n<\/div>\n<p><strong>Tableau des rations<\/strong><\/p>\n<table>\n<tbody>\n<tr>\n<td>Poids chat (kg)<\/td>\n<td>Gr.\/ jour<\/td>\n<\/tr>\n<tr>\n<td>1-3<\/td>\n<td>15-45<\/td>\n<\/tr>\n<tr>\n<td>4<\/td>\n<td>45-55<\/td>\n<\/tr>\n<tr>\n<td>5<\/td>\n<td>55-65<\/td>\n<\/tr>\n<\/tbody>\n<\/table>\n","protected":false},"excerpt":{"rendered":"<p>Indiqu\u00e9 pour satisfaire les besoins nutritionnels des chats st\u00e9rilis\u00e9s. \u00c9labor\u00e9 avec 50% de viande de poulet et de dinde, riche en fibre et avec une teneur mod\u00e9r\u00e9e en graisses, il permet de maintenir le poids id\u00e9al tout en favorisant une bonne sant\u00e9 intestinale. Composition: Poulet frais* (min. 30% avant l&rsquo;extrusion), dinde fra\u00eeche* (min. 20% avant [&#8230;]\n","protected":false},"featured_media":5132,"template":"","meta":{"jetpack_publicize_message":"","jetpack_publicize_feature_enabled":true,"jetpack_social_post_already_shared":false,"jetpack_social_options":{"image_generator_settings":{"template":"highway","default_image_id":0,"font":"","enabled":false},"version":2}},"product_brand":[],"product_cat":[40],"product_tag":[],"class_list":{"0":"post-1568","1":"product","2":"type-product","3":"status-publish","4":"has-post-thumbnail","6":"product_cat-coquettes-pour-chat","8":"first","9":"instock","10":"taxable","11":"shipping-taxable","12":"purchasable","13":"product-type-variable"},"supplier_id":null,"supplier_sku":"","barcode":null,"atum_controlled":true,"out_stock_date":null,"out_stock_threshold":null,"inheritable":true,"inbound_stock":0,"stock_on_hold":1,"sold_today":0,"sales_last_days":8,"reserved_stock":0,"customer_returns":0,"warehouse_damage":0,"lost_in_post":0,"other_logs":0,"out_stock_days":0,"lost_sales":0,"has_location":false,"update_date":"2026-04-27T12:02:21","atum_locations":[],"atum_stock_status":"instock","restock_status":false,"low_stock_amount":"","sales_update_date":"2026-04-25T11:24:24","calc_backorders":null,"jetpack_publicize_connections":[],"jetpack_sharing_enabled":true,"batches":[],"_links":{"self":[{"href":"https:\/\/petworld.ma\/index.php\/wp-json\/wp\/v2\/product\/1568","targetHints":{"allow":["GET"]}}],"collection":[{"href":"https:\/\/petworld.ma\/index.php\/wp-json\/wp\/v2\/product"}],"about":[{"href":"https:\/\/petworld.ma\/index.php\/wp-json\/wp\/v2\/types\/product"}],"wp:featuredmedia":[{"embeddable":true,"href":"https:\/\/petworld.ma\/index.php\/wp-json\/wp\/v2\/media\/5132"}],"wp:attachment":[{"href":"https:\/\/petworld.ma\/index.php\/wp-json\/wp\/v2\/media?parent=1568"}],"wp:term":[{"taxonomy":"product_brand","embeddable":true,"href":"https:\/\/petworld.ma\/index.php\/wp-json\/wp\/v2\/product_brand?post=1568"},{"taxonomy":"product_cat","embeddable":true,"href":"https:\/\/petworld.ma\/index.php\/wp-json\/wp\/v2\/product_cat?post=1568"},{"taxonomy":"product_tag","embeddable":true,"href":"https:\/\/petworld.ma\/index.php\/wp-json\/wp\/v2\/product_tag?post=1568"}],"curies":[{"name":"wp","href":"https:\/\/api.w.org\/{rel}","templated":true}]}}