{"id":15698,"date":"2024-12-15T12:55:18","date_gmt":"2024-12-15T12:55:18","guid":{"rendered":"https:\/\/petworld.ma\/?post_type=product&#038;p=15698"},"modified":"2026-03-14T10:30:06","modified_gmt":"2026-03-14T10:30:06","slug":"carnilove-dog-croquettes-fresh-chicken-rabbit-pour-chien-toute-race-poulet-et-lapin-12kg","status":"publish","type":"product","link":"https:\/\/petworld.ma\/index.php\/produit\/carnilove-dog-croquettes-fresh-chicken-rabbit-pour-chien-toute-race-poulet-et-lapin-12kg\/","title":{"rendered":"Carnilove Dog Croquettes Fresh Chicken &#038; Rabbit Pour Chien Toute Race (Poulet et Lapin) 12kg"},"content":{"rendered":"<p><img decoding=\"async\" class=\"benefits_icon\" src=\"https:\/\/carnilove.com\/assets\/front\/images\/grain-free-potato-free.png\" width=\"99\" height=\"98\" \/> Formule sans c\u00e9r\u00e9ales et sans pommes de terre \u00e0 base de viandes de poulet et de lapin fra\u00eeches. Aliment complet pour chiens adultes de toutes races.<\/p>\n<p>La formule de Carnilove Fresh Chicken &amp; Rabbit a \u00e9t\u00e9 \u00e9labor\u00e9e dans le respect des lois de la nature et apporte \u00e0 votre chien une alimentation \u00e9quilibr\u00e9e. Riche en viande fra\u00eeche, elle int\u00e8gre aussi des l\u00e9gumes, des baies et des herbes aromatiques vari\u00e9es. Revenir au r\u00e9gime alimentaire naturel du chien facilite la digestion et favorise la croissance des muscles et du cartilage. Les extraits de moule contribuent \u00e0 la solidit\u00e9 des os et \u00e0 la bonne sant\u00e9 des articulations.<\/p>\n<p>Le poulet est une excellente source d&rsquo;acides amin\u00e9s et de min\u00e9raux essentiels. Sa teneur \u00e9lev\u00e9e en prot\u00e9ines contribue au bon d\u00e9veloppement de tous les tissus, et son association \u00e0 la viande de lapin, dont les prot\u00e9ines sont tr\u00e8s digestes, rend cette recette unique et particuli\u00e8rement adapt\u00e9e aux carnivores. De plus, la viande de lapin est maigre, c&rsquo;est-\u00e0-dire pauvre en graisses.<\/p>\n<h2>Composition<\/h2>\n<p>poulet frais (40 %), lapin s\u00e9ch\u00e9 (20 %), canard s\u00e9ch\u00e9 (10 %), citrouille, pois chiches, pois, graisse de poulet (conserv\u00e9e par des tocoph\u00e9rols, 5 %), foie de poulet (3 %), huile de saumon (2 %), pommes, carottes, graine de lin, coquilles de crustac\u00e9s hydrolys\u00e9es (source de glucosamine, 0,026 %), extrait de cartilage (source de chondro\u00eftine, 0,016 %), levure de bi\u00e8re (source de manno-oligosaccharides, 0,015 %), racines de chicor\u00e9e (source de fructo-oligosaccharides, 0,01 %), Yucca schidigera (0,01 %), algues (0,01 %), psyllium (0,01 %), thym (0,01 %), romarin (0,01 %), origan (0,01 %), airelles (0,0008 %), myrtilles (0,0008 %), argousier (0,0008 %), racine de gingembre (0,0008 %), sauge (0,0008 %).<\/p>\n<h2>Valeurs nutritionnelles pour 1 kg<\/h2>\n<p>vitamine A (3a672a) 20 000 U.I., vitamine D3 (3a671) 1 500 U.I., vitamine E (3a700) 400 mg, ch\u00e9late de zinc et d&rsquo;acides amin\u00e9s hydrat\u00e9 (3b606) 85 mg, ch\u00e9late ferreux d&rsquo;acides amin\u00e9s, hydrat\u00e9 (3b106) 70 mg, ch\u00e9late de mangan\u00e8se d&rsquo;acides amin\u00e9s, hydrat\u00e9 (3b504) 35 mg, iodure de potassium (3b201) 0,65 mg, ch\u00e9late cuivreux d&rsquo;acides amin\u00e9s, hydrat\u00e9 (3b406) 15 mg, forme organique du s\u00e9l\u00e9nium produite par Saccharomyces cerevisiae CNCM I-3060 (3b810) 0,2 mg. Contient des antioxyg\u00e8nes naturels purs.<\/p>\n<h2>Analyse de la composition pour 1 kg<\/h2>\n<p>prot\u00e9ine brute 35,0 %, graisse brute 18,0 %, humidit\u00e9 10,0 %, cendres brutes 8,5 %, cellulose brute 3,5 %, calcium 1,4 %, phosphore 1,0 %, sodium 0,3 %, acides gras Om\u00e9ga-3 0,6 %, acides gras Om\u00e9ga-6 1,7 %, EPA (20:5 n-3) 0,08 %, DHA (22:6 n-3) 0,1 %.<\/p>\n<h2>Apport \u00e9nerg\u00e9tique<\/h2>\n<p>3 820 kcal\/kg<\/p>\n<p>&nbsp;<\/p>\n","protected":false},"excerpt":{"rendered":"<div class=\"order-2 order-lg-1\">\n<div class=\"order-2 order-lg-1\">\n<p class=\"benefits__content\">Formule sans c\u00e9r\u00e9ales et sans pommes de terre \u00e0 base de viandes de poulet et de lapin fra\u00eeches. Aliment complet pour chiens adultes de toutes races.<\/p>\n<\/div>\n<\/div>\n","protected":false},"featured_media":15700,"template":"","meta":{"jetpack_publicize_message":"","jetpack_publicize_feature_enabled":true,"jetpack_social_post_already_shared":true,"jetpack_social_options":{"image_generator_settings":{"template":"highway","default_image_id":0,"font":"","enabled":false},"version":2}},"product_brand":[],"product_cat":[26],"product_tag":[],"class_list":{"0":"post-15698","1":"product","2":"type-product","3":"status-publish","4":"has-post-thumbnail","6":"product_cat-croquettes","8":"first","9":"outofstock","10":"taxable","11":"shipping-taxable","12":"purchasable","13":"product-type-simple"},"supplier_id":7839,"supplier_sku":"CL-Fresh Chicken & Rabbit adult dogs 12kg","barcode":null,"atum_controlled":true,"out_stock_date":"2026-03-12 16:55:45","out_stock_threshold":null,"inheritable":false,"inbound_stock":0,"stock_on_hold":0,"sold_today":0,"sales_last_days":0,"reserved_stock":0,"customer_returns":0,"warehouse_damage":0,"lost_in_post":0,"other_logs":0,"out_stock_days":54,"lost_sales":0,"has_location":false,"update_date":"2026-05-06T00:17:44","atum_locations":[],"atum_stock_status":"outofstock","restock_status":false,"low_stock_amount":2,"sales_update_date":"2026-05-06T00:17:44","calc_backorders":null,"jetpack_publicize_connections":[],"jetpack_sharing_enabled":true,"batches":[{"id":"3158","date_created":"2025-04-24 21:27:10","date_expiry":"2026-06-22 00:00:00","user_id":"2461","batch_number":"Carnilove Dog Croquettes Fresh Chicken & Rabbit Pour Chien Toute Race (Poulet et Lapin) 12kg220626","location":"","quantity":"5.0000","quantity_available":"0.0000","units":"1","status":"archived","order_ids":"[25992,28593,32062,33953,34191]","supplier":"Carnilove","po":{"id":"3126","date_created":"2025-04-24 21:27:10","batch_id":"3158","po_number":"","supplier":"Carnilove","cost":null,"regular_price":null,"sale_price":null,"price_margin":null,"price_discount":null}}],"_links":{"self":[{"href":"https:\/\/petworld.ma\/index.php\/wp-json\/wp\/v2\/product\/15698","targetHints":{"allow":["GET"]}}],"collection":[{"href":"https:\/\/petworld.ma\/index.php\/wp-json\/wp\/v2\/product"}],"about":[{"href":"https:\/\/petworld.ma\/index.php\/wp-json\/wp\/v2\/types\/product"}],"wp:featuredmedia":[{"embeddable":true,"href":"https:\/\/petworld.ma\/index.php\/wp-json\/wp\/v2\/media\/15700"}],"wp:attachment":[{"href":"https:\/\/petworld.ma\/index.php\/wp-json\/wp\/v2\/media?parent=15698"}],"wp:term":[{"taxonomy":"product_brand","embeddable":true,"href":"https:\/\/petworld.ma\/index.php\/wp-json\/wp\/v2\/product_brand?post=15698"},{"taxonomy":"product_cat","embeddable":true,"href":"https:\/\/petworld.ma\/index.php\/wp-json\/wp\/v2\/product_cat?post=15698"},{"taxonomy":"product_tag","embeddable":true,"href":"https:\/\/petworld.ma\/index.php\/wp-json\/wp\/v2\/product_tag?post=15698"}],"curies":[{"name":"wp","href":"https:\/\/api.w.org\/{rel}","templated":true}]}}