{"id":157,"date":"2022-12-15T23:22:08","date_gmt":"2022-12-15T23:22:08","guid":{"rendered":"http:\/\/petworld.ma\/?post_type=product&#038;p=157"},"modified":"2026-04-14T09:34:18","modified_gmt":"2026-04-14T09:34:18","slug":"brit-premium-by-nature-chiot-race-medium-m-15kg","status":"publish","type":"product","link":"https:\/\/petworld.ma\/index.php\/produit\/brit-premium-by-nature-chiot-race-medium-m-15kg\/","title":{"rendered":"Brit Premium by Nature Croquettes Chiot race m\u00e9dium M 15kg"},"content":{"rendered":"<div class=\"product-section description-section\">\n<div class=\"single-description fr-view\">\n<div>\n<p>ALIMENT COMPLET AU POULET POUR JUNIOR CHIENS (1\u201312 MOIS) DE RACES MOYENNES (10-25 KG).<\/p>\n<\/div>\n<ul>\n<li>D\u00e9veloppement sain du squelette, des os, des articulations et des dents<\/li>\n<li>Renforcer les d\u00e9fenses immunitaires ainsi que la condition physique<\/li>\n<li>Croissance corporelle et musculaire optimale<\/li>\n<\/ul>\n<div>\n<div><img decoding=\"async\" class=\"fr-fil fr-dii\" src=\"https:\/\/brit-petfood.com\/file\/nodes\/slozeni-piktogramy-chicken-modra.png\" alt=\"\" width=\"47\" height=\"48\" data-fr-image-pasted=\"true\" \/> <strong style=\"color: #555555;\">un demi-sac de poulet<\/strong><\/div>\n<div><img decoding=\"async\" class=\"fr-fil fr-dii\" src=\"https:\/\/brit-petfood.com\/file\/nodes\/icon-dried-chicken-modra.png\" alt=\"\" width=\"47\" height=\"48\" data-fr-image-pasted=\"true\" \/> <strong style=\"color: #555555;\">meilleur go\u00fbt et digestibilit\u00e9<\/strong><\/div>\n<div><img decoding=\"async\" class=\"fr-fil fr-dii\" src=\"https:\/\/brit-petfood.com\/file\/nodes\/icon-collagen-modra.png\" alt=\"\" width=\"47\" height=\"48\" data-fr-image-pasted=\"true\" \/> <strong style=\"color: #555555;\">collag\u00e8ne, moules vertes et coquilles de crustac\u00e9s pour les articulations et cartilages<\/strong><\/div>\n<div><img decoding=\"async\" class=\"fr-fil fr-dii\" src=\"https:\/\/brit-petfood.com\/file\/nodes\/icon-salmon-oil-modra.png\" alt=\"\" width=\"47\" height=\"48\" data-fr-image-pasted=\"true\" \/> <strong style=\"color: #555555;\">teneur \u00e9lev\u00e9e en om\u00e9ga-3 pour un c\u0153ur sain, une peau saine et un pelage brillant<\/strong><\/div>\n<div><img decoding=\"async\" class=\"fr-fil fr-dii\" src=\"https:\/\/brit-petfood.com\/file\/nodes\/icon-fruits-herbs-modra.png\" alt=\"\" width=\"47\" height=\"48\" data-fr-image-pasted=\"true\" \/> <strong style=\"color: #555555;\">fruits et herbes pour une bonne digestion et immunit\u00e9<\/strong><\/div>\n<\/div>\n<p><strong>Composition:<\/strong><\/p>\n<p>poulet 50 % (d\u00e9shydrat\u00e9 30 %, d\u00e9soss\u00e9 20 %), avoine, bl\u00e9, graisse de poulet (conserv\u00e9e par un m\u00e9lange de tocoph\u00e9rols), ma\u00efs, huile de saumon (2 %), pommes s\u00e9ch\u00e9es, foie de poulet hydrolys\u00e9, levure de bi\u00e8re, collag\u00e8ne, coquilles de crustac\u00e9s (source de glucosamine, 260 mg\/kg), cartilage (source de chondro\u00eftine, 180 mg\/kg), plantes et fruits (clous de girofle, agrumes, romarin, curcuma, 150 mg\/kg), manno-oligosaccharides (150 mg\/kg), fructo-oligosaccharides (100 mg\/kg), yucca schidigera (100 mg\/kg), camomille s\u00e9ch\u00e9e (90 mg\/kg), moules vertes (source de glycosaminoglycanes, 60 mg\/kg), myrtilles s\u00e9ch\u00e9e (60 mg\/kg).<\/p>\n<p><strong>Composants analytiques:<\/strong><\/p>\n<p>prot\u00e9ine brute 31,0 %, teneur en mati\u00e8res grasses 18,0 %, humidit\u00e9 10,0 %, cendres brutes 6,8 %, cellulose brute 2,0 %, calcium 1,4 %, phosphore 1,0 %, acides gras Om\u00e9ga-3 0,25 %, acides gras Om\u00e9ga-6 2,2 %.<\/p>\n<\/div>\n<\/div>\n<div class=\"product-section add-to-cart-section\">\n<div class=\"quantity\">\n<p><a href=\"https:\/\/wa.me\/212708052510\" target=\"_blank\" rel=\"noopener noreferrer\"><img decoding=\"async\" class=\"fr-fic fr-dib aligncenter\" src=\"https:\/\/cdn.youcan.shop\/stores\/d0742d556df94ddbc7ae4c9810aff04b\/others\/aE2LxkTRdND08IF1P7b5lQL78Blqje1ovLrdhytH.png\" width=\"296\" height=\"78\" data-name=\"stores\/d0742d556df94ddbc7ae4c9810aff04b\/others\/aE2LxkTRdND08IF1P7b5lQL78Blqje1ovLrdhytH.png\" \/><\/a><\/p>\n<\/div>\n<\/div>\n","protected":false},"excerpt":{"rendered":"<p>ALIMENT COMPLET AU POULET POUR JUNIOR CHIENS (1\u201312 MOIS) DE RACES MOYENNES (10-25 KG). D\u00e9veloppement sain du squelette, des os, des articulations et des dents Renforcer les d\u00e9fenses immunitaires ainsi que la condition physique Croissance corporelle et musculaire optimale un demi-sac de poulet meilleur go\u00fbt et digestibilit\u00e9 collag\u00e8ne, moules vertes et coquilles de crustac\u00e9s pour [&#8230;]\n","protected":false},"featured_media":557,"template":"","meta":{"jetpack_publicize_message":"","jetpack_publicize_feature_enabled":true,"jetpack_social_post_already_shared":false,"jetpack_social_options":{"image_generator_settings":{"template":"highway","default_image_id":0,"font":"","enabled":false},"version":2}},"product_brand":[],"product_cat":[26],"product_tag":[],"class_list":{"0":"post-157","1":"product","2":"type-product","3":"status-publish","4":"has-post-thumbnail","6":"product_cat-croquettes","8":"first","9":"instock","10":"taxable","11":"shipping-taxable","12":"purchasable","13":"product-type-simple"},"supplier_id":5590,"supplier_sku":"","barcode":null,"atum_controlled":true,"out_stock_date":null,"out_stock_threshold":null,"inheritable":false,"inbound_stock":0,"stock_on_hold":0,"sold_today":0,"sales_last_days":0,"reserved_stock":0,"customer_returns":0,"warehouse_damage":0,"lost_in_post":0,"other_logs":0,"out_stock_days":0,"lost_sales":0,"has_location":false,"update_date":"2026-05-08T00:17:37","atum_locations":[],"atum_stock_status":"instock","restock_status":false,"low_stock_amount":2,"sales_update_date":"2026-05-08T00:17:35","calc_backorders":0,"jetpack_publicize_connections":[],"jetpack_sharing_enabled":true,"batches":[{"id":"226","date_created":"2024-09-29 11:51:59","date_expiry":"2025-07-30 00:00:00","user_id":"2760","batch_number":"BritChiotMedium15kg0725","location":"","quantity":"1.0000","quantity_available":"0.0000","units":"1","status":"archived","order_ids":"[14594]","supplier":"Brit","po":{"id":"221","date_created":"2024-09-29 11:51:59","batch_id":"226","po_number":"","supplier":"Brit","cost":null,"regular_price":null,"sale_price":null,"price_margin":null,"price_discount":null}},{"id":"752","date_created":"2024-11-07 13:40:29","date_expiry":"2025-11-20 00:00:00","user_id":"2760","batch_number":"ritChiotMedium15kg201125","location":"","quantity":"2.0000","quantity_available":"0.0000","units":"1","status":"archived","order_ids":"[16172,17022,21038,25625]","supplier":"Brit","po":{"id":"733","date_created":"2024-11-07 13:40:29","batch_id":"752","po_number":"","supplier":"Brit","cost":null,"regular_price":null,"sale_price":null,"price_margin":null,"price_discount":null}},{"id":"1558","date_created":"2025-01-09 20:47:30","date_expiry":"2026-05-06 00:00:00","user_id":"2760","batch_number":"ritChiotMedium15kg060526","location":"","quantity":"26.0000","quantity_available":"0.0000","units":"1","status":"archived","order_ids":"[17022,25625,25827,30725]","supplier":"Brit","po":{"id":"1532","date_created":"2025-01-09 20:47:33","batch_id":"1558","po_number":"","supplier":"Brit","cost":null,"regular_price":null,"sale_price":null,"price_margin":null,"price_discount":null}},{"id":"4026","date_created":"2025-06-18 08:42:32","date_expiry":"2026-08-21 00:00:00","user_id":"2760","batch_number":"ritChiotMedium15kg210826","location":"","quantity":"1.0000","quantity_available":"0.0000","units":"1","status":"archived","order_ids":"[30725]","supplier":"Brit","po":{"id":"3990","date_created":"2025-06-18 08:42:33","batch_id":"4026","po_number":"","supplier":"Brit","cost":null,"regular_price":null,"sale_price":null,"price_margin":null,"price_discount":null}},{"id":"4746","date_created":"2025-08-08 11:21:17","date_expiry":"2026-08-21 00:00:00","user_id":"2760","batch_number":"ritChiotMedium15kg210826","location":"","quantity":"1.0000","quantity_available":"0.0000","units":"1","status":"archived","order_ids":"[32541]","supplier":"Brit","po":{"id":"4710","date_created":"2025-08-08 11:21:17","batch_id":"4746","po_number":"","supplier":"Brit","cost":null,"regular_price":null,"sale_price":null,"price_margin":null,"price_discount":null}},{"id":"5803","date_created":"2025-10-18 17:38:57","date_expiry":"2026-09-29 00:00:00","user_id":"2760","batch_number":"ritChiotMedium15kg290926","location":"","quantity":"1.0000","quantity_available":"0.0000","units":"1","status":"archived","order_ids":"[35035]","supplier":"Brit","po":{"id":"5753","date_created":"2025-10-18 17:38:57","batch_id":"5803","po_number":"","supplier":"Brit","cost":null,"regular_price":null,"sale_price":null,"price_margin":null,"price_discount":null}},{"id":"6211","date_created":"2025-11-15 14:35:59","date_expiry":"2025-11-16 00:00:00","user_id":"2760","batch_number":"PourGille","location":"","quantity":"30.0000","quantity_available":"0.0000","units":"1","status":"archived","order_ids":"[30371]","supplier":"Brit","po":{"id":"6158","date_created":"2025-11-15 14:36:00","batch_id":"6211","po_number":"","supplier":"Brit","cost":null,"regular_price":null,"sale_price":null,"price_margin":null,"price_discount":null}},{"id":"6577","date_created":"2025-12-09 16:35:52","date_expiry":"2026-09-30 00:00:00","user_id":"2760","batch_number":"ritChiotMedium15kg300926","location":"","quantity":"2.0000","quantity_available":"1.0000","units":"1","status":"active","order_ids":"[35035,39709]","supplier":" Brit","po":{"id":"6522","date_created":"2025-12-09 16:35:53","batch_id":"6577","po_number":"","supplier":" Brit","cost":null,"regular_price":null,"sale_price":null,"price_margin":null,"price_discount":null}},{"id":"7784","date_created":"2026-02-19 11:11:39","date_expiry":"2027-03-30 00:00:00","user_id":"2760","batch_number":"ritChiotMedium15kg300327","location":"","quantity":"1.0000","quantity_available":"1.0000","units":"1","status":"active","order_ids":"[39709]","supplier":"Brit","po":{"id":"7719","date_created":"2026-02-19 11:11:39","batch_id":"7784","po_number":"","supplier":"Brit","cost":null,"regular_price":null,"sale_price":null,"price_margin":null,"price_discount":null}}],"_links":{"self":[{"href":"https:\/\/petworld.ma\/index.php\/wp-json\/wp\/v2\/product\/157","targetHints":{"allow":["GET"]}}],"collection":[{"href":"https:\/\/petworld.ma\/index.php\/wp-json\/wp\/v2\/product"}],"about":[{"href":"https:\/\/petworld.ma\/index.php\/wp-json\/wp\/v2\/types\/product"}],"wp:featuredmedia":[{"embeddable":true,"href":"https:\/\/petworld.ma\/index.php\/wp-json\/wp\/v2\/media\/557"}],"wp:attachment":[{"href":"https:\/\/petworld.ma\/index.php\/wp-json\/wp\/v2\/media?parent=157"}],"wp:term":[{"taxonomy":"product_brand","embeddable":true,"href":"https:\/\/petworld.ma\/index.php\/wp-json\/wp\/v2\/product_brand?post=157"},{"taxonomy":"product_cat","embeddable":true,"href":"https:\/\/petworld.ma\/index.php\/wp-json\/wp\/v2\/product_cat?post=157"},{"taxonomy":"product_tag","embeddable":true,"href":"https:\/\/petworld.ma\/index.php\/wp-json\/wp\/v2\/product_tag?post=157"}],"curies":[{"name":"wp","href":"https:\/\/api.w.org\/{rel}","templated":true}]}}