{"id":15701,"date":"2024-12-15T13:17:34","date_gmt":"2024-12-15T13:17:34","guid":{"rendered":"https:\/\/petworld.ma\/?post_type=product&#038;p=15701"},"modified":"2026-03-24T10:12:46","modified_gmt":"2026-03-24T10:12:46","slug":"carnilove-puppies-pate-salmon-with-blueberries-saumon-300g","status":"publish","type":"product","link":"https:\/\/petworld.ma\/index.php\/produit\/carnilove-puppies-pate-salmon-with-blueberries-saumon-300g\/","title":{"rendered":"Carnilove Puppies Pat\u00e9 Salmon with Blueberries (Saumon) 300g"},"content":{"rendered":"<p><img loading=\"lazy\" decoding=\"async\" class=\"benefits_icon\" src=\"https:\/\/carnilove.com\/assets\/front\/images\/grain-free-potato-free.png\" width=\"96\" height=\"95\" \/>Aliment complet ou d\u00e9licieux topping pour croquettes. Types de viande uniques. Sans c\u00e9r\u00e9ales, sans pommes de terre, sans OGM, sans soja, sans conservateurs, sans colorants. Teneur \u00e9lev\u00e9e en viande 85%.<\/p>\n<p>Le saumon, hautement digestible et nutritif, favorise la sant\u00e9 du tube digestif et une condition optimale. Les acides gras om\u00e9ga-3 soutiennent la peau, le c\u0153ur, le cerveau et les articulations et favorisent un d\u00e9veloppement physique sain. Les propri\u00e9t\u00e9s des myrtilles prot\u00e8gent contre les infections des voies urinaires et favorisent \u00e9galement le d\u00e9veloppement et le fonctionnement du cerveau.<\/p>\n<h2>Composition<\/h2>\n<p>85% viande et abats de dinde (dont 26% saumon), 4% bleuets, 1% farine de pois, 1% lignocellulose, 1% huile de lin.<\/p>\n<h2>Composition nutritionnelle en 1 kg<\/h2>\n<p>vitamine D3 (3a671) 250 UI, vitamine E (3a700) 120 mg, biotine (3a880) 0,8 mg, zinc (3b606) 15 mg, mangan\u00e8se (3b504) 3,5 mg, fer (3b106) 12 mg, cuivre (3b406) 5 mg, iode (3b201) 0,8 mg, taurine (3a370) 900 mg. Additifs technologiques pour 1 kg : gomme de caroube (E 410) 4 000 mg. Contient des antioxydants naturels : extraits de tocoph\u00e9rols d&rsquo;huile v\u00e9g\u00e9tale (1b306(i)) et extrait de romarin.<\/p>\n<h2>Constituants analytiques dans 1 kg<\/h2>\n<p>prot\u00e9ines brutes 11,0 %, mati\u00e8res grasses brutes 7,0 %, fibres brutes 0,5 %, cendres brutes 2,0 %, humidit\u00e9 78,0 %, calcium 0,2 %, phosphore 0,2 %, sodium 0,3 %, om\u00e9ga 3 0,25 %.<\/p>\n<h2>\u00c9nergie m\u00e9tabolique<\/h2>\n<p>1 130 kcal\/kg<\/p>\n<h2>Emballer<\/h2>\n<p>0,3 kg<\/p>\n","protected":false},"excerpt":{"rendered":"<div class=\"order-2 order-lg-1\">\n<div class=\"order-2 order-lg-1\">\n<p class=\"benefits__content\">Pochette avec morceaux de viande et abats d&rsquo;origine sauvage en p\u00e2t\u00e9.<\/p>\n<p>Aliment complet ou d\u00e9licieux topping pour croquettes. Types de viande uniques. Sans c\u00e9r\u00e9ales, sans pommes de terre, sans OGM, sans soja, sans conservateurs, sans colorants. Teneur \u00e9lev\u00e9e en viande 85%.<\/p>\n<\/div>\n<\/div>\n","protected":false},"featured_media":15703,"template":"","meta":{"jetpack_publicize_message":"","jetpack_publicize_feature_enabled":true,"jetpack_social_post_already_shared":true,"jetpack_social_options":{"image_generator_settings":{"template":"highway","default_image_id":0,"font":"","enabled":false},"version":2}},"product_brand":[],"product_cat":[26,39],"product_tag":[],"class_list":{"0":"post-15701","1":"product","2":"type-product","3":"status-publish","4":"has-post-thumbnail","6":"product_cat-croquettes","7":"product_cat-friandises-et-pates-pour-chien","9":"first","10":"outofstock","11":"taxable","12":"shipping-taxable","13":"purchasable","14":"product-type-simple"},"supplier_id":7839,"supplier_sku":"CL - Pouche Salmon Blueberries puppies 300G","barcode":null,"atum_controlled":true,"out_stock_date":"2026-03-24 10:12:46","out_stock_threshold":null,"inheritable":false,"inbound_stock":0,"stock_on_hold":0,"sold_today":0,"sales_last_days":0,"reserved_stock":0,"customer_returns":0,"warehouse_damage":0,"lost_in_post":0,"other_logs":0,"out_stock_days":49,"lost_sales":0,"has_location":false,"update_date":"2026-05-12T14:40:52","atum_locations":[],"atum_stock_status":"outofstock","restock_status":false,"low_stock_amount":10,"sales_update_date":"2026-05-12T14:40:52","calc_backorders":null,"jetpack_publicize_connections":[],"jetpack_sharing_enabled":true,"batches":[{"id":"1203","date_created":"2024-12-15 13:27:37","date_expiry":"2026-07-30 00:00:00","user_id":"2760","batch_number":"CarnilovePouchPuppiesSalmon300726","location":"","quantity":"24.0000","quantity_available":"0.0000","units":"1","status":"archived","order_ids":"[16028,16282,16702,21338,21908,22802,24248,26234,27168,29680]","supplier":"Carnilove","po":{"id":"1176","date_created":"2024-12-15 13:27:38","batch_id":"1203","po_number":"","supplier":"Carnilove","cost":null,"regular_price":null,"sale_price":null,"price_margin":null,"price_discount":null}}],"_links":{"self":[{"href":"https:\/\/petworld.ma\/index.php\/wp-json\/wp\/v2\/product\/15701","targetHints":{"allow":["GET"]}}],"collection":[{"href":"https:\/\/petworld.ma\/index.php\/wp-json\/wp\/v2\/product"}],"about":[{"href":"https:\/\/petworld.ma\/index.php\/wp-json\/wp\/v2\/types\/product"}],"wp:featuredmedia":[{"embeddable":true,"href":"https:\/\/petworld.ma\/index.php\/wp-json\/wp\/v2\/media\/15703"}],"wp:attachment":[{"href":"https:\/\/petworld.ma\/index.php\/wp-json\/wp\/v2\/media?parent=15701"}],"wp:term":[{"taxonomy":"product_brand","embeddable":true,"href":"https:\/\/petworld.ma\/index.php\/wp-json\/wp\/v2\/product_brand?post=15701"},{"taxonomy":"product_cat","embeddable":true,"href":"https:\/\/petworld.ma\/index.php\/wp-json\/wp\/v2\/product_cat?post=15701"},{"taxonomy":"product_tag","embeddable":true,"href":"https:\/\/petworld.ma\/index.php\/wp-json\/wp\/v2\/product_tag?post=15701"}],"curies":[{"name":"wp","href":"https:\/\/api.w.org\/{rel}","templated":true}]}}