{"id":15706,"date":"2024-12-15T13:53:23","date_gmt":"2024-12-15T13:53:23","guid":{"rendered":"https:\/\/petworld.ma\/?post_type=product&#038;p=15706"},"modified":"2026-04-07T10:28:42","modified_gmt":"2026-04-07T10:28:42","slug":"carnilove-cat-chicken-lamb-for-adult-pouet-et-agneau-100g","status":"publish","type":"product","link":"https:\/\/petworld.ma\/index.php\/produit\/carnilove-cat-chicken-lamb-for-adult-pouet-et-agneau-100g\/","title":{"rendered":"Carnilove Cat Chicken lamb; Lamb for adult (Poulet et Agneau) 100g"},"content":{"rendered":"<div class=\"container pt-30\">\n<div class=\"row\">\n<div class=\"col-12\">\n<div class=\"container pt-30\">\n<div class=\"row\">\n<div class=\"col-10\">\n<div class=\"container pt-30\">\n<div class=\"row\">\n<div class=\"col-10\">\n<div class=\"order-2 order-lg-1\">\n<p><img loading=\"lazy\" decoding=\"async\" class=\"benefits_icon\" src=\"https:\/\/carnilove.com\/assets\/front\/images\/grain-free-potato-free.png\" width=\"102\" height=\"101\" \/> CARNILOVE WHITE MUSCLE MEAT POULET ET AGNEAU POUR CHATS ADULTES. ALIMENTATION HUMIDE COMPL\u00c8TE SUPER PREMIUM POUR CHATS ADULTES.<\/p>\n<\/div>\n<div class=\"order-1 order-lg-1\">\n<div class=\"productDetail__intro\">Carnilove Poulet &amp; Agneau pour Chats Adultes a \u00e9t\u00e9 formul\u00e9 dans le respect de la composition naturelle de l&rsquo;alimentation f\u00e9line. Le poulet est une excellente source d&rsquo;acides amin\u00e9s et de min\u00e9raux essentiels. Sa teneur \u00e9lev\u00e9e en prot\u00e9ines assure le bon d\u00e9veloppement de tous les tissus. La viande de poulet est \u00e9galement tr\u00e8s faible en mati\u00e8res grasses, ce qui signifie qu&rsquo;elle est exceptionnellement maigre. L&rsquo;agneau est une source de prot\u00e9ines di\u00e9t\u00e9tiques hautement digestibles, id\u00e9ales pour maintenir une condition physique parfaite, en combinaison avec des fruits des bois, des min\u00e9raux et de l&rsquo;huile de lin qui apportent des nutriments et des antioxydants essentiels pour la richesse quotidienne.<\/div>\n<\/div>\n<\/div>\n<\/div>\n<\/div>\n<\/div>\n<div>\n<h2>Composition<\/h2>\n<p>35% viande de poulet, foie de poulet, c\u0153urs de poulet, 20% agneau, 2% farine de pois, 1% canneberges, 1% lignocellulose, 0,1% huile de lin.<\/p>\n<h2>Composition nutritionnelle en 1 kg<\/h2>\n<p>vitamine A (3a672a) 1000 UI, vitamine D3 (3a671) 300 UI, vitamine E (3a700) 150 mg, vitamine B1 (3a821) 1 mg, taurine (3a370) 650 mg, biotine (3a880) 0,3 mg, fer (3B106) 12 mg, iode (3b201) 1 mg, mangan\u00e8se (3B504) 2,5 mg, zinc (3b606) 15 mg.<\/p>\n<h2>Constituants analytiques dans 1 kg<\/h2>\n<p>prot\u00e9ines brutes 10,8 %, mati\u00e8res grasses brutes 6,8 %, cendres brutes 2,3 %, fibres brutes 0,4 %, humidit\u00e9 79 %, calcium 0,2 %, phosphore 0,3 %, sodium 0,2 %.<\/p>\n<h2>\u00c9nergie m\u00e9tabolique<\/h2>\n<p>1050 kcal\/kg<\/p>\n<\/div>\n<\/div>\n<\/div>\n<\/div>\n<\/div>\n<\/div>\n","protected":false},"excerpt":{"rendered":"<div class=\"order-2 order-lg-1\">\n<p class=\"benefits__content\">CARNILOVE WHITE MUSCLE MEAT POULET ET AGNEAU POUR CHATS ADULTES. ALIMENTATION HUMIDE COMPL\u00c8TE SUPER PREMIUM POUR CHATS ADULTES.<\/p>\n<\/div>\n<div class=\"order-1 order-lg-1\"><\/div>\n","protected":false},"featured_media":15709,"template":"","meta":{"jetpack_publicize_message":"","jetpack_publicize_feature_enabled":true,"jetpack_social_post_already_shared":true,"jetpack_social_options":{"image_generator_settings":{"template":"highway","default_image_id":0,"font":"","enabled":false},"version":2}},"product_brand":[],"product_cat":[41],"product_tag":[],"class_list":{"0":"post-15706","1":"product","2":"type-product","3":"status-publish","4":"has-post-thumbnail","6":"product_cat-friandises-et-pate-pour-chat","8":"first","9":"instock","10":"taxable","11":"shipping-taxable","12":"purchasable","13":"product-type-simple"},"supplier_id":7839,"supplier_sku":"CL - Chicken & Lamb for adult cats CAN 100 g","barcode":null,"atum_controlled":true,"out_stock_date":null,"out_stock_threshold":null,"inheritable":false,"inbound_stock":0,"stock_on_hold":0,"sold_today":0,"sales_last_days":0,"reserved_stock":0,"customer_returns":0,"warehouse_damage":0,"lost_in_post":0,"other_logs":0,"out_stock_days":0,"lost_sales":0,"has_location":false,"update_date":"2026-04-26T00:13:18","atum_locations":[],"atum_stock_status":"instock","restock_status":false,"low_stock_amount":20,"sales_update_date":"2026-04-26T00:13:17","calc_backorders":null,"jetpack_publicize_connections":[],"jetpack_sharing_enabled":true,"batches":[{"id":"1205","date_created":"2024-12-15 14:02:25","date_expiry":"2027-07-09 00:00:00","user_id":"2760","batch_number":"CarniloveMousseChickLamb090727","location":"","quantity":"24.0000","quantity_available":"0.0000","units":"1","status":"archived","order_ids":"[18117,18205,19060,19105,19623,19691,20254,20398]","supplier":"Carnilove","po":{"id":"1178","date_created":"2024-12-15 14:02:25","batch_id":"1205","po_number":"","supplier":"Carnilove","cost":null,"regular_price":null,"sale_price":null,"price_margin":null,"price_discount":null}},{"id":"1275","date_created":"2024-12-18 21:39:40","date_expiry":"2027-07-09 00:00:00","user_id":"2760","batch_number":"CarniloveMousseChickLamb090727","location":"","quantity":"12.0000","quantity_available":"0.0000","units":"1","status":"archived","order_ids":"[15907,15970,16128,16547,16720,16912]","supplier":"Carnilove","po":{"id":"1248","date_created":"2024-12-18 21:39:43","batch_id":"1275","po_number":"","supplier":"Carnilove","cost":null,"regular_price":null,"sale_price":null,"price_margin":null,"price_discount":null}},{"id":"8181","date_created":"2026-03-11 15:15:49","date_expiry":"2028-11-30 00:00:00","user_id":"2760","batch_number":"CarniloveMousseChickLamb301128","location":"","quantity":"120.0000","quantity_available":"107.0000","units":"1","status":"active","order_ids":"[38173,38327,39106]","supplier":"Carnilove","po":{"id":"8119","date_created":"2026-03-11 15:15:49","batch_id":"8181","po_number":"","supplier":"Carnilove","cost":null,"regular_price":null,"sale_price":null,"price_margin":null,"price_discount":null}}],"_links":{"self":[{"href":"https:\/\/petworld.ma\/index.php\/wp-json\/wp\/v2\/product\/15706","targetHints":{"allow":["GET"]}}],"collection":[{"href":"https:\/\/petworld.ma\/index.php\/wp-json\/wp\/v2\/product"}],"about":[{"href":"https:\/\/petworld.ma\/index.php\/wp-json\/wp\/v2\/types\/product"}],"wp:featuredmedia":[{"embeddable":true,"href":"https:\/\/petworld.ma\/index.php\/wp-json\/wp\/v2\/media\/15709"}],"wp:attachment":[{"href":"https:\/\/petworld.ma\/index.php\/wp-json\/wp\/v2\/media?parent=15706"}],"wp:term":[{"taxonomy":"product_brand","embeddable":true,"href":"https:\/\/petworld.ma\/index.php\/wp-json\/wp\/v2\/product_brand?post=15706"},{"taxonomy":"product_cat","embeddable":true,"href":"https:\/\/petworld.ma\/index.php\/wp-json\/wp\/v2\/product_cat?post=15706"},{"taxonomy":"product_tag","embeddable":true,"href":"https:\/\/petworld.ma\/index.php\/wp-json\/wp\/v2\/product_tag?post=15706"}],"curies":[{"name":"wp","href":"https:\/\/api.w.org\/{rel}","templated":true}]}}