{"id":15710,"date":"2024-12-15T14:13:37","date_gmt":"2024-12-15T14:13:37","guid":{"rendered":"https:\/\/petworld.ma\/?post_type=product&#038;p=15710"},"modified":"2026-05-07T15:42:10","modified_gmt":"2026-05-07T15:42:10","slug":"carnilove-cat-snack-chicken-enriched-with-thyme-poulet-50g","status":"publish","type":"product","link":"https:\/\/petworld.ma\/index.php\/produit\/carnilove-cat-snack-chicken-enriched-with-thyme-poulet-50g\/","title":{"rendered":"Carnilove Cat Snack Chicken enriched with Thyme (Poulet) 50g"},"content":{"rendered":"<div class=\"container pt-30\">\n<div class=\"row\">\n<div class=\"col-12\">\n<div class=\"container pt-30\">\n<div class=\"row\">\n<div class=\"col-10\">\n<div class=\"container pt-30\">\n<div class=\"row\">\n<div class=\"col-10\">\n<p><img decoding=\"async\" class=\"benefits_icon\" src=\"https:\/\/carnilove.com\/assets\/front\/images\/grain-free-potato-free.png\" width=\"100\" height=\"99\" \/><span style=\"font-size: 14.4px\">D\u00e9licieuse friandise moelleuse adapt\u00e9e \u00e0 tous les chats. Avec du thym pour aider \u00e0 nettoyer les voies urinaires.<\/span><\/p>\n<div class=\"order-1 order-lg-1\">\n<div class=\"productDetail__intro\"><\/div>\n<\/div>\n<h2>Composition<\/h2>\n<p>40% poulet s\u00e9ch\u00e9, pois jaunes, amidon v\u00e9g\u00e9tal liquide, sauce au poulet, sauce au foie de volaille, collag\u00e8ne, 1% thym, huile de saumon<\/p>\n<h2>Constituants analytiques dans 1 kg<\/h2>\n<p>prot\u00e9ines brutes 34,0 %, teneur en mati\u00e8res grasses 5,0 %, humidit\u00e9 17,0 %, cendres brutes 7,0 %, cellulose brute 1,5 %, calcium 0,8 %, phosphore 0,7 %, om\u00e9ga 3 0,1 %, om\u00e9ga 6 0,6 %. Avec conservateurs naturels : acide citrique, acide DL-malique.<\/p>\n<h2>\u00c9nergie m\u00e9tabolique<\/h2>\n<p>3 130 kcal\/kg<\/p>\n<\/div>\n<\/div>\n<\/div>\n<\/div>\n<\/div>\n<\/div>\n<\/div>\n<\/div>\n<\/div>\n","protected":false},"excerpt":{"rendered":"<div class=\"order-2 order-lg-1\">\n<p class=\"benefits__content\">D\u00e9licieuse friandise moelleuse adapt\u00e9e \u00e0 tous les chats. Avec du thym pour aider \u00e0 nettoyer les voies urinaires.<\/p>\n<\/div>\n<div class=\"order-1 order-lg-1\">\n<div class=\"productDetail__intro\"><\/div>\n<\/div>\n","protected":false},"featured_media":15711,"template":"","meta":{"jetpack_publicize_message":"","jetpack_publicize_feature_enabled":true,"jetpack_social_post_already_shared":true,"jetpack_social_options":{"image_generator_settings":{"template":"highway","default_image_id":0,"font":"","enabled":false},"version":2}},"product_brand":[],"product_cat":[41],"product_tag":[],"class_list":{"0":"post-15710","1":"product","2":"type-product","3":"status-publish","4":"has-post-thumbnail","6":"product_cat-friandises-et-pate-pour-chat","8":"first","9":"instock","10":"taxable","11":"shipping-taxable","12":"purchasable","13":"product-type-simple"},"supplier_id":7839,"supplier_sku":"CL - Cat Semi Moist Snack Chicken enriched with Thyme 50 g","barcode":null,"atum_controlled":true,"out_stock_date":null,"out_stock_threshold":null,"inheritable":false,"inbound_stock":0,"stock_on_hold":1,"sold_today":1,"sales_last_days":4,"reserved_stock":0,"customer_returns":0,"warehouse_damage":0,"lost_in_post":0,"other_logs":0,"out_stock_days":0,"lost_sales":0,"has_location":false,"update_date":"2026-05-07T19:10:50","atum_locations":[],"atum_stock_status":"instock","restock_status":false,"low_stock_amount":20,"sales_update_date":"2026-05-07T19:10:50","calc_backorders":null,"jetpack_publicize_connections":[],"jetpack_sharing_enabled":true,"batches":[{"id":"1207","date_created":"2024-12-15 14:51:51","date_expiry":"2026-03-06 00:00:00","user_id":"9","batch_number":"CarniloveChatSnackPoulet060326","location":"","quantity":"24.0000","quantity_available":"0.0000","units":"1","status":"archived","order_ids":"[16397,16478,16687,16720,16897,17013,17554,17908,18404,18633,18675,18750,19060,20122,20767,21227,21647,22023,22225,22412,22418,22759]","supplier":"Carnilove","po":{"id":"1180","date_created":"2024-12-15 14:51:51","batch_id":"1207","po_number":"","supplier":"Carnilove","cost":null,"regular_price":null,"sale_price":null,"price_margin":null,"price_discount":null}},{"id":"1768","date_created":"2025-01-25 00:11:01","date_expiry":"2026-03-06 00:00:00","user_id":"9","batch_number":"CarniloveChatSnackPoulet060326","location":"","quantity":"24.0000","quantity_available":"0.0000","units":"1","status":"archived","order_ids":"[22896,22965,23259,23639,23756,24116,24304,24448,24571,24612,25208,25353,25412,25462,26151,26856,27524,28062,28916]","supplier":"Carnilove","po":{"id":"1742","date_created":"2025-01-25 00:11:03","batch_id":"1768","po_number":"","supplier":"Carnilove","cost":null,"regular_price":null,"sale_price":null,"price_margin":null,"price_discount":null}},{"id":"8245","date_created":"2026-03-13 18:41:06","date_expiry":"2027-04-30 00:00:00","user_id":"9","batch_number":"CarniloveChatSnackPoulet0427","location":"","quantity":"40.0000","quantity_available":"24.0000","units":"1","status":"active","order_ids":"[37777,38173,38322,38560,38644,38754,39051,39337,39453,40374,40396,40429,40932,41342,41404,41538]","supplier":"Carnilove","po":{"id":"8171","date_created":"2026-03-13 18:41:06","batch_id":"8245","po_number":"","supplier":"Carnilove","cost":null,"regular_price":null,"sale_price":null,"price_margin":null,"price_discount":null}}],"_links":{"self":[{"href":"https:\/\/petworld.ma\/index.php\/wp-json\/wp\/v2\/product\/15710","targetHints":{"allow":["GET"]}}],"collection":[{"href":"https:\/\/petworld.ma\/index.php\/wp-json\/wp\/v2\/product"}],"about":[{"href":"https:\/\/petworld.ma\/index.php\/wp-json\/wp\/v2\/types\/product"}],"wp:featuredmedia":[{"embeddable":true,"href":"https:\/\/petworld.ma\/index.php\/wp-json\/wp\/v2\/media\/15711"}],"wp:attachment":[{"href":"https:\/\/petworld.ma\/index.php\/wp-json\/wp\/v2\/media?parent=15710"}],"wp:term":[{"taxonomy":"product_brand","embeddable":true,"href":"https:\/\/petworld.ma\/index.php\/wp-json\/wp\/v2\/product_brand?post=15710"},{"taxonomy":"product_cat","embeddable":true,"href":"https:\/\/petworld.ma\/index.php\/wp-json\/wp\/v2\/product_cat?post=15710"},{"taxonomy":"product_tag","embeddable":true,"href":"https:\/\/petworld.ma\/index.php\/wp-json\/wp\/v2\/product_tag?post=15710"}],"curies":[{"name":"wp","href":"https:\/\/api.w.org\/{rel}","templated":true}]}}