{"id":1572,"date":"2023-03-01T16:29:45","date_gmt":"2023-03-01T16:29:45","guid":{"rendered":"https:\/\/petworld.ma\/?post_type=product&#038;p=1572"},"modified":"2026-05-02T12:43:57","modified_gmt":"2026-05-02T12:43:57","slug":"ownat-grain-free-sans-cereale-prime-sterilized-au-poisson-3kg","status":"publish","type":"product","link":"https:\/\/petworld.ma\/index.php\/produit\/ownat-grain-free-sans-cereale-prime-sterilized-au-poisson-3kg\/","title":{"rendered":"Ownat Grain Free (sans c\u00e9r\u00e9ale) Prime Sterilized au poisson 3kg  | 8 Kg"},"content":{"rendered":"<p>Sp\u00e9cialement formul\u00e9 pour satisfaire les besoins nutritionnels des chats st\u00e9rilis\u00e9s. \u00c9labor\u00e9 avec 20% de poisson frais qui apporte des prot\u00e9ines de la meilleure qualit\u00e9 et un go\u00fbt exceptionnel. Riche en fibres avec un grand pouvoir de sati\u00e9t\u00e9 aidant \u00e0 maintenir son poids id\u00e9al.<\/p>\n<p><strong>Composition:<\/strong><\/p>\n<p>Poisson 37% (poisson frais* min. 20% avant l&rsquo;extrusion, saumon hydrolys\u00e9 10%, poisson d\u00e9shydrat\u00e9 7%), viande d\u00e9shydrat\u00e9e (21%), petits pois entiers*, racines de manioc*, graisse de volaille (pr\u00e9serv\u00e9e avec des antioxydants naturels), pomme de terre d\u00e9shydrat\u00e9e*, levure de bi\u00e8re*, prot\u00e9ines de poulet hydrolys\u00e9es, pulpe de betterave, pomme fra\u00eeche* (1%), huile de poisson (pr\u00e9serv\u00e9e avec des antioxydants naturels), sel gemme*, luzerne d\u00e9shydrat\u00e9e*, fructo-oligosaccharides et mannane-oligosaccharides, algues marines d\u00e9shydrat\u00e9es*, glucosamine, chondro\u00eftine, yucca schidigera, airelles*, thym*, fleur de camomille*, fenouil*, \u00e9chinac\u00e9es*, th\u00e9 vert*. *<em>Ingr\u00e9dients naturels<\/em><\/p>\n<p><strong>Constituants analytiques:<\/strong><\/p>\n<p>Prot\u00e9ine: 41%, teneur en mati\u00e8res grasses: 14%, cellulose brute: 3,5%, mati\u00e8re inorganique: 8,5%, humidit\u00e9: 8%, Om\u00e9ga 6: 1,2%, Om\u00e9ga 3 : 0,54%, calcium: 1,1%, phosphore: 0,9%.<\/p>\n<p><strong>Tableau des rations<\/strong><\/p>\n<table>\n<tbody>\n<tr>\n<td>Poids chat (kg)<\/td>\n<td>Gr.\/ jour<\/td>\n<\/tr>\n<tr>\n<td>1-3<\/td>\n<td>15-50<\/td>\n<\/tr>\n<tr>\n<td>4<\/td>\n<td>50-65<\/td>\n<\/tr>\n<tr>\n<td>5<\/td>\n<td>65-75<\/td>\n<\/tr>\n<\/tbody>\n<\/table>\n<p>&nbsp;<\/p>\n","protected":false},"excerpt":{"rendered":"<p>Sp\u00e9cialement formul\u00e9 pour satisfaire les besoins nutritionnels des chats st\u00e9rilis\u00e9s. \u00c9labor\u00e9 avec 20% de poisson frais qui apporte des prot\u00e9ines de la meilleure qualit\u00e9 et un go\u00fbt exceptionnel. Riche en fibres avec un grand pouvoir de sati\u00e9t\u00e9 aidant \u00e0 maintenir son poids id\u00e9al. Composition: Poisson 37% (poisson frais* min. 20% avant l&rsquo;extrusion, saumon hydrolys\u00e9 10%, [&#8230;]\n","protected":false},"featured_media":1573,"template":"","meta":{"jetpack_publicize_message":"","jetpack_publicize_feature_enabled":true,"jetpack_social_post_already_shared":false,"jetpack_social_options":{"image_generator_settings":{"template":"highway","default_image_id":0,"font":"","enabled":false},"version":2}},"product_brand":[],"product_cat":[40],"product_tag":[],"class_list":{"0":"post-1572","1":"product","2":"type-product","3":"status-publish","4":"has-post-thumbnail","6":"product_cat-coquettes-pour-chat","8":"first","9":"instock","10":"taxable","11":"shipping-taxable","12":"purchasable","13":"product-type-variable"},"supplier_id":5595,"supplier_sku":"77","barcode":null,"atum_controlled":true,"out_stock_date":"2025-09-26 10:06:32","out_stock_threshold":null,"inheritable":true,"inbound_stock":0,"stock_on_hold":0,"sold_today":1,"sales_last_days":3,"reserved_stock":0,"customer_returns":0,"warehouse_damage":0,"lost_in_post":0,"other_logs":0,"out_stock_days":213,"lost_sales":0,"has_location":false,"update_date":"2026-05-02T12:43:59","atum_locations":[],"atum_stock_status":"instock","restock_status":false,"low_stock_amount":"","sales_update_date":"2026-04-29T22:15:46","calc_backorders":null,"jetpack_publicize_connections":[],"jetpack_sharing_enabled":true,"batches":[{"id":"680","date_created":"2024-10-24 10:20:52","date_expiry":"2025-11-30 00:00:00","user_id":"2461","batch_number":"OwnatSterilisedFish3kg301125","location":"","quantity":"6.0000","quantity_available":"0.0000","units":"1","status":"archived","order_ids":"[13839,15685,16178,16557,16993,17178]","supplier":"Ownat","po":{"id":"661","date_created":"2024-10-24 10:20:52","batch_id":"680","po_number":"","supplier":"Ownat","cost":null,"regular_price":null,"sale_price":null,"price_margin":null,"price_discount":null}},{"id":"1229","date_created":"2024-12-17 21:17:23","date_expiry":"2026-02-28 00:00:00","user_id":"2461","batch_number":"OwnatSterilisedFish3kg28022026","location":"","quantity":"1.0000","quantity_available":"0.0000","units":"1","status":"archived","order_ids":"[18065]","supplier":"Ownat","po":{"id":"1201","date_created":"2024-12-17 21:17:25","batch_id":"1229","po_number":"","supplier":"Ownat","cost":null,"regular_price":null,"sale_price":null,"price_margin":null,"price_discount":null}},{"id":"1371","date_created":"2024-12-26 19:08:25","date_expiry":"2026-02-28 00:00:00","user_id":"2461","batch_number":"OwnatSterilisedFish3kg28022026","location":"","quantity":"1.0000","quantity_available":"0.0000","units":"1","status":"archived","order_ids":"[20657]","supplier":"Ownat","po":{"id":"1345","date_created":"2024-12-26 19:08:28","batch_id":"1371","po_number":"","supplier":"Ownat","cost":null,"regular_price":null,"sale_price":null,"price_margin":null,"price_discount":null}},{"id":"1647","date_created":"2025-01-16 20:36:09","date_expiry":"2026-02-28 00:00:00","user_id":"2461","batch_number":"OwnatSterilisedFish3kg28022026","location":"","quantity":"1.0000","quantity_available":"0.0000","units":"1","status":"archived","order_ids":"[21809]","supplier":"Ownat","po":{"id":"1621","date_created":"2025-01-16 20:36:11","batch_id":"1647","po_number":"","supplier":"Ownat","cost":null,"regular_price":null,"sale_price":null,"price_margin":null,"price_discount":null}},{"id":"1758","date_created":"2025-01-24 23:25:05","date_expiry":"2026-02-28 00:00:00","user_id":"2461","batch_number":"OwnatSterilisedFish3kg28022026","location":"","quantity":"1.0000","quantity_available":"0.0000","units":"1","status":"archived","order_ids":"[22659]","supplier":"Ownat","po":{"id":"1732","date_created":"2025-01-24 23:25:08","batch_id":"1758","po_number":"","supplier":"Ownat","cost":null,"regular_price":null,"sale_price":null,"price_margin":null,"price_discount":null}},{"id":"1854","date_created":"2025-02-03 22:47:19","date_expiry":"2026-02-28 00:00:00","user_id":"2461","batch_number":"OwnatSterilisedFish3kg28022026","location":"","quantity":"1.0000","quantity_available":"0.0000","units":"1","status":"archived","order_ids":"[23330]","supplier":"Ownat","po":{"id":"1828","date_created":"2025-02-03 22:47:22","batch_id":"1854","po_number":"","supplier":"Ownat","cost":null,"regular_price":null,"sale_price":null,"price_margin":null,"price_discount":null}},{"id":"2091","date_created":"2025-02-21 14:41:12","date_expiry":"2026-02-28 00:00:00","user_id":"2461","batch_number":"OwnatSterilisedFish3kg28022026","location":"","quantity":"1.0000","quantity_available":"0.0000","units":"1","status":"archived","order_ids":"[23395]","supplier":"Ownat","po":{"id":"2061","date_created":"2025-02-21 14:41:15","batch_id":"2091","po_number":"","supplier":"Ownat","cost":null,"regular_price":null,"sale_price":null,"price_margin":null,"price_discount":null}},{"id":"3095","date_created":"2025-04-21 20:46:32","date_expiry":"2026-04-30 00:00:00","user_id":"2461","batch_number":"OwnatSterilisedFish3kg0426","location":"","quantity":"1.0000","quantity_available":"0.0000","units":"1","status":"archived","order_ids":"[23889]","supplier":"Ownat","po":{"id":"3062","date_created":"2025-04-21 20:46:32","batch_id":"3095","po_number":"","supplier":"Ownat","cost":null,"regular_price":null,"sale_price":null,"price_margin":null,"price_discount":null}}],"_links":{"self":[{"href":"https:\/\/petworld.ma\/index.php\/wp-json\/wp\/v2\/product\/1572","targetHints":{"allow":["GET"]}}],"collection":[{"href":"https:\/\/petworld.ma\/index.php\/wp-json\/wp\/v2\/product"}],"about":[{"href":"https:\/\/petworld.ma\/index.php\/wp-json\/wp\/v2\/types\/product"}],"wp:featuredmedia":[{"embeddable":true,"href":"https:\/\/petworld.ma\/index.php\/wp-json\/wp\/v2\/media\/1573"}],"wp:attachment":[{"href":"https:\/\/petworld.ma\/index.php\/wp-json\/wp\/v2\/media?parent=1572"}],"wp:term":[{"taxonomy":"product_brand","embeddable":true,"href":"https:\/\/petworld.ma\/index.php\/wp-json\/wp\/v2\/product_brand?post=1572"},{"taxonomy":"product_cat","embeddable":true,"href":"https:\/\/petworld.ma\/index.php\/wp-json\/wp\/v2\/product_cat?post=1572"},{"taxonomy":"product_tag","embeddable":true,"href":"https:\/\/petworld.ma\/index.php\/wp-json\/wp\/v2\/product_tag?post=1572"}],"curies":[{"name":"wp","href":"https:\/\/api.w.org\/{rel}","templated":true}]}}