{"id":158,"date":"2022-12-15T23:24:50","date_gmt":"2022-12-15T23:24:50","guid":{"rendered":"http:\/\/petworld.ma\/?post_type=product&#038;p=158"},"modified":"2026-04-22T09:50:09","modified_gmt":"2026-04-22T09:50:09","slug":"brit-premium-by-nature-chien-adulte-petite-race-3kg","status":"publish","type":"product","link":"https:\/\/petworld.ma\/index.php\/produit\/brit-premium-by-nature-chien-adulte-petite-race-3kg\/","title":{"rendered":"Brit Premium by Nature Croquettes Adult S (petite race) 3kg | 8kg"},"content":{"rendered":"<div class=\"hidden-xs\">\n<p>Formule compl\u00e8te au poulet pour chiens adultes de petites races (1-10 kg).<\/p>\n<\/div>\n<ul>\n<li>Peau saine et fourrure brillante<\/li>\n<li>Soutient l&rsquo;immunit\u00e9 et la condition<\/li>\n<li>Facteur anti-stress pour soutenir les fonctions cardiaques<\/li>\n<\/ul>\n<div class=\"benefits\">\n<div class=\"benefits__item\">\n<p><img decoding=\"async\" src=\"https:\/\/brit-petfood.com\/file\/nodes\/slozeni-piktogramy-chicken-modra.png\" alt=\"\" width=\"47\" height=\"48\" \/><strong>demi-sac de poulet<\/strong><\/p>\n<\/div>\n<div class=\"benefits__item\">\n<p><img decoding=\"async\" src=\"https:\/\/brit-petfood.com\/file\/nodes\/icon-dried-chicken-modra.png\" alt=\"\" width=\"47\" height=\"48\" \/><strong>meilleur go\u00fbt et digestibilit\u00e9<\/strong><\/p>\n<\/div>\n<div class=\"benefits__item\">\n<p><img decoding=\"async\" src=\"https:\/\/brit-petfood.com\/file\/nodes\/icon-collagen-modra.png\" alt=\"\" width=\"47\" height=\"48\" \/><strong>collag\u00e8ne, moules vertes et crustac\u00e9s pour les articulations et le cartilage<\/strong><\/p>\n<\/div>\n<div class=\"benefits__item\">\n<p><img decoding=\"async\" src=\"https:\/\/brit-petfood.com\/file\/nodes\/icon-salmon-oil-modra.png\" alt=\"\" width=\"47\" height=\"48\" \/><strong>niveau \u00e9lev\u00e9 d&rsquo;om\u00e9ga-3 pour un c\u0153ur, une peau et un pelage brillants<\/strong><\/p>\n<\/div>\n<div class=\"benefits__item\">\n<p><img decoding=\"async\" src=\"https:\/\/brit-petfood.com\/file\/nodes\/icon-fruits-herbs-modra.png\" alt=\"\" width=\"47\" height=\"48\" \/><strong>fruits et herbes pour une meilleure digestion et immunit\u00e9<\/strong><\/p>\n<\/div>\n<\/div>\n<div class=\"benefits\"><\/div>\n<div class=\"catalog-wrap\"><\/div>\n","protected":false},"excerpt":{"rendered":"<p>Formule compl\u00e8te au poulet pour chiens adultes de petites races (1-10 kg). Peau saine et fourrure brillante Soutient l&rsquo;immunit\u00e9 et la condition Facteur anti-stress pour soutenir les fonctions cardiaques demi-sac de poulet meilleur go\u00fbt et digestibilit\u00e9 collag\u00e8ne, moules vertes et crustac\u00e9s pour les articulations et le cartilage niveau \u00e9lev\u00e9 d&rsquo;om\u00e9ga-3 pour un c\u0153ur, une peau [&#8230;]\n","protected":false},"featured_media":5277,"template":"","meta":{"jetpack_publicize_message":"","jetpack_publicize_feature_enabled":true,"jetpack_social_post_already_shared":false,"jetpack_social_options":{"image_generator_settings":{"template":"highway","default_image_id":0,"font":"","enabled":false},"version":2}},"product_brand":[],"product_cat":[26],"product_tag":[],"class_list":{"0":"post-158","1":"product","2":"type-product","3":"status-publish","4":"has-post-thumbnail","6":"product_cat-croquettes","8":"first","9":"instock","10":"taxable","11":"shipping-taxable","12":"purchasable","13":"product-type-variable"},"supplier_id":null,"supplier_sku":"","barcode":null,"atum_controlled":true,"out_stock_date":null,"out_stock_threshold":null,"inheritable":true,"inbound_stock":0,"stock_on_hold":0,"sold_today":0,"sales_last_days":0,"reserved_stock":0,"customer_returns":0,"warehouse_damage":0,"lost_in_post":0,"other_logs":0,"out_stock_days":0,"lost_sales":0,"has_location":false,"update_date":"2026-05-07T00:18:06","atum_locations":[],"atum_stock_status":"instock","restock_status":false,"low_stock_amount":"","sales_update_date":"2026-05-07T00:18:06","calc_backorders":null,"jetpack_publicize_connections":[],"jetpack_sharing_enabled":true,"batches":[],"_links":{"self":[{"href":"https:\/\/petworld.ma\/index.php\/wp-json\/wp\/v2\/product\/158","targetHints":{"allow":["GET"]}}],"collection":[{"href":"https:\/\/petworld.ma\/index.php\/wp-json\/wp\/v2\/product"}],"about":[{"href":"https:\/\/petworld.ma\/index.php\/wp-json\/wp\/v2\/types\/product"}],"wp:featuredmedia":[{"embeddable":true,"href":"https:\/\/petworld.ma\/index.php\/wp-json\/wp\/v2\/media\/5277"}],"wp:attachment":[{"href":"https:\/\/petworld.ma\/index.php\/wp-json\/wp\/v2\/media?parent=158"}],"wp:term":[{"taxonomy":"product_brand","embeddable":true,"href":"https:\/\/petworld.ma\/index.php\/wp-json\/wp\/v2\/product_brand?post=158"},{"taxonomy":"product_cat","embeddable":true,"href":"https:\/\/petworld.ma\/index.php\/wp-json\/wp\/v2\/product_cat?post=158"},{"taxonomy":"product_tag","embeddable":true,"href":"https:\/\/petworld.ma\/index.php\/wp-json\/wp\/v2\/product_tag?post=158"}],"curies":[{"name":"wp","href":"https:\/\/api.w.org\/{rel}","templated":true}]}}