{"id":1600,"date":"2023-03-05T15:41:17","date_gmt":"2023-03-05T15:41:17","guid":{"rendered":"https:\/\/petworld.ma\/?post_type=product&#038;p=1600"},"modified":"2026-04-06T14:57:57","modified_gmt":"2026-04-06T14:57:57","slug":"collier-de-protection-cone-pour-chats-et-petits-chiens-protection-des-plaies","status":"publish","type":"product","link":"https:\/\/petworld.ma\/index.php\/produit\/collier-de-protection-cone-pour-chats-et-petits-chiens-protection-des-plaies\/","title":{"rendered":"Collier de protection \u00ab\u00a0c\u00f4ne\u00a0\u00bb deux tailles S et M  (Protection des plaies)"},"content":{"rendered":"<p>Ce collier emp\u00eache votre animal de l\u00e9cher les blessures ou de m\u00e2cher les bandages.<\/p>\n<p><strong>Caract\u00e9ristiques:<\/strong><\/p>\n<ul>\n<li>Fabriqu\u00e9 en mat\u00e9riau \u00e9cologique, ne faisant aucun mal \u00e0 votre animal de compagnie.<\/li>\n<li>Fermeture d&rsquo;autocollant magique pour un ajustement rapide et pr\u00e9cis.<\/li>\n<li>Emp\u00eache efficacement votre chien ou votre chat de mordre les gens.<\/li>\n<\/ul>\n<p><strong>Dimension:<\/strong><\/p>\n<ul>\n<li>Taille S pour chats et petits chiens : Tour de cou 19-22cm \/\u00a0 Profondeur: 11 cm<\/li>\n<li>Taille M pour chien moyen : Tour de cou 23-30cm \/\u00a0 Profondeur: 14 cm<\/li>\n<\/ul>\n","protected":false},"excerpt":{"rendered":"<p>Ce collier emp\u00eache votre animal de l\u00e9cher les blessures ou de m\u00e2cher les bandages. Caract\u00e9ristiques: Fabriqu\u00e9 en mat\u00e9riau \u00e9cologique, ne faisant aucun mal \u00e0 votre animal de compagnie. Fermeture d&rsquo;autocollant magique pour un ajustement rapide et pr\u00e9cis. Emp\u00eache efficacement votre chien ou votre chat de mordre les gens. Dimension: Taille S pour chats et petits [&#8230;]\n","protected":false},"featured_media":1606,"template":"","meta":{"jetpack_publicize_message":"","jetpack_publicize_feature_enabled":true,"jetpack_social_post_already_shared":false,"jetpack_social_options":{"image_generator_settings":{"template":"highway","default_image_id":0,"font":"","enabled":false},"version":2}},"product_brand":[],"product_cat":[222,92,233],"product_tag":[],"class_list":{"0":"post-1600","1":"product","2":"type-product","3":"status-publish","4":"has-post-thumbnail","6":"product_cat-brosses-coupe-griffes","7":"product_cat-harnais-et-laisses-pour-chien","8":"product_cat-colliers-harnais","10":"first","11":"outofstock","12":"taxable","13":"shipping-taxable","14":"purchasable","15":"product-type-variable"},"supplier_id":null,"supplier_sku":"","barcode":null,"atum_controlled":true,"out_stock_date":null,"out_stock_threshold":null,"inheritable":true,"inbound_stock":0,"stock_on_hold":0,"sold_today":0,"sales_last_days":0,"reserved_stock":0,"customer_returns":0,"warehouse_damage":0,"lost_in_post":0,"other_logs":0,"out_stock_days":0,"lost_sales":0,"has_location":false,"update_date":"2026-05-03T00:15:08","atum_locations":[],"atum_stock_status":"outofstock","restock_status":false,"low_stock_amount":"","sales_update_date":"2026-05-03T00:15:08","calc_backorders":null,"jetpack_publicize_connections":[],"jetpack_sharing_enabled":true,"batches":[],"_links":{"self":[{"href":"https:\/\/petworld.ma\/index.php\/wp-json\/wp\/v2\/product\/1600","targetHints":{"allow":["GET"]}}],"collection":[{"href":"https:\/\/petworld.ma\/index.php\/wp-json\/wp\/v2\/product"}],"about":[{"href":"https:\/\/petworld.ma\/index.php\/wp-json\/wp\/v2\/types\/product"}],"wp:featuredmedia":[{"embeddable":true,"href":"https:\/\/petworld.ma\/index.php\/wp-json\/wp\/v2\/media\/1606"}],"wp:attachment":[{"href":"https:\/\/petworld.ma\/index.php\/wp-json\/wp\/v2\/media?parent=1600"}],"wp:term":[{"taxonomy":"product_brand","embeddable":true,"href":"https:\/\/petworld.ma\/index.php\/wp-json\/wp\/v2\/product_brand?post=1600"},{"taxonomy":"product_cat","embeddable":true,"href":"https:\/\/petworld.ma\/index.php\/wp-json\/wp\/v2\/product_cat?post=1600"},{"taxonomy":"product_tag","embeddable":true,"href":"https:\/\/petworld.ma\/index.php\/wp-json\/wp\/v2\/product_tag?post=1600"}],"curies":[{"name":"wp","href":"https:\/\/api.w.org\/{rel}","templated":true}]}}