{"id":16004,"date":"2024-12-27T09:51:35","date_gmt":"2024-12-27T09:51:35","guid":{"rendered":"https:\/\/petworld.ma\/?post_type=product&#038;p=16004"},"modified":"2026-04-22T13:30:58","modified_gmt":"2026-04-22T13:30:58","slug":"royal-canin-giant-adulte-15-kg-promo","status":"publish","type":"product","link":"https:\/\/petworld.ma\/index.php\/produit\/royal-canin-giant-adulte-15-kg-promo\/","title":{"rendered":"Royal Canin Giant Adulte 15 Kg promo"},"content":{"rendered":"<div>\n<div>\n<div>\n<h2>Aliment complet pour chiens adultes de races g\u00e9antes (poids adulte de plus de 45 kg) &#8211; Plus de 18\/24 mois.<\/h2>\n<\/div>\n<\/div>\n<div><\/div>\n<\/div>\n<div>\n<div>\n<div>ROYAL CANIN\u00ae Giant Adult convient aux chiens adultes de 45 kg et plus et est sp\u00e9cialement formul\u00e9 pour r\u00e9pondre aux besoins nutritionnels des chiens de tr\u00e8s grande taille tel que le v\u00f4tre. \u00a0 En raison de la taille de votre chien, il est important de lui donner des nutriments b\u00e9n\u00e9fiques contribuant \u00e0 la bonne sant\u00e9 des os et des articulations afin qu\u2019il puisse supporter efficacement son propre poids corporel. C\u2019est pourquoi les aliments ROYAL CANIN\u00ae Giant Adult contiennent de la glucosamine et de la chondro\u00eftine pour maintenir les muscles, le cartilage et les os de votre chien en bonne sant\u00e9. \u00a0 Les aliments ROYAL CANIN\u00ae Giant Adult sont \u00e9labor\u00e9s \u00e0 partir d\u2019un complexe exclusif et \u00e9quilibr\u00e9 d\u2019antioxydants (comme les vitamines A, E et C) qui contribuent \u00e0 la neutralisation des effets ind\u00e9sirables que peuvent avoir les radicaux libres sur les cellules de votre chien. \u00a0 Les aliments ROYAL CANIN\u00ae Giant Adult contiennent \u00e9galement des acides amin\u00e9s tels que la taurine et la L-Carnitine afin d\u2019am\u00e9liorer la fonction circulatoire et la sant\u00e9 cardiaque de votre chien.<\/div>\n<h3>\u00a0Informations Nutritionnelles :<\/h3>\n<div>\n<div>Constituants analytiques\u00a0: Prot\u00e9ine\u00a0: 28,0\u00a0%\u00a0&#8211; Mati\u00e8res grasses brutes 20,0\u00a0%\u00a0&#8211; Cendres brutes\u00a0: 5,3\u00a0%\u00a0&#8211; Cellulose brute\u00a0: 1,8\u00a0%.<\/div>\n<div>Composition : prot\u00e9ines de volaille d\u00e9shydrat\u00e9es, ma\u00efs, farine de ma\u00efs, graisses animales, bl\u00e9, riz, hydrolysat de prot\u00e9ines animales, gluten de ma\u00efs, pulpe de betterave, isolat de prot\u00e9ines v\u00e9g\u00e9tales*, huile de poisson, sels min\u00e9raux, fibres v\u00e9g\u00e9tales, huile de soja, levures et composants de levures, huile de bourrache, hydrolysat de crustac\u00e9 (source de glucosamine), extrait de rose d\u2019inde (source de lut\u00e9ine), hydrolysat de cartilage (source de chondro\u00eftine).<\/div>\n<div>Mode d\u2019emploi : voir tableau. Num\u00e9ro de lot et d\u2019identifiant usine, \u00e0 utiliser de pr\u00e9f\u00e9rence avant\u00a0: voir sur l\u2019emballage. \u00c0 conserver dans un endroit sec et frais.<\/div>\n<div>*L.I.P. : prot\u00e9ine s\u00e9lectionn\u00e9e pour sa tr\u00e8s haute digestibilit\u00e9.<\/div>\n<h3>\u00a0B\u00e9n\u00e9fices :<\/h3>\n<div>\n<ul>\n<li>\n<div>Soutien des os et des articulations<\/div>\n<div>Aide \u00e0 maintenir la sant\u00e9 des os et des articulations sollicit\u00e9s par le poids corporel des chiens de races g\u00e9antes.<\/div>\n<\/li>\n<li>\n<div>Complexe d\u2019antioxydants<\/div>\n<div>Contient un complexe exclusif d\u2019antioxydants pour aider \u00e0 lutter contre les radicaux libres.<\/div>\n<\/li>\n<li>\n<div>Sant\u00e9 cardiaque<\/div>\n<div>Aide \u00e0 maintenir la sant\u00e9 cardiaque gr\u00e2ce \u00e0 un contenu adapt\u00e9 de taurine.<\/div>\n<\/li>\n<\/ul>\n<p><a href=\"https:\/\/wa.me\/212708052510\" target=\"_blank\" rel=\"noopener noreferrer\"><img decoding=\"async\" class=\"fr-fic fr-dib aligncenter\" src=\"https:\/\/cdn.youcan.shop\/stores\/d0742d556df94ddbc7ae4c9810aff04b\/others\/yP8F2jCiQfneEEXGsp2WnkuOMngT7HHuRX5RtWk7.png\" width=\"311\" height=\"82\" data-name=\"stores\/d0742d556df94ddbc7ae4c9810aff04b\/others\/yP8F2jCiQfneEEXGsp2WnkuOMngT7HHuRX5RtWk7.png\" \/><\/a><\/p>\n<\/div>\n<\/div>\n<\/div>\n<\/div>\n","protected":false},"excerpt":{"rendered":"<p>Aliment complet pour chiens adultes de races g\u00e9antes (poids adulte de plus de 45 kg) &#8211; Plus de 18\/24 mois. ROYAL CANIN\u00ae Giant Adult convient aux chiens adultes de 45 kg et plus et est sp\u00e9cialement formul\u00e9 pour r\u00e9pondre aux besoins nutritionnels des chiens de tr\u00e8s grande taille tel que le v\u00f4tre. \u00a0 En raison [&#8230;]\n","protected":false},"featured_media":21606,"template":"","meta":{"jetpack_publicize_message":"","jetpack_publicize_feature_enabled":true,"jetpack_social_post_already_shared":true,"jetpack_social_options":{"image_generator_settings":{"template":"highway","default_image_id":0,"font":"","enabled":false},"version":2}},"product_brand":[],"product_cat":[26,187],"product_tag":[],"class_list":{"0":"post-16004","1":"product","2":"type-product","3":"status-publish","4":"has-post-thumbnail","6":"product_cat-croquettes","7":"product_cat-destockage","9":"first","10":"outofstock","11":"sale","12":"taxable","13":"shipping-taxable","14":"purchasable","15":"product-type-simple"},"supplier_id":5587,"supplier_sku":"7160-500","barcode":null,"atum_controlled":true,"out_stock_date":"2026-04-22 13:30:58","out_stock_threshold":null,"inheritable":false,"inbound_stock":0,"stock_on_hold":2,"sold_today":0,"sales_last_days":3,"reserved_stock":0,"customer_returns":0,"warehouse_damage":0,"lost_in_post":0,"other_logs":0,"out_stock_days":3,"lost_sales":1117,"has_location":false,"update_date":"2026-04-25T17:21:37","atum_locations":[],"atum_stock_status":"outofstock","restock_status":false,"low_stock_amount":2,"sales_update_date":"2026-04-25T17:21:36","calc_backorders":null,"jetpack_publicize_connections":[],"jetpack_sharing_enabled":true,"batches":[{"id":"920","date_created":"2024-11-22 17:42:07","date_expiry":"2025-08-27 00:00:00","user_id":"50","batch_number":"RCGiantAdult270825","location":"","quantity":"2.0000","quantity_available":"0.0000","units":"1","status":"archived","order_ids":"[16318,17572]","supplier":"Royal Canin","po":{"id":"897","date_created":"2024-11-22 17:42:08","batch_id":"920","po_number":"","supplier":"Royal Canin","cost":null,"regular_price":null,"sale_price":null,"price_margin":null,"price_discount":null}},{"id":"1625","date_created":"2025-01-11 17:44:10","date_expiry":"2025-11-07 00:00:00","user_id":"50","batch_number":"RCGiantAdult071125","location":"","quantity":"2.0000","quantity_available":"0.0000","units":"1","status":"archived","order_ids":"[17572,18022]","supplier":"Royal Canin","po":{"id":"1599","date_created":"2025-01-11 17:44:12","batch_id":"1625","po_number":"","supplier":"Royal Canin","cost":null,"regular_price":null,"sale_price":null,"price_margin":null,"price_discount":null}},{"id":"3373","date_created":"2025-05-09 20:06:20","date_expiry":"2026-01-28 00:00:00","user_id":"50","batch_number":"RCGiantAdult280126","location":"","quantity":"4.0000","quantity_available":"0.0000","units":"1","status":"archived","order_ids":"[21854,21856,21857]","supplier":"Royal Canin","po":{"id":"3340","date_created":"2025-05-09 20:06:20","batch_id":"3373","po_number":"","supplier":"Royal Canin","cost":null,"regular_price":null,"sale_price":null,"price_margin":null,"price_discount":null}},{"id":"7122","date_created":"2026-01-10 14:38:21","date_expiry":"2026-07-23 00:00:00","user_id":"50","batch_number":"RCGiantAdult230726","location":"","quantity":"5.0000","quantity_available":"0.0000","units":"1","status":"archived","order_ids":"[33505,33753]","supplier":"Royal Canin","po":{"id":"7058","date_created":"2026-01-10 14:38:21","batch_id":"7122","po_number":"","supplier":"Royal Canin","cost":null,"regular_price":null,"sale_price":null,"price_margin":null,"price_discount":null}},{"id":"7308","date_created":"2026-01-22 16:44:29","date_expiry":"2026-07-23 00:00:00","user_id":"50","batch_number":"RCGiantAdult230726","location":"","quantity":"6.0000","quantity_available":"0.0000","units":"1","status":"archived","order_ids":"[34009,34816,35315,36251,36939,38210,40341,40538]","supplier":"Royal Canin","po":{"id":"7244","date_created":"2026-01-22 16:44:29","batch_id":"7308","po_number":"","supplier":"Royal Canin","cost":null,"regular_price":null,"sale_price":null,"price_margin":null,"price_discount":null}}],"_links":{"self":[{"href":"https:\/\/petworld.ma\/index.php\/wp-json\/wp\/v2\/product\/16004","targetHints":{"allow":["GET"]}}],"collection":[{"href":"https:\/\/petworld.ma\/index.php\/wp-json\/wp\/v2\/product"}],"about":[{"href":"https:\/\/petworld.ma\/index.php\/wp-json\/wp\/v2\/types\/product"}],"wp:featuredmedia":[{"embeddable":true,"href":"https:\/\/petworld.ma\/index.php\/wp-json\/wp\/v2\/media\/21606"}],"wp:attachment":[{"href":"https:\/\/petworld.ma\/index.php\/wp-json\/wp\/v2\/media?parent=16004"}],"wp:term":[{"taxonomy":"product_brand","embeddable":true,"href":"https:\/\/petworld.ma\/index.php\/wp-json\/wp\/v2\/product_brand?post=16004"},{"taxonomy":"product_cat","embeddable":true,"href":"https:\/\/petworld.ma\/index.php\/wp-json\/wp\/v2\/product_cat?post=16004"},{"taxonomy":"product_tag","embeddable":true,"href":"https:\/\/petworld.ma\/index.php\/wp-json\/wp\/v2\/product_tag?post=16004"}],"curies":[{"name":"wp","href":"https:\/\/api.w.org\/{rel}","templated":true}]}}